{"id":261,"date":"2021-09-02T13:19:30","date_gmt":"2021-09-02T11:19:30","guid":{"rendered":"https:\/\/konro-grill.com\/?post_type=product&#038;p=261"},"modified":"2026-04-03T22:28:03","modified_gmt":"2026-04-03T20:28:03","slug":"meilleur-charbon-de-bois-binchotan-charbon-de-bois-eucalyptus","status":"publish","type":"product","link":"https:\/\/konro-grill.com\/fr\/produit\/meilleur-charbon-de-bois-binchotan-charbon-de-bois-eucalyptus\/","title":{"rendered":"BestCharcoal Binchotan Eucalyptus 7.5kg"},"content":{"rendered":"<p>Le charbon de bois original Binchotan est originaire du Japon, mais il est peu produit et rarement export\u00e9. Il s'agit donc du charbon de bois le plus cher et le plus exclusif au monde. <strong>Avec Bestcharcoal binchotan charcoal Eucalyptus, nous avons une alternative abordable. <\/strong>Il est originaire d'Indon\u00e9sie et poss\u00e8de pratiquement les m\u00eames propri\u00e9t\u00e9s que le <a href=\"https:\/\/konro-grill.com\/fr\/produit\/japanse-binchotan-houtskool-ikkyu-600-gram\/\">Variante japonaise<\/a>. Bestcharcoal binchotan charcoal L'eucalyptus produit une chaleur tr\u00e8s \u00e9lev\u00e9e et efficace et a une dur\u00e9e de combustion d'environ 3 \u00e0 5 heures.<\/p>\n<p>Vous avez termin\u00e9 votre s\u00e9ance de grillades ? Binchotan peut \u00eatre r\u00e9utilis\u00e9. Si vous avez termin\u00e9 votre session de grillades, Binchotan est facilement r\u00e9utilisable. La trempe peut se faire de deux mani\u00e8res : en fermant votre gril konro ou en trempant dans l'eau (dans un seau en acier, jamais dans votre gril !). Le pourcentage de carbone de ce binchotan est d'environ 95 %, ce qui fait qu'il n'y a pratiquement pas de cendres dans votre gril.<\/p>","protected":false},"excerpt":{"rendered":"<h3>Alternative abordable de BestCharcoal : Binchotan Eucalyptus en bo\u00eete de 7,5 kg<\/h3>\n<p>L'alternative au charbon de bois binchotan japonais dans une bo\u00eete de 7,5 kg. Ces tiges de charbon de bois binchotan ont une longueur d'environ 20 \u00e0 25 cm, ce qui les rend adapt\u00e9es aux grils konro normaux et plus grands.<\/p>","protected":false},"featured_media":3084,"template":"","meta":{"inline_featured_image":false},"product_brand":[],"product_cat":[101],"product_tag":[],"class_list":{"0":"post-261","1":"product","2":"type-product","3":"status-publish","4":"has-post-thumbnail","6":"product_cat-binchotan","7":"entry","8":"has-media","10":"first","11":"outofstock","12":"taxable","13":"shipping-taxable","14":"purchasable","15":"product-type-simple"},"bundled_by":[],"bundle_stock_status":"outofstock","bundle_stock_quantity":0,"bundle_virtual":false,"bundle_layout":"","bundle_add_to_cart_form_location":"","bundle_editable_in_cart":false,"bundle_sold_individually_context":"","bundle_item_grouping":"","bundle_min_size":"","bundle_max_size":"","bundle_price":[],"bundled_items":[],"bundle_sell_ids":[3203],"yoast_head":"<!-- This site is optimized with the Yoast SEO plugin v27.3 - https:\/\/yoast.com\/product\/yoast-seo-wordpress\/ -->\n<title>Bestcharcoal Binchotan houtskool Eucalyptus, Konro Grill<\/title>\n<meta name=\"description\" content=\"Een betaalbaar alternatief voor Japanse binchotan is Bestcharcoal Binchotan houtskool Eucalyptus 7,5kg uit Indonesi\u00eb. Groot formaat, harde kwaliteit.\" \/>\n<meta name=\"robots\" content=\"index, follow, max-snippet:-1, max-image-preview:large, max-video-preview:-1\" \/>\n<link rel=\"canonical\" href=\"https:\/\/konro-grill.com\/fr\/produit\/meilleur-charbon-de-bois-binchotan-charbon-de-bois-eucalyptus\/\" \/>\n<meta property=\"og:locale\" content=\"fr_FR\" \/>\n<meta property=\"og:type\" content=\"article\" \/>\n<meta property=\"og:title\" content=\"Bestcharcoal Binchotan houtskool Eucalyptus, Konro Grill\" \/>\n<meta property=\"og:description\" content=\"Een betaalbaar alternatief voor Japanse binchotan is Bestcharcoal Binchotan houtskool Eucalyptus 7,5kg uit Indonesi\u00eb. Groot formaat, harde kwaliteit.\" \/>\n<meta property=\"og:url\" content=\"https:\/\/konro-grill.com\/fr\/produit\/meilleur-charbon-de-bois-binchotan-charbon-de-bois-eucalyptus\/\" \/>\n<meta property=\"og:site_name\" content=\"Konro Grill, de grootste Japanse BBQ specialist\" \/>\n<meta property=\"article:publisher\" content=\"https:\/\/facebook.com\/KonroGrillCom\" \/>\n<meta property=\"article:modified_time\" content=\"2026-04-03T20:28:03+00:00\" \/>\n<meta property=\"og:image\" content=\"https:\/\/konro-grill.com\/wp-content\/uploads\/2021\/09\/Binchotan-Eucalyptus._800px.jpg\" \/>\n\t<meta property=\"og:image:width\" content=\"800\" \/>\n\t<meta property=\"og:image:height\" content=\"800\" \/>\n\t<meta property=\"og:image:type\" content=\"image\/jpeg\" \/>\n<meta name=\"twitter:card\" content=\"summary_large_image\" \/>\n<meta name=\"twitter:label1\" content=\"Dur\u00e9e de lecture estim\u00e9e\" \/>\n\t<meta name=\"twitter:data1\" content=\"1 minute\" \/>\n<script type=\"application\/ld+json\" class=\"yoast-schema-graph\">{\"@context\":\"https:\\\/\\\/schema.org\",\"@graph\":[{\"@type\":\"WebPage\",\"@id\":\"https:\\\/\\\/konro-grill.com\\\/product\\\/bestcharcoal-binchotan-houtskool-eucalyptus\\\/\",\"url\":\"https:\\\/\\\/konro-grill.com\\\/product\\\/bestcharcoal-binchotan-houtskool-eucalyptus\\\/\",\"name\":\"Bestcharcoal Binchotan houtskool Eucalyptus, Konro Grill\",\"isPartOf\":{\"@id\":\"https:\\\/\\\/konro-grill.com\\\/#website\"},\"primaryImageOfPage\":{\"@id\":\"https:\\\/\\\/konro-grill.com\\\/product\\\/bestcharcoal-binchotan-houtskool-eucalyptus\\\/#primaryimage\"},\"image\":{\"@id\":\"https:\\\/\\\/konro-grill.com\\\/product\\\/bestcharcoal-binchotan-houtskool-eucalyptus\\\/#primaryimage\"},\"thumbnailUrl\":\"https:\\\/\\\/konro-grill.com\\\/wp-content\\\/uploads\\\/2021\\\/09\\\/Binchotan-Eucalyptus._800px.jpg\",\"datePublished\":\"2021-09-02T11:19:30+00:00\",\"dateModified\":\"2026-04-03T20:28:03+00:00\",\"description\":\"Een betaalbaar alternatief voor Japanse binchotan is Bestcharcoal Binchotan houtskool Eucalyptus 7,5kg uit Indonesi\u00eb. Groot formaat, harde kwaliteit.\",\"breadcrumb\":{\"@id\":\"https:\\\/\\\/konro-grill.com\\\/product\\\/bestcharcoal-binchotan-houtskool-eucalyptus\\\/#breadcrumb\"},\"inLanguage\":\"fr-FR\",\"potentialAction\":[{\"@type\":\"ReadAction\",\"target\":[\"https:\\\/\\\/konro-grill.com\\\/product\\\/bestcharcoal-binchotan-houtskool-eucalyptus\\\/\"]}]},{\"@type\":\"ImageObject\",\"inLanguage\":\"fr-FR\",\"@id\":\"https:\\\/\\\/konro-grill.com\\\/product\\\/bestcharcoal-binchotan-houtskool-eucalyptus\\\/#primaryimage\",\"url\":\"https:\\\/\\\/konro-grill.com\\\/wp-content\\\/uploads\\\/2021\\\/09\\\/Binchotan-Eucalyptus._800px.jpg\",\"contentUrl\":\"https:\\\/\\\/konro-grill.com\\\/wp-content\\\/uploads\\\/2021\\\/09\\\/Binchotan-Eucalyptus._800px.jpg\",\"width\":800,\"height\":800,\"caption\":\"Binchotan Eucalyptus\"},{\"@type\":\"BreadcrumbList\",\"@id\":\"https:\\\/\\\/konro-grill.com\\\/product\\\/bestcharcoal-binchotan-houtskool-eucalyptus\\\/#breadcrumb\",\"itemListElement\":[{\"@type\":\"ListItem\",\"position\":1,\"name\":\"Home\",\"item\":\"https:\\\/\\\/konro-grill.com\\\/\"},{\"@type\":\"ListItem\",\"position\":2,\"name\":\"Winkel\",\"item\":\"https:\\\/\\\/konro-grill.com\\\/winkel\\\/\"},{\"@type\":\"ListItem\",\"position\":3,\"name\":\"BestCharcoal Binchotan Eucalyptus 7,5kg\"}]},{\"@type\":\"WebSite\",\"@id\":\"https:\\\/\\\/konro-grill.com\\\/#website\",\"url\":\"https:\\\/\\\/konro-grill.com\\\/\",\"name\":\"Konro Grill\",\"description\":\"Konro Grill, de Grootste Japanse BBQ Specialist\",\"publisher\":{\"@id\":\"https:\\\/\\\/konro-grill.com\\\/#organization\"},\"potentialAction\":[{\"@type\":\"SearchAction\",\"target\":{\"@type\":\"EntryPoint\",\"urlTemplate\":\"https:\\\/\\\/konro-grill.com\\\/?s={search_term_string}\"},\"query-input\":{\"@type\":\"PropertyValueSpecification\",\"valueRequired\":true,\"valueName\":\"search_term_string\"}}],\"inLanguage\":\"fr-FR\"},{\"@type\":\"Organization\",\"@id\":\"https:\\\/\\\/konro-grill.com\\\/#organization\",\"name\":\"Konro Grill\",\"url\":\"https:\\\/\\\/konro-grill.com\\\/\",\"logo\":{\"@type\":\"ImageObject\",\"inLanguage\":\"fr-FR\",\"@id\":\"https:\\\/\\\/konro-grill.com\\\/#\\\/schema\\\/logo\\\/image\\\/\",\"url\":\"https:\\\/\\\/konro-grill.com\\\/wp-content\\\/uploads\\\/2021\\\/10\\\/konro-grill-logo.png\",\"contentUrl\":\"https:\\\/\\\/konro-grill.com\\\/wp-content\\\/uploads\\\/2021\\\/10\\\/konro-grill-logo.png\",\"width\":650,\"height\":80,\"caption\":\"Konro Grill\"},\"image\":{\"@id\":\"https:\\\/\\\/konro-grill.com\\\/#\\\/schema\\\/logo\\\/image\\\/\"},\"sameAs\":[\"https:\\\/\\\/facebook.com\\\/KonroGrillCom\",\"https:\\\/\\\/www.instagram.com\\\/konrogrillcom\\\/\"]}]}<\/script>\n<!-- \/ Yoast SEO plugin. -->","yoast_head_json":{"title":"Bestcharcoal Binchotan charcoal Eucalyptus, Konro Grill","description":"Bestcharcoal Binchotan charcoal Eucalyptus 7.5kg d'Indon\u00e9sie est une alternative abordable au binchotan japonais. Grande taille, qualit\u00e9 sup\u00e9rieure.","robots":{"index":"index","follow":"follow","max-snippet":"max-snippet:-1","max-image-preview":"max-image-preview:large","max-video-preview":"max-video-preview:-1"},"canonical":"https:\/\/konro-grill.com\/fr\/produit\/meilleur-charbon-de-bois-binchotan-charbon-de-bois-eucalyptus\/","og_locale":"fr_FR","og_type":"article","og_title":"Bestcharcoal Binchotan houtskool Eucalyptus, Konro Grill","og_description":"Een betaalbaar alternatief voor Japanse binchotan is Bestcharcoal Binchotan houtskool Eucalyptus 7,5kg uit Indonesi\u00eb. Groot formaat, harde kwaliteit.","og_url":"https:\/\/konro-grill.com\/fr\/produit\/meilleur-charbon-de-bois-binchotan-charbon-de-bois-eucalyptus\/","og_site_name":"Konro Grill, de grootste Japanse BBQ specialist","article_publisher":"https:\/\/facebook.com\/KonroGrillCom","article_modified_time":"2026-04-03T20:28:03+00:00","og_image":[{"width":800,"height":800,"url":"https:\/\/konro-grill.com\/wp-content\/uploads\/2021\/09\/Binchotan-Eucalyptus._800px.jpg","type":"image\/jpeg"}],"twitter_card":"summary_large_image","twitter_misc":{"Dur\u00e9e de lecture estim\u00e9e":"1 minute"},"schema":{"@context":"https:\/\/schema.org","@graph":[{"@type":"WebPage","@id":"https:\/\/konro-grill.com\/product\/bestcharcoal-binchotan-houtskool-eucalyptus\/","url":"https:\/\/konro-grill.com\/product\/bestcharcoal-binchotan-houtskool-eucalyptus\/","name":"Bestcharcoal Binchotan charcoal Eucalyptus, Konro Grill","isPartOf":{"@id":"https:\/\/konro-grill.com\/#website"},"primaryImageOfPage":{"@id":"https:\/\/konro-grill.com\/product\/bestcharcoal-binchotan-houtskool-eucalyptus\/#primaryimage"},"image":{"@id":"https:\/\/konro-grill.com\/product\/bestcharcoal-binchotan-houtskool-eucalyptus\/#primaryimage"},"thumbnailUrl":"https:\/\/konro-grill.com\/wp-content\/uploads\/2021\/09\/Binchotan-Eucalyptus._800px.jpg","datePublished":"2021-09-02T11:19:30+00:00","dateModified":"2026-04-03T20:28:03+00:00","description":"Bestcharcoal Binchotan charcoal Eucalyptus 7.5kg d'Indon\u00e9sie est une alternative abordable au binchotan japonais. Grande taille, qualit\u00e9 sup\u00e9rieure.","breadcrumb":{"@id":"https:\/\/konro-grill.com\/product\/bestcharcoal-binchotan-houtskool-eucalyptus\/#breadcrumb"},"inLanguage":"fr-FR","potentialAction":[{"@type":"ReadAction","target":["https:\/\/konro-grill.com\/product\/bestcharcoal-binchotan-houtskool-eucalyptus\/"]}]},{"@type":"ImageObject","inLanguage":"fr-FR","@id":"https:\/\/konro-grill.com\/product\/bestcharcoal-binchotan-houtskool-eucalyptus\/#primaryimage","url":"https:\/\/konro-grill.com\/wp-content\/uploads\/2021\/09\/Binchotan-Eucalyptus._800px.jpg","contentUrl":"https:\/\/konro-grill.com\/wp-content\/uploads\/2021\/09\/Binchotan-Eucalyptus._800px.jpg","width":800,"height":800,"caption":"Binchotan Eucalyptus"},{"@type":"BreadcrumbList","@id":"https:\/\/konro-grill.com\/product\/bestcharcoal-binchotan-houtskool-eucalyptus\/#breadcrumb","itemListElement":[{"@type":"ListItem","position":1,"name":"Home","item":"https:\/\/konro-grill.com\/"},{"@type":"ListItem","position":2,"name":"Winkel","item":"https:\/\/konro-grill.com\/winkel\/"},{"@type":"ListItem","position":3,"name":"BestCharcoal Binchotan Eucalyptus 7,5kg"}]},{"@type":"WebSite","@id":"https:\/\/konro-grill.com\/#website","url":"https:\/\/konro-grill.com\/","name":"Konro Grill","description":"Konro Grill, le plus grand sp\u00e9cialiste du barbecue japonais","publisher":{"@id":"https:\/\/konro-grill.com\/#organization"},"potentialAction":[{"@type":"SearchAction","target":{"@type":"EntryPoint","urlTemplate":"https:\/\/konro-grill.com\/?s={search_term_string}"},"query-input":{"@type":"PropertyValueSpecification","valueRequired":true,"valueName":"search_term_string"}}],"inLanguage":"fr-FR"},{"@type":"Organization","@id":"https:\/\/konro-grill.com\/#organization","name":"Konro Grill","url":"https:\/\/konro-grill.com\/","logo":{"@type":"ImageObject","inLanguage":"fr-FR","@id":"https:\/\/konro-grill.com\/#\/schema\/logo\/image\/","url":"https:\/\/konro-grill.com\/wp-content\/uploads\/2021\/10\/konro-grill-logo.png","contentUrl":"https:\/\/konro-grill.com\/wp-content\/uploads\/2021\/10\/konro-grill-logo.png","width":650,"height":80,"caption":"Konro Grill"},"image":{"@id":"https:\/\/konro-grill.com\/#\/schema\/logo\/image\/"},"sameAs":["https:\/\/facebook.com\/KonroGrillCom","https:\/\/www.instagram.com\/konrogrillcom\/"]}]}},"df_price":59.95,"df_sale_price":"","df_regular_price":59.95,"df_image_link":"https:\/\/konro-grill.com\/wp-content\/uploads\/2021\/09\/Binchotan-Eucalyptus._800px-300x300.jpg","_links":{"self":[{"href":"https:\/\/konro-grill.com\/fr\/wp-json\/wp\/v2\/product\/261","targetHints":{"allow":["GET"]}}],"collection":[{"href":"https:\/\/konro-grill.com\/fr\/wp-json\/wp\/v2\/product"}],"about":[{"href":"https:\/\/konro-grill.com\/fr\/wp-json\/wp\/v2\/types\/product"}],"wp:featuredmedia":[{"embeddable":true,"href":"https:\/\/konro-grill.com\/fr\/wp-json\/wp\/v2\/media\/3084"}],"wp:attachment":[{"href":"https:\/\/konro-grill.com\/fr\/wp-json\/wp\/v2\/media?parent=261"}],"wp:term":[{"taxonomy":"product_brand","embeddable":true,"href":"https:\/\/konro-grill.com\/fr\/wp-json\/wp\/v2\/product_brand?post=261"},{"taxonomy":"product_cat","embeddable":true,"href":"https:\/\/konro-grill.com\/fr\/wp-json\/wp\/v2\/product_cat?post=261"},{"taxonomy":"product_tag","embeddable":true,"href":"https:\/\/konro-grill.com\/fr\/wp-json\/wp\/v2\/product_tag?post=261"}],"curies":[{"name":"wp","href":"https:\/\/api.w.org\/{rel}","templated":true}]}}