{"id":3897,"date":"2023-09-19T11:08:47","date_gmt":"2023-09-19T09:08:47","guid":{"rendered":"https:\/\/konro-grill.com\/?post_type=product&#038;p=3897"},"modified":"2026-04-04T10:28:03","modified_gmt":"2026-04-04T08:28:03","slug":"brochettes-yakiniku-bbq","status":"publish","type":"product","link":"https:\/\/konro-grill.com\/fr\/produit\/brochettes-yakiniku-bbq\/","title":{"rendered":"Brochettes YAKINIKU 1,0 mm"},"content":{"rendered":"","protected":false},"excerpt":{"rendered":"<h3>Brochettes fines YAKINIKU BBQ de 1,0 - 2,5 mm<\/h3>\n<p>Ces brochettes YAKINIKU BBQ sont ultra fines et id\u00e9ales pour enfiler du poisson, de la viande ou des l\u00e9gumes. Vos ingr\u00e9dients resteront ainsi parfaitement intacts. Les brochettes sont parfaites pour votre Konro Grill. Ces brochettes YAKINIKU BBQ sont disponibles :<\/p>\n<ul>\n<li><strong>1<\/strong> <strong>millim\u00e8tre<\/strong> \u00e9paisseur \/ longueur 31 cm<\/li>\n<li><strong>1,5 millim\u00e8tre<\/strong> \/ longueur 31 cm<\/li>\n<li><strong>2,5 millim\u00e8tres<\/strong> \/ longueur 31 cm<\/li>\n<\/ul>\n<p>Les brochettes sont par <strong>20 unit\u00e9s<\/strong> emball\u00e9s et livr\u00e9s dans un <strong>mallette de luxe en m\u00e9tal<\/strong>.<\/p>","protected":false},"featured_media":3892,"template":"","meta":{"inline_featured_image":false},"product_brand":[],"product_cat":[376,99,381,484],"product_tag":[],"class_list":{"0":"post-3897","1":"product","2":"type-product","3":"status-publish","4":"has-post-thumbnail","6":"product_cat-bbq-spiezen","7":"product_cat-konro-accessoires","8":"product_cat-konro-essentials","9":"product_cat-yakiniku-accessoires","10":"entry","11":"has-media","13":"first","14":"instock","15":"taxable","16":"shipping-taxable","17":"purchasable","18":"product-type-simple"},"bundled_by":["6725","6728","3213","6818"],"bundle_stock_status":"instock","bundle_stock_quantity":45,"bundle_virtual":false,"bundle_layout":"","bundle_add_to_cart_form_location":"","bundle_editable_in_cart":false,"bundle_sold_individually_context":"","bundle_item_grouping":"","bundle_min_size":"","bundle_max_size":"","bundle_price":[],"bundled_items":[],"bundle_sell_ids":[],"yoast_head":"<!-- This site is optimized with the Yoast SEO plugin v27.3 - https:\/\/yoast.com\/product\/yoast-seo-wordpress\/ -->\n<title>YAKINIKU BBQ spiesen 1.0 mm, bestel bij Konro Grill<\/title>\n<meta name=\"description\" content=\"Deze YAKINIKU BBQ spiesen zijn 1.0 millimeter dun en ideaal om verschillende ingredi\u00ebnten aan te rijgen. Verkrijgbaar per 20 stuks.\" \/>\n<meta name=\"robots\" content=\"index, follow, max-snippet:-1, max-image-preview:large, max-video-preview:-1\" \/>\n<link rel=\"canonical\" href=\"https:\/\/konro-grill.com\/fr\/produit\/brochettes-yakiniku-bbq\/\" \/>\n<meta property=\"og:locale\" content=\"fr_FR\" \/>\n<meta property=\"og:type\" content=\"article\" \/>\n<meta property=\"og:title\" content=\"YAKINIKU BBQ spiesen 1.0 mm, bestel bij Konro Grill\" \/>\n<meta property=\"og:description\" content=\"Deze YAKINIKU BBQ spiesen zijn 1.0 millimeter dun en ideaal om verschillende ingredi\u00ebnten aan te rijgen. Verkrijgbaar per 20 stuks.\" \/>\n<meta property=\"og:url\" content=\"https:\/\/konro-grill.com\/fr\/produit\/brochettes-yakiniku-bbq\/\" \/>\n<meta property=\"og:site_name\" content=\"Konro Grill, de grootste Japanse BBQ specialist\" \/>\n<meta property=\"article:publisher\" content=\"https:\/\/facebook.com\/KonroGrillCom\" \/>\n<meta property=\"article:modified_time\" content=\"2026-04-04T08:28:03+00:00\" \/>\n<meta property=\"og:image\" content=\"https:\/\/konro-grill.com\/wp-content\/uploads\/2023\/09\/YAKINIKU-BBQ-spiesen-1.0-mm-20-stuks-3-BBQdirect.webp\" \/>\n\t<meta property=\"og:image:width\" content=\"800\" \/>\n\t<meta property=\"og:image:height\" content=\"800\" \/>\n\t<meta property=\"og:image:type\" content=\"image\/webp\" \/>\n<meta name=\"twitter:card\" content=\"summary_large_image\" \/>\n<meta name=\"twitter:label1\" content=\"Dur\u00e9e de lecture estim\u00e9e\" \/>\n\t<meta name=\"twitter:data1\" content=\"1 minute\" \/>\n<script type=\"application\/ld+json\" class=\"yoast-schema-graph\">{\"@context\":\"https:\\\/\\\/schema.org\",\"@graph\":[{\"@type\":\"WebPage\",\"@id\":\"https:\\\/\\\/konro-grill.com\\\/product\\\/yakiniku-bbq-spiesen\\\/\",\"url\":\"https:\\\/\\\/konro-grill.com\\\/product\\\/yakiniku-bbq-spiesen\\\/\",\"name\":\"YAKINIKU BBQ spiesen 1.0 mm, bestel bij Konro Grill\",\"isPartOf\":{\"@id\":\"https:\\\/\\\/konro-grill.com\\\/#website\"},\"primaryImageOfPage\":{\"@id\":\"https:\\\/\\\/konro-grill.com\\\/product\\\/yakiniku-bbq-spiesen\\\/#primaryimage\"},\"image\":{\"@id\":\"https:\\\/\\\/konro-grill.com\\\/product\\\/yakiniku-bbq-spiesen\\\/#primaryimage\"},\"thumbnailUrl\":\"https:\\\/\\\/konro-grill.com\\\/wp-content\\\/uploads\\\/2023\\\/09\\\/YAKINIKU-BBQ-spiesen-1.0-mm-20-stuks-3-BBQdirect.webp\",\"datePublished\":\"2023-09-19T09:08:47+00:00\",\"dateModified\":\"2026-04-04T08:28:03+00:00\",\"description\":\"Deze YAKINIKU BBQ spiesen zijn 1.0 millimeter dun en ideaal om verschillende ingredi\u00ebnten aan te rijgen. Verkrijgbaar per 20 stuks.\",\"breadcrumb\":{\"@id\":\"https:\\\/\\\/konro-grill.com\\\/product\\\/yakiniku-bbq-spiesen\\\/#breadcrumb\"},\"inLanguage\":\"fr-FR\",\"potentialAction\":[{\"@type\":\"ReadAction\",\"target\":[\"https:\\\/\\\/konro-grill.com\\\/product\\\/yakiniku-bbq-spiesen\\\/\"]}]},{\"@type\":\"ImageObject\",\"inLanguage\":\"fr-FR\",\"@id\":\"https:\\\/\\\/konro-grill.com\\\/product\\\/yakiniku-bbq-spiesen\\\/#primaryimage\",\"url\":\"https:\\\/\\\/konro-grill.com\\\/wp-content\\\/uploads\\\/2023\\\/09\\\/YAKINIKU-BBQ-spiesen-1.0-mm-20-stuks-3-BBQdirect.webp\",\"contentUrl\":\"https:\\\/\\\/konro-grill.com\\\/wp-content\\\/uploads\\\/2023\\\/09\\\/YAKINIKU-BBQ-spiesen-1.0-mm-20-stuks-3-BBQdirect.webp\",\"width\":800,\"height\":800,\"caption\":\"YAKINIKU BBQ spiesen 1.5 mm\"},{\"@type\":\"BreadcrumbList\",\"@id\":\"https:\\\/\\\/konro-grill.com\\\/product\\\/yakiniku-bbq-spiesen\\\/#breadcrumb\",\"itemListElement\":[{\"@type\":\"ListItem\",\"position\":1,\"name\":\"Home\",\"item\":\"https:\\\/\\\/konro-grill.com\\\/\"},{\"@type\":\"ListItem\",\"position\":2,\"name\":\"Winkel\",\"item\":\"https:\\\/\\\/konro-grill.com\\\/winkel\\\/\"},{\"@type\":\"ListItem\",\"position\":3,\"name\":\"YAKINIKU spiesen 1.0 mm\"}]},{\"@type\":\"WebSite\",\"@id\":\"https:\\\/\\\/konro-grill.com\\\/#website\",\"url\":\"https:\\\/\\\/konro-grill.com\\\/\",\"name\":\"Konro Grill\",\"description\":\"Konro Grill, de Grootste Japanse BBQ Specialist\",\"publisher\":{\"@id\":\"https:\\\/\\\/konro-grill.com\\\/#organization\"},\"potentialAction\":[{\"@type\":\"SearchAction\",\"target\":{\"@type\":\"EntryPoint\",\"urlTemplate\":\"https:\\\/\\\/konro-grill.com\\\/?s={search_term_string}\"},\"query-input\":{\"@type\":\"PropertyValueSpecification\",\"valueRequired\":true,\"valueName\":\"search_term_string\"}}],\"inLanguage\":\"fr-FR\"},{\"@type\":\"Organization\",\"@id\":\"https:\\\/\\\/konro-grill.com\\\/#organization\",\"name\":\"Konro Grill\",\"url\":\"https:\\\/\\\/konro-grill.com\\\/\",\"logo\":{\"@type\":\"ImageObject\",\"inLanguage\":\"fr-FR\",\"@id\":\"https:\\\/\\\/konro-grill.com\\\/#\\\/schema\\\/logo\\\/image\\\/\",\"url\":\"https:\\\/\\\/konro-grill.com\\\/wp-content\\\/uploads\\\/2021\\\/10\\\/konro-grill-logo.png\",\"contentUrl\":\"https:\\\/\\\/konro-grill.com\\\/wp-content\\\/uploads\\\/2021\\\/10\\\/konro-grill-logo.png\",\"width\":650,\"height\":80,\"caption\":\"Konro Grill\"},\"image\":{\"@id\":\"https:\\\/\\\/konro-grill.com\\\/#\\\/schema\\\/logo\\\/image\\\/\"},\"sameAs\":[\"https:\\\/\\\/facebook.com\\\/KonroGrillCom\",\"https:\\\/\\\/www.instagram.com\\\/konrogrillcom\\\/\"]}]}<\/script>\n<!-- \/ Yoast SEO plugin. -->","yoast_head_json":{"title":"YAKINIKU BBQ brochettes 1.0 mm, commander \u00e0 Konro Grill","description":"Ces brochettes BBQ YAKINIKU sont fines de 1,0 millim\u00e8tre et id\u00e9ales pour enfiler diff\u00e9rents ingr\u00e9dients. Disponibles par 20 pi\u00e8ces.","robots":{"index":"index","follow":"follow","max-snippet":"max-snippet:-1","max-image-preview":"max-image-preview:large","max-video-preview":"max-video-preview:-1"},"canonical":"https:\/\/konro-grill.com\/fr\/produit\/brochettes-yakiniku-bbq\/","og_locale":"fr_FR","og_type":"article","og_title":"YAKINIKU BBQ spiesen 1.0 mm, bestel bij Konro Grill","og_description":"Deze YAKINIKU BBQ spiesen zijn 1.0 millimeter dun en ideaal om verschillende ingredi\u00ebnten aan te rijgen. Verkrijgbaar per 20 stuks.","og_url":"https:\/\/konro-grill.com\/fr\/produit\/brochettes-yakiniku-bbq\/","og_site_name":"Konro Grill, de grootste Japanse BBQ specialist","article_publisher":"https:\/\/facebook.com\/KonroGrillCom","article_modified_time":"2026-04-04T08:28:03+00:00","og_image":[{"width":800,"height":800,"url":"https:\/\/konro-grill.com\/wp-content\/uploads\/2023\/09\/YAKINIKU-BBQ-spiesen-1.0-mm-20-stuks-3-BBQdirect.webp","type":"image\/webp"}],"twitter_card":"summary_large_image","twitter_misc":{"Dur\u00e9e de lecture estim\u00e9e":"1 minute"},"schema":{"@context":"https:\/\/schema.org","@graph":[{"@type":"WebPage","@id":"https:\/\/konro-grill.com\/product\/yakiniku-bbq-spiesen\/","url":"https:\/\/konro-grill.com\/product\/yakiniku-bbq-spiesen\/","name":"YAKINIKU BBQ brochettes 1.0 mm, commander \u00e0 Konro Grill","isPartOf":{"@id":"https:\/\/konro-grill.com\/#website"},"primaryImageOfPage":{"@id":"https:\/\/konro-grill.com\/product\/yakiniku-bbq-spiesen\/#primaryimage"},"image":{"@id":"https:\/\/konro-grill.com\/product\/yakiniku-bbq-spiesen\/#primaryimage"},"thumbnailUrl":"https:\/\/konro-grill.com\/wp-content\/uploads\/2023\/09\/YAKINIKU-BBQ-spiesen-1.0-mm-20-stuks-3-BBQdirect.webp","datePublished":"2023-09-19T09:08:47+00:00","dateModified":"2026-04-04T08:28:03+00:00","description":"Ces brochettes BBQ YAKINIKU sont fines de 1,0 millim\u00e8tre et id\u00e9ales pour enfiler diff\u00e9rents ingr\u00e9dients. Disponibles par 20 pi\u00e8ces.","breadcrumb":{"@id":"https:\/\/konro-grill.com\/product\/yakiniku-bbq-spiesen\/#breadcrumb"},"inLanguage":"fr-FR","potentialAction":[{"@type":"ReadAction","target":["https:\/\/konro-grill.com\/product\/yakiniku-bbq-spiesen\/"]}]},{"@type":"ImageObject","inLanguage":"fr-FR","@id":"https:\/\/konro-grill.com\/product\/yakiniku-bbq-spiesen\/#primaryimage","url":"https:\/\/konro-grill.com\/wp-content\/uploads\/2023\/09\/YAKINIKU-BBQ-spiesen-1.0-mm-20-stuks-3-BBQdirect.webp","contentUrl":"https:\/\/konro-grill.com\/wp-content\/uploads\/2023\/09\/YAKINIKU-BBQ-spiesen-1.0-mm-20-stuks-3-BBQdirect.webp","width":800,"height":800,"caption":"YAKINIKU BBQ spiesen 1.5 mm"},{"@type":"BreadcrumbList","@id":"https:\/\/konro-grill.com\/product\/yakiniku-bbq-spiesen\/#breadcrumb","itemListElement":[{"@type":"ListItem","position":1,"name":"Home","item":"https:\/\/konro-grill.com\/"},{"@type":"ListItem","position":2,"name":"Winkel","item":"https:\/\/konro-grill.com\/winkel\/"},{"@type":"ListItem","position":3,"name":"YAKINIKU spiesen 1.0 mm"}]},{"@type":"WebSite","@id":"https:\/\/konro-grill.com\/#website","url":"https:\/\/konro-grill.com\/","name":"Konro Grill","description":"Konro Grill, le plus grand sp\u00e9cialiste du barbecue japonais","publisher":{"@id":"https:\/\/konro-grill.com\/#organization"},"potentialAction":[{"@type":"SearchAction","target":{"@type":"EntryPoint","urlTemplate":"https:\/\/konro-grill.com\/?s={search_term_string}"},"query-input":{"@type":"PropertyValueSpecification","valueRequired":true,"valueName":"search_term_string"}}],"inLanguage":"fr-FR"},{"@type":"Organization","@id":"https:\/\/konro-grill.com\/#organization","name":"Konro Grill","url":"https:\/\/konro-grill.com\/","logo":{"@type":"ImageObject","inLanguage":"fr-FR","@id":"https:\/\/konro-grill.com\/#\/schema\/logo\/image\/","url":"https:\/\/konro-grill.com\/wp-content\/uploads\/2021\/10\/konro-grill-logo.png","contentUrl":"https:\/\/konro-grill.com\/wp-content\/uploads\/2021\/10\/konro-grill-logo.png","width":650,"height":80,"caption":"Konro Grill"},"image":{"@id":"https:\/\/konro-grill.com\/#\/schema\/logo\/image\/"},"sameAs":["https:\/\/facebook.com\/KonroGrillCom","https:\/\/www.instagram.com\/konrogrillcom\/"]}]}},"df_price":13.99,"df_sale_price":"","df_regular_price":13.99,"df_image_link":"https:\/\/konro-grill.com\/wp-content\/uploads\/2023\/09\/YAKINIKU-BBQ-spiesen-1.0-mm-20-stuks-3-BBQdirect-300x300.webp","_links":{"self":[{"href":"https:\/\/konro-grill.com\/fr\/wp-json\/wp\/v2\/product\/3897","targetHints":{"allow":["GET"]}}],"collection":[{"href":"https:\/\/konro-grill.com\/fr\/wp-json\/wp\/v2\/product"}],"about":[{"href":"https:\/\/konro-grill.com\/fr\/wp-json\/wp\/v2\/types\/product"}],"wp:featuredmedia":[{"embeddable":true,"href":"https:\/\/konro-grill.com\/fr\/wp-json\/wp\/v2\/media\/3892"}],"wp:attachment":[{"href":"https:\/\/konro-grill.com\/fr\/wp-json\/wp\/v2\/media?parent=3897"}],"wp:term":[{"taxonomy":"product_brand","embeddable":true,"href":"https:\/\/konro-grill.com\/fr\/wp-json\/wp\/v2\/product_brand?post=3897"},{"taxonomy":"product_cat","embeddable":true,"href":"https:\/\/konro-grill.com\/fr\/wp-json\/wp\/v2\/product_cat?post=3897"},{"taxonomy":"product_tag","embeddable":true,"href":"https:\/\/konro-grill.com\/fr\/wp-json\/wp\/v2\/product_tag?post=3897"}],"curies":[{"name":"wp","href":"https:\/\/api.w.org\/{rel}","templated":true}]}}