{"id":3910,"date":"2023-09-19T16:45:03","date_gmt":"2023-09-19T14:45:03","guid":{"rendered":"https:\/\/konro-grill.com\/?post_type=product&#038;p=3910"},"modified":"2026-04-22T10:28:06","modified_gmt":"2026-04-22T08:28:06","slug":"ventilateur-en-bambou-yakiniku","status":"publish","type":"product","link":"https:\/\/konro-grill.com\/fr\/produit\/ventilateur-en-bambou-yakiniku\/","title":{"rendered":"YAKINIKU Ventilateur en bambou"},"content":{"rendered":"","protected":false},"excerpt":{"rendered":"<h2>Ventilateur en bambou YAKINIKU, travaillez plus vite sur votre Konro !<\/h2>\n<p>Ce ventilateur en bambou YAKINIKU est id\u00e9al pour \u00e9clairer votre int\u00e9rieur. <a href=\"https:\/\/konro-grill.com\/fr\/charbon-de-bois-binchotan\/\">Binchotan<\/a> Dans le Konro Grill, en soufflant, vous cr\u00e9ez une circulation d'air suppl\u00e9mentaire et vos charbons br\u00fblent plus rapidement. Bien s\u00fbr, c'est aussi un bon moyen de se rafra\u00eechir lors d'une chaude journ\u00e9e d'\u00e9t\u00e9 derri\u00e8re votre gril !<\/p>","protected":false},"featured_media":3911,"template":"","meta":{"inline_featured_image":false},"product_brand":[],"product_cat":[382,99,381,484],"product_tag":[],"class_list":{"0":"post-3910","1":"product","2":"type-product","3":"status-publish","4":"has-post-thumbnail","6":"product_cat-binchotan-aansteken","7":"product_cat-konro-accessoires","8":"product_cat-konro-essentials","9":"product_cat-yakiniku-accessoires","10":"entry","11":"has-media","13":"first","14":"instock","15":"taxable","16":"shipping-taxable","17":"purchasable","18":"product-type-simple"},"bundled_by":[],"bundle_stock_status":"instock","bundle_stock_quantity":5,"bundle_virtual":false,"bundle_layout":"","bundle_add_to_cart_form_location":"","bundle_editable_in_cart":false,"bundle_sold_individually_context":"","bundle_item_grouping":"","bundle_min_size":"","bundle_max_size":"","bundle_price":[],"bundled_items":[],"bundle_sell_ids":[],"yoast_head":"<!-- This site is optimized with the Yoast SEO plugin v27.4 - https:\/\/yoast.com\/product\/yoast-seo-wordpress\/ -->\n<title>YAKINIKU Bamboewaaier | Konro Grill<\/title>\n<meta name=\"description\" content=\"Deze YAKINIKU Bamboewaaier is ideaal voor het aansteken van je kolen, door het waaien cre\u00eber je extra luchtcirculatie en gaan je kolen snel branden.\" \/>\n<meta name=\"robots\" content=\"index, follow, max-snippet:-1, max-image-preview:large, max-video-preview:-1\" \/>\n<link rel=\"canonical\" href=\"https:\/\/konro-grill.com\/fr\/produit\/ventilateur-en-bambou-yakiniku\/\" \/>\n<meta property=\"og:locale\" content=\"fr_FR\" \/>\n<meta property=\"og:type\" content=\"article\" \/>\n<meta property=\"og:title\" content=\"YAKINIKU Bamboewaaier | Konro Grill\" \/>\n<meta property=\"og:description\" content=\"Deze YAKINIKU Bamboewaaier is ideaal voor het aansteken van je kolen, door het waaien cre\u00eber je extra luchtcirculatie en gaan je kolen snel branden.\" \/>\n<meta property=\"og:url\" content=\"https:\/\/konro-grill.com\/fr\/produit\/ventilateur-en-bambou-yakiniku\/\" \/>\n<meta property=\"og:site_name\" content=\"Konro Grill, de grootste Japanse BBQ specialist\" \/>\n<meta property=\"article:publisher\" content=\"https:\/\/facebook.com\/KonroGrillCom\" \/>\n<meta property=\"article:modified_time\" content=\"2026-04-22T08:28:06+00:00\" \/>\n<meta property=\"og:image\" content=\"https:\/\/konro-grill.com\/wp-content\/uploads\/2023\/09\/YAKINIKU-Bamboe-waaier-BBQdirect.jpg\" \/>\n\t<meta property=\"og:image:width\" content=\"800\" \/>\n\t<meta property=\"og:image:height\" content=\"800\" \/>\n\t<meta property=\"og:image:type\" content=\"image\/jpeg\" \/>\n<meta name=\"twitter:card\" content=\"summary_large_image\" \/>\n<meta name=\"twitter:label1\" content=\"Dur\u00e9e de lecture estim\u00e9e\" \/>\n\t<meta name=\"twitter:data1\" content=\"1 minute\" \/>\n<script type=\"application\/ld+json\" class=\"yoast-schema-graph\">{\"@context\":\"https:\\\/\\\/schema.org\",\"@graph\":[{\"@type\":\"WebPage\",\"@id\":\"https:\\\/\\\/konro-grill.com\\\/product\\\/yakiniku-bamboe-waaier\\\/\",\"url\":\"https:\\\/\\\/konro-grill.com\\\/product\\\/yakiniku-bamboe-waaier\\\/\",\"name\":\"YAKINIKU Bamboewaaier | Konro Grill\",\"isPartOf\":{\"@id\":\"https:\\\/\\\/konro-grill.com\\\/#website\"},\"primaryImageOfPage\":{\"@id\":\"https:\\\/\\\/konro-grill.com\\\/product\\\/yakiniku-bamboe-waaier\\\/#primaryimage\"},\"image\":{\"@id\":\"https:\\\/\\\/konro-grill.com\\\/product\\\/yakiniku-bamboe-waaier\\\/#primaryimage\"},\"thumbnailUrl\":\"https:\\\/\\\/konro-grill.com\\\/wp-content\\\/uploads\\\/2023\\\/09\\\/YAKINIKU-Bamboe-waaier-BBQdirect.jpg\",\"datePublished\":\"2023-09-19T14:45:03+00:00\",\"dateModified\":\"2026-04-22T08:28:06+00:00\",\"description\":\"Deze YAKINIKU Bamboewaaier is ideaal voor het aansteken van je kolen, door het waaien cre\u00eber je extra luchtcirculatie en gaan je kolen snel branden.\",\"breadcrumb\":{\"@id\":\"https:\\\/\\\/konro-grill.com\\\/product\\\/yakiniku-bamboe-waaier\\\/#breadcrumb\"},\"inLanguage\":\"fr-FR\",\"potentialAction\":[{\"@type\":\"ReadAction\",\"target\":[\"https:\\\/\\\/konro-grill.com\\\/product\\\/yakiniku-bamboe-waaier\\\/\"]}]},{\"@type\":\"ImageObject\",\"inLanguage\":\"fr-FR\",\"@id\":\"https:\\\/\\\/konro-grill.com\\\/product\\\/yakiniku-bamboe-waaier\\\/#primaryimage\",\"url\":\"https:\\\/\\\/konro-grill.com\\\/wp-content\\\/uploads\\\/2023\\\/09\\\/YAKINIKU-Bamboe-waaier-BBQdirect.jpg\",\"contentUrl\":\"https:\\\/\\\/konro-grill.com\\\/wp-content\\\/uploads\\\/2023\\\/09\\\/YAKINIKU-Bamboe-waaier-BBQdirect.jpg\",\"width\":800,\"height\":800,\"caption\":\"YAKINIKU Bamboe waaier\"},{\"@type\":\"BreadcrumbList\",\"@id\":\"https:\\\/\\\/konro-grill.com\\\/product\\\/yakiniku-bamboe-waaier\\\/#breadcrumb\",\"itemListElement\":[{\"@type\":\"ListItem\",\"position\":1,\"name\":\"Home\",\"item\":\"https:\\\/\\\/konro-grill.com\\\/\"},{\"@type\":\"ListItem\",\"position\":2,\"name\":\"Winkel\",\"item\":\"https:\\\/\\\/konro-grill.com\\\/winkel\\\/\"},{\"@type\":\"ListItem\",\"position\":3,\"name\":\"YAKINIKU Bamboe waaier\"}]},{\"@type\":\"WebSite\",\"@id\":\"https:\\\/\\\/konro-grill.com\\\/#website\",\"url\":\"https:\\\/\\\/konro-grill.com\\\/\",\"name\":\"Konro Grill\",\"description\":\"Konro Grill, de Grootste Japanse BBQ Specialist\",\"publisher\":{\"@id\":\"https:\\\/\\\/konro-grill.com\\\/#organization\"},\"potentialAction\":[{\"@type\":\"SearchAction\",\"target\":{\"@type\":\"EntryPoint\",\"urlTemplate\":\"https:\\\/\\\/konro-grill.com\\\/?s={search_term_string}\"},\"query-input\":{\"@type\":\"PropertyValueSpecification\",\"valueRequired\":true,\"valueName\":\"search_term_string\"}}],\"inLanguage\":\"fr-FR\"},{\"@type\":\"Organization\",\"@id\":\"https:\\\/\\\/konro-grill.com\\\/#organization\",\"name\":\"Konro Grill\",\"url\":\"https:\\\/\\\/konro-grill.com\\\/\",\"logo\":{\"@type\":\"ImageObject\",\"inLanguage\":\"fr-FR\",\"@id\":\"https:\\\/\\\/konro-grill.com\\\/#\\\/schema\\\/logo\\\/image\\\/\",\"url\":\"https:\\\/\\\/konro-grill.com\\\/wp-content\\\/uploads\\\/2021\\\/10\\\/konro-grill-logo.png\",\"contentUrl\":\"https:\\\/\\\/konro-grill.com\\\/wp-content\\\/uploads\\\/2021\\\/10\\\/konro-grill-logo.png\",\"width\":650,\"height\":80,\"caption\":\"Konro Grill\"},\"image\":{\"@id\":\"https:\\\/\\\/konro-grill.com\\\/#\\\/schema\\\/logo\\\/image\\\/\"},\"sameAs\":[\"https:\\\/\\\/facebook.com\\\/KonroGrillCom\",\"https:\\\/\\\/www.instagram.com\\\/konrogrillcom\\\/\"]}]}<\/script>\n<!-- \/ Yoast SEO plugin. -->","yoast_head_json":{"title":"YAKINIKU Ventilateur en bambou | Konro Grill","description":"Ce ventilateur en bambou YAKINIKU est id\u00e9al pour allumer vos braises. En soufflant, vous cr\u00e9ez une circulation d'air suppl\u00e9mentaire et vos braises br\u00fbleront rapidement.","robots":{"index":"index","follow":"follow","max-snippet":"max-snippet:-1","max-image-preview":"max-image-preview:large","max-video-preview":"max-video-preview:-1"},"canonical":"https:\/\/konro-grill.com\/fr\/produit\/ventilateur-en-bambou-yakiniku\/","og_locale":"fr_FR","og_type":"article","og_title":"YAKINIKU Bamboewaaier | Konro Grill","og_description":"Deze YAKINIKU Bamboewaaier is ideaal voor het aansteken van je kolen, door het waaien cre\u00eber je extra luchtcirculatie en gaan je kolen snel branden.","og_url":"https:\/\/konro-grill.com\/fr\/produit\/ventilateur-en-bambou-yakiniku\/","og_site_name":"Konro Grill, de grootste Japanse BBQ specialist","article_publisher":"https:\/\/facebook.com\/KonroGrillCom","article_modified_time":"2026-04-22T08:28:06+00:00","og_image":[{"width":800,"height":800,"url":"https:\/\/konro-grill.com\/wp-content\/uploads\/2023\/09\/YAKINIKU-Bamboe-waaier-BBQdirect.jpg","type":"image\/jpeg"}],"twitter_card":"summary_large_image","twitter_misc":{"Dur\u00e9e de lecture estim\u00e9e":"1 minute"},"schema":{"@context":"https:\/\/schema.org","@graph":[{"@type":"WebPage","@id":"https:\/\/konro-grill.com\/product\/yakiniku-bamboe-waaier\/","url":"https:\/\/konro-grill.com\/product\/yakiniku-bamboe-waaier\/","name":"YAKINIKU Ventilateur en bambou | Konro Grill","isPartOf":{"@id":"https:\/\/konro-grill.com\/#website"},"primaryImageOfPage":{"@id":"https:\/\/konro-grill.com\/product\/yakiniku-bamboe-waaier\/#primaryimage"},"image":{"@id":"https:\/\/konro-grill.com\/product\/yakiniku-bamboe-waaier\/#primaryimage"},"thumbnailUrl":"https:\/\/konro-grill.com\/wp-content\/uploads\/2023\/09\/YAKINIKU-Bamboe-waaier-BBQdirect.jpg","datePublished":"2023-09-19T14:45:03+00:00","dateModified":"2026-04-22T08:28:06+00:00","description":"Ce ventilateur en bambou YAKINIKU est id\u00e9al pour allumer vos braises. En soufflant, vous cr\u00e9ez une circulation d'air suppl\u00e9mentaire et vos braises br\u00fbleront rapidement.","breadcrumb":{"@id":"https:\/\/konro-grill.com\/product\/yakiniku-bamboe-waaier\/#breadcrumb"},"inLanguage":"fr-FR","potentialAction":[{"@type":"ReadAction","target":["https:\/\/konro-grill.com\/product\/yakiniku-bamboe-waaier\/"]}]},{"@type":"ImageObject","inLanguage":"fr-FR","@id":"https:\/\/konro-grill.com\/product\/yakiniku-bamboe-waaier\/#primaryimage","url":"https:\/\/konro-grill.com\/wp-content\/uploads\/2023\/09\/YAKINIKU-Bamboe-waaier-BBQdirect.jpg","contentUrl":"https:\/\/konro-grill.com\/wp-content\/uploads\/2023\/09\/YAKINIKU-Bamboe-waaier-BBQdirect.jpg","width":800,"height":800,"caption":"YAKINIKU Bamboe waaier"},{"@type":"BreadcrumbList","@id":"https:\/\/konro-grill.com\/product\/yakiniku-bamboe-waaier\/#breadcrumb","itemListElement":[{"@type":"ListItem","position":1,"name":"Home","item":"https:\/\/konro-grill.com\/"},{"@type":"ListItem","position":2,"name":"Winkel","item":"https:\/\/konro-grill.com\/winkel\/"},{"@type":"ListItem","position":3,"name":"YAKINIKU Bamboe waaier"}]},{"@type":"WebSite","@id":"https:\/\/konro-grill.com\/#website","url":"https:\/\/konro-grill.com\/","name":"Konro Grill","description":"Konro Grill, le plus grand sp\u00e9cialiste du barbecue japonais","publisher":{"@id":"https:\/\/konro-grill.com\/#organization"},"potentialAction":[{"@type":"SearchAction","target":{"@type":"EntryPoint","urlTemplate":"https:\/\/konro-grill.com\/?s={search_term_string}"},"query-input":{"@type":"PropertyValueSpecification","valueRequired":true,"valueName":"search_term_string"}}],"inLanguage":"fr-FR"},{"@type":"Organization","@id":"https:\/\/konro-grill.com\/#organization","name":"Konro Grill","url":"https:\/\/konro-grill.com\/","logo":{"@type":"ImageObject","inLanguage":"fr-FR","@id":"https:\/\/konro-grill.com\/#\/schema\/logo\/image\/","url":"https:\/\/konro-grill.com\/wp-content\/uploads\/2021\/10\/konro-grill-logo.png","contentUrl":"https:\/\/konro-grill.com\/wp-content\/uploads\/2021\/10\/konro-grill-logo.png","width":650,"height":80,"caption":"Konro Grill"},"image":{"@id":"https:\/\/konro-grill.com\/#\/schema\/logo\/image\/"},"sameAs":["https:\/\/facebook.com\/KonroGrillCom","https:\/\/www.instagram.com\/konrogrillcom\/"]}]}},"df_price":28.99,"df_sale_price":"","df_regular_price":28.99,"df_image_link":"https:\/\/konro-grill.com\/wp-content\/uploads\/2023\/09\/YAKINIKU-Bamboe-waaier-BBQdirect-300x300.jpg","_links":{"self":[{"href":"https:\/\/konro-grill.com\/fr\/wp-json\/wp\/v2\/product\/3910","targetHints":{"allow":["GET"]}}],"collection":[{"href":"https:\/\/konro-grill.com\/fr\/wp-json\/wp\/v2\/product"}],"about":[{"href":"https:\/\/konro-grill.com\/fr\/wp-json\/wp\/v2\/types\/product"}],"wp:featuredmedia":[{"embeddable":true,"href":"https:\/\/konro-grill.com\/fr\/wp-json\/wp\/v2\/media\/3911"}],"wp:attachment":[{"href":"https:\/\/konro-grill.com\/fr\/wp-json\/wp\/v2\/media?parent=3910"}],"wp:term":[{"taxonomy":"product_brand","embeddable":true,"href":"https:\/\/konro-grill.com\/fr\/wp-json\/wp\/v2\/product_brand?post=3910"},{"taxonomy":"product_cat","embeddable":true,"href":"https:\/\/konro-grill.com\/fr\/wp-json\/wp\/v2\/product_cat?post=3910"},{"taxonomy":"product_tag","embeddable":true,"href":"https:\/\/konro-grill.com\/fr\/wp-json\/wp\/v2\/product_tag?post=3910"}],"curies":[{"name":"wp","href":"https:\/\/api.w.org\/{rel}","templated":true}]}}