{"id":5008,"date":"2024-01-16T11:53:55","date_gmt":"2024-01-16T10:53:55","guid":{"rendered":"https:\/\/konro-grill.com\/?post_type=product&#038;p=5008"},"modified":"2026-04-25T10:28:04","modified_gmt":"2026-04-25T08:28:04","slug":"kasai-petits-carreaux-de-rechange","status":"publish","type":"product","link":"https:\/\/konro-grill.com\/fr\/produit\/kasai-petits-carreaux-de-rechange\/","title":{"rendered":"Tuiles de la petite r\u00e9serve de Kasai"},"content":{"rendered":"","protected":false},"excerpt":{"rendered":"<h2>Kasai Little tiles, remplace les murs de ton grill Kasai<\/h2>\n<p>Unique \u00e0 Kasai ? Tu peux remplacer toi-m\u00eame toutes les parois de ton gril Kasai Little. Commande un jeu de parois de rechange et tu pourras facilement les remplacer. Les carreaux sont faits d'un min\u00e9ral naturel qui subit un processus appel\u00e9 exfoliation. C'est ainsi qu'une tuile Kasai est rendue r\u00e9sistante \u00e0 la chaleur. Si tes parois lat\u00e9rales sont us\u00e9es, elles peuvent \u00eatre \u00e9cras\u00e9es et sont 100% compostables. Unique et \u00e9cologique !<\/p>","protected":false},"featured_media":5009,"template":"","meta":{"inline_featured_image":false},"product_brand":[],"product_cat":[472,433,20],"product_tag":[],"class_list":{"0":"post-5008","1":"product","2":"type-product","3":"status-publish","4":"has-post-thumbnail","6":"product_cat-kasai-accessoires","7":"product_cat-kasai-little","8":"product_cat-konro-grills","9":"entry","10":"has-media","12":"first","13":"instock","14":"taxable","15":"shipping-taxable","16":"purchasable","17":"product-type-simple"},"bundled_by":[],"bundle_stock_status":"instock","bundle_stock_quantity":6,"bundle_virtual":false,"bundle_layout":"","bundle_add_to_cart_form_location":"","bundle_editable_in_cart":false,"bundle_sold_individually_context":"","bundle_item_grouping":"","bundle_min_size":"","bundle_max_size":"","bundle_price":[],"bundled_items":[],"bundle_sell_ids":[],"yoast_head":"<!-- This site is optimized with the Yoast SEO plugin v27.4 - https:\/\/yoast.com\/product\/yoast-seo-wordpress\/ -->\n<title>Kasai Little Reserve Tegels, leg een hitteschild onder je Konro Grill!<\/title>\n<meta name=\"description\" content=\"Met deze Kasai Little reserve tegels vervang je je Kasai Grill Little wanden snel en is hij weer als nieuw! Bestel ze bij Konro Grill, de specialist.\" \/>\n<meta name=\"robots\" content=\"index, follow, max-snippet:-1, max-image-preview:large, max-video-preview:-1\" \/>\n<link rel=\"canonical\" href=\"https:\/\/konro-grill.com\/fr\/produit\/kasai-petits-carreaux-de-rechange\/\" \/>\n<meta property=\"og:locale\" content=\"fr_FR\" \/>\n<meta property=\"og:type\" content=\"article\" \/>\n<meta property=\"og:title\" content=\"Kasai Little Reserve Tegels, leg een hitteschild onder je Konro Grill!\" \/>\n<meta property=\"og:description\" content=\"Met deze Kasai Little reserve tegels vervang je je Kasai Grill Little wanden snel en is hij weer als nieuw! Bestel ze bij Konro Grill, de specialist.\" \/>\n<meta property=\"og:url\" content=\"https:\/\/konro-grill.com\/fr\/produit\/kasai-petits-carreaux-de-rechange\/\" \/>\n<meta property=\"og:site_name\" content=\"Konro Grill, de grootste Japanse BBQ specialist\" \/>\n<meta property=\"article:publisher\" content=\"https:\/\/facebook.com\/KonroGrillCom\" \/>\n<meta property=\"article:modified_time\" content=\"2026-04-25T08:28:04+00:00\" \/>\n<meta property=\"og:image\" content=\"https:\/\/konro-grill.com\/wp-content\/uploads\/2024\/01\/Kasai-Little-Tile.jpg\" \/>\n\t<meta property=\"og:image:width\" content=\"800\" \/>\n\t<meta property=\"og:image:height\" content=\"800\" \/>\n\t<meta property=\"og:image:type\" content=\"image\/jpeg\" \/>\n<meta name=\"twitter:card\" content=\"summary_large_image\" \/>\n<meta name=\"twitter:label1\" content=\"Dur\u00e9e de lecture estim\u00e9e\" \/>\n\t<meta name=\"twitter:data1\" content=\"1 minute\" \/>\n<script type=\"application\/ld+json\" class=\"yoast-schema-graph\">{\"@context\":\"https:\\\/\\\/schema.org\",\"@graph\":[{\"@type\":\"WebPage\",\"@id\":\"https:\\\/\\\/konro-grill.com\\\/product\\\/kasai-little-reserve-tegels\\\/\",\"url\":\"https:\\\/\\\/konro-grill.com\\\/product\\\/kasai-little-reserve-tegels\\\/\",\"name\":\"Kasai Little Reserve Tegels, leg een hitteschild onder je Konro Grill!\",\"isPartOf\":{\"@id\":\"https:\\\/\\\/konro-grill.com\\\/#website\"},\"primaryImageOfPage\":{\"@id\":\"https:\\\/\\\/konro-grill.com\\\/product\\\/kasai-little-reserve-tegels\\\/#primaryimage\"},\"image\":{\"@id\":\"https:\\\/\\\/konro-grill.com\\\/product\\\/kasai-little-reserve-tegels\\\/#primaryimage\"},\"thumbnailUrl\":\"https:\\\/\\\/konro-grill.com\\\/wp-content\\\/uploads\\\/2024\\\/01\\\/Kasai-Little-Tile.jpg\",\"datePublished\":\"2024-01-16T10:53:55+00:00\",\"dateModified\":\"2026-04-25T08:28:04+00:00\",\"description\":\"Met deze Kasai Little reserve tegels vervang je je Kasai Grill Little wanden snel en is hij weer als nieuw! Bestel ze bij Konro Grill, de specialist.\",\"breadcrumb\":{\"@id\":\"https:\\\/\\\/konro-grill.com\\\/product\\\/kasai-little-reserve-tegels\\\/#breadcrumb\"},\"inLanguage\":\"fr-FR\",\"potentialAction\":[{\"@type\":\"ReadAction\",\"target\":[\"https:\\\/\\\/konro-grill.com\\\/product\\\/kasai-little-reserve-tegels\\\/\"]}]},{\"@type\":\"ImageObject\",\"inLanguage\":\"fr-FR\",\"@id\":\"https:\\\/\\\/konro-grill.com\\\/product\\\/kasai-little-reserve-tegels\\\/#primaryimage\",\"url\":\"https:\\\/\\\/konro-grill.com\\\/wp-content\\\/uploads\\\/2024\\\/01\\\/Kasai-Little-Tile.jpg\",\"contentUrl\":\"https:\\\/\\\/konro-grill.com\\\/wp-content\\\/uploads\\\/2024\\\/01\\\/Kasai-Little-Tile.jpg\",\"width\":800,\"height\":800,\"caption\":\"Kasai Konro Grill Little\"},{\"@type\":\"BreadcrumbList\",\"@id\":\"https:\\\/\\\/konro-grill.com\\\/product\\\/kasai-little-reserve-tegels\\\/#breadcrumb\",\"itemListElement\":[{\"@type\":\"ListItem\",\"position\":1,\"name\":\"Home\",\"item\":\"https:\\\/\\\/konro-grill.com\\\/\"},{\"@type\":\"ListItem\",\"position\":2,\"name\":\"Winkel\",\"item\":\"https:\\\/\\\/konro-grill.com\\\/winkel\\\/\"},{\"@type\":\"ListItem\",\"position\":3,\"name\":\"Kasai Little reserve tegels\"}]},{\"@type\":\"WebSite\",\"@id\":\"https:\\\/\\\/konro-grill.com\\\/#website\",\"url\":\"https:\\\/\\\/konro-grill.com\\\/\",\"name\":\"Konro Grill\",\"description\":\"Konro Grill, de Grootste Japanse BBQ Specialist\",\"publisher\":{\"@id\":\"https:\\\/\\\/konro-grill.com\\\/#organization\"},\"potentialAction\":[{\"@type\":\"SearchAction\",\"target\":{\"@type\":\"EntryPoint\",\"urlTemplate\":\"https:\\\/\\\/konro-grill.com\\\/?s={search_term_string}\"},\"query-input\":{\"@type\":\"PropertyValueSpecification\",\"valueRequired\":true,\"valueName\":\"search_term_string\"}}],\"inLanguage\":\"fr-FR\"},{\"@type\":\"Organization\",\"@id\":\"https:\\\/\\\/konro-grill.com\\\/#organization\",\"name\":\"Konro Grill\",\"url\":\"https:\\\/\\\/konro-grill.com\\\/\",\"logo\":{\"@type\":\"ImageObject\",\"inLanguage\":\"fr-FR\",\"@id\":\"https:\\\/\\\/konro-grill.com\\\/#\\\/schema\\\/logo\\\/image\\\/\",\"url\":\"https:\\\/\\\/konro-grill.com\\\/wp-content\\\/uploads\\\/2021\\\/10\\\/konro-grill-logo.png\",\"contentUrl\":\"https:\\\/\\\/konro-grill.com\\\/wp-content\\\/uploads\\\/2021\\\/10\\\/konro-grill-logo.png\",\"width\":650,\"height\":80,\"caption\":\"Konro Grill\"},\"image\":{\"@id\":\"https:\\\/\\\/konro-grill.com\\\/#\\\/schema\\\/logo\\\/image\\\/\"},\"sameAs\":[\"https:\\\/\\\/facebook.com\\\/KonroGrillCom\",\"https:\\\/\\\/www.instagram.com\\\/konrogrillcom\\\/\"]}]}<\/script>\n<!-- \/ Yoast SEO plugin. -->","yoast_head_json":{"title":"Kasai Little Reserve Tiles, mets un bouclier thermique sous ton Konro Grill !","description":"Avec ces tuiles de rechange Kasai Little, remplace rapidement tes parois Kasai Grill Little et elles seront comme neuves ! Commande-les aupr\u00e8s de Konro Grill, le sp\u00e9cialiste.","robots":{"index":"index","follow":"follow","max-snippet":"max-snippet:-1","max-image-preview":"max-image-preview:large","max-video-preview":"max-video-preview:-1"},"canonical":"https:\/\/konro-grill.com\/fr\/produit\/kasai-petits-carreaux-de-rechange\/","og_locale":"fr_FR","og_type":"article","og_title":"Kasai Little Reserve Tegels, leg een hitteschild onder je Konro Grill!","og_description":"Met deze Kasai Little reserve tegels vervang je je Kasai Grill Little wanden snel en is hij weer als nieuw! Bestel ze bij Konro Grill, de specialist.","og_url":"https:\/\/konro-grill.com\/fr\/produit\/kasai-petits-carreaux-de-rechange\/","og_site_name":"Konro Grill, de grootste Japanse BBQ specialist","article_publisher":"https:\/\/facebook.com\/KonroGrillCom","article_modified_time":"2026-04-25T08:28:04+00:00","og_image":[{"width":800,"height":800,"url":"https:\/\/konro-grill.com\/wp-content\/uploads\/2024\/01\/Kasai-Little-Tile.jpg","type":"image\/jpeg"}],"twitter_card":"summary_large_image","twitter_misc":{"Dur\u00e9e de lecture estim\u00e9e":"1 minute"},"schema":{"@context":"https:\/\/schema.org","@graph":[{"@type":"WebPage","@id":"https:\/\/konro-grill.com\/product\/kasai-little-reserve-tegels\/","url":"https:\/\/konro-grill.com\/product\/kasai-little-reserve-tegels\/","name":"Kasai Little Reserve Tiles, mets un bouclier thermique sous ton Konro Grill !","isPartOf":{"@id":"https:\/\/konro-grill.com\/#website"},"primaryImageOfPage":{"@id":"https:\/\/konro-grill.com\/product\/kasai-little-reserve-tegels\/#primaryimage"},"image":{"@id":"https:\/\/konro-grill.com\/product\/kasai-little-reserve-tegels\/#primaryimage"},"thumbnailUrl":"https:\/\/konro-grill.com\/wp-content\/uploads\/2024\/01\/Kasai-Little-Tile.jpg","datePublished":"2024-01-16T10:53:55+00:00","dateModified":"2026-04-25T08:28:04+00:00","description":"Avec ces tuiles de rechange Kasai Little, remplace rapidement tes parois Kasai Grill Little et elles seront comme neuves ! Commande-les aupr\u00e8s de Konro Grill, le sp\u00e9cialiste.","breadcrumb":{"@id":"https:\/\/konro-grill.com\/product\/kasai-little-reserve-tegels\/#breadcrumb"},"inLanguage":"fr-FR","potentialAction":[{"@type":"ReadAction","target":["https:\/\/konro-grill.com\/product\/kasai-little-reserve-tegels\/"]}]},{"@type":"ImageObject","inLanguage":"fr-FR","@id":"https:\/\/konro-grill.com\/product\/kasai-little-reserve-tegels\/#primaryimage","url":"https:\/\/konro-grill.com\/wp-content\/uploads\/2024\/01\/Kasai-Little-Tile.jpg","contentUrl":"https:\/\/konro-grill.com\/wp-content\/uploads\/2024\/01\/Kasai-Little-Tile.jpg","width":800,"height":800,"caption":"Kasai Konro Grill Little"},{"@type":"BreadcrumbList","@id":"https:\/\/konro-grill.com\/product\/kasai-little-reserve-tegels\/#breadcrumb","itemListElement":[{"@type":"ListItem","position":1,"name":"Home","item":"https:\/\/konro-grill.com\/"},{"@type":"ListItem","position":2,"name":"Winkel","item":"https:\/\/konro-grill.com\/winkel\/"},{"@type":"ListItem","position":3,"name":"Kasai Little reserve tegels"}]},{"@type":"WebSite","@id":"https:\/\/konro-grill.com\/#website","url":"https:\/\/konro-grill.com\/","name":"Konro Grill","description":"Konro Grill, le plus grand sp\u00e9cialiste du barbecue japonais","publisher":{"@id":"https:\/\/konro-grill.com\/#organization"},"potentialAction":[{"@type":"SearchAction","target":{"@type":"EntryPoint","urlTemplate":"https:\/\/konro-grill.com\/?s={search_term_string}"},"query-input":{"@type":"PropertyValueSpecification","valueRequired":true,"valueName":"search_term_string"}}],"inLanguage":"fr-FR"},{"@type":"Organization","@id":"https:\/\/konro-grill.com\/#organization","name":"Konro Grill","url":"https:\/\/konro-grill.com\/","logo":{"@type":"ImageObject","inLanguage":"fr-FR","@id":"https:\/\/konro-grill.com\/#\/schema\/logo\/image\/","url":"https:\/\/konro-grill.com\/wp-content\/uploads\/2021\/10\/konro-grill-logo.png","contentUrl":"https:\/\/konro-grill.com\/wp-content\/uploads\/2021\/10\/konro-grill-logo.png","width":650,"height":80,"caption":"Konro Grill"},"image":{"@id":"https:\/\/konro-grill.com\/#\/schema\/logo\/image\/"},"sameAs":["https:\/\/facebook.com\/KonroGrillCom","https:\/\/www.instagram.com\/konrogrillcom\/"]}]}},"df_price":130,"df_sale_price":"","df_regular_price":130,"df_image_link":"https:\/\/konro-grill.com\/wp-content\/uploads\/2024\/01\/Kasai-Little-Tile-300x300.jpg","_links":{"self":[{"href":"https:\/\/konro-grill.com\/fr\/wp-json\/wp\/v2\/product\/5008","targetHints":{"allow":["GET"]}}],"collection":[{"href":"https:\/\/konro-grill.com\/fr\/wp-json\/wp\/v2\/product"}],"about":[{"href":"https:\/\/konro-grill.com\/fr\/wp-json\/wp\/v2\/types\/product"}],"wp:featuredmedia":[{"embeddable":true,"href":"https:\/\/konro-grill.com\/fr\/wp-json\/wp\/v2\/media\/5009"}],"wp:attachment":[{"href":"https:\/\/konro-grill.com\/fr\/wp-json\/wp\/v2\/media?parent=5008"}],"wp:term":[{"taxonomy":"product_brand","embeddable":true,"href":"https:\/\/konro-grill.com\/fr\/wp-json\/wp\/v2\/product_brand?post=5008"},{"taxonomy":"product_cat","embeddable":true,"href":"https:\/\/konro-grill.com\/fr\/wp-json\/wp\/v2\/product_cat?post=5008"},{"taxonomy":"product_tag","embeddable":true,"href":"https:\/\/konro-grill.com\/fr\/wp-json\/wp\/v2\/product_tag?post=5008"}],"curies":[{"name":"wp","href":"https:\/\/api.w.org\/{rel}","templated":true}]}}