{"id":5189,"date":"2024-02-06T11:52:46","date_gmt":"2024-02-06T10:52:46","guid":{"rendered":"https:\/\/konro-grill.com\/?post_type=product&#038;p=5189"},"modified":"2026-04-26T22:28:03","modified_gmt":"2026-04-26T20:28:03","slug":"kasai-nano","status":"publish","type":"product","link":"https:\/\/konro-grill.com\/fr\/produit\/kasai-nano\/","title":{"rendered":"Kasai Nano"},"content":{"rendered":"","protected":false},"excerpt":{"rendered":"<h2>Kasai Nano, le petit gril konro<\/h2>\n<p>Avec ce Kasai Nano, tu pourras t'amuser \u00e0 griller de la viande, du poisson ou des l\u00e9gumes. Gr\u00e2ce \u00e0 sa taille et \u00e0 son poids pratiques, tu peux profiter de ton Kasai Grill o\u00f9 tu veux. Gr\u00e2ce \u00e0 sa grande qualit\u00e9, ce gril de style japonais convient \u00e9galement aux cuisines professionnelles. Voir <a href=\"https:\/\/konro-grill.com\/fr\/kasai-nano\/\">ici<\/a> tous les accessoires pour le Kasai Nano. Pour ce type de gril, nous recommandons exclusivement <a href=\"https:\/\/konro-grill.com\/fr\/charbon-de-bois-binchotan\/\">Binchotan<\/a> charbon de bois pour sa longue dur\u00e9e de combustion, ses temp\u00e9ratures extr\u00eamement \u00e9lev\u00e9es et sa capacit\u00e9 \u00e0 pr\u00e9server les ar\u00f4mes naturels de vos pr\u00e9parations.<\/p>","protected":false},"featured_media":5196,"template":"","meta":{"inline_featured_image":false},"product_brand":[],"product_cat":[426,432,20],"product_tag":[],"class_list":{"0":"post-5189","1":"product","2":"type-product","3":"status-publish","4":"has-post-thumbnail","6":"product_cat-kasai-grill","7":"product_cat-kasai-nano","8":"product_cat-konro-grills","9":"entry","10":"has-media","12":"first","13":"instock","14":"taxable","15":"shipping-taxable","16":"purchasable","17":"product-type-simple"},"bundled_by":[],"bundle_stock_status":"instock","bundle_stock_quantity":1,"bundle_virtual":false,"bundle_layout":"","bundle_add_to_cart_form_location":"","bundle_editable_in_cart":false,"bundle_sold_individually_context":"","bundle_item_grouping":"","bundle_min_size":"","bundle_max_size":"","bundle_price":[],"bundled_items":[],"bundle_sell_ids":[5210,5171,5174,5197,5205,5223,5233,5179,5220,10335],"yoast_head":"<!-- This site is optimized with the Yoast SEO plugin v27.4 - https:\/\/yoast.com\/product\/yoast-seo-wordpress\/ -->\n<title>Kasai Nano bij Konro Grill, de grootste Japanse BBQ specialist<\/title>\n<meta name=\"description\" content=\"Deze Kasai Nano is zeer geschikt voor het grillen van vlees, vis of groenten. Dankzij zijn formaat, neem je hem overal mee naar toe.\" \/>\n<meta name=\"robots\" content=\"index, follow, max-snippet:-1, max-image-preview:large, max-video-preview:-1\" \/>\n<link rel=\"canonical\" href=\"https:\/\/konro-grill.com\/fr\/produit\/kasai-nano\/\" \/>\n<meta property=\"og:locale\" content=\"fr_FR\" \/>\n<meta property=\"og:type\" content=\"article\" \/>\n<meta property=\"og:title\" content=\"Kasai Nano bij Konro Grill, de grootste Japanse BBQ specialist\" \/>\n<meta property=\"og:description\" content=\"Deze Kasai Nano is zeer geschikt voor het grillen van vlees, vis of groenten. Dankzij zijn formaat, neem je hem overal mee naar toe.\" \/>\n<meta property=\"og:url\" content=\"https:\/\/konro-grill.com\/fr\/produit\/kasai-nano\/\" \/>\n<meta property=\"og:site_name\" content=\"Konro Grill, de grootste Japanse BBQ specialist\" \/>\n<meta property=\"article:publisher\" content=\"https:\/\/facebook.com\/KonroGrillCom\" \/>\n<meta property=\"article:modified_time\" content=\"2026-04-26T20:28:03+00:00\" \/>\n<meta property=\"og:image\" content=\"https:\/\/konro-grill.com\/wp-content\/uploads\/2024\/02\/Kasai-Nano_2-1.jpg\" \/>\n\t<meta property=\"og:image:width\" content=\"800\" \/>\n\t<meta property=\"og:image:height\" content=\"800\" \/>\n\t<meta property=\"og:image:type\" content=\"image\/jpeg\" \/>\n<meta name=\"twitter:card\" content=\"summary_large_image\" \/>\n<meta name=\"twitter:label1\" content=\"Dur\u00e9e de lecture estim\u00e9e\" \/>\n\t<meta name=\"twitter:data1\" content=\"1 minute\" \/>\n<script type=\"application\/ld+json\" class=\"yoast-schema-graph\">{\"@context\":\"https:\\\/\\\/schema.org\",\"@graph\":[{\"@type\":\"WebPage\",\"@id\":\"https:\\\/\\\/konro-grill.com\\\/product\\\/kasai-nano\\\/\",\"url\":\"https:\\\/\\\/konro-grill.com\\\/product\\\/kasai-nano\\\/\",\"name\":\"Kasai Nano bij Konro Grill, de grootste Japanse BBQ specialist\",\"isPartOf\":{\"@id\":\"https:\\\/\\\/konro-grill.com\\\/#website\"},\"primaryImageOfPage\":{\"@id\":\"https:\\\/\\\/konro-grill.com\\\/product\\\/kasai-nano\\\/#primaryimage\"},\"image\":{\"@id\":\"https:\\\/\\\/konro-grill.com\\\/product\\\/kasai-nano\\\/#primaryimage\"},\"thumbnailUrl\":\"https:\\\/\\\/konro-grill.com\\\/wp-content\\\/uploads\\\/2024\\\/02\\\/Kasai-Nano_2-1.jpg\",\"datePublished\":\"2024-02-06T10:52:46+00:00\",\"dateModified\":\"2026-04-26T20:28:03+00:00\",\"description\":\"Deze Kasai Nano is zeer geschikt voor het grillen van vlees, vis of groenten. Dankzij zijn formaat, neem je hem overal mee naar toe.\",\"breadcrumb\":{\"@id\":\"https:\\\/\\\/konro-grill.com\\\/product\\\/kasai-nano\\\/#breadcrumb\"},\"inLanguage\":\"fr-FR\",\"potentialAction\":[{\"@type\":\"ReadAction\",\"target\":[\"https:\\\/\\\/konro-grill.com\\\/product\\\/kasai-nano\\\/\"]}]},{\"@type\":\"ImageObject\",\"inLanguage\":\"fr-FR\",\"@id\":\"https:\\\/\\\/konro-grill.com\\\/product\\\/kasai-nano\\\/#primaryimage\",\"url\":\"https:\\\/\\\/konro-grill.com\\\/wp-content\\\/uploads\\\/2024\\\/02\\\/Kasai-Nano_2-1.jpg\",\"contentUrl\":\"https:\\\/\\\/konro-grill.com\\\/wp-content\\\/uploads\\\/2024\\\/02\\\/Kasai-Nano_2-1.jpg\",\"width\":800,\"height\":800,\"caption\":\"Kasai Nano\"},{\"@type\":\"BreadcrumbList\",\"@id\":\"https:\\\/\\\/konro-grill.com\\\/product\\\/kasai-nano\\\/#breadcrumb\",\"itemListElement\":[{\"@type\":\"ListItem\",\"position\":1,\"name\":\"Home\",\"item\":\"https:\\\/\\\/konro-grill.com\\\/\"},{\"@type\":\"ListItem\",\"position\":2,\"name\":\"Winkel\",\"item\":\"https:\\\/\\\/konro-grill.com\\\/winkel\\\/\"},{\"@type\":\"ListItem\",\"position\":3,\"name\":\"Kasai Nano\"}]},{\"@type\":\"WebSite\",\"@id\":\"https:\\\/\\\/konro-grill.com\\\/#website\",\"url\":\"https:\\\/\\\/konro-grill.com\\\/\",\"name\":\"Konro Grill\",\"description\":\"Konro Grill, de Grootste Japanse BBQ Specialist\",\"publisher\":{\"@id\":\"https:\\\/\\\/konro-grill.com\\\/#organization\"},\"potentialAction\":[{\"@type\":\"SearchAction\",\"target\":{\"@type\":\"EntryPoint\",\"urlTemplate\":\"https:\\\/\\\/konro-grill.com\\\/?s={search_term_string}\"},\"query-input\":{\"@type\":\"PropertyValueSpecification\",\"valueRequired\":true,\"valueName\":\"search_term_string\"}}],\"inLanguage\":\"fr-FR\"},{\"@type\":\"Organization\",\"@id\":\"https:\\\/\\\/konro-grill.com\\\/#organization\",\"name\":\"Konro Grill\",\"url\":\"https:\\\/\\\/konro-grill.com\\\/\",\"logo\":{\"@type\":\"ImageObject\",\"inLanguage\":\"fr-FR\",\"@id\":\"https:\\\/\\\/konro-grill.com\\\/#\\\/schema\\\/logo\\\/image\\\/\",\"url\":\"https:\\\/\\\/konro-grill.com\\\/wp-content\\\/uploads\\\/2021\\\/10\\\/konro-grill-logo.png\",\"contentUrl\":\"https:\\\/\\\/konro-grill.com\\\/wp-content\\\/uploads\\\/2021\\\/10\\\/konro-grill-logo.png\",\"width\":650,\"height\":80,\"caption\":\"Konro Grill\"},\"image\":{\"@id\":\"https:\\\/\\\/konro-grill.com\\\/#\\\/schema\\\/logo\\\/image\\\/\"},\"sameAs\":[\"https:\\\/\\\/facebook.com\\\/KonroGrillCom\",\"https:\\\/\\\/www.instagram.com\\\/konrogrillcom\\\/\"]}]}<\/script>\n<!-- \/ Yoast SEO plugin. -->","yoast_head_json":{"title":"Kasai Nano chez Konro Grill, le plus grand sp\u00e9cialiste du barbecue japonais","description":"Ce Kasai Nano est id\u00e9al pour griller de la viande, du poisson ou des l\u00e9gumes. Gr\u00e2ce \u00e0 sa taille, tu peux l'emporter partout.","robots":{"index":"index","follow":"follow","max-snippet":"max-snippet:-1","max-image-preview":"max-image-preview:large","max-video-preview":"max-video-preview:-1"},"canonical":"https:\/\/konro-grill.com\/fr\/produit\/kasai-nano\/","og_locale":"fr_FR","og_type":"article","og_title":"Kasai Nano bij Konro Grill, de grootste Japanse BBQ specialist","og_description":"Deze Kasai Nano is zeer geschikt voor het grillen van vlees, vis of groenten. Dankzij zijn formaat, neem je hem overal mee naar toe.","og_url":"https:\/\/konro-grill.com\/fr\/produit\/kasai-nano\/","og_site_name":"Konro Grill, de grootste Japanse BBQ specialist","article_publisher":"https:\/\/facebook.com\/KonroGrillCom","article_modified_time":"2026-04-26T20:28:03+00:00","og_image":[{"width":800,"height":800,"url":"https:\/\/konro-grill.com\/wp-content\/uploads\/2024\/02\/Kasai-Nano_2-1.jpg","type":"image\/jpeg"}],"twitter_card":"summary_large_image","twitter_misc":{"Dur\u00e9e de lecture estim\u00e9e":"1 minute"},"schema":{"@context":"https:\/\/schema.org","@graph":[{"@type":"WebPage","@id":"https:\/\/konro-grill.com\/product\/kasai-nano\/","url":"https:\/\/konro-grill.com\/product\/kasai-nano\/","name":"Kasai Nano chez Konro Grill, le plus grand sp\u00e9cialiste du barbecue japonais","isPartOf":{"@id":"https:\/\/konro-grill.com\/#website"},"primaryImageOfPage":{"@id":"https:\/\/konro-grill.com\/product\/kasai-nano\/#primaryimage"},"image":{"@id":"https:\/\/konro-grill.com\/product\/kasai-nano\/#primaryimage"},"thumbnailUrl":"https:\/\/konro-grill.com\/wp-content\/uploads\/2024\/02\/Kasai-Nano_2-1.jpg","datePublished":"2024-02-06T10:52:46+00:00","dateModified":"2026-04-26T20:28:03+00:00","description":"Ce Kasai Nano est id\u00e9al pour griller de la viande, du poisson ou des l\u00e9gumes. Gr\u00e2ce \u00e0 sa taille, tu peux l'emporter partout.","breadcrumb":{"@id":"https:\/\/konro-grill.com\/product\/kasai-nano\/#breadcrumb"},"inLanguage":"fr-FR","potentialAction":[{"@type":"ReadAction","target":["https:\/\/konro-grill.com\/product\/kasai-nano\/"]}]},{"@type":"ImageObject","inLanguage":"fr-FR","@id":"https:\/\/konro-grill.com\/product\/kasai-nano\/#primaryimage","url":"https:\/\/konro-grill.com\/wp-content\/uploads\/2024\/02\/Kasai-Nano_2-1.jpg","contentUrl":"https:\/\/konro-grill.com\/wp-content\/uploads\/2024\/02\/Kasai-Nano_2-1.jpg","width":800,"height":800,"caption":"Kasai Nano"},{"@type":"BreadcrumbList","@id":"https:\/\/konro-grill.com\/product\/kasai-nano\/#breadcrumb","itemListElement":[{"@type":"ListItem","position":1,"name":"Home","item":"https:\/\/konro-grill.com\/"},{"@type":"ListItem","position":2,"name":"Winkel","item":"https:\/\/konro-grill.com\/winkel\/"},{"@type":"ListItem","position":3,"name":"Kasai Nano"}]},{"@type":"WebSite","@id":"https:\/\/konro-grill.com\/#website","url":"https:\/\/konro-grill.com\/","name":"Konro Grill","description":"Konro Grill, le plus grand sp\u00e9cialiste du barbecue japonais","publisher":{"@id":"https:\/\/konro-grill.com\/#organization"},"potentialAction":[{"@type":"SearchAction","target":{"@type":"EntryPoint","urlTemplate":"https:\/\/konro-grill.com\/?s={search_term_string}"},"query-input":{"@type":"PropertyValueSpecification","valueRequired":true,"valueName":"search_term_string"}}],"inLanguage":"fr-FR"},{"@type":"Organization","@id":"https:\/\/konro-grill.com\/#organization","name":"Konro Grill","url":"https:\/\/konro-grill.com\/","logo":{"@type":"ImageObject","inLanguage":"fr-FR","@id":"https:\/\/konro-grill.com\/#\/schema\/logo\/image\/","url":"https:\/\/konro-grill.com\/wp-content\/uploads\/2021\/10\/konro-grill-logo.png","contentUrl":"https:\/\/konro-grill.com\/wp-content\/uploads\/2021\/10\/konro-grill-logo.png","width":650,"height":80,"caption":"Konro Grill"},"image":{"@id":"https:\/\/konro-grill.com\/#\/schema\/logo\/image\/"},"sameAs":["https:\/\/facebook.com\/KonroGrillCom","https:\/\/www.instagram.com\/konrogrillcom\/"]}]}},"df_price":399,"df_sale_price":"","df_regular_price":399,"df_image_link":"https:\/\/konro-grill.com\/wp-content\/uploads\/2024\/02\/Kasai-Nano_2-1-300x300.jpg","_links":{"self":[{"href":"https:\/\/konro-grill.com\/fr\/wp-json\/wp\/v2\/product\/5189","targetHints":{"allow":["GET"]}}],"collection":[{"href":"https:\/\/konro-grill.com\/fr\/wp-json\/wp\/v2\/product"}],"about":[{"href":"https:\/\/konro-grill.com\/fr\/wp-json\/wp\/v2\/types\/product"}],"wp:featuredmedia":[{"embeddable":true,"href":"https:\/\/konro-grill.com\/fr\/wp-json\/wp\/v2\/media\/5196"}],"wp:attachment":[{"href":"https:\/\/konro-grill.com\/fr\/wp-json\/wp\/v2\/media?parent=5189"}],"wp:term":[{"taxonomy":"product_brand","embeddable":true,"href":"https:\/\/konro-grill.com\/fr\/wp-json\/wp\/v2\/product_brand?post=5189"},{"taxonomy":"product_cat","embeddable":true,"href":"https:\/\/konro-grill.com\/fr\/wp-json\/wp\/v2\/product_cat?post=5189"},{"taxonomy":"product_tag","embeddable":true,"href":"https:\/\/konro-grill.com\/fr\/wp-json\/wp\/v2\/product_tag?post=5189"}],"curies":[{"name":"wp","href":"https:\/\/api.w.org\/{rel}","templated":true}]}}