{"id":5223,"date":"2024-02-06T16:15:27","date_gmt":"2024-02-06T15:15:27","guid":{"rendered":"https:\/\/konro-grill.com\/?post_type=product&#038;p=5223"},"modified":"2026-04-04T22:28:03","modified_gmt":"2026-04-04T20:28:03","slug":"grille-de-gril-en-acier-inoxydable-kasai-nano","status":"publish","type":"product","link":"https:\/\/konro-grill.com\/fr\/produit\/grille-de-gril-en-acier-inoxydable-kasai-nano\/","title":{"rendered":"Grille de gril Kasai Nano en acier inoxydable"},"content":{"rendered":"<h3>Grille Kasai Nano en acier inoxydable :<\/h3>\n<ul>\n<li>Tr\u00e8s durable (dure tr\u00e8s longtemps)<\/li>\n<li>Excellente conservation de la chaleur<\/li>\n<li>Id\u00e9al pour saisir la viande<\/li>\n<li>Va au lave-vaisselle<\/li>\n<li>Acier inoxydable de 6 mm<\/li>\n<li>Scelle la saveur pour un go\u00fbt exquis<\/li>\n<li>Id\u00e9al pour toutes les coupes de viande, les l\u00e9gumes et le poisson.<\/li>\n<\/ul>","protected":false},"excerpt":{"rendered":"<h2>Am\u00e9liore ton Kasai Nano avec la grille originale en acier inoxydable<\/h2>\n<p>Tu cherches une grille en acier inoxydable de haute qualit\u00e9 pour ton KASAI Nano ?\u00a0<span style=\"background-color: var(--wpex-surface-1);\">Alors c'est un accessoire indispensable pour ton Kasai Grill Nano. <\/span><span style=\"background-color: var(--wpex-surface-1);\">Cette grille Kasai en acier inoxydable retient bien la chaleur, ce qui garantit de belles rayures de gril et une riche saveur pour tes steaks, tes l\u00e9gumes et tes poissons. Gr\u00e2ce \u00e0 la <\/span><strong style=\"background-color: var(--wpex-surface-1);\">Acier inoxydable de 6 mm<\/strong><span style=\"background-color: var(--wpex-surface-1);\"> nous pouvons garantir un meilleur stockage de la chaleur que la grille standard. Cette grille est v<\/span>aatwasmachine-safe.<\/p>\n<p><strong>Dimensions : 31 x 23 cm.<\/strong><\/p>","protected":false},"featured_media":5226,"template":"","meta":{"inline_featured_image":false},"product_brand":[],"product_cat":[472,432,20,251],"product_tag":[],"class_list":{"0":"post-5223","1":"product","2":"type-product","3":"status-publish","4":"has-post-thumbnail","6":"product_cat-kasai-accessoires","7":"product_cat-kasai-nano","8":"product_cat-konro-grills","9":"product_cat-konro-rooster","10":"entry","11":"has-media","13":"first","14":"instock","15":"taxable","16":"shipping-taxable","17":"purchasable","18":"product-type-simple"},"bundled_by":[],"bundle_stock_status":"instock","bundle_stock_quantity":3,"bundle_virtual":false,"bundle_layout":"","bundle_add_to_cart_form_location":"","bundle_editable_in_cart":false,"bundle_sold_individually_context":"","bundle_item_grouping":"","bundle_min_size":"","bundle_max_size":"","bundle_price":[],"bundled_items":[],"bundle_sell_ids":[],"yoast_head":"<!-- This site is optimized with the Yoast SEO plugin v27.3 - https:\/\/yoast.com\/product\/yoast-seo-wordpress\/ -->\n<title>Kasai Nano RVS Rooster, Konro Grill, de Japanse BBQ specialist<\/title>\n<meta name=\"description\" content=\"Upgrade je Kasai Nano met het originele RVS rooster. Dit is een must-have accessoire. Bestel bij de Europa&#039;s grootste Japanse BBQ specialist.\" \/>\n<meta name=\"robots\" content=\"index, follow, max-snippet:-1, max-image-preview:large, max-video-preview:-1\" \/>\n<link rel=\"canonical\" href=\"https:\/\/konro-grill.com\/fr\/produit\/grille-de-gril-en-acier-inoxydable-kasai-nano\/\" \/>\n<meta property=\"og:locale\" content=\"fr_FR\" \/>\n<meta property=\"og:type\" content=\"article\" \/>\n<meta property=\"og:title\" content=\"Kasai Nano RVS Rooster, Konro Grill, de Japanse BBQ specialist\" \/>\n<meta property=\"og:description\" content=\"Upgrade je Kasai Nano met het originele RVS rooster. Dit is een must-have accessoire. Bestel bij de Europa&#039;s grootste Japanse BBQ specialist.\" \/>\n<meta property=\"og:url\" content=\"https:\/\/konro-grill.com\/fr\/produit\/grille-de-gril-en-acier-inoxydable-kasai-nano\/\" \/>\n<meta property=\"og:site_name\" content=\"Konro Grill, de grootste Japanse BBQ specialist\" \/>\n<meta property=\"article:publisher\" content=\"https:\/\/facebook.com\/KonroGrillCom\" \/>\n<meta property=\"article:modified_time\" content=\"2026-04-04T20:28:03+00:00\" \/>\n<meta property=\"og:image\" content=\"https:\/\/konro-grill.com\/wp-content\/uploads\/2024\/02\/Kasai-Nano_6-4.jpg\" \/>\n\t<meta property=\"og:image:width\" content=\"800\" \/>\n\t<meta property=\"og:image:height\" content=\"800\" \/>\n\t<meta property=\"og:image:type\" content=\"image\/jpeg\" \/>\n<meta name=\"twitter:card\" content=\"summary_large_image\" \/>\n<meta name=\"twitter:label1\" content=\"Dur\u00e9e de lecture estim\u00e9e\" \/>\n\t<meta name=\"twitter:data1\" content=\"1 minute\" \/>\n<script type=\"application\/ld+json\" class=\"yoast-schema-graph\">{\"@context\":\"https:\\\/\\\/schema.org\",\"@graph\":[{\"@type\":\"WebPage\",\"@id\":\"https:\\\/\\\/konro-grill.com\\\/product\\\/kasai-nano-rvs-grillrooster\\\/\",\"url\":\"https:\\\/\\\/konro-grill.com\\\/product\\\/kasai-nano-rvs-grillrooster\\\/\",\"name\":\"Kasai Nano RVS Rooster, Konro Grill, de Japanse BBQ specialist\",\"isPartOf\":{\"@id\":\"https:\\\/\\\/konro-grill.com\\\/#website\"},\"primaryImageOfPage\":{\"@id\":\"https:\\\/\\\/konro-grill.com\\\/product\\\/kasai-nano-rvs-grillrooster\\\/#primaryimage\"},\"image\":{\"@id\":\"https:\\\/\\\/konro-grill.com\\\/product\\\/kasai-nano-rvs-grillrooster\\\/#primaryimage\"},\"thumbnailUrl\":\"https:\\\/\\\/konro-grill.com\\\/wp-content\\\/uploads\\\/2024\\\/02\\\/Kasai-Nano_6-4.jpg\",\"datePublished\":\"2024-02-06T15:15:27+00:00\",\"dateModified\":\"2026-04-04T20:28:03+00:00\",\"description\":\"Upgrade je Kasai Nano met het originele RVS rooster. Dit is een must-have accessoire. Bestel bij de Europa's grootste Japanse BBQ specialist.\",\"breadcrumb\":{\"@id\":\"https:\\\/\\\/konro-grill.com\\\/product\\\/kasai-nano-rvs-grillrooster\\\/#breadcrumb\"},\"inLanguage\":\"fr-FR\",\"potentialAction\":[{\"@type\":\"ReadAction\",\"target\":[\"https:\\\/\\\/konro-grill.com\\\/product\\\/kasai-nano-rvs-grillrooster\\\/\"]}]},{\"@type\":\"ImageObject\",\"inLanguage\":\"fr-FR\",\"@id\":\"https:\\\/\\\/konro-grill.com\\\/product\\\/kasai-nano-rvs-grillrooster\\\/#primaryimage\",\"url\":\"https:\\\/\\\/konro-grill.com\\\/wp-content\\\/uploads\\\/2024\\\/02\\\/Kasai-Nano_6-4.jpg\",\"contentUrl\":\"https:\\\/\\\/konro-grill.com\\\/wp-content\\\/uploads\\\/2024\\\/02\\\/Kasai-Nano_6-4.jpg\",\"width\":800,\"height\":800,\"caption\":\"Kasai Nano Braadrooster\"},{\"@type\":\"BreadcrumbList\",\"@id\":\"https:\\\/\\\/konro-grill.com\\\/product\\\/kasai-nano-rvs-grillrooster\\\/#breadcrumb\",\"itemListElement\":[{\"@type\":\"ListItem\",\"position\":1,\"name\":\"Home\",\"item\":\"https:\\\/\\\/konro-grill.com\\\/\"},{\"@type\":\"ListItem\",\"position\":2,\"name\":\"Winkel\",\"item\":\"https:\\\/\\\/konro-grill.com\\\/winkel\\\/\"},{\"@type\":\"ListItem\",\"position\":3,\"name\":\"Kasai Nano RVS Grillrooster\"}]},{\"@type\":\"WebSite\",\"@id\":\"https:\\\/\\\/konro-grill.com\\\/#website\",\"url\":\"https:\\\/\\\/konro-grill.com\\\/\",\"name\":\"Konro Grill\",\"description\":\"Konro Grill, de Grootste Japanse BBQ Specialist\",\"publisher\":{\"@id\":\"https:\\\/\\\/konro-grill.com\\\/#organization\"},\"potentialAction\":[{\"@type\":\"SearchAction\",\"target\":{\"@type\":\"EntryPoint\",\"urlTemplate\":\"https:\\\/\\\/konro-grill.com\\\/?s={search_term_string}\"},\"query-input\":{\"@type\":\"PropertyValueSpecification\",\"valueRequired\":true,\"valueName\":\"search_term_string\"}}],\"inLanguage\":\"fr-FR\"},{\"@type\":\"Organization\",\"@id\":\"https:\\\/\\\/konro-grill.com\\\/#organization\",\"name\":\"Konro Grill\",\"url\":\"https:\\\/\\\/konro-grill.com\\\/\",\"logo\":{\"@type\":\"ImageObject\",\"inLanguage\":\"fr-FR\",\"@id\":\"https:\\\/\\\/konro-grill.com\\\/#\\\/schema\\\/logo\\\/image\\\/\",\"url\":\"https:\\\/\\\/konro-grill.com\\\/wp-content\\\/uploads\\\/2021\\\/10\\\/konro-grill-logo.png\",\"contentUrl\":\"https:\\\/\\\/konro-grill.com\\\/wp-content\\\/uploads\\\/2021\\\/10\\\/konro-grill-logo.png\",\"width\":650,\"height\":80,\"caption\":\"Konro Grill\"},\"image\":{\"@id\":\"https:\\\/\\\/konro-grill.com\\\/#\\\/schema\\\/logo\\\/image\\\/\"},\"sameAs\":[\"https:\\\/\\\/facebook.com\\\/KonroGrillCom\",\"https:\\\/\\\/www.instagram.com\\\/konrogrillcom\\\/\"]}]}<\/script>\n<!-- \/ Yoast SEO plugin. -->","yoast_head_json":{"title":"Gril Kasai Nano en acier inoxydable, Konro Grill, le sp\u00e9cialiste des barbecues japonais","description":"Am\u00e9liore ton Kasai Nano avec la grille originale en acier inoxydable. C'est un accessoire indispensable. Commande aupr\u00e8s du plus grand sp\u00e9cialiste europ\u00e9en des barbecues japonais.","robots":{"index":"index","follow":"follow","max-snippet":"max-snippet:-1","max-image-preview":"max-image-preview:large","max-video-preview":"max-video-preview:-1"},"canonical":"https:\/\/konro-grill.com\/fr\/produit\/grille-de-gril-en-acier-inoxydable-kasai-nano\/","og_locale":"fr_FR","og_type":"article","og_title":"Kasai Nano RVS Rooster, Konro Grill, de Japanse BBQ specialist","og_description":"Upgrade je Kasai Nano met het originele RVS rooster. Dit is een must-have accessoire. Bestel bij de Europa's grootste Japanse BBQ specialist.","og_url":"https:\/\/konro-grill.com\/fr\/produit\/grille-de-gril-en-acier-inoxydable-kasai-nano\/","og_site_name":"Konro Grill, de grootste Japanse BBQ specialist","article_publisher":"https:\/\/facebook.com\/KonroGrillCom","article_modified_time":"2026-04-04T20:28:03+00:00","og_image":[{"width":800,"height":800,"url":"https:\/\/konro-grill.com\/wp-content\/uploads\/2024\/02\/Kasai-Nano_6-4.jpg","type":"image\/jpeg"}],"twitter_card":"summary_large_image","twitter_misc":{"Dur\u00e9e de lecture estim\u00e9e":"1 minute"},"schema":{"@context":"https:\/\/schema.org","@graph":[{"@type":"WebPage","@id":"https:\/\/konro-grill.com\/product\/kasai-nano-rvs-grillrooster\/","url":"https:\/\/konro-grill.com\/product\/kasai-nano-rvs-grillrooster\/","name":"Gril Kasai Nano en acier inoxydable, Konro Grill, le sp\u00e9cialiste des barbecues japonais","isPartOf":{"@id":"https:\/\/konro-grill.com\/#website"},"primaryImageOfPage":{"@id":"https:\/\/konro-grill.com\/product\/kasai-nano-rvs-grillrooster\/#primaryimage"},"image":{"@id":"https:\/\/konro-grill.com\/product\/kasai-nano-rvs-grillrooster\/#primaryimage"},"thumbnailUrl":"https:\/\/konro-grill.com\/wp-content\/uploads\/2024\/02\/Kasai-Nano_6-4.jpg","datePublished":"2024-02-06T15:15:27+00:00","dateModified":"2026-04-04T20:28:03+00:00","description":"Am\u00e9liore ton Kasai Nano avec la grille originale en acier inoxydable. C'est un accessoire indispensable. Commande aupr\u00e8s du plus grand sp\u00e9cialiste europ\u00e9en des barbecues japonais.","breadcrumb":{"@id":"https:\/\/konro-grill.com\/product\/kasai-nano-rvs-grillrooster\/#breadcrumb"},"inLanguage":"fr-FR","potentialAction":[{"@type":"ReadAction","target":["https:\/\/konro-grill.com\/product\/kasai-nano-rvs-grillrooster\/"]}]},{"@type":"ImageObject","inLanguage":"fr-FR","@id":"https:\/\/konro-grill.com\/product\/kasai-nano-rvs-grillrooster\/#primaryimage","url":"https:\/\/konro-grill.com\/wp-content\/uploads\/2024\/02\/Kasai-Nano_6-4.jpg","contentUrl":"https:\/\/konro-grill.com\/wp-content\/uploads\/2024\/02\/Kasai-Nano_6-4.jpg","width":800,"height":800,"caption":"Kasai Nano Braadrooster"},{"@type":"BreadcrumbList","@id":"https:\/\/konro-grill.com\/product\/kasai-nano-rvs-grillrooster\/#breadcrumb","itemListElement":[{"@type":"ListItem","position":1,"name":"Home","item":"https:\/\/konro-grill.com\/"},{"@type":"ListItem","position":2,"name":"Winkel","item":"https:\/\/konro-grill.com\/winkel\/"},{"@type":"ListItem","position":3,"name":"Kasai Nano RVS Grillrooster"}]},{"@type":"WebSite","@id":"https:\/\/konro-grill.com\/#website","url":"https:\/\/konro-grill.com\/","name":"Konro Grill","description":"Konro Grill, le plus grand sp\u00e9cialiste du barbecue japonais","publisher":{"@id":"https:\/\/konro-grill.com\/#organization"},"potentialAction":[{"@type":"SearchAction","target":{"@type":"EntryPoint","urlTemplate":"https:\/\/konro-grill.com\/?s={search_term_string}"},"query-input":{"@type":"PropertyValueSpecification","valueRequired":true,"valueName":"search_term_string"}}],"inLanguage":"fr-FR"},{"@type":"Organization","@id":"https:\/\/konro-grill.com\/#organization","name":"Konro Grill","url":"https:\/\/konro-grill.com\/","logo":{"@type":"ImageObject","inLanguage":"fr-FR","@id":"https:\/\/konro-grill.com\/#\/schema\/logo\/image\/","url":"https:\/\/konro-grill.com\/wp-content\/uploads\/2021\/10\/konro-grill-logo.png","contentUrl":"https:\/\/konro-grill.com\/wp-content\/uploads\/2021\/10\/konro-grill-logo.png","width":650,"height":80,"caption":"Konro Grill"},"image":{"@id":"https:\/\/konro-grill.com\/#\/schema\/logo\/image\/"},"sameAs":["https:\/\/facebook.com\/KonroGrillCom","https:\/\/www.instagram.com\/konrogrillcom\/"]}]}},"df_price":89,"df_sale_price":"","df_regular_price":89,"df_image_link":"https:\/\/konro-grill.com\/wp-content\/uploads\/2024\/02\/Kasai-Nano_6-4-300x300.jpg","_links":{"self":[{"href":"https:\/\/konro-grill.com\/fr\/wp-json\/wp\/v2\/product\/5223","targetHints":{"allow":["GET"]}}],"collection":[{"href":"https:\/\/konro-grill.com\/fr\/wp-json\/wp\/v2\/product"}],"about":[{"href":"https:\/\/konro-grill.com\/fr\/wp-json\/wp\/v2\/types\/product"}],"wp:featuredmedia":[{"embeddable":true,"href":"https:\/\/konro-grill.com\/fr\/wp-json\/wp\/v2\/media\/5226"}],"wp:attachment":[{"href":"https:\/\/konro-grill.com\/fr\/wp-json\/wp\/v2\/media?parent=5223"}],"wp:term":[{"taxonomy":"product_brand","embeddable":true,"href":"https:\/\/konro-grill.com\/fr\/wp-json\/wp\/v2\/product_brand?post=5223"},{"taxonomy":"product_cat","embeddable":true,"href":"https:\/\/konro-grill.com\/fr\/wp-json\/wp\/v2\/product_cat?post=5223"},{"taxonomy":"product_tag","embeddable":true,"href":"https:\/\/konro-grill.com\/fr\/wp-json\/wp\/v2\/product_tag?post=5223"}],"curies":[{"name":"wp","href":"https:\/\/api.w.org\/{rel}","templated":true}]}}