{"id":5316,"date":"2024-02-07T12:04:48","date_gmt":"2024-02-07T11:04:48","guid":{"rendered":"https:\/\/konro-grill.com\/?post_type=product&#038;p=5316"},"modified":"2026-04-23T10:28:03","modified_gmt":"2026-04-23T08:28:03","slug":"kasai-moyen-long","status":"publish","type":"product","link":"https:\/\/konro-grill.com\/fr\/produit\/kasai-moyen-long\/","title":{"rendered":"Kasai Medium Long"},"content":{"rendered":"<p>Les dimensions du Kasai Medium Long sont de 54 X 26,5 X 21 cm et son poids est de 14,7 kg. Le grand avantage de chaque Kasai est la possibilit\u00e9 d'utiliser le <a href=\"https:\/\/konro-grill.com\/fr\/produit\/tuiles-kasai-medium-long-reserve\/\">Murs en vermiculite<\/a>\u00a0remplacer apr\u00e8s une utilisation intensive. Vous pouvez simplement le faire vous-m\u00eame ! Cette possibilit\u00e9 rend ce gril, de grande qualit\u00e9, tr\u00e8s appropri\u00e9 pour\u00a0<strong>utilisation professionnelle<\/strong>. <span style=\"background-color: var(--wpex-surface-1);\">Les anciens murs sont enti\u00e8rement compostables.<\/span><\/p>\n<p>Pour chaque gril konro, nous recommandons <a href=\"https:\/\/konro-grill.com\/fr\/charbon-de-bois-binchotan\/\">Fusain de Binchotan<\/a>Il est \u00e9galement possible d'utiliser le four \u00e0 micro-ondes, en raison de sa longue dur\u00e9e de combustion, de ses temp\u00e9ratures extr\u00eamement \u00e9lev\u00e9es et de sa capacit\u00e9 \u00e0 pr\u00e9server les ar\u00f4mes naturels de vos pr\u00e9parations.<\/p>","protected":false},"excerpt":{"rendered":"<h3>Kasai Medium Long, le format le plus polyvalent Kasai Grill<\/h3>\n<p>Rencontre avec le m\u00e9dium Kasai <span style=\"background-color: var(--wpex-surface-1);\">Longues<\/span><span style=\"background-color: var(--wpex-surface-1);\">\u00a0<\/span><span style=\"background-color: var(--wpex-surface-1);\">Gril Konro, con\u00e7u et fabriqu\u00e9 en Grande-Bretagne. Les grils konro de Kasai sont bas\u00e9s sur les c\u00e9l\u00e8bres <\/span><a style=\"background-color: var(--wpex-surface-1);\" href=\"https:\/\/konro-grill.com\/fr\/gril-japonais\/\">Barbecues japonais<\/a><span style=\"background-color: var(--wpex-surface-1);\"> et porter la cuisson de la viande, du poisson et des l\u00e9gumes au plus haut niveau.\u00a0<\/span><span style=\"background-color: var(--wpex-surface-1);\">La qualit\u00e9 d'un Kasai Grill est excellente.<\/span><span style=\"background-color: var(--wpex-surface-1);\">\u00a0<\/span><strong style=\"background-color: var(--wpex-surface-1);\">Ce Kasai Grill Medium Long est l'un des mod\u00e8les les plus populaires.\u00a0<\/strong>Ce Kasai Medium Long est parfait pour une utilisation professionnelle dans la cuisine, mais aussi pour les amateurs de barbecue s\u00e9rieux.<\/p>","protected":false},"featured_media":5321,"template":"","meta":{"inline_featured_image":false},"product_brand":[],"product_cat":[426,434,20],"product_tag":[],"class_list":{"0":"post-5316","1":"product","2":"type-product","3":"status-publish","4":"has-post-thumbnail","6":"product_cat-kasai-grill","7":"product_cat-kasai-medium-long","8":"product_cat-konro-grills","9":"entry","10":"has-media","12":"first","13":"instock","14":"taxable","15":"shipping-taxable","16":"purchasable","17":"product-type-simple"},"bundled_by":[],"bundle_stock_status":"instock","bundle_stock_quantity":5,"bundle_virtual":false,"bundle_layout":"","bundle_add_to_cart_form_location":"","bundle_editable_in_cart":false,"bundle_sold_individually_context":"","bundle_item_grouping":"","bundle_min_size":"","bundle_max_size":"","bundle_price":[],"bundled_items":[],"bundle_sell_ids":[5327,10343,5323,5325,5329,5322,5326,10339,5330,5324],"yoast_head":"<!-- This site is optimized with the Yoast SEO plugin v27.4 - https:\/\/yoast.com\/product\/yoast-seo-wordpress\/ -->\n<title>Kasai Medium Long bij Konro Grill, de grootste specialist van de EU<\/title>\n<meta name=\"description\" content=\"Kasai Long, medium formaat Kasai GrillOntworpen en vervaardigd in Groot-Brittanni\u00eb, maak kennis met de Medium Long Kasai Konro Grill.\" \/>\n<meta name=\"robots\" content=\"index, follow, max-snippet:-1, max-image-preview:large, max-video-preview:-1\" \/>\n<link rel=\"canonical\" href=\"https:\/\/konro-grill.com\/fr\/produit\/kasai-moyen-long\/\" \/>\n<meta property=\"og:locale\" content=\"fr_FR\" \/>\n<meta property=\"og:type\" content=\"article\" \/>\n<meta property=\"og:title\" content=\"Kasai Medium Long bij Konro Grill, de grootste specialist van de EU\" \/>\n<meta property=\"og:description\" content=\"Kasai Long, medium formaat Kasai GrillOntworpen en vervaardigd in Groot-Brittanni\u00eb, maak kennis met de Medium Long Kasai Konro Grill.\" \/>\n<meta property=\"og:url\" content=\"https:\/\/konro-grill.com\/fr\/produit\/kasai-moyen-long\/\" \/>\n<meta property=\"og:site_name\" content=\"Konro Grill, de grootste Japanse BBQ specialist\" \/>\n<meta property=\"article:publisher\" content=\"https:\/\/facebook.com\/KonroGrillCom\" \/>\n<meta property=\"article:modified_time\" content=\"2026-04-23T08:28:03+00:00\" \/>\n<meta property=\"og:image\" content=\"https:\/\/konro-grill.com\/wp-content\/uploads\/2024\/02\/Kasai-Medium-Long_4.jpg\" \/>\n\t<meta property=\"og:image:width\" content=\"800\" \/>\n\t<meta property=\"og:image:height\" content=\"800\" \/>\n\t<meta property=\"og:image:type\" content=\"image\/jpeg\" \/>\n<meta name=\"twitter:card\" content=\"summary_large_image\" \/>\n<meta name=\"twitter:label1\" content=\"Dur\u00e9e de lecture estim\u00e9e\" \/>\n\t<meta name=\"twitter:data1\" content=\"1 minute\" \/>\n<script type=\"application\/ld+json\" class=\"yoast-schema-graph\">{\"@context\":\"https:\\\/\\\/schema.org\",\"@graph\":[{\"@type\":\"WebPage\",\"@id\":\"https:\\\/\\\/konro-grill.com\\\/product\\\/kasai-medium-long\\\/\",\"url\":\"https:\\\/\\\/konro-grill.com\\\/product\\\/kasai-medium-long\\\/\",\"name\":\"Kasai Medium Long bij Konro Grill, de grootste specialist van de EU\",\"isPartOf\":{\"@id\":\"https:\\\/\\\/konro-grill.com\\\/#website\"},\"primaryImageOfPage\":{\"@id\":\"https:\\\/\\\/konro-grill.com\\\/product\\\/kasai-medium-long\\\/#primaryimage\"},\"image\":{\"@id\":\"https:\\\/\\\/konro-grill.com\\\/product\\\/kasai-medium-long\\\/#primaryimage\"},\"thumbnailUrl\":\"https:\\\/\\\/konro-grill.com\\\/wp-content\\\/uploads\\\/2024\\\/02\\\/Kasai-Medium-Long_4.jpg\",\"datePublished\":\"2024-02-07T11:04:48+00:00\",\"dateModified\":\"2026-04-23T08:28:03+00:00\",\"description\":\"Kasai Long, medium formaat Kasai GrillOntworpen en vervaardigd in Groot-Brittanni\u00eb, maak kennis met de Medium Long Kasai Konro Grill.\",\"breadcrumb\":{\"@id\":\"https:\\\/\\\/konro-grill.com\\\/product\\\/kasai-medium-long\\\/#breadcrumb\"},\"inLanguage\":\"fr-FR\",\"potentialAction\":[{\"@type\":\"ReadAction\",\"target\":[\"https:\\\/\\\/konro-grill.com\\\/product\\\/kasai-medium-long\\\/\"]}]},{\"@type\":\"ImageObject\",\"inLanguage\":\"fr-FR\",\"@id\":\"https:\\\/\\\/konro-grill.com\\\/product\\\/kasai-medium-long\\\/#primaryimage\",\"url\":\"https:\\\/\\\/konro-grill.com\\\/wp-content\\\/uploads\\\/2024\\\/02\\\/Kasai-Medium-Long_4.jpg\",\"contentUrl\":\"https:\\\/\\\/konro-grill.com\\\/wp-content\\\/uploads\\\/2024\\\/02\\\/Kasai-Medium-Long_4.jpg\",\"width\":800,\"height\":800,\"caption\":\"Kasai Medium Long\"},{\"@type\":\"BreadcrumbList\",\"@id\":\"https:\\\/\\\/konro-grill.com\\\/product\\\/kasai-medium-long\\\/#breadcrumb\",\"itemListElement\":[{\"@type\":\"ListItem\",\"position\":1,\"name\":\"Home\",\"item\":\"https:\\\/\\\/konro-grill.com\\\/\"},{\"@type\":\"ListItem\",\"position\":2,\"name\":\"Winkel\",\"item\":\"https:\\\/\\\/konro-grill.com\\\/winkel\\\/\"},{\"@type\":\"ListItem\",\"position\":3,\"name\":\"Kasai Medium Long\"}]},{\"@type\":\"WebSite\",\"@id\":\"https:\\\/\\\/konro-grill.com\\\/#website\",\"url\":\"https:\\\/\\\/konro-grill.com\\\/\",\"name\":\"Konro Grill\",\"description\":\"Konro Grill, de Grootste Japanse BBQ Specialist\",\"publisher\":{\"@id\":\"https:\\\/\\\/konro-grill.com\\\/#organization\"},\"potentialAction\":[{\"@type\":\"SearchAction\",\"target\":{\"@type\":\"EntryPoint\",\"urlTemplate\":\"https:\\\/\\\/konro-grill.com\\\/?s={search_term_string}\"},\"query-input\":{\"@type\":\"PropertyValueSpecification\",\"valueRequired\":true,\"valueName\":\"search_term_string\"}}],\"inLanguage\":\"fr-FR\"},{\"@type\":\"Organization\",\"@id\":\"https:\\\/\\\/konro-grill.com\\\/#organization\",\"name\":\"Konro Grill\",\"url\":\"https:\\\/\\\/konro-grill.com\\\/\",\"logo\":{\"@type\":\"ImageObject\",\"inLanguage\":\"fr-FR\",\"@id\":\"https:\\\/\\\/konro-grill.com\\\/#\\\/schema\\\/logo\\\/image\\\/\",\"url\":\"https:\\\/\\\/konro-grill.com\\\/wp-content\\\/uploads\\\/2021\\\/10\\\/konro-grill-logo.png\",\"contentUrl\":\"https:\\\/\\\/konro-grill.com\\\/wp-content\\\/uploads\\\/2021\\\/10\\\/konro-grill-logo.png\",\"width\":650,\"height\":80,\"caption\":\"Konro Grill\"},\"image\":{\"@id\":\"https:\\\/\\\/konro-grill.com\\\/#\\\/schema\\\/logo\\\/image\\\/\"},\"sameAs\":[\"https:\\\/\\\/facebook.com\\\/KonroGrillCom\",\"https:\\\/\\\/www.instagram.com\\\/konrogrillcom\\\/\"]}]}<\/script>\n<!-- \/ Yoast SEO plugin. -->","yoast_head_json":{"title":"Kasai Medium Long au Konro Grill, le plus grand sp\u00e9cialiste de l'UE","description":"Kasai Long, Kasai Grill de taille moyenneCon\u00e7u et fabriqu\u00e9 en Grande-Bretagne, voici le Kasai Konro Grill de taille moyenne.","robots":{"index":"index","follow":"follow","max-snippet":"max-snippet:-1","max-image-preview":"max-image-preview:large","max-video-preview":"max-video-preview:-1"},"canonical":"https:\/\/konro-grill.com\/fr\/produit\/kasai-moyen-long\/","og_locale":"fr_FR","og_type":"article","og_title":"Kasai Medium Long bij Konro Grill, de grootste specialist van de EU","og_description":"Kasai Long, medium formaat Kasai GrillOntworpen en vervaardigd in Groot-Brittanni\u00eb, maak kennis met de Medium Long Kasai Konro Grill.","og_url":"https:\/\/konro-grill.com\/fr\/produit\/kasai-moyen-long\/","og_site_name":"Konro Grill, de grootste Japanse BBQ specialist","article_publisher":"https:\/\/facebook.com\/KonroGrillCom","article_modified_time":"2026-04-23T08:28:03+00:00","og_image":[{"width":800,"height":800,"url":"https:\/\/konro-grill.com\/wp-content\/uploads\/2024\/02\/Kasai-Medium-Long_4.jpg","type":"image\/jpeg"}],"twitter_card":"summary_large_image","twitter_misc":{"Dur\u00e9e de lecture estim\u00e9e":"1 minute"},"schema":{"@context":"https:\/\/schema.org","@graph":[{"@type":"WebPage","@id":"https:\/\/konro-grill.com\/product\/kasai-medium-long\/","url":"https:\/\/konro-grill.com\/product\/kasai-medium-long\/","name":"Kasai Medium Long au Konro Grill, le plus grand sp\u00e9cialiste de l'UE","isPartOf":{"@id":"https:\/\/konro-grill.com\/#website"},"primaryImageOfPage":{"@id":"https:\/\/konro-grill.com\/product\/kasai-medium-long\/#primaryimage"},"image":{"@id":"https:\/\/konro-grill.com\/product\/kasai-medium-long\/#primaryimage"},"thumbnailUrl":"https:\/\/konro-grill.com\/wp-content\/uploads\/2024\/02\/Kasai-Medium-Long_4.jpg","datePublished":"2024-02-07T11:04:48+00:00","dateModified":"2026-04-23T08:28:03+00:00","description":"Kasai Long, Kasai Grill de taille moyenneCon\u00e7u et fabriqu\u00e9 en Grande-Bretagne, voici le Kasai Konro Grill de taille moyenne.","breadcrumb":{"@id":"https:\/\/konro-grill.com\/product\/kasai-medium-long\/#breadcrumb"},"inLanguage":"fr-FR","potentialAction":[{"@type":"ReadAction","target":["https:\/\/konro-grill.com\/product\/kasai-medium-long\/"]}]},{"@type":"ImageObject","inLanguage":"fr-FR","@id":"https:\/\/konro-grill.com\/product\/kasai-medium-long\/#primaryimage","url":"https:\/\/konro-grill.com\/wp-content\/uploads\/2024\/02\/Kasai-Medium-Long_4.jpg","contentUrl":"https:\/\/konro-grill.com\/wp-content\/uploads\/2024\/02\/Kasai-Medium-Long_4.jpg","width":800,"height":800,"caption":"Kasai Medium Long"},{"@type":"BreadcrumbList","@id":"https:\/\/konro-grill.com\/product\/kasai-medium-long\/#breadcrumb","itemListElement":[{"@type":"ListItem","position":1,"name":"Home","item":"https:\/\/konro-grill.com\/"},{"@type":"ListItem","position":2,"name":"Winkel","item":"https:\/\/konro-grill.com\/winkel\/"},{"@type":"ListItem","position":3,"name":"Kasai Medium Long"}]},{"@type":"WebSite","@id":"https:\/\/konro-grill.com\/#website","url":"https:\/\/konro-grill.com\/","name":"Konro Grill","description":"Konro Grill, le plus grand sp\u00e9cialiste du barbecue japonais","publisher":{"@id":"https:\/\/konro-grill.com\/#organization"},"potentialAction":[{"@type":"SearchAction","target":{"@type":"EntryPoint","urlTemplate":"https:\/\/konro-grill.com\/?s={search_term_string}"},"query-input":{"@type":"PropertyValueSpecification","valueRequired":true,"valueName":"search_term_string"}}],"inLanguage":"fr-FR"},{"@type":"Organization","@id":"https:\/\/konro-grill.com\/#organization","name":"Konro Grill","url":"https:\/\/konro-grill.com\/","logo":{"@type":"ImageObject","inLanguage":"fr-FR","@id":"https:\/\/konro-grill.com\/#\/schema\/logo\/image\/","url":"https:\/\/konro-grill.com\/wp-content\/uploads\/2021\/10\/konro-grill-logo.png","contentUrl":"https:\/\/konro-grill.com\/wp-content\/uploads\/2021\/10\/konro-grill-logo.png","width":650,"height":80,"caption":"Konro Grill"},"image":{"@id":"https:\/\/konro-grill.com\/#\/schema\/logo\/image\/"},"sameAs":["https:\/\/facebook.com\/KonroGrillCom","https:\/\/www.instagram.com\/konrogrillcom\/"]}]}},"df_price":599,"df_sale_price":"","df_regular_price":599,"df_image_link":"https:\/\/konro-grill.com\/wp-content\/uploads\/2024\/02\/Kasai-Medium-Long_4-300x300.jpg","_links":{"self":[{"href":"https:\/\/konro-grill.com\/fr\/wp-json\/wp\/v2\/product\/5316","targetHints":{"allow":["GET"]}}],"collection":[{"href":"https:\/\/konro-grill.com\/fr\/wp-json\/wp\/v2\/product"}],"about":[{"href":"https:\/\/konro-grill.com\/fr\/wp-json\/wp\/v2\/types\/product"}],"wp:featuredmedia":[{"embeddable":true,"href":"https:\/\/konro-grill.com\/fr\/wp-json\/wp\/v2\/media\/5321"}],"wp:attachment":[{"href":"https:\/\/konro-grill.com\/fr\/wp-json\/wp\/v2\/media?parent=5316"}],"wp:term":[{"taxonomy":"product_brand","embeddable":true,"href":"https:\/\/konro-grill.com\/fr\/wp-json\/wp\/v2\/product_brand?post=5316"},{"taxonomy":"product_cat","embeddable":true,"href":"https:\/\/konro-grill.com\/fr\/wp-json\/wp\/v2\/product_cat?post=5316"},{"taxonomy":"product_tag","embeddable":true,"href":"https:\/\/konro-grill.com\/fr\/wp-json\/wp\/v2\/product_tag?post=5316"}],"curies":[{"name":"wp","href":"https:\/\/api.w.org\/{rel}","templated":true}]}}