{"id":5331,"date":"2024-02-07T14:36:45","date_gmt":"2024-02-07T13:36:45","guid":{"rendered":"https:\/\/konro-grill.com\/?post_type=product&#038;p=5331"},"modified":"2026-04-25T10:28:03","modified_gmt":"2026-04-25T08:28:03","slug":"kasai-long","status":"publish","type":"product","link":"https:\/\/konro-grill.com\/fr\/produit\/kasai-long\/","title":{"rendered":"Kasai Long"},"content":{"rendered":"<p>En raison de ses grandes dimensions (70 x 26 x 21 cm), ce gril est tr\u00e8s utile. <strong>convient parfaitement \u00e0 une utilisation professionnelle<\/strong>. Ce qui rend ce gril si sp\u00e9cial, ce sont les <a href=\"https:\/\/konro-grill.com\/fr\/produit\/tuiles-de-la-longue-reserve-de-kasai\/\">parois interchangeables<\/a>. Si vous utilisez ce gril \u00e0 des fins commerciales, vous pouvez tr\u00e8s facilement remplacer vous-m\u00eame les parois us\u00e9es au fil du temps. Les anciennes parois sont enti\u00e8rement compostables.<\/p>\n<p>Pour chaque gril konro, nous recommandons <a href=\"https:\/\/konro-grill.com\/fr\/charbon-de-bois-binchotan\/\">Fusain de Binchotan<\/a>Il est \u00e9galement possible d'utiliser le four \u00e0 micro-ondes, en raison de sa longue dur\u00e9e de combustion, de ses temp\u00e9ratures extr\u00eamement \u00e9lev\u00e9es et de sa capacit\u00e9 \u00e0 pr\u00e9server les ar\u00f4mes naturels de vos pr\u00e9parations.<\/p>","protected":false},"excerpt":{"rendered":"<h3>Kasai Long, le grill pour les professionnels<\/h3>\n<p>Le dernier n\u00e9 de la gamme Kasai est le\u00a0<span style=\"background-color: var(--wpex-surface-1);\">Kasai<\/span><span style=\"background-color: var(--wpex-surface-1);\">\u00a0<\/span><span style=\"background-color: var(--wpex-surface-1);\">Long konro grill, sur le <a href=\"https:\/\/konro-grill.com\/fr\/produit\/kasai-xl\/\">XL<\/a> apr\u00e8s le plus grand gril de la gamme de cette marque. Con\u00e7us et fabriqu\u00e9s en Grande-Bretagne. Les grils Kasai konro sont bas\u00e9s sur les c\u00e9l\u00e8bres <a href=\"https:\/\/konro-grill.com\/fr\/gril-japonais\/\">Barbecues japonais<\/a>\u00a0et portent la cuisson de la viande, du poisson et des l\u00e9gumes au plus haut niveau. La qualit\u00e9 d'un Kasai Grill est excellente.<\/span><\/p>","protected":false},"featured_media":5334,"template":"","meta":{"inline_featured_image":false},"product_brand":[],"product_cat":[426,435,20],"product_tag":[],"class_list":{"0":"post-5331","1":"product","2":"type-product","3":"status-publish","4":"has-post-thumbnail","6":"product_cat-kasai-grill","7":"product_cat-kasai-long","8":"product_cat-konro-grills","9":"entry","10":"has-media","12":"first","13":"instock","14":"sale","15":"taxable","16":"shipping-taxable","17":"purchasable","18":"product-type-simple"},"bundled_by":[],"bundle_stock_status":"instock","bundle_stock_quantity":6,"bundle_virtual":false,"bundle_layout":"","bundle_add_to_cart_form_location":"","bundle_editable_in_cart":false,"bundle_sold_individually_context":"","bundle_item_grouping":"","bundle_min_size":"","bundle_max_size":"","bundle_price":[],"bundled_items":[],"bundle_sell_ids":[5361,10344,5352,5339,5340,5373,5356,10340,5383,5341,5371,10334],"yoast_head":"<!-- This site is optimized with the Yoast SEO plugin v27.4 - https:\/\/yoast.com\/product\/yoast-seo-wordpress\/ -->\n<title>Kasai Long bij Konro Grill, de grootste Japanse BBQ specialist<\/title>\n<meta name=\"description\" content=\"Kasai Long is de meest gekozen Kasai en de meest recente toevoeging aan het Kasai assortiment is de Long Kasai konro grill, op de XL na de grootste grill.\" \/>\n<meta name=\"robots\" content=\"index, follow, max-snippet:-1, max-image-preview:large, max-video-preview:-1\" \/>\n<link rel=\"canonical\" href=\"https:\/\/konro-grill.com\/fr\/produit\/kasai-long\/\" \/>\n<meta property=\"og:locale\" content=\"fr_FR\" \/>\n<meta property=\"og:type\" content=\"article\" \/>\n<meta property=\"og:title\" content=\"Kasai Long bij Konro Grill, de grootste Japanse BBQ specialist\" \/>\n<meta property=\"og:description\" content=\"Kasai Long is de meest gekozen Kasai en de meest recente toevoeging aan het Kasai assortiment is de Long Kasai konro grill, op de XL na de grootste grill.\" \/>\n<meta property=\"og:url\" content=\"https:\/\/konro-grill.com\/fr\/produit\/kasai-long\/\" \/>\n<meta property=\"og:site_name\" content=\"Konro Grill, de grootste Japanse BBQ specialist\" \/>\n<meta property=\"article:publisher\" content=\"https:\/\/facebook.com\/KonroGrillCom\" \/>\n<meta property=\"article:modified_time\" content=\"2026-04-25T08:28:03+00:00\" \/>\n<meta property=\"og:image\" content=\"https:\/\/konro-grill.com\/wp-content\/uploads\/2024\/02\/Kasai-Long_2.jpg\" \/>\n\t<meta property=\"og:image:width\" content=\"800\" \/>\n\t<meta property=\"og:image:height\" content=\"800\" \/>\n\t<meta property=\"og:image:type\" content=\"image\/jpeg\" \/>\n<meta name=\"twitter:card\" content=\"summary_large_image\" \/>\n<meta name=\"twitter:label1\" content=\"Dur\u00e9e de lecture estim\u00e9e\" \/>\n\t<meta name=\"twitter:data1\" content=\"1 minute\" \/>\n<script type=\"application\/ld+json\" class=\"yoast-schema-graph\">{\"@context\":\"https:\\\/\\\/schema.org\",\"@graph\":[{\"@type\":\"WebPage\",\"@id\":\"https:\\\/\\\/konro-grill.com\\\/product\\\/kasai-long\\\/\",\"url\":\"https:\\\/\\\/konro-grill.com\\\/product\\\/kasai-long\\\/\",\"name\":\"Kasai Long bij Konro Grill, de grootste Japanse BBQ specialist\",\"isPartOf\":{\"@id\":\"https:\\\/\\\/konro-grill.com\\\/#website\"},\"primaryImageOfPage\":{\"@id\":\"https:\\\/\\\/konro-grill.com\\\/product\\\/kasai-long\\\/#primaryimage\"},\"image\":{\"@id\":\"https:\\\/\\\/konro-grill.com\\\/product\\\/kasai-long\\\/#primaryimage\"},\"thumbnailUrl\":\"https:\\\/\\\/konro-grill.com\\\/wp-content\\\/uploads\\\/2024\\\/02\\\/Kasai-Long_2.jpg\",\"datePublished\":\"2024-02-07T13:36:45+00:00\",\"dateModified\":\"2026-04-25T08:28:03+00:00\",\"description\":\"Kasai Long is de meest gekozen Kasai en de meest recente toevoeging aan het Kasai assortiment is de Long Kasai konro grill, op de XL na de grootste grill.\",\"breadcrumb\":{\"@id\":\"https:\\\/\\\/konro-grill.com\\\/product\\\/kasai-long\\\/#breadcrumb\"},\"inLanguage\":\"fr-FR\",\"potentialAction\":[{\"@type\":\"ReadAction\",\"target\":[\"https:\\\/\\\/konro-grill.com\\\/product\\\/kasai-long\\\/\"]}]},{\"@type\":\"ImageObject\",\"inLanguage\":\"fr-FR\",\"@id\":\"https:\\\/\\\/konro-grill.com\\\/product\\\/kasai-long\\\/#primaryimage\",\"url\":\"https:\\\/\\\/konro-grill.com\\\/wp-content\\\/uploads\\\/2024\\\/02\\\/Kasai-Long_2.jpg\",\"contentUrl\":\"https:\\\/\\\/konro-grill.com\\\/wp-content\\\/uploads\\\/2024\\\/02\\\/Kasai-Long_2.jpg\",\"width\":800,\"height\":800,\"caption\":\"Kasai Long\"},{\"@type\":\"BreadcrumbList\",\"@id\":\"https:\\\/\\\/konro-grill.com\\\/product\\\/kasai-long\\\/#breadcrumb\",\"itemListElement\":[{\"@type\":\"ListItem\",\"position\":1,\"name\":\"Home\",\"item\":\"https:\\\/\\\/konro-grill.com\\\/\"},{\"@type\":\"ListItem\",\"position\":2,\"name\":\"Winkel\",\"item\":\"https:\\\/\\\/konro-grill.com\\\/winkel\\\/\"},{\"@type\":\"ListItem\",\"position\":3,\"name\":\"Kasai Long\"}]},{\"@type\":\"WebSite\",\"@id\":\"https:\\\/\\\/konro-grill.com\\\/#website\",\"url\":\"https:\\\/\\\/konro-grill.com\\\/\",\"name\":\"Konro Grill\",\"description\":\"Konro Grill, de Grootste Japanse BBQ Specialist\",\"publisher\":{\"@id\":\"https:\\\/\\\/konro-grill.com\\\/#organization\"},\"potentialAction\":[{\"@type\":\"SearchAction\",\"target\":{\"@type\":\"EntryPoint\",\"urlTemplate\":\"https:\\\/\\\/konro-grill.com\\\/?s={search_term_string}\"},\"query-input\":{\"@type\":\"PropertyValueSpecification\",\"valueRequired\":true,\"valueName\":\"search_term_string\"}}],\"inLanguage\":\"fr-FR\"},{\"@type\":\"Organization\",\"@id\":\"https:\\\/\\\/konro-grill.com\\\/#organization\",\"name\":\"Konro Grill\",\"url\":\"https:\\\/\\\/konro-grill.com\\\/\",\"logo\":{\"@type\":\"ImageObject\",\"inLanguage\":\"fr-FR\",\"@id\":\"https:\\\/\\\/konro-grill.com\\\/#\\\/schema\\\/logo\\\/image\\\/\",\"url\":\"https:\\\/\\\/konro-grill.com\\\/wp-content\\\/uploads\\\/2021\\\/10\\\/konro-grill-logo.png\",\"contentUrl\":\"https:\\\/\\\/konro-grill.com\\\/wp-content\\\/uploads\\\/2021\\\/10\\\/konro-grill-logo.png\",\"width\":650,\"height\":80,\"caption\":\"Konro Grill\"},\"image\":{\"@id\":\"https:\\\/\\\/konro-grill.com\\\/#\\\/schema\\\/logo\\\/image\\\/\"},\"sameAs\":[\"https:\\\/\\\/facebook.com\\\/KonroGrillCom\",\"https:\\\/\\\/www.instagram.com\\\/konrogrillcom\\\/\"]}]}<\/script>\n<!-- \/ Yoast SEO plugin. -->","yoast_head_json":{"title":"Kasai Long chez Konro Grill, le plus grand sp\u00e9cialiste du barbecue japonais","description":"Kasai Long est le Kasai le plus choisi et le plus r\u00e9cent ajout \u00e0 la gamme Kasai est le Long Kasai konro grill, le deuxi\u00e8me plus grand grill apr\u00e8s le XL.","robots":{"index":"index","follow":"follow","max-snippet":"max-snippet:-1","max-image-preview":"max-image-preview:large","max-video-preview":"max-video-preview:-1"},"canonical":"https:\/\/konro-grill.com\/fr\/produit\/kasai-long\/","og_locale":"fr_FR","og_type":"article","og_title":"Kasai Long bij Konro Grill, de grootste Japanse BBQ specialist","og_description":"Kasai Long is de meest gekozen Kasai en de meest recente toevoeging aan het Kasai assortiment is de Long Kasai konro grill, op de XL na de grootste grill.","og_url":"https:\/\/konro-grill.com\/fr\/produit\/kasai-long\/","og_site_name":"Konro Grill, de grootste Japanse BBQ specialist","article_publisher":"https:\/\/facebook.com\/KonroGrillCom","article_modified_time":"2026-04-25T08:28:03+00:00","og_image":[{"width":800,"height":800,"url":"https:\/\/konro-grill.com\/wp-content\/uploads\/2024\/02\/Kasai-Long_2.jpg","type":"image\/jpeg"}],"twitter_card":"summary_large_image","twitter_misc":{"Dur\u00e9e de lecture estim\u00e9e":"1 minute"},"schema":{"@context":"https:\/\/schema.org","@graph":[{"@type":"WebPage","@id":"https:\/\/konro-grill.com\/product\/kasai-long\/","url":"https:\/\/konro-grill.com\/product\/kasai-long\/","name":"Kasai Long chez Konro Grill, le plus grand sp\u00e9cialiste du barbecue japonais","isPartOf":{"@id":"https:\/\/konro-grill.com\/#website"},"primaryImageOfPage":{"@id":"https:\/\/konro-grill.com\/product\/kasai-long\/#primaryimage"},"image":{"@id":"https:\/\/konro-grill.com\/product\/kasai-long\/#primaryimage"},"thumbnailUrl":"https:\/\/konro-grill.com\/wp-content\/uploads\/2024\/02\/Kasai-Long_2.jpg","datePublished":"2024-02-07T13:36:45+00:00","dateModified":"2026-04-25T08:28:03+00:00","description":"Kasai Long est le Kasai le plus choisi et le plus r\u00e9cent ajout \u00e0 la gamme Kasai est le Long Kasai konro grill, le deuxi\u00e8me plus grand grill apr\u00e8s le XL.","breadcrumb":{"@id":"https:\/\/konro-grill.com\/product\/kasai-long\/#breadcrumb"},"inLanguage":"fr-FR","potentialAction":[{"@type":"ReadAction","target":["https:\/\/konro-grill.com\/product\/kasai-long\/"]}]},{"@type":"ImageObject","inLanguage":"fr-FR","@id":"https:\/\/konro-grill.com\/product\/kasai-long\/#primaryimage","url":"https:\/\/konro-grill.com\/wp-content\/uploads\/2024\/02\/Kasai-Long_2.jpg","contentUrl":"https:\/\/konro-grill.com\/wp-content\/uploads\/2024\/02\/Kasai-Long_2.jpg","width":800,"height":800,"caption":"Kasai Long"},{"@type":"BreadcrumbList","@id":"https:\/\/konro-grill.com\/product\/kasai-long\/#breadcrumb","itemListElement":[{"@type":"ListItem","position":1,"name":"Home","item":"https:\/\/konro-grill.com\/"},{"@type":"ListItem","position":2,"name":"Winkel","item":"https:\/\/konro-grill.com\/winkel\/"},{"@type":"ListItem","position":3,"name":"Kasai Long"}]},{"@type":"WebSite","@id":"https:\/\/konro-grill.com\/#website","url":"https:\/\/konro-grill.com\/","name":"Konro Grill","description":"Konro Grill, le plus grand sp\u00e9cialiste du barbecue japonais","publisher":{"@id":"https:\/\/konro-grill.com\/#organization"},"potentialAction":[{"@type":"SearchAction","target":{"@type":"EntryPoint","urlTemplate":"https:\/\/konro-grill.com\/?s={search_term_string}"},"query-input":{"@type":"PropertyValueSpecification","valueRequired":true,"valueName":"search_term_string"}}],"inLanguage":"fr-FR"},{"@type":"Organization","@id":"https:\/\/konro-grill.com\/#organization","name":"Konro Grill","url":"https:\/\/konro-grill.com\/","logo":{"@type":"ImageObject","inLanguage":"fr-FR","@id":"https:\/\/konro-grill.com\/#\/schema\/logo\/image\/","url":"https:\/\/konro-grill.com\/wp-content\/uploads\/2021\/10\/konro-grill-logo.png","contentUrl":"https:\/\/konro-grill.com\/wp-content\/uploads\/2021\/10\/konro-grill-logo.png","width":650,"height":80,"caption":"Konro Grill"},"image":{"@id":"https:\/\/konro-grill.com\/#\/schema\/logo\/image\/"},"sameAs":["https:\/\/facebook.com\/KonroGrillCom","https:\/\/www.instagram.com\/konrogrillcom\/"]}]}},"df_price":749,"df_sale_price":749,"df_regular_price":839,"df_image_link":"https:\/\/konro-grill.com\/wp-content\/uploads\/2024\/02\/Kasai-Long_2-300x300.jpg","_links":{"self":[{"href":"https:\/\/konro-grill.com\/fr\/wp-json\/wp\/v2\/product\/5331","targetHints":{"allow":["GET"]}}],"collection":[{"href":"https:\/\/konro-grill.com\/fr\/wp-json\/wp\/v2\/product"}],"about":[{"href":"https:\/\/konro-grill.com\/fr\/wp-json\/wp\/v2\/types\/product"}],"wp:featuredmedia":[{"embeddable":true,"href":"https:\/\/konro-grill.com\/fr\/wp-json\/wp\/v2\/media\/5334"}],"wp:attachment":[{"href":"https:\/\/konro-grill.com\/fr\/wp-json\/wp\/v2\/media?parent=5331"}],"wp:term":[{"taxonomy":"product_brand","embeddable":true,"href":"https:\/\/konro-grill.com\/fr\/wp-json\/wp\/v2\/product_brand?post=5331"},{"taxonomy":"product_cat","embeddable":true,"href":"https:\/\/konro-grill.com\/fr\/wp-json\/wp\/v2\/product_cat?post=5331"},{"taxonomy":"product_tag","embeddable":true,"href":"https:\/\/konro-grill.com\/fr\/wp-json\/wp\/v2\/product_tag?post=5331"}],"curies":[{"name":"wp","href":"https:\/\/api.w.org\/{rel}","templated":true}]}}