{"id":5418,"date":"2024-02-15T10:23:05","date_gmt":"2024-02-15T09:23:05","guid":{"rendered":"https:\/\/konro-grill.com\/?post_type=product&#038;p=5418"},"modified":"2026-04-22T10:28:05","modified_gmt":"2026-04-22T08:28:05","slug":"support-de-brochettes-kasai-xl","status":"publish","type":"product","link":"https:\/\/konro-grill.com\/fr\/produit\/support-de-brochettes-kasai-xl\/","title":{"rendered":"Support \u00e0 brochettes Kasai XL"},"content":{"rendered":"","protected":false},"excerpt":{"rendered":"<h2>Support \u00e0 brochettes Kasai XL<\/h2>\n<p>Ce support \u00e0 brochettes Kasai XL est sp\u00e9cialement con\u00e7u pour le Kasai Konro Grill XL et est livr\u00e9 avec 12 brochettes dot\u00e9es de poign\u00e9es en acier inoxydable. Id\u00e9al pour griller, par exemple, de l'agneau \u00e9pic\u00e9, des souvlakis, des poissons consistants ou des l\u00e9gumes.<\/p>","protected":false},"featured_media":5508,"template":"","meta":{"inline_featured_image":false},"product_brand":[],"product_cat":[376,472,436],"product_tag":[],"class_list":{"0":"post-5418","1":"product","2":"type-product","3":"status-publish","4":"has-post-thumbnail","6":"product_cat-bbq-spiezen","7":"product_cat-kasai-accessoires","8":"product_cat-kasai-xl","9":"entry","10":"has-media","12":"first","13":"instock","14":"taxable","15":"shipping-taxable","16":"purchasable","17":"product-type-simple"},"bundled_by":[],"bundle_stock_status":"instock","bundle_stock_quantity":13,"bundle_virtual":false,"bundle_layout":"","bundle_add_to_cart_form_location":"","bundle_editable_in_cart":false,"bundle_sold_individually_context":"","bundle_item_grouping":"","bundle_min_size":"","bundle_max_size":"","bundle_price":[],"bundled_items":[],"bundle_sell_ids":[],"yoast_head":"<!-- This site is optimized with the Yoast SEO plugin v27.4 - https:\/\/yoast.com\/product\/yoast-seo-wordpress\/ -->\n<title>Kasai XL Spiesenrek | Konro Grill, de grootste Japanse BBQ specialist<\/title>\n<meta name=\"description\" content=\"Het Kasai spiesenrek XL is speciaal ontwikkeld voor de Kasai Konro Grill XL en wordt geleverd met 12 spiesen met RVS handgrepen.\" \/>\n<meta name=\"robots\" content=\"index, follow, max-snippet:-1, max-image-preview:large, max-video-preview:-1\" \/>\n<link rel=\"canonical\" href=\"https:\/\/konro-grill.com\/fr\/produit\/support-de-brochettes-kasai-xl\/\" \/>\n<meta property=\"og:locale\" content=\"fr_FR\" \/>\n<meta property=\"og:type\" content=\"article\" \/>\n<meta property=\"og:title\" content=\"Kasai XL Spiesenrek | Konro Grill, de grootste Japanse BBQ specialist\" \/>\n<meta property=\"og:description\" content=\"Het Kasai spiesenrek XL is speciaal ontwikkeld voor de Kasai Konro Grill XL en wordt geleverd met 12 spiesen met RVS handgrepen.\" \/>\n<meta property=\"og:url\" content=\"https:\/\/konro-grill.com\/fr\/produit\/support-de-brochettes-kasai-xl\/\" \/>\n<meta property=\"og:site_name\" content=\"Konro Grill, de grootste Japanse BBQ specialist\" \/>\n<meta property=\"article:publisher\" content=\"https:\/\/facebook.com\/KonroGrillCom\" \/>\n<meta property=\"article:modified_time\" content=\"2026-04-22T08:28:05+00:00\" \/>\n<meta property=\"og:image\" content=\"https:\/\/konro-grill.com\/wp-content\/uploads\/2024\/02\/Kasai-XL-Spiesrek_2.jpg\" \/>\n\t<meta property=\"og:image:width\" content=\"800\" \/>\n\t<meta property=\"og:image:height\" content=\"800\" \/>\n\t<meta property=\"og:image:type\" content=\"image\/jpeg\" \/>\n<meta name=\"twitter:card\" content=\"summary_large_image\" \/>\n<meta name=\"twitter:label1\" content=\"Dur\u00e9e de lecture estim\u00e9e\" \/>\n\t<meta name=\"twitter:data1\" content=\"1 minute\" \/>\n<script type=\"application\/ld+json\" class=\"yoast-schema-graph\">{\"@context\":\"https:\\\/\\\/schema.org\",\"@graph\":[{\"@type\":\"WebPage\",\"@id\":\"https:\\\/\\\/konro-grill.com\\\/product\\\/kasai-xl-spiesenrek\\\/\",\"url\":\"https:\\\/\\\/konro-grill.com\\\/product\\\/kasai-xl-spiesenrek\\\/\",\"name\":\"Kasai XL Spiesenrek | Konro Grill, de grootste Japanse BBQ specialist\",\"isPartOf\":{\"@id\":\"https:\\\/\\\/konro-grill.com\\\/#website\"},\"primaryImageOfPage\":{\"@id\":\"https:\\\/\\\/konro-grill.com\\\/product\\\/kasai-xl-spiesenrek\\\/#primaryimage\"},\"image\":{\"@id\":\"https:\\\/\\\/konro-grill.com\\\/product\\\/kasai-xl-spiesenrek\\\/#primaryimage\"},\"thumbnailUrl\":\"https:\\\/\\\/konro-grill.com\\\/wp-content\\\/uploads\\\/2024\\\/02\\\/Kasai-XL-Spiesrek_2.jpg\",\"datePublished\":\"2024-02-15T09:23:05+00:00\",\"dateModified\":\"2026-04-22T08:28:05+00:00\",\"description\":\"Het Kasai spiesenrek XL is speciaal ontwikkeld voor de Kasai Konro Grill XL en wordt geleverd met 12 spiesen met RVS handgrepen.\",\"breadcrumb\":{\"@id\":\"https:\\\/\\\/konro-grill.com\\\/product\\\/kasai-xl-spiesenrek\\\/#breadcrumb\"},\"inLanguage\":\"fr-FR\",\"potentialAction\":[{\"@type\":\"ReadAction\",\"target\":[\"https:\\\/\\\/konro-grill.com\\\/product\\\/kasai-xl-spiesenrek\\\/\"]}]},{\"@type\":\"ImageObject\",\"inLanguage\":\"fr-FR\",\"@id\":\"https:\\\/\\\/konro-grill.com\\\/product\\\/kasai-xl-spiesenrek\\\/#primaryimage\",\"url\":\"https:\\\/\\\/konro-grill.com\\\/wp-content\\\/uploads\\\/2024\\\/02\\\/Kasai-XL-Spiesrek_2.jpg\",\"contentUrl\":\"https:\\\/\\\/konro-grill.com\\\/wp-content\\\/uploads\\\/2024\\\/02\\\/Kasai-XL-Spiesrek_2.jpg\",\"width\":800,\"height\":800,\"caption\":\"Kasai XL Skewer rack\"},{\"@type\":\"BreadcrumbList\",\"@id\":\"https:\\\/\\\/konro-grill.com\\\/product\\\/kasai-xl-spiesenrek\\\/#breadcrumb\",\"itemListElement\":[{\"@type\":\"ListItem\",\"position\":1,\"name\":\"Home\",\"item\":\"https:\\\/\\\/konro-grill.com\\\/\"},{\"@type\":\"ListItem\",\"position\":2,\"name\":\"Winkel\",\"item\":\"https:\\\/\\\/konro-grill.com\\\/winkel\\\/\"},{\"@type\":\"ListItem\",\"position\":3,\"name\":\"Kasai XL Spiesenrek\"}]},{\"@type\":\"WebSite\",\"@id\":\"https:\\\/\\\/konro-grill.com\\\/#website\",\"url\":\"https:\\\/\\\/konro-grill.com\\\/\",\"name\":\"Konro Grill\",\"description\":\"Konro Grill, de Grootste Japanse BBQ Specialist\",\"publisher\":{\"@id\":\"https:\\\/\\\/konro-grill.com\\\/#organization\"},\"potentialAction\":[{\"@type\":\"SearchAction\",\"target\":{\"@type\":\"EntryPoint\",\"urlTemplate\":\"https:\\\/\\\/konro-grill.com\\\/?s={search_term_string}\"},\"query-input\":{\"@type\":\"PropertyValueSpecification\",\"valueRequired\":true,\"valueName\":\"search_term_string\"}}],\"inLanguage\":\"fr-FR\"},{\"@type\":\"Organization\",\"@id\":\"https:\\\/\\\/konro-grill.com\\\/#organization\",\"name\":\"Konro Grill\",\"url\":\"https:\\\/\\\/konro-grill.com\\\/\",\"logo\":{\"@type\":\"ImageObject\",\"inLanguage\":\"fr-FR\",\"@id\":\"https:\\\/\\\/konro-grill.com\\\/#\\\/schema\\\/logo\\\/image\\\/\",\"url\":\"https:\\\/\\\/konro-grill.com\\\/wp-content\\\/uploads\\\/2021\\\/10\\\/konro-grill-logo.png\",\"contentUrl\":\"https:\\\/\\\/konro-grill.com\\\/wp-content\\\/uploads\\\/2021\\\/10\\\/konro-grill-logo.png\",\"width\":650,\"height\":80,\"caption\":\"Konro Grill\"},\"image\":{\"@id\":\"https:\\\/\\\/konro-grill.com\\\/#\\\/schema\\\/logo\\\/image\\\/\"},\"sameAs\":[\"https:\\\/\\\/facebook.com\\\/KonroGrillCom\",\"https:\\\/\\\/www.instagram.com\\\/konrogrillcom\\\/\"]}]}<\/script>\n<!-- \/ Yoast SEO plugin. -->","yoast_head_json":{"title":"Support \u00e0 brochettes Kasai XL | Konro Grill, le plus grand sp\u00e9cialiste du barbecue japonais","description":"Le rack \u00e0 brochettes Kasai XL est sp\u00e9cialement con\u00e7u pour le Kasai Konro Grill XL et comprend 12 brochettes avec des poign\u00e9es en acier inoxydable.","robots":{"index":"index","follow":"follow","max-snippet":"max-snippet:-1","max-image-preview":"max-image-preview:large","max-video-preview":"max-video-preview:-1"},"canonical":"https:\/\/konro-grill.com\/fr\/produit\/support-de-brochettes-kasai-xl\/","og_locale":"fr_FR","og_type":"article","og_title":"Kasai XL Spiesenrek | Konro Grill, de grootste Japanse BBQ specialist","og_description":"Het Kasai spiesenrek XL is speciaal ontwikkeld voor de Kasai Konro Grill XL en wordt geleverd met 12 spiesen met RVS handgrepen.","og_url":"https:\/\/konro-grill.com\/fr\/produit\/support-de-brochettes-kasai-xl\/","og_site_name":"Konro Grill, de grootste Japanse BBQ specialist","article_publisher":"https:\/\/facebook.com\/KonroGrillCom","article_modified_time":"2026-04-22T08:28:05+00:00","og_image":[{"width":800,"height":800,"url":"https:\/\/konro-grill.com\/wp-content\/uploads\/2024\/02\/Kasai-XL-Spiesrek_2.jpg","type":"image\/jpeg"}],"twitter_card":"summary_large_image","twitter_misc":{"Dur\u00e9e de lecture estim\u00e9e":"1 minute"},"schema":{"@context":"https:\/\/schema.org","@graph":[{"@type":"WebPage","@id":"https:\/\/konro-grill.com\/product\/kasai-xl-spiesenrek\/","url":"https:\/\/konro-grill.com\/product\/kasai-xl-spiesenrek\/","name":"Support \u00e0 brochettes Kasai XL | Konro Grill, le plus grand sp\u00e9cialiste du barbecue japonais","isPartOf":{"@id":"https:\/\/konro-grill.com\/#website"},"primaryImageOfPage":{"@id":"https:\/\/konro-grill.com\/product\/kasai-xl-spiesenrek\/#primaryimage"},"image":{"@id":"https:\/\/konro-grill.com\/product\/kasai-xl-spiesenrek\/#primaryimage"},"thumbnailUrl":"https:\/\/konro-grill.com\/wp-content\/uploads\/2024\/02\/Kasai-XL-Spiesrek_2.jpg","datePublished":"2024-02-15T09:23:05+00:00","dateModified":"2026-04-22T08:28:05+00:00","description":"Le rack \u00e0 brochettes Kasai XL est sp\u00e9cialement con\u00e7u pour le Kasai Konro Grill XL et comprend 12 brochettes avec des poign\u00e9es en acier inoxydable.","breadcrumb":{"@id":"https:\/\/konro-grill.com\/product\/kasai-xl-spiesenrek\/#breadcrumb"},"inLanguage":"fr-FR","potentialAction":[{"@type":"ReadAction","target":["https:\/\/konro-grill.com\/product\/kasai-xl-spiesenrek\/"]}]},{"@type":"ImageObject","inLanguage":"fr-FR","@id":"https:\/\/konro-grill.com\/product\/kasai-xl-spiesenrek\/#primaryimage","url":"https:\/\/konro-grill.com\/wp-content\/uploads\/2024\/02\/Kasai-XL-Spiesrek_2.jpg","contentUrl":"https:\/\/konro-grill.com\/wp-content\/uploads\/2024\/02\/Kasai-XL-Spiesrek_2.jpg","width":800,"height":800,"caption":"Kasai XL Skewer rack"},{"@type":"BreadcrumbList","@id":"https:\/\/konro-grill.com\/product\/kasai-xl-spiesenrek\/#breadcrumb","itemListElement":[{"@type":"ListItem","position":1,"name":"Home","item":"https:\/\/konro-grill.com\/"},{"@type":"ListItem","position":2,"name":"Winkel","item":"https:\/\/konro-grill.com\/winkel\/"},{"@type":"ListItem","position":3,"name":"Kasai XL Spiesenrek"}]},{"@type":"WebSite","@id":"https:\/\/konro-grill.com\/#website","url":"https:\/\/konro-grill.com\/","name":"Konro Grill","description":"Konro Grill, le plus grand sp\u00e9cialiste du barbecue japonais","publisher":{"@id":"https:\/\/konro-grill.com\/#organization"},"potentialAction":[{"@type":"SearchAction","target":{"@type":"EntryPoint","urlTemplate":"https:\/\/konro-grill.com\/?s={search_term_string}"},"query-input":{"@type":"PropertyValueSpecification","valueRequired":true,"valueName":"search_term_string"}}],"inLanguage":"fr-FR"},{"@type":"Organization","@id":"https:\/\/konro-grill.com\/#organization","name":"Konro Grill","url":"https:\/\/konro-grill.com\/","logo":{"@type":"ImageObject","inLanguage":"fr-FR","@id":"https:\/\/konro-grill.com\/#\/schema\/logo\/image\/","url":"https:\/\/konro-grill.com\/wp-content\/uploads\/2021\/10\/konro-grill-logo.png","contentUrl":"https:\/\/konro-grill.com\/wp-content\/uploads\/2021\/10\/konro-grill-logo.png","width":650,"height":80,"caption":"Konro Grill"},"image":{"@id":"https:\/\/konro-grill.com\/#\/schema\/logo\/image\/"},"sameAs":["https:\/\/facebook.com\/KonroGrillCom","https:\/\/www.instagram.com\/konrogrillcom\/"]}]}},"df_price":189,"df_sale_price":"","df_regular_price":189,"df_image_link":"https:\/\/konro-grill.com\/wp-content\/uploads\/2024\/02\/Kasai-XL-Spiesrek_2-300x300.jpg","_links":{"self":[{"href":"https:\/\/konro-grill.com\/fr\/wp-json\/wp\/v2\/product\/5418","targetHints":{"allow":["GET"]}}],"collection":[{"href":"https:\/\/konro-grill.com\/fr\/wp-json\/wp\/v2\/product"}],"about":[{"href":"https:\/\/konro-grill.com\/fr\/wp-json\/wp\/v2\/types\/product"}],"wp:featuredmedia":[{"embeddable":true,"href":"https:\/\/konro-grill.com\/fr\/wp-json\/wp\/v2\/media\/5508"}],"wp:attachment":[{"href":"https:\/\/konro-grill.com\/fr\/wp-json\/wp\/v2\/media?parent=5418"}],"wp:term":[{"taxonomy":"product_brand","embeddable":true,"href":"https:\/\/konro-grill.com\/fr\/wp-json\/wp\/v2\/product_brand?post=5418"},{"taxonomy":"product_cat","embeddable":true,"href":"https:\/\/konro-grill.com\/fr\/wp-json\/wp\/v2\/product_cat?post=5418"},{"taxonomy":"product_tag","embeddable":true,"href":"https:\/\/konro-grill.com\/fr\/wp-json\/wp\/v2\/product_tag?post=5418"}],"curies":[{"name":"wp","href":"https:\/\/api.w.org\/{rel}","templated":true}]}}