{"id":5419,"date":"2024-02-15T10:45:50","date_gmt":"2024-02-15T09:45:50","guid":{"rendered":"https:\/\/konro-grill.com\/?post_type=product&#038;p=5419"},"modified":"2026-04-04T10:28:03","modified_gmt":"2026-04-04T08:28:03","slug":"tapis-chauffant-kasai-xl","status":"publish","type":"product","link":"https:\/\/konro-grill.com\/fr\/produit\/tapis-chauffant-kasai-xl\/","title":{"rendered":"Tapis chauffant Kasai XL"},"content":{"rendered":"","protected":false},"excerpt":{"rendered":"<h2>Prot\u00e8ge le support avec le tapis chauffant Kasai XL<\/h2>\n<p>Les charbons de ton Kasai Grill deviennent extr\u00eamement chauds, c'est pourquoi nous te recommandons de placer le tapis chauffant Kasai XL sous ton Kasai XL. De cette fa\u00e7on, tu prot\u00e8ges la surface sur laquelle repose ton gril.<\/p>\n<p>\u00c0 l'exception du gril illustr\u00e9.<\/p>","protected":false},"featured_media":5355,"template":"","meta":{"inline_featured_image":false},"product_brand":[],"product_cat":[472,436],"product_tag":[],"class_list":{"0":"post-5419","1":"product","2":"type-product","3":"status-publish","4":"has-post-thumbnail","6":"product_cat-kasai-accessoires","7":"product_cat-kasai-xl","8":"entry","9":"has-media","11":"first","12":"instock","13":"taxable","14":"shipping-taxable","15":"purchasable","16":"product-type-simple"},"bundled_by":[],"bundle_stock_status":"instock","bundle_stock_quantity":5,"bundle_virtual":false,"bundle_layout":"","bundle_add_to_cart_form_location":"","bundle_editable_in_cart":false,"bundle_sold_individually_context":"","bundle_item_grouping":"","bundle_min_size":"","bundle_max_size":"","bundle_price":[],"bundled_items":[],"bundle_sell_ids":[],"yoast_head":"<!-- This site is optimized with the Yoast SEO plugin v27.3 - https:\/\/yoast.com\/product\/yoast-seo-wordpress\/ -->\n<title>Kasai XL Warmtemat, bestel bij de Japanse BBQ specialist<\/title>\n<meta name=\"description\" content=\"De kolen in je Kasai Grill worden extreem heet, daarom bevelen we aan om de Kasai XL Warmtemat onder je Kasai XL te plaatsen. Bestel hem bij Konro Grill.\" \/>\n<meta name=\"robots\" content=\"index, follow, max-snippet:-1, max-image-preview:large, max-video-preview:-1\" \/>\n<link rel=\"canonical\" href=\"https:\/\/konro-grill.com\/fr\/produit\/tapis-chauffant-kasai-xl\/\" \/>\n<meta property=\"og:locale\" content=\"fr_FR\" \/>\n<meta property=\"og:type\" content=\"article\" \/>\n<meta property=\"og:title\" content=\"Kasai XL Warmtemat, bestel bij de Japanse BBQ specialist\" \/>\n<meta property=\"og:description\" content=\"De kolen in je Kasai Grill worden extreem heet, daarom bevelen we aan om de Kasai XL Warmtemat onder je Kasai XL te plaatsen. Bestel hem bij Konro Grill.\" \/>\n<meta property=\"og:url\" content=\"https:\/\/konro-grill.com\/fr\/produit\/tapis-chauffant-kasai-xl\/\" \/>\n<meta property=\"og:site_name\" content=\"Konro Grill, de grootste Japanse BBQ specialist\" \/>\n<meta property=\"article:publisher\" content=\"https:\/\/facebook.com\/KonroGrillCom\" \/>\n<meta property=\"article:modified_time\" content=\"2026-04-04T08:28:03+00:00\" \/>\n<meta property=\"og:image\" content=\"https:\/\/konro-grill.com\/wp-content\/uploads\/2024\/02\/Kasai-Long_2-2.jpg\" \/>\n\t<meta property=\"og:image:width\" content=\"800\" \/>\n\t<meta property=\"og:image:height\" content=\"800\" \/>\n\t<meta property=\"og:image:type\" content=\"image\/jpeg\" \/>\n<meta name=\"twitter:card\" content=\"summary_large_image\" \/>\n<meta name=\"twitter:label1\" content=\"Dur\u00e9e de lecture estim\u00e9e\" \/>\n\t<meta name=\"twitter:data1\" content=\"1 minute\" \/>\n<script type=\"application\/ld+json\" class=\"yoast-schema-graph\">{\"@context\":\"https:\\\/\\\/schema.org\",\"@graph\":[{\"@type\":\"WebPage\",\"@id\":\"https:\\\/\\\/konro-grill.com\\\/product\\\/kasai-xl-warmtemat\\\/\",\"url\":\"https:\\\/\\\/konro-grill.com\\\/product\\\/kasai-xl-warmtemat\\\/\",\"name\":\"Kasai XL Warmtemat, bestel bij de Japanse BBQ specialist\",\"isPartOf\":{\"@id\":\"https:\\\/\\\/konro-grill.com\\\/#website\"},\"primaryImageOfPage\":{\"@id\":\"https:\\\/\\\/konro-grill.com\\\/product\\\/kasai-xl-warmtemat\\\/#primaryimage\"},\"image\":{\"@id\":\"https:\\\/\\\/konro-grill.com\\\/product\\\/kasai-xl-warmtemat\\\/#primaryimage\"},\"thumbnailUrl\":\"https:\\\/\\\/konro-grill.com\\\/wp-content\\\/uploads\\\/2024\\\/02\\\/Kasai-Long_2-2.jpg\",\"datePublished\":\"2024-02-15T09:45:50+00:00\",\"dateModified\":\"2026-04-04T08:28:03+00:00\",\"description\":\"De kolen in je Kasai Grill worden extreem heet, daarom bevelen we aan om de Kasai XL Warmtemat onder je Kasai XL te plaatsen. Bestel hem bij Konro Grill.\",\"breadcrumb\":{\"@id\":\"https:\\\/\\\/konro-grill.com\\\/product\\\/kasai-xl-warmtemat\\\/#breadcrumb\"},\"inLanguage\":\"fr-FR\",\"potentialAction\":[{\"@type\":\"ReadAction\",\"target\":[\"https:\\\/\\\/konro-grill.com\\\/product\\\/kasai-xl-warmtemat\\\/\"]}]},{\"@type\":\"ImageObject\",\"inLanguage\":\"fr-FR\",\"@id\":\"https:\\\/\\\/konro-grill.com\\\/product\\\/kasai-xl-warmtemat\\\/#primaryimage\",\"url\":\"https:\\\/\\\/konro-grill.com\\\/wp-content\\\/uploads\\\/2024\\\/02\\\/Kasai-Long_2-2.jpg\",\"contentUrl\":\"https:\\\/\\\/konro-grill.com\\\/wp-content\\\/uploads\\\/2024\\\/02\\\/Kasai-Long_2-2.jpg\",\"width\":800,\"height\":800,\"caption\":\"Kasai Long Warmtemat\"},{\"@type\":\"BreadcrumbList\",\"@id\":\"https:\\\/\\\/konro-grill.com\\\/product\\\/kasai-xl-warmtemat\\\/#breadcrumb\",\"itemListElement\":[{\"@type\":\"ListItem\",\"position\":1,\"name\":\"Home\",\"item\":\"https:\\\/\\\/konro-grill.com\\\/\"},{\"@type\":\"ListItem\",\"position\":2,\"name\":\"Winkel\",\"item\":\"https:\\\/\\\/konro-grill.com\\\/winkel\\\/\"},{\"@type\":\"ListItem\",\"position\":3,\"name\":\"Kasai XL Warmtemat\"}]},{\"@type\":\"WebSite\",\"@id\":\"https:\\\/\\\/konro-grill.com\\\/#website\",\"url\":\"https:\\\/\\\/konro-grill.com\\\/\",\"name\":\"Konro Grill\",\"description\":\"Konro Grill, de Grootste Japanse BBQ Specialist\",\"publisher\":{\"@id\":\"https:\\\/\\\/konro-grill.com\\\/#organization\"},\"potentialAction\":[{\"@type\":\"SearchAction\",\"target\":{\"@type\":\"EntryPoint\",\"urlTemplate\":\"https:\\\/\\\/konro-grill.com\\\/?s={search_term_string}\"},\"query-input\":{\"@type\":\"PropertyValueSpecification\",\"valueRequired\":true,\"valueName\":\"search_term_string\"}}],\"inLanguage\":\"fr-FR\"},{\"@type\":\"Organization\",\"@id\":\"https:\\\/\\\/konro-grill.com\\\/#organization\",\"name\":\"Konro Grill\",\"url\":\"https:\\\/\\\/konro-grill.com\\\/\",\"logo\":{\"@type\":\"ImageObject\",\"inLanguage\":\"fr-FR\",\"@id\":\"https:\\\/\\\/konro-grill.com\\\/#\\\/schema\\\/logo\\\/image\\\/\",\"url\":\"https:\\\/\\\/konro-grill.com\\\/wp-content\\\/uploads\\\/2021\\\/10\\\/konro-grill-logo.png\",\"contentUrl\":\"https:\\\/\\\/konro-grill.com\\\/wp-content\\\/uploads\\\/2021\\\/10\\\/konro-grill-logo.png\",\"width\":650,\"height\":80,\"caption\":\"Konro Grill\"},\"image\":{\"@id\":\"https:\\\/\\\/konro-grill.com\\\/#\\\/schema\\\/logo\\\/image\\\/\"},\"sameAs\":[\"https:\\\/\\\/facebook.com\\\/KonroGrillCom\",\"https:\\\/\\\/www.instagram.com\\\/konrogrillcom\\\/\"]}]}<\/script>\n<!-- \/ Yoast SEO plugin. -->","yoast_head_json":{"title":"Tapis chauffant Kasai XL, \u00e0 commander aupr\u00e8s du sp\u00e9cialiste des barbecues japonais.","description":"Les charbons de ton Kasai Grill deviennent extr\u00eamement chauds, c'est pourquoi nous te recommandons de placer le tapis chauffant Kasai XL sous ton Kasai XL. Commande-le aupr\u00e8s de Konro Grill.","robots":{"index":"index","follow":"follow","max-snippet":"max-snippet:-1","max-image-preview":"max-image-preview:large","max-video-preview":"max-video-preview:-1"},"canonical":"https:\/\/konro-grill.com\/fr\/produit\/tapis-chauffant-kasai-xl\/","og_locale":"fr_FR","og_type":"article","og_title":"Kasai XL Warmtemat, bestel bij de Japanse BBQ specialist","og_description":"De kolen in je Kasai Grill worden extreem heet, daarom bevelen we aan om de Kasai XL Warmtemat onder je Kasai XL te plaatsen. Bestel hem bij Konro Grill.","og_url":"https:\/\/konro-grill.com\/fr\/produit\/tapis-chauffant-kasai-xl\/","og_site_name":"Konro Grill, de grootste Japanse BBQ specialist","article_publisher":"https:\/\/facebook.com\/KonroGrillCom","article_modified_time":"2026-04-04T08:28:03+00:00","og_image":[{"width":800,"height":800,"url":"https:\/\/konro-grill.com\/wp-content\/uploads\/2024\/02\/Kasai-Long_2-2.jpg","type":"image\/jpeg"}],"twitter_card":"summary_large_image","twitter_misc":{"Dur\u00e9e de lecture estim\u00e9e":"1 minute"},"schema":{"@context":"https:\/\/schema.org","@graph":[{"@type":"WebPage","@id":"https:\/\/konro-grill.com\/product\/kasai-xl-warmtemat\/","url":"https:\/\/konro-grill.com\/product\/kasai-xl-warmtemat\/","name":"Tapis chauffant Kasai XL, \u00e0 commander aupr\u00e8s du sp\u00e9cialiste des barbecues japonais.","isPartOf":{"@id":"https:\/\/konro-grill.com\/#website"},"primaryImageOfPage":{"@id":"https:\/\/konro-grill.com\/product\/kasai-xl-warmtemat\/#primaryimage"},"image":{"@id":"https:\/\/konro-grill.com\/product\/kasai-xl-warmtemat\/#primaryimage"},"thumbnailUrl":"https:\/\/konro-grill.com\/wp-content\/uploads\/2024\/02\/Kasai-Long_2-2.jpg","datePublished":"2024-02-15T09:45:50+00:00","dateModified":"2026-04-04T08:28:03+00:00","description":"Les charbons de ton Kasai Grill deviennent extr\u00eamement chauds, c'est pourquoi nous te recommandons de placer le tapis chauffant Kasai XL sous ton Kasai XL. Commande-le aupr\u00e8s de Konro Grill.","breadcrumb":{"@id":"https:\/\/konro-grill.com\/product\/kasai-xl-warmtemat\/#breadcrumb"},"inLanguage":"fr-FR","potentialAction":[{"@type":"ReadAction","target":["https:\/\/konro-grill.com\/product\/kasai-xl-warmtemat\/"]}]},{"@type":"ImageObject","inLanguage":"fr-FR","@id":"https:\/\/konro-grill.com\/product\/kasai-xl-warmtemat\/#primaryimage","url":"https:\/\/konro-grill.com\/wp-content\/uploads\/2024\/02\/Kasai-Long_2-2.jpg","contentUrl":"https:\/\/konro-grill.com\/wp-content\/uploads\/2024\/02\/Kasai-Long_2-2.jpg","width":800,"height":800,"caption":"Kasai Long Warmtemat"},{"@type":"BreadcrumbList","@id":"https:\/\/konro-grill.com\/product\/kasai-xl-warmtemat\/#breadcrumb","itemListElement":[{"@type":"ListItem","position":1,"name":"Home","item":"https:\/\/konro-grill.com\/"},{"@type":"ListItem","position":2,"name":"Winkel","item":"https:\/\/konro-grill.com\/winkel\/"},{"@type":"ListItem","position":3,"name":"Kasai XL Warmtemat"}]},{"@type":"WebSite","@id":"https:\/\/konro-grill.com\/#website","url":"https:\/\/konro-grill.com\/","name":"Konro Grill","description":"Konro Grill, le plus grand sp\u00e9cialiste du barbecue japonais","publisher":{"@id":"https:\/\/konro-grill.com\/#organization"},"potentialAction":[{"@type":"SearchAction","target":{"@type":"EntryPoint","urlTemplate":"https:\/\/konro-grill.com\/?s={search_term_string}"},"query-input":{"@type":"PropertyValueSpecification","valueRequired":true,"valueName":"search_term_string"}}],"inLanguage":"fr-FR"},{"@type":"Organization","@id":"https:\/\/konro-grill.com\/#organization","name":"Konro Grill","url":"https:\/\/konro-grill.com\/","logo":{"@type":"ImageObject","inLanguage":"fr-FR","@id":"https:\/\/konro-grill.com\/#\/schema\/logo\/image\/","url":"https:\/\/konro-grill.com\/wp-content\/uploads\/2021\/10\/konro-grill-logo.png","contentUrl":"https:\/\/konro-grill.com\/wp-content\/uploads\/2021\/10\/konro-grill-logo.png","width":650,"height":80,"caption":"Konro Grill"},"image":{"@id":"https:\/\/konro-grill.com\/#\/schema\/logo\/image\/"},"sameAs":["https:\/\/facebook.com\/KonroGrillCom","https:\/\/www.instagram.com\/konrogrillcom\/"]}]}},"df_price":159,"df_sale_price":"","df_regular_price":159,"df_image_link":"https:\/\/konro-grill.com\/wp-content\/uploads\/2024\/02\/Kasai-Long_2-2-300x300.jpg","_links":{"self":[{"href":"https:\/\/konro-grill.com\/fr\/wp-json\/wp\/v2\/product\/5419","targetHints":{"allow":["GET"]}}],"collection":[{"href":"https:\/\/konro-grill.com\/fr\/wp-json\/wp\/v2\/product"}],"about":[{"href":"https:\/\/konro-grill.com\/fr\/wp-json\/wp\/v2\/types\/product"}],"wp:featuredmedia":[{"embeddable":true,"href":"https:\/\/konro-grill.com\/fr\/wp-json\/wp\/v2\/media\/5355"}],"wp:attachment":[{"href":"https:\/\/konro-grill.com\/fr\/wp-json\/wp\/v2\/media?parent=5419"}],"wp:term":[{"taxonomy":"product_brand","embeddable":true,"href":"https:\/\/konro-grill.com\/fr\/wp-json\/wp\/v2\/product_brand?post=5419"},{"taxonomy":"product_cat","embeddable":true,"href":"https:\/\/konro-grill.com\/fr\/wp-json\/wp\/v2\/product_cat?post=5419"},{"taxonomy":"product_tag","embeddable":true,"href":"https:\/\/konro-grill.com\/fr\/wp-json\/wp\/v2\/product_tag?post=5419"}],"curies":[{"name":"wp","href":"https:\/\/api.w.org\/{rel}","templated":true}]}}