{"id":6675,"date":"2024-09-11T13:38:43","date_gmt":"2024-09-11T11:38:43","guid":{"rendered":"https:\/\/konro-grill.com\/?post_type=product&#038;p=6675"},"modified":"2026-04-04T17:14:03","modified_gmt":"2026-04-04T15:14:03","slug":"saveur-bbq-binchotan-litchi-blanc-5kg","status":"publish","type":"product","link":"https:\/\/konro-grill.com\/fr\/produit\/saveur-bbq-binchotan-litchi-blanc-5kg\/","title":{"rendered":"BBQ Flavour Binchotan White Lychee 5kg"},"content":{"rendered":"<p>Le charbon de bois BBQ Flavour Binchotan White Lychee a une composition presque pure avec un pourcentage de carbone atteignant 95,9%. Ces propri\u00e9t\u00e9s rendent le charbon de bois Binchotan id\u00e9al pour une soir\u00e9e grillade culinaire agr\u00e9able sur votre petit barbecue ouvert tel que le gril de table et le Shichirin. Le paquet contient <strong>5 kg<\/strong> Binchotan.<\/p>","protected":false},"excerpt":{"rendered":"<h2>BBQ Flavour Binchotan White Lychee (litchi blanc)<\/h2>\n<p>BBQ Flavour Binchotan White Lychee est un charbon de bois de style japonais avec une dur\u00e9e de combustion moyenne de 4,5 heures. Il br\u00fble \u00e0 une temp\u00e9rature constante, ne cr\u00e9pite pas et est totalement inodore et sans fum\u00e9e. Le lit de charbon de bois atteint des temp\u00e9ratures de 870 \u00e0 1000 \u00b0C et produit un feu tr\u00e8s agr\u00e9able et silencieux.<\/p>","protected":false},"featured_media":6679,"template":"","meta":{"inline_featured_image":false},"product_brand":[],"product_cat":[101],"product_tag":[],"class_list":{"0":"post-6675","1":"product","2":"type-product","3":"status-publish","4":"has-post-thumbnail","6":"product_cat-binchotan","7":"entry","8":"has-media","10":"first","11":"instock","12":"taxable","13":"shipping-taxable","14":"purchasable","15":"product-type-simple"},"bundled_by":[],"bundle_stock_status":"instock","bundle_stock_quantity":17,"bundle_virtual":false,"bundle_layout":"","bundle_add_to_cart_form_location":"","bundle_editable_in_cart":false,"bundle_sold_individually_context":"","bundle_item_grouping":"","bundle_min_size":"","bundle_max_size":"","bundle_price":[],"bundled_items":[],"bundle_sell_ids":[],"yoast_head":"<!-- This site is optimized with the Yoast SEO plugin v27.3 - https:\/\/yoast.com\/product\/yoast-seo-wordpress\/ -->\n<title>BBQ Flavour Binchotan White Lychee 5kg<\/title>\n<meta name=\"description\" content=\"BBQ Flavour Binchotan White Lychee is een Japanse stijl houtskoolsoort met een gemiddelde brandduur van 4,5 uur. Knettert niet, geur en reukloos.\" \/>\n<meta name=\"robots\" content=\"index, follow, max-snippet:-1, max-image-preview:large, max-video-preview:-1\" \/>\n<link rel=\"canonical\" href=\"https:\/\/konro-grill.com\/fr\/produit\/saveur-bbq-binchotan-litchi-blanc-5kg\/\" \/>\n<meta property=\"og:locale\" content=\"fr_FR\" \/>\n<meta property=\"og:type\" content=\"article\" \/>\n<meta property=\"og:title\" content=\"BBQ Flavour Binchotan White Lychee 5kg\" \/>\n<meta property=\"og:description\" content=\"BBQ Flavour Binchotan White Lychee is een Japanse stijl houtskoolsoort met een gemiddelde brandduur van 4,5 uur. Knettert niet, geur en reukloos.\" \/>\n<meta property=\"og:url\" content=\"https:\/\/konro-grill.com\/fr\/produit\/saveur-bbq-binchotan-litchi-blanc-5kg\/\" \/>\n<meta property=\"og:site_name\" content=\"Konro Grill, de grootste Japanse BBQ specialist\" \/>\n<meta property=\"article:publisher\" content=\"https:\/\/facebook.com\/KonroGrillCom\" \/>\n<meta property=\"article:modified_time\" content=\"2026-04-04T15:14:03+00:00\" \/>\n<meta property=\"og:image\" content=\"https:\/\/konro-grill.com\/wp-content\/uploads\/2024\/09\/BBQ-Flavour-Binchotan-White-Lychee-5kg.jpg\" \/>\n\t<meta property=\"og:image:width\" content=\"800\" \/>\n\t<meta property=\"og:image:height\" content=\"800\" \/>\n\t<meta property=\"og:image:type\" content=\"image\/jpeg\" \/>\n<meta name=\"twitter:card\" content=\"summary_large_image\" \/>\n<meta name=\"twitter:label1\" content=\"Dur\u00e9e de lecture estim\u00e9e\" \/>\n\t<meta name=\"twitter:data1\" content=\"1 minute\" \/>\n<script type=\"application\/ld+json\" class=\"yoast-schema-graph\">{\"@context\":\"https:\\\/\\\/schema.org\",\"@graph\":[{\"@type\":\"WebPage\",\"@id\":\"https:\\\/\\\/konro-grill.com\\\/product\\\/bbq-flavour-binchotan-white-lychee-5kg\\\/\",\"url\":\"https:\\\/\\\/konro-grill.com\\\/product\\\/bbq-flavour-binchotan-white-lychee-5kg\\\/\",\"name\":\"BBQ Flavour Binchotan White Lychee 5kg\",\"isPartOf\":{\"@id\":\"https:\\\/\\\/konro-grill.com\\\/#website\"},\"primaryImageOfPage\":{\"@id\":\"https:\\\/\\\/konro-grill.com\\\/product\\\/bbq-flavour-binchotan-white-lychee-5kg\\\/#primaryimage\"},\"image\":{\"@id\":\"https:\\\/\\\/konro-grill.com\\\/product\\\/bbq-flavour-binchotan-white-lychee-5kg\\\/#primaryimage\"},\"thumbnailUrl\":\"https:\\\/\\\/konro-grill.com\\\/wp-content\\\/uploads\\\/2024\\\/09\\\/BBQ-Flavour-Binchotan-White-Lychee-5kg.jpg\",\"datePublished\":\"2024-09-11T11:38:43+00:00\",\"dateModified\":\"2026-04-04T15:14:03+00:00\",\"description\":\"BBQ Flavour Binchotan White Lychee is een Japanse stijl houtskoolsoort met een gemiddelde brandduur van 4,5 uur. Knettert niet, geur en reukloos.\",\"breadcrumb\":{\"@id\":\"https:\\\/\\\/konro-grill.com\\\/product\\\/bbq-flavour-binchotan-white-lychee-5kg\\\/#breadcrumb\"},\"inLanguage\":\"fr-FR\",\"potentialAction\":[{\"@type\":\"ReadAction\",\"target\":[\"https:\\\/\\\/konro-grill.com\\\/product\\\/bbq-flavour-binchotan-white-lychee-5kg\\\/\"]}]},{\"@type\":\"ImageObject\",\"inLanguage\":\"fr-FR\",\"@id\":\"https:\\\/\\\/konro-grill.com\\\/product\\\/bbq-flavour-binchotan-white-lychee-5kg\\\/#primaryimage\",\"url\":\"https:\\\/\\\/konro-grill.com\\\/wp-content\\\/uploads\\\/2024\\\/09\\\/BBQ-Flavour-Binchotan-White-Lychee-5kg.jpg\",\"contentUrl\":\"https:\\\/\\\/konro-grill.com\\\/wp-content\\\/uploads\\\/2024\\\/09\\\/BBQ-Flavour-Binchotan-White-Lychee-5kg.jpg\",\"width\":800,\"height\":800},{\"@type\":\"BreadcrumbList\",\"@id\":\"https:\\\/\\\/konro-grill.com\\\/product\\\/bbq-flavour-binchotan-white-lychee-5kg\\\/#breadcrumb\",\"itemListElement\":[{\"@type\":\"ListItem\",\"position\":1,\"name\":\"Home\",\"item\":\"https:\\\/\\\/konro-grill.com\\\/\"},{\"@type\":\"ListItem\",\"position\":2,\"name\":\"Winkel\",\"item\":\"https:\\\/\\\/konro-grill.com\\\/winkel\\\/\"},{\"@type\":\"ListItem\",\"position\":3,\"name\":\"BBQ Flavour Binchotan White Lychee 5kg\"}]},{\"@type\":\"WebSite\",\"@id\":\"https:\\\/\\\/konro-grill.com\\\/#website\",\"url\":\"https:\\\/\\\/konro-grill.com\\\/\",\"name\":\"Konro Grill\",\"description\":\"Konro Grill, de Grootste Japanse BBQ Specialist\",\"publisher\":{\"@id\":\"https:\\\/\\\/konro-grill.com\\\/#organization\"},\"potentialAction\":[{\"@type\":\"SearchAction\",\"target\":{\"@type\":\"EntryPoint\",\"urlTemplate\":\"https:\\\/\\\/konro-grill.com\\\/?s={search_term_string}\"},\"query-input\":{\"@type\":\"PropertyValueSpecification\",\"valueRequired\":true,\"valueName\":\"search_term_string\"}}],\"inLanguage\":\"fr-FR\"},{\"@type\":\"Organization\",\"@id\":\"https:\\\/\\\/konro-grill.com\\\/#organization\",\"name\":\"Konro Grill\",\"url\":\"https:\\\/\\\/konro-grill.com\\\/\",\"logo\":{\"@type\":\"ImageObject\",\"inLanguage\":\"fr-FR\",\"@id\":\"https:\\\/\\\/konro-grill.com\\\/#\\\/schema\\\/logo\\\/image\\\/\",\"url\":\"https:\\\/\\\/konro-grill.com\\\/wp-content\\\/uploads\\\/2021\\\/10\\\/konro-grill-logo.png\",\"contentUrl\":\"https:\\\/\\\/konro-grill.com\\\/wp-content\\\/uploads\\\/2021\\\/10\\\/konro-grill-logo.png\",\"width\":650,\"height\":80,\"caption\":\"Konro Grill\"},\"image\":{\"@id\":\"https:\\\/\\\/konro-grill.com\\\/#\\\/schema\\\/logo\\\/image\\\/\"},\"sameAs\":[\"https:\\\/\\\/facebook.com\\\/KonroGrillCom\",\"https:\\\/\\\/www.instagram.com\\\/konrogrillcom\\\/\"]}]}<\/script>\n<!-- \/ Yoast SEO plugin. -->","yoast_head_json":{"title":"BBQ Flavour Binchotan White Lychee 5kg","description":"BBQ Flavour Binchotan White Lychee est un charbon de bois de style japonais avec une dur\u00e9e de combustion moyenne de 4,5 heures. Il ne cr\u00e9pite pas, n'a pas d'odeur et est inodore.","robots":{"index":"index","follow":"follow","max-snippet":"max-snippet:-1","max-image-preview":"max-image-preview:large","max-video-preview":"max-video-preview:-1"},"canonical":"https:\/\/konro-grill.com\/fr\/produit\/saveur-bbq-binchotan-litchi-blanc-5kg\/","og_locale":"fr_FR","og_type":"article","og_title":"BBQ Flavour Binchotan White Lychee 5kg","og_description":"BBQ Flavour Binchotan White Lychee is een Japanse stijl houtskoolsoort met een gemiddelde brandduur van 4,5 uur. Knettert niet, geur en reukloos.","og_url":"https:\/\/konro-grill.com\/fr\/produit\/saveur-bbq-binchotan-litchi-blanc-5kg\/","og_site_name":"Konro Grill, de grootste Japanse BBQ specialist","article_publisher":"https:\/\/facebook.com\/KonroGrillCom","article_modified_time":"2026-04-04T15:14:03+00:00","og_image":[{"width":800,"height":800,"url":"https:\/\/konro-grill.com\/wp-content\/uploads\/2024\/09\/BBQ-Flavour-Binchotan-White-Lychee-5kg.jpg","type":"image\/jpeg"}],"twitter_card":"summary_large_image","twitter_misc":{"Dur\u00e9e de lecture estim\u00e9e":"1 minute"},"schema":{"@context":"https:\/\/schema.org","@graph":[{"@type":"WebPage","@id":"https:\/\/konro-grill.com\/product\/bbq-flavour-binchotan-white-lychee-5kg\/","url":"https:\/\/konro-grill.com\/product\/bbq-flavour-binchotan-white-lychee-5kg\/","name":"BBQ Flavour Binchotan White Lychee 5kg","isPartOf":{"@id":"https:\/\/konro-grill.com\/#website"},"primaryImageOfPage":{"@id":"https:\/\/konro-grill.com\/product\/bbq-flavour-binchotan-white-lychee-5kg\/#primaryimage"},"image":{"@id":"https:\/\/konro-grill.com\/product\/bbq-flavour-binchotan-white-lychee-5kg\/#primaryimage"},"thumbnailUrl":"https:\/\/konro-grill.com\/wp-content\/uploads\/2024\/09\/BBQ-Flavour-Binchotan-White-Lychee-5kg.jpg","datePublished":"2024-09-11T11:38:43+00:00","dateModified":"2026-04-04T15:14:03+00:00","description":"BBQ Flavour Binchotan White Lychee est un charbon de bois de style japonais avec une dur\u00e9e de combustion moyenne de 4,5 heures. Il ne cr\u00e9pite pas, n'a pas d'odeur et est inodore.","breadcrumb":{"@id":"https:\/\/konro-grill.com\/product\/bbq-flavour-binchotan-white-lychee-5kg\/#breadcrumb"},"inLanguage":"fr-FR","potentialAction":[{"@type":"ReadAction","target":["https:\/\/konro-grill.com\/product\/bbq-flavour-binchotan-white-lychee-5kg\/"]}]},{"@type":"ImageObject","inLanguage":"fr-FR","@id":"https:\/\/konro-grill.com\/product\/bbq-flavour-binchotan-white-lychee-5kg\/#primaryimage","url":"https:\/\/konro-grill.com\/wp-content\/uploads\/2024\/09\/BBQ-Flavour-Binchotan-White-Lychee-5kg.jpg","contentUrl":"https:\/\/konro-grill.com\/wp-content\/uploads\/2024\/09\/BBQ-Flavour-Binchotan-White-Lychee-5kg.jpg","width":800,"height":800},{"@type":"BreadcrumbList","@id":"https:\/\/konro-grill.com\/product\/bbq-flavour-binchotan-white-lychee-5kg\/#breadcrumb","itemListElement":[{"@type":"ListItem","position":1,"name":"Home","item":"https:\/\/konro-grill.com\/"},{"@type":"ListItem","position":2,"name":"Winkel","item":"https:\/\/konro-grill.com\/winkel\/"},{"@type":"ListItem","position":3,"name":"BBQ Flavour Binchotan White Lychee 5kg"}]},{"@type":"WebSite","@id":"https:\/\/konro-grill.com\/#website","url":"https:\/\/konro-grill.com\/","name":"Konro Grill","description":"Konro Grill, le plus grand sp\u00e9cialiste du barbecue japonais","publisher":{"@id":"https:\/\/konro-grill.com\/#organization"},"potentialAction":[{"@type":"SearchAction","target":{"@type":"EntryPoint","urlTemplate":"https:\/\/konro-grill.com\/?s={search_term_string}"},"query-input":{"@type":"PropertyValueSpecification","valueRequired":true,"valueName":"search_term_string"}}],"inLanguage":"fr-FR"},{"@type":"Organization","@id":"https:\/\/konro-grill.com\/#organization","name":"Konro Grill","url":"https:\/\/konro-grill.com\/","logo":{"@type":"ImageObject","inLanguage":"fr-FR","@id":"https:\/\/konro-grill.com\/#\/schema\/logo\/image\/","url":"https:\/\/konro-grill.com\/wp-content\/uploads\/2021\/10\/konro-grill-logo.png","contentUrl":"https:\/\/konro-grill.com\/wp-content\/uploads\/2021\/10\/konro-grill-logo.png","width":650,"height":80,"caption":"Konro Grill"},"image":{"@id":"https:\/\/konro-grill.com\/#\/schema\/logo\/image\/"},"sameAs":["https:\/\/facebook.com\/KonroGrillCom","https:\/\/www.instagram.com\/konrogrillcom\/"]}]}},"df_price":59.99,"df_sale_price":"","df_regular_price":59.99,"df_image_link":"https:\/\/konro-grill.com\/wp-content\/uploads\/2024\/09\/BBQ-Flavour-Binchotan-White-Lychee-5kg-300x300.jpg","_links":{"self":[{"href":"https:\/\/konro-grill.com\/fr\/wp-json\/wp\/v2\/product\/6675","targetHints":{"allow":["GET"]}}],"collection":[{"href":"https:\/\/konro-grill.com\/fr\/wp-json\/wp\/v2\/product"}],"about":[{"href":"https:\/\/konro-grill.com\/fr\/wp-json\/wp\/v2\/types\/product"}],"wp:featuredmedia":[{"embeddable":true,"href":"https:\/\/konro-grill.com\/fr\/wp-json\/wp\/v2\/media\/6679"}],"wp:attachment":[{"href":"https:\/\/konro-grill.com\/fr\/wp-json\/wp\/v2\/media?parent=6675"}],"wp:term":[{"taxonomy":"product_brand","embeddable":true,"href":"https:\/\/konro-grill.com\/fr\/wp-json\/wp\/v2\/product_brand?post=6675"},{"taxonomy":"product_cat","embeddable":true,"href":"https:\/\/konro-grill.com\/fr\/wp-json\/wp\/v2\/product_cat?post=6675"},{"taxonomy":"product_tag","embeddable":true,"href":"https:\/\/konro-grill.com\/fr\/wp-json\/wp\/v2\/product_tag?post=6675"}],"curies":[{"name":"wp","href":"https:\/\/api.w.org\/{rel}","templated":true}]}}