{"id":6762,"date":"2024-09-12T15:30:29","date_gmt":"2024-09-12T13:30:29","guid":{"rendered":"https:\/\/konro-grill.com\/?post_type=product&#038;p=6762"},"modified":"2026-04-22T10:28:05","modified_gmt":"2026-04-22T08:28:05","slug":"yakiniku-pince-a-epiler-de-cuisine-courbee","status":"publish","type":"product","link":"https:\/\/konro-grill.com\/fr\/produit\/yakiniku-pince-a-epiler-de-cuisine-courbee\/","title":{"rendered":"Pince \u00e0 \u00e9piler de cuisine YAKINIKU courb\u00e9e"},"content":{"rendered":"","protected":false},"excerpt":{"rendered":"<h2>YAKINIKU BBQ pinchet, pince \u00e0 \u00e9piler courb\u00e9e pratique pour la cuisine<\/h2>\n<p>Avec ces pinces courbes de YAKINIKU, tu peux facilement (re)placer les petits ingr\u00e9dients sur le barbecue japonais. Dans la tradition japonaise, les pinces courbes sont utilis\u00e9es pour retirer la viande, le poisson ou les l\u00e9gumes cuits du gril et du <a href=\"https:\/\/konro-grill.com\/fr\/produit\/pince-a-epiler-yakiniku-bbq\/\">pince droite<\/a> Pour prendre des ingr\u00e9dients crus. De cette fa\u00e7on, tu n'auras pas de contamination crois\u00e9e.<\/p>\n<p>Ces pinces \u00e0 barbecue sont fabriqu\u00e9es en acier inoxydable.<\/p>","protected":false},"featured_media":6763,"template":"","meta":{"inline_featured_image":false},"product_brand":[],"product_cat":[99,381,484],"product_tag":[],"class_list":{"0":"post-6762","1":"product","2":"type-product","3":"status-publish","4":"has-post-thumbnail","6":"product_cat-konro-accessoires","7":"product_cat-konro-essentials","8":"product_cat-yakiniku-accessoires","9":"entry","10":"has-media","12":"first","13":"instock","14":"taxable","15":"shipping-taxable","16":"purchasable","17":"product-type-simple"},"bundled_by":[],"bundle_stock_status":"instock","bundle_stock_quantity":35,"bundle_virtual":false,"bundle_layout":"","bundle_add_to_cart_form_location":"","bundle_editable_in_cart":false,"bundle_sold_individually_context":"","bundle_item_grouping":"","bundle_min_size":"","bundle_max_size":"","bundle_price":[],"bundled_items":[],"bundle_sell_ids":[],"yoast_head":"<!-- This site is optimized with the Yoast SEO plugin v27.4 - https:\/\/yoast.com\/product\/yoast-seo-wordpress\/ -->\n<title>YAKINIKU Keuken pincet gebogen | Konro Grill<\/title>\n<meta name=\"description\" content=\"Met deze gebogen YAKINIKU Keuken pincet kun je makkelijk kleine ingredi\u00ebnten (ver)plaatsen op de Japanse BBQ. Gemaakt van RVS.\" \/>\n<meta name=\"robots\" content=\"index, follow, max-snippet:-1, max-image-preview:large, max-video-preview:-1\" \/>\n<link rel=\"canonical\" href=\"https:\/\/konro-grill.com\/fr\/produit\/yakiniku-pince-a-epiler-de-cuisine-courbee\/\" \/>\n<meta property=\"og:locale\" content=\"fr_FR\" \/>\n<meta property=\"og:type\" content=\"article\" \/>\n<meta property=\"og:title\" content=\"YAKINIKU Keuken pincet gebogen | Konro Grill\" \/>\n<meta property=\"og:description\" content=\"Met deze gebogen YAKINIKU Keuken pincet kun je makkelijk kleine ingredi\u00ebnten (ver)plaatsen op de Japanse BBQ. Gemaakt van RVS.\" \/>\n<meta property=\"og:url\" content=\"https:\/\/konro-grill.com\/fr\/produit\/yakiniku-pince-a-epiler-de-cuisine-courbee\/\" \/>\n<meta property=\"og:site_name\" content=\"Konro Grill, de grootste Japanse BBQ specialist\" \/>\n<meta property=\"article:publisher\" content=\"https:\/\/facebook.com\/KonroGrillCom\" \/>\n<meta property=\"article:modified_time\" content=\"2026-04-22T08:28:05+00:00\" \/>\n<meta property=\"og:image\" content=\"https:\/\/konro-grill.com\/wp-content\/uploads\/2024\/09\/YAKINIKU-keuken-pincet-gebogen-BBQdirect.jpg\" \/>\n\t<meta property=\"og:image:width\" content=\"800\" \/>\n\t<meta property=\"og:image:height\" content=\"800\" \/>\n\t<meta property=\"og:image:type\" content=\"image\/jpeg\" \/>\n<meta name=\"twitter:card\" content=\"summary_large_image\" \/>\n<meta name=\"twitter:label1\" content=\"Dur\u00e9e de lecture estim\u00e9e\" \/>\n\t<meta name=\"twitter:data1\" content=\"1 minute\" \/>\n<script type=\"application\/ld+json\" class=\"yoast-schema-graph\">{\"@context\":\"https:\\\/\\\/schema.org\",\"@graph\":[{\"@type\":\"WebPage\",\"@id\":\"https:\\\/\\\/konro-grill.com\\\/product\\\/yakiniku-keuken-pincet-gebogen\\\/\",\"url\":\"https:\\\/\\\/konro-grill.com\\\/product\\\/yakiniku-keuken-pincet-gebogen\\\/\",\"name\":\"YAKINIKU Keuken pincet gebogen | Konro Grill\",\"isPartOf\":{\"@id\":\"https:\\\/\\\/konro-grill.com\\\/#website\"},\"primaryImageOfPage\":{\"@id\":\"https:\\\/\\\/konro-grill.com\\\/product\\\/yakiniku-keuken-pincet-gebogen\\\/#primaryimage\"},\"image\":{\"@id\":\"https:\\\/\\\/konro-grill.com\\\/product\\\/yakiniku-keuken-pincet-gebogen\\\/#primaryimage\"},\"thumbnailUrl\":\"https:\\\/\\\/konro-grill.com\\\/wp-content\\\/uploads\\\/2024\\\/09\\\/YAKINIKU-keuken-pincet-gebogen-BBQdirect.jpg\",\"datePublished\":\"2024-09-12T13:30:29+00:00\",\"dateModified\":\"2026-04-22T08:28:05+00:00\",\"description\":\"Met deze gebogen YAKINIKU Keuken pincet kun je makkelijk kleine ingredi\u00ebnten (ver)plaatsen op de Japanse BBQ. Gemaakt van RVS.\",\"breadcrumb\":{\"@id\":\"https:\\\/\\\/konro-grill.com\\\/product\\\/yakiniku-keuken-pincet-gebogen\\\/#breadcrumb\"},\"inLanguage\":\"fr-FR\",\"potentialAction\":[{\"@type\":\"ReadAction\",\"target\":[\"https:\\\/\\\/konro-grill.com\\\/product\\\/yakiniku-keuken-pincet-gebogen\\\/\"]}]},{\"@type\":\"ImageObject\",\"inLanguage\":\"fr-FR\",\"@id\":\"https:\\\/\\\/konro-grill.com\\\/product\\\/yakiniku-keuken-pincet-gebogen\\\/#primaryimage\",\"url\":\"https:\\\/\\\/konro-grill.com\\\/wp-content\\\/uploads\\\/2024\\\/09\\\/YAKINIKU-keuken-pincet-gebogen-BBQdirect.jpg\",\"contentUrl\":\"https:\\\/\\\/konro-grill.com\\\/wp-content\\\/uploads\\\/2024\\\/09\\\/YAKINIKU-keuken-pincet-gebogen-BBQdirect.jpg\",\"width\":800,\"height\":800,\"caption\":\"YAKINIKU keuken pincet gebogen\"},{\"@type\":\"BreadcrumbList\",\"@id\":\"https:\\\/\\\/konro-grill.com\\\/product\\\/yakiniku-keuken-pincet-gebogen\\\/#breadcrumb\",\"itemListElement\":[{\"@type\":\"ListItem\",\"position\":1,\"name\":\"Home\",\"item\":\"https:\\\/\\\/konro-grill.com\\\/\"},{\"@type\":\"ListItem\",\"position\":2,\"name\":\"Winkel\",\"item\":\"https:\\\/\\\/konro-grill.com\\\/winkel\\\/\"},{\"@type\":\"ListItem\",\"position\":3,\"name\":\"YAKINIKU keuken pincet gebogen\"}]},{\"@type\":\"WebSite\",\"@id\":\"https:\\\/\\\/konro-grill.com\\\/#website\",\"url\":\"https:\\\/\\\/konro-grill.com\\\/\",\"name\":\"Konro Grill\",\"description\":\"Konro Grill, de Grootste Japanse BBQ Specialist\",\"publisher\":{\"@id\":\"https:\\\/\\\/konro-grill.com\\\/#organization\"},\"potentialAction\":[{\"@type\":\"SearchAction\",\"target\":{\"@type\":\"EntryPoint\",\"urlTemplate\":\"https:\\\/\\\/konro-grill.com\\\/?s={search_term_string}\"},\"query-input\":{\"@type\":\"PropertyValueSpecification\",\"valueRequired\":true,\"valueName\":\"search_term_string\"}}],\"inLanguage\":\"fr-FR\"},{\"@type\":\"Organization\",\"@id\":\"https:\\\/\\\/konro-grill.com\\\/#organization\",\"name\":\"Konro Grill\",\"url\":\"https:\\\/\\\/konro-grill.com\\\/\",\"logo\":{\"@type\":\"ImageObject\",\"inLanguage\":\"fr-FR\",\"@id\":\"https:\\\/\\\/konro-grill.com\\\/#\\\/schema\\\/logo\\\/image\\\/\",\"url\":\"https:\\\/\\\/konro-grill.com\\\/wp-content\\\/uploads\\\/2021\\\/10\\\/konro-grill-logo.png\",\"contentUrl\":\"https:\\\/\\\/konro-grill.com\\\/wp-content\\\/uploads\\\/2021\\\/10\\\/konro-grill-logo.png\",\"width\":650,\"height\":80,\"caption\":\"Konro Grill\"},\"image\":{\"@id\":\"https:\\\/\\\/konro-grill.com\\\/#\\\/schema\\\/logo\\\/image\\\/\"},\"sameAs\":[\"https:\\\/\\\/facebook.com\\\/KonroGrillCom\",\"https:\\\/\\\/www.instagram.com\\\/konrogrillcom\\\/\"]}]}<\/script>\n<!-- \/ Yoast SEO plugin. -->","yoast_head_json":{"title":"YAKINIKU Pince \u00e0 \u00e9piler de cuisine courb\u00e9e | Konro Grill","description":"Avec ces pinces courbes YAKINIKU Kitchen, tu peux facilement (re)placer les petits ingr\u00e9dients sur le barbecue japonais. Fabriqu\u00e9e en acier inoxydable.","robots":{"index":"index","follow":"follow","max-snippet":"max-snippet:-1","max-image-preview":"max-image-preview:large","max-video-preview":"max-video-preview:-1"},"canonical":"https:\/\/konro-grill.com\/fr\/produit\/yakiniku-pince-a-epiler-de-cuisine-courbee\/","og_locale":"fr_FR","og_type":"article","og_title":"YAKINIKU Keuken pincet gebogen | Konro Grill","og_description":"Met deze gebogen YAKINIKU Keuken pincet kun je makkelijk kleine ingredi\u00ebnten (ver)plaatsen op de Japanse BBQ. Gemaakt van RVS.","og_url":"https:\/\/konro-grill.com\/fr\/produit\/yakiniku-pince-a-epiler-de-cuisine-courbee\/","og_site_name":"Konro Grill, de grootste Japanse BBQ specialist","article_publisher":"https:\/\/facebook.com\/KonroGrillCom","article_modified_time":"2026-04-22T08:28:05+00:00","og_image":[{"width":800,"height":800,"url":"https:\/\/konro-grill.com\/wp-content\/uploads\/2024\/09\/YAKINIKU-keuken-pincet-gebogen-BBQdirect.jpg","type":"image\/jpeg"}],"twitter_card":"summary_large_image","twitter_misc":{"Dur\u00e9e de lecture estim\u00e9e":"1 minute"},"schema":{"@context":"https:\/\/schema.org","@graph":[{"@type":"WebPage","@id":"https:\/\/konro-grill.com\/product\/yakiniku-keuken-pincet-gebogen\/","url":"https:\/\/konro-grill.com\/product\/yakiniku-keuken-pincet-gebogen\/","name":"YAKINIKU Pince \u00e0 \u00e9piler de cuisine courb\u00e9e | Konro Grill","isPartOf":{"@id":"https:\/\/konro-grill.com\/#website"},"primaryImageOfPage":{"@id":"https:\/\/konro-grill.com\/product\/yakiniku-keuken-pincet-gebogen\/#primaryimage"},"image":{"@id":"https:\/\/konro-grill.com\/product\/yakiniku-keuken-pincet-gebogen\/#primaryimage"},"thumbnailUrl":"https:\/\/konro-grill.com\/wp-content\/uploads\/2024\/09\/YAKINIKU-keuken-pincet-gebogen-BBQdirect.jpg","datePublished":"2024-09-12T13:30:29+00:00","dateModified":"2026-04-22T08:28:05+00:00","description":"Avec ces pinces courbes YAKINIKU Kitchen, tu peux facilement (re)placer les petits ingr\u00e9dients sur le barbecue japonais. Fabriqu\u00e9e en acier inoxydable.","breadcrumb":{"@id":"https:\/\/konro-grill.com\/product\/yakiniku-keuken-pincet-gebogen\/#breadcrumb"},"inLanguage":"fr-FR","potentialAction":[{"@type":"ReadAction","target":["https:\/\/konro-grill.com\/product\/yakiniku-keuken-pincet-gebogen\/"]}]},{"@type":"ImageObject","inLanguage":"fr-FR","@id":"https:\/\/konro-grill.com\/product\/yakiniku-keuken-pincet-gebogen\/#primaryimage","url":"https:\/\/konro-grill.com\/wp-content\/uploads\/2024\/09\/YAKINIKU-keuken-pincet-gebogen-BBQdirect.jpg","contentUrl":"https:\/\/konro-grill.com\/wp-content\/uploads\/2024\/09\/YAKINIKU-keuken-pincet-gebogen-BBQdirect.jpg","width":800,"height":800,"caption":"YAKINIKU keuken pincet gebogen"},{"@type":"BreadcrumbList","@id":"https:\/\/konro-grill.com\/product\/yakiniku-keuken-pincet-gebogen\/#breadcrumb","itemListElement":[{"@type":"ListItem","position":1,"name":"Home","item":"https:\/\/konro-grill.com\/"},{"@type":"ListItem","position":2,"name":"Winkel","item":"https:\/\/konro-grill.com\/winkel\/"},{"@type":"ListItem","position":3,"name":"YAKINIKU keuken pincet gebogen"}]},{"@type":"WebSite","@id":"https:\/\/konro-grill.com\/#website","url":"https:\/\/konro-grill.com\/","name":"Konro Grill","description":"Konro Grill, le plus grand sp\u00e9cialiste du barbecue japonais","publisher":{"@id":"https:\/\/konro-grill.com\/#organization"},"potentialAction":[{"@type":"SearchAction","target":{"@type":"EntryPoint","urlTemplate":"https:\/\/konro-grill.com\/?s={search_term_string}"},"query-input":{"@type":"PropertyValueSpecification","valueRequired":true,"valueName":"search_term_string"}}],"inLanguage":"fr-FR"},{"@type":"Organization","@id":"https:\/\/konro-grill.com\/#organization","name":"Konro Grill","url":"https:\/\/konro-grill.com\/","logo":{"@type":"ImageObject","inLanguage":"fr-FR","@id":"https:\/\/konro-grill.com\/#\/schema\/logo\/image\/","url":"https:\/\/konro-grill.com\/wp-content\/uploads\/2021\/10\/konro-grill-logo.png","contentUrl":"https:\/\/konro-grill.com\/wp-content\/uploads\/2021\/10\/konro-grill-logo.png","width":650,"height":80,"caption":"Konro Grill"},"image":{"@id":"https:\/\/konro-grill.com\/#\/schema\/logo\/image\/"},"sameAs":["https:\/\/facebook.com\/KonroGrillCom","https:\/\/www.instagram.com\/konrogrillcom\/"]}]}},"df_price":13.99,"df_sale_price":"","df_regular_price":13.99,"df_image_link":"https:\/\/konro-grill.com\/wp-content\/uploads\/2024\/09\/YAKINIKU-keuken-pincet-gebogen-BBQdirect-300x300.jpg","_links":{"self":[{"href":"https:\/\/konro-grill.com\/fr\/wp-json\/wp\/v2\/product\/6762","targetHints":{"allow":["GET"]}}],"collection":[{"href":"https:\/\/konro-grill.com\/fr\/wp-json\/wp\/v2\/product"}],"about":[{"href":"https:\/\/konro-grill.com\/fr\/wp-json\/wp\/v2\/types\/product"}],"wp:featuredmedia":[{"embeddable":true,"href":"https:\/\/konro-grill.com\/fr\/wp-json\/wp\/v2\/media\/6763"}],"wp:attachment":[{"href":"https:\/\/konro-grill.com\/fr\/wp-json\/wp\/v2\/media?parent=6762"}],"wp:term":[{"taxonomy":"product_brand","embeddable":true,"href":"https:\/\/konro-grill.com\/fr\/wp-json\/wp\/v2\/product_brand?post=6762"},{"taxonomy":"product_cat","embeddable":true,"href":"https:\/\/konro-grill.com\/fr\/wp-json\/wp\/v2\/product_cat?post=6762"},{"taxonomy":"product_tag","embeddable":true,"href":"https:\/\/konro-grill.com\/fr\/wp-json\/wp\/v2\/product_tag?post=6762"}],"curies":[{"name":"wp","href":"https:\/\/api.w.org\/{rel}","templated":true}]}}