{"id":7067,"date":"2024-10-11T14:02:51","date_gmt":"2024-10-11T12:02:51","guid":{"rendered":"https:\/\/konro-grill.com\/?post_type=product&#038;p=7067"},"modified":"2026-04-25T10:28:04","modified_gmt":"2026-04-25T08:28:04","slug":"konro-grill-kishu-hanmaru-japanese-binchotan-charcoal-15kg","status":"publish","type":"product","link":"https:\/\/konro-grill.com\/fr\/produit\/konro-grill-kishu-hanmaru-japanese-binchotan-charcoal-15kg\/","title":{"rendered":"Konro Grill Kishu Hanmaru Japanese Binchotan Charcoal 15kg"},"content":{"rendered":"<h2>Choisis le vrai : Konro Grill Kishu Hanmaru <span style=\"text-decoration: underline;\">Japonais<\/span> Charbon de bois Binchotan<\/h2>\n<p>Veux-tu opter pour l'original ? V\u00e9ritablement fait \u00e0 la main et <span style=\"text-decoration: underline;\">tr\u00e8s exclusif<\/span> Le binchotan japonais ?<\/p>\n<p>Ce qui rend Kishu Hanmaru tr\u00e8s sp\u00e9cial, c'est la fa\u00e7on dont il est produit. Le charbon de bois est fabriqu\u00e9 \u00e0 partir du <strong>Ch\u00eane Ubame<\/strong> et est br\u00fbl\u00e9 tr\u00e8s soigneusement dans un four traditionnel. Ce processus garantit une duret\u00e9 sans pr\u00e9c\u00e9dent et une combustion propre, uniforme et longue. L'un des plus grands avantages du v\u00e9ritable Binchotan japonais est qu'il est tr\u00e8s r\u00e9sistant. <strong>temp\u00e9rature extr\u00eamement \u00e9lev\u00e9e<\/strong> qu'elle peut atteindre, ce qui la rend id\u00e9ale pour les grillades et les r\u00f4tis. De plus, elle ne br\u00fble pas <strong>5 \u00e0 8 heures<\/strong>Ce qui signifie que tu n'as pas besoin d'ajouter constamment du charbon de bois.<\/p>\n<p>Il convient \u00e9galement de noter que ces <strong>charbon de bois petite fum\u00e9e<\/strong> produit, pour que tes voisins ne se plaignent pas. Avec <strong>Konro Grill Kishu Hanmaru Japanese Binchotan Charcoal (charbon de bois)<\/strong> tu apportes chez toi un morceau de la tradition culinaire japonaise, parfait pour pr\u00e9parer d'authentiques plats au barbecue dans ton propre jardin. Un v\u00e9ritable must-have pour tout amateur de grillades japonaises !<\/p>","protected":false},"excerpt":{"rendered":"<h2>V\u00e9ritable charbon de Binchotan japonais : Kishu Hanmaru Binchotan.<\/h2>\n<p><strong>Note : disponibilit\u00e9 limit\u00e9e !<\/strong> Tr\u00e8s exclusif, original <strong>Kishu Hanmaru japonais Binchotan japonais<\/strong> charbon de bois, un choix de premi\u00e8re qualit\u00e9 pour les professionnels ou les amateurs de barbecue japonais s\u00e9rieux. Ce charbon de bois est <strong>fait \u00e0 la main en ch\u00eane Ubame<\/strong>, Le nom de l'entreprise est tir\u00e9 de l'article de la loi sur la protection de l'environnement. <strong>R\u00e9gion de Kishu au Japon<\/strong> et est connu pour ses propri\u00e9t\u00e9s uniques et sa qualit\u00e9 exceptionnelle. Avec un emballage de <strong>15 kg<\/strong> ce charbon de bois offre suffisamment de combustible pour de nombreuses s\u00e9ances de grillades.<\/p>\n<p>&nbsp;<\/p>","protected":false},"featured_media":7585,"template":"","meta":{"inline_featured_image":false},"product_brand":[],"product_cat":[101],"product_tag":[],"class_list":{"0":"post-7067","1":"product","2":"type-product","3":"status-publish","4":"has-post-thumbnail","6":"product_cat-binchotan","7":"entry","8":"has-media","10":"first","11":"instock","12":"taxable","13":"shipping-taxable","14":"purchasable","15":"product-type-simple"},"bundled_by":[],"bundle_stock_status":"instock","bundle_stock_quantity":2,"bundle_virtual":false,"bundle_layout":"","bundle_add_to_cart_form_location":"","bundle_editable_in_cart":false,"bundle_sold_individually_context":"","bundle_item_grouping":"","bundle_min_size":"","bundle_max_size":"","bundle_price":[],"bundled_items":[],"bundle_sell_ids":[3203,894],"yoast_head":"<!-- This site is optimized with the Yoast SEO plugin v27.4 - https:\/\/yoast.com\/product\/yoast-seo-wordpress\/ -->\n<title>Konro Grill Kishu Hanmaru Japanse Binchotan Houtskool 15kg<\/title>\n<meta name=\"description\" content=\"Echte Japanse Binchotan houtskool: Konro Grill Kishu Hanmaru Japanse Binchotan Houtskool 15kg houtskool. Ga jij voor The Real Deal?\" \/>\n<meta name=\"robots\" content=\"index, follow, max-snippet:-1, max-image-preview:large, max-video-preview:-1\" \/>\n<link rel=\"canonical\" href=\"https:\/\/konro-grill.com\/fr\/produit\/konro-grill-kishu-hanmaru-japanese-binchotan-charcoal-15kg\/\" \/>\n<meta property=\"og:locale\" content=\"fr_FR\" \/>\n<meta property=\"og:type\" content=\"article\" \/>\n<meta property=\"og:title\" content=\"Konro Grill Kishu Hanmaru Japanse Binchotan Houtskool 15kg\" \/>\n<meta property=\"og:description\" content=\"Echte Japanse Binchotan houtskool: Konro Grill Kishu Hanmaru Japanse Binchotan Houtskool 15kg houtskool. Ga jij voor The Real Deal?\" \/>\n<meta property=\"og:url\" content=\"https:\/\/konro-grill.com\/fr\/produit\/konro-grill-kishu-hanmaru-japanese-binchotan-charcoal-15kg\/\" \/>\n<meta property=\"og:site_name\" content=\"Konro Grill, de grootste Japanse BBQ specialist\" \/>\n<meta property=\"article:publisher\" content=\"https:\/\/facebook.com\/KonroGrillCom\" \/>\n<meta property=\"article:modified_time\" content=\"2026-04-25T08:28:04+00:00\" \/>\n<meta property=\"og:image\" content=\"https:\/\/konro-grill.com\/wp-content\/uploads\/2024\/10\/Konro-Grill-Kishu-Hanmaru-Japanse-Binchotan-Houtskool-15kg-4-2.jpg\" \/>\n\t<meta property=\"og:image:width\" content=\"800\" \/>\n\t<meta property=\"og:image:height\" content=\"800\" \/>\n\t<meta property=\"og:image:type\" content=\"image\/jpeg\" \/>\n<meta name=\"twitter:card\" content=\"summary_large_image\" \/>\n<meta name=\"twitter:label1\" content=\"Dur\u00e9e de lecture estim\u00e9e\" \/>\n\t<meta name=\"twitter:data1\" content=\"2 minutes\" \/>\n<script type=\"application\/ld+json\" class=\"yoast-schema-graph\">{\"@context\":\"https:\\\/\\\/schema.org\",\"@graph\":[{\"@type\":\"WebPage\",\"@id\":\"https:\\\/\\\/konro-grill.com\\\/product\\\/konro-grill-kishu-hanmaru-japanse-binchotan-houtskool-15kg\\\/\",\"url\":\"https:\\\/\\\/konro-grill.com\\\/product\\\/konro-grill-kishu-hanmaru-japanse-binchotan-houtskool-15kg\\\/\",\"name\":\"Konro Grill Kishu Hanmaru Japanse Binchotan Houtskool 15kg\",\"isPartOf\":{\"@id\":\"https:\\\/\\\/konro-grill.com\\\/#website\"},\"primaryImageOfPage\":{\"@id\":\"https:\\\/\\\/konro-grill.com\\\/product\\\/konro-grill-kishu-hanmaru-japanse-binchotan-houtskool-15kg\\\/#primaryimage\"},\"image\":{\"@id\":\"https:\\\/\\\/konro-grill.com\\\/product\\\/konro-grill-kishu-hanmaru-japanse-binchotan-houtskool-15kg\\\/#primaryimage\"},\"thumbnailUrl\":\"https:\\\/\\\/konro-grill.com\\\/wp-content\\\/uploads\\\/2024\\\/10\\\/Konro-Grill-Kishu-Hanmaru-Japanse-Binchotan-Houtskool-15kg-4-2.jpg\",\"datePublished\":\"2024-10-11T12:02:51+00:00\",\"dateModified\":\"2026-04-25T08:28:04+00:00\",\"description\":\"Echte Japanse Binchotan houtskool: Konro Grill Kishu Hanmaru Japanse Binchotan Houtskool 15kg houtskool. Ga jij voor The Real Deal?\",\"breadcrumb\":{\"@id\":\"https:\\\/\\\/konro-grill.com\\\/product\\\/konro-grill-kishu-hanmaru-japanse-binchotan-houtskool-15kg\\\/#breadcrumb\"},\"inLanguage\":\"fr-FR\",\"potentialAction\":[{\"@type\":\"ReadAction\",\"target\":[\"https:\\\/\\\/konro-grill.com\\\/product\\\/konro-grill-kishu-hanmaru-japanse-binchotan-houtskool-15kg\\\/\"]}]},{\"@type\":\"ImageObject\",\"inLanguage\":\"fr-FR\",\"@id\":\"https:\\\/\\\/konro-grill.com\\\/product\\\/konro-grill-kishu-hanmaru-japanse-binchotan-houtskool-15kg\\\/#primaryimage\",\"url\":\"https:\\\/\\\/konro-grill.com\\\/wp-content\\\/uploads\\\/2024\\\/10\\\/Konro-Grill-Kishu-Hanmaru-Japanse-Binchotan-Houtskool-15kg-4-2.jpg\",\"contentUrl\":\"https:\\\/\\\/konro-grill.com\\\/wp-content\\\/uploads\\\/2024\\\/10\\\/Konro-Grill-Kishu-Hanmaru-Japanse-Binchotan-Houtskool-15kg-4-2.jpg\",\"width\":800,\"height\":800},{\"@type\":\"BreadcrumbList\",\"@id\":\"https:\\\/\\\/konro-grill.com\\\/product\\\/konro-grill-kishu-hanmaru-japanse-binchotan-houtskool-15kg\\\/#breadcrumb\",\"itemListElement\":[{\"@type\":\"ListItem\",\"position\":1,\"name\":\"Home\",\"item\":\"https:\\\/\\\/konro-grill.com\\\/\"},{\"@type\":\"ListItem\",\"position\":2,\"name\":\"Winkel\",\"item\":\"https:\\\/\\\/konro-grill.com\\\/winkel\\\/\"},{\"@type\":\"ListItem\",\"position\":3,\"name\":\"Konro Grill Kishu Hanmaru Japanse Binchotan Houtskool 15kg\"}]},{\"@type\":\"WebSite\",\"@id\":\"https:\\\/\\\/konro-grill.com\\\/#website\",\"url\":\"https:\\\/\\\/konro-grill.com\\\/\",\"name\":\"Konro Grill\",\"description\":\"Konro Grill, de Grootste Japanse BBQ Specialist\",\"publisher\":{\"@id\":\"https:\\\/\\\/konro-grill.com\\\/#organization\"},\"potentialAction\":[{\"@type\":\"SearchAction\",\"target\":{\"@type\":\"EntryPoint\",\"urlTemplate\":\"https:\\\/\\\/konro-grill.com\\\/?s={search_term_string}\"},\"query-input\":{\"@type\":\"PropertyValueSpecification\",\"valueRequired\":true,\"valueName\":\"search_term_string\"}}],\"inLanguage\":\"fr-FR\"},{\"@type\":\"Organization\",\"@id\":\"https:\\\/\\\/konro-grill.com\\\/#organization\",\"name\":\"Konro Grill\",\"url\":\"https:\\\/\\\/konro-grill.com\\\/\",\"logo\":{\"@type\":\"ImageObject\",\"inLanguage\":\"fr-FR\",\"@id\":\"https:\\\/\\\/konro-grill.com\\\/#\\\/schema\\\/logo\\\/image\\\/\",\"url\":\"https:\\\/\\\/konro-grill.com\\\/wp-content\\\/uploads\\\/2021\\\/10\\\/konro-grill-logo.png\",\"contentUrl\":\"https:\\\/\\\/konro-grill.com\\\/wp-content\\\/uploads\\\/2021\\\/10\\\/konro-grill-logo.png\",\"width\":650,\"height\":80,\"caption\":\"Konro Grill\"},\"image\":{\"@id\":\"https:\\\/\\\/konro-grill.com\\\/#\\\/schema\\\/logo\\\/image\\\/\"},\"sameAs\":[\"https:\\\/\\\/facebook.com\\\/KonroGrillCom\",\"https:\\\/\\\/www.instagram.com\\\/konrogrillcom\\\/\"]}]}<\/script>\n<!-- \/ Yoast SEO plugin. -->","yoast_head_json":{"title":"Konro Grill Kishu Hanmaru Japanese Binchotan Charcoal 15kg","description":"Le vrai charbon japonais Binchotan : Konro Grill Kishu Hanmaru Japanese Binchotan Charcoal 15kg charcoal. Allez-vous opter pour le vrai charbon de bois ?","robots":{"index":"index","follow":"follow","max-snippet":"max-snippet:-1","max-image-preview":"max-image-preview:large","max-video-preview":"max-video-preview:-1"},"canonical":"https:\/\/konro-grill.com\/fr\/produit\/konro-grill-kishu-hanmaru-japanese-binchotan-charcoal-15kg\/","og_locale":"fr_FR","og_type":"article","og_title":"Konro Grill Kishu Hanmaru Japanse Binchotan Houtskool 15kg","og_description":"Echte Japanse Binchotan houtskool: Konro Grill Kishu Hanmaru Japanse Binchotan Houtskool 15kg houtskool. Ga jij voor The Real Deal?","og_url":"https:\/\/konro-grill.com\/fr\/produit\/konro-grill-kishu-hanmaru-japanese-binchotan-charcoal-15kg\/","og_site_name":"Konro Grill, de grootste Japanse BBQ specialist","article_publisher":"https:\/\/facebook.com\/KonroGrillCom","article_modified_time":"2026-04-25T08:28:04+00:00","og_image":[{"width":800,"height":800,"url":"https:\/\/konro-grill.com\/wp-content\/uploads\/2024\/10\/Konro-Grill-Kishu-Hanmaru-Japanse-Binchotan-Houtskool-15kg-4-2.jpg","type":"image\/jpeg"}],"twitter_card":"summary_large_image","twitter_misc":{"Dur\u00e9e de lecture estim\u00e9e":"2 minutes"},"schema":{"@context":"https:\/\/schema.org","@graph":[{"@type":"WebPage","@id":"https:\/\/konro-grill.com\/product\/konro-grill-kishu-hanmaru-japanse-binchotan-houtskool-15kg\/","url":"https:\/\/konro-grill.com\/product\/konro-grill-kishu-hanmaru-japanse-binchotan-houtskool-15kg\/","name":"Konro Grill Kishu Hanmaru Japanese Binchotan Charcoal 15kg","isPartOf":{"@id":"https:\/\/konro-grill.com\/#website"},"primaryImageOfPage":{"@id":"https:\/\/konro-grill.com\/product\/konro-grill-kishu-hanmaru-japanse-binchotan-houtskool-15kg\/#primaryimage"},"image":{"@id":"https:\/\/konro-grill.com\/product\/konro-grill-kishu-hanmaru-japanse-binchotan-houtskool-15kg\/#primaryimage"},"thumbnailUrl":"https:\/\/konro-grill.com\/wp-content\/uploads\/2024\/10\/Konro-Grill-Kishu-Hanmaru-Japanse-Binchotan-Houtskool-15kg-4-2.jpg","datePublished":"2024-10-11T12:02:51+00:00","dateModified":"2026-04-25T08:28:04+00:00","description":"Le vrai charbon japonais Binchotan : Konro Grill Kishu Hanmaru Japanese Binchotan Charcoal 15kg charcoal. Allez-vous opter pour le vrai charbon de bois ?","breadcrumb":{"@id":"https:\/\/konro-grill.com\/product\/konro-grill-kishu-hanmaru-japanse-binchotan-houtskool-15kg\/#breadcrumb"},"inLanguage":"fr-FR","potentialAction":[{"@type":"ReadAction","target":["https:\/\/konro-grill.com\/product\/konro-grill-kishu-hanmaru-japanse-binchotan-houtskool-15kg\/"]}]},{"@type":"ImageObject","inLanguage":"fr-FR","@id":"https:\/\/konro-grill.com\/product\/konro-grill-kishu-hanmaru-japanse-binchotan-houtskool-15kg\/#primaryimage","url":"https:\/\/konro-grill.com\/wp-content\/uploads\/2024\/10\/Konro-Grill-Kishu-Hanmaru-Japanse-Binchotan-Houtskool-15kg-4-2.jpg","contentUrl":"https:\/\/konro-grill.com\/wp-content\/uploads\/2024\/10\/Konro-Grill-Kishu-Hanmaru-Japanse-Binchotan-Houtskool-15kg-4-2.jpg","width":800,"height":800},{"@type":"BreadcrumbList","@id":"https:\/\/konro-grill.com\/product\/konro-grill-kishu-hanmaru-japanse-binchotan-houtskool-15kg\/#breadcrumb","itemListElement":[{"@type":"ListItem","position":1,"name":"Home","item":"https:\/\/konro-grill.com\/"},{"@type":"ListItem","position":2,"name":"Winkel","item":"https:\/\/konro-grill.com\/winkel\/"},{"@type":"ListItem","position":3,"name":"Konro Grill Kishu Hanmaru Japanse Binchotan Houtskool 15kg"}]},{"@type":"WebSite","@id":"https:\/\/konro-grill.com\/#website","url":"https:\/\/konro-grill.com\/","name":"Konro Grill","description":"Konro Grill, le plus grand sp\u00e9cialiste du barbecue japonais","publisher":{"@id":"https:\/\/konro-grill.com\/#organization"},"potentialAction":[{"@type":"SearchAction","target":{"@type":"EntryPoint","urlTemplate":"https:\/\/konro-grill.com\/?s={search_term_string}"},"query-input":{"@type":"PropertyValueSpecification","valueRequired":true,"valueName":"search_term_string"}}],"inLanguage":"fr-FR"},{"@type":"Organization","@id":"https:\/\/konro-grill.com\/#organization","name":"Konro Grill","url":"https:\/\/konro-grill.com\/","logo":{"@type":"ImageObject","inLanguage":"fr-FR","@id":"https:\/\/konro-grill.com\/#\/schema\/logo\/image\/","url":"https:\/\/konro-grill.com\/wp-content\/uploads\/2021\/10\/konro-grill-logo.png","contentUrl":"https:\/\/konro-grill.com\/wp-content\/uploads\/2021\/10\/konro-grill-logo.png","width":650,"height":80,"caption":"Konro Grill"},"image":{"@id":"https:\/\/konro-grill.com\/#\/schema\/logo\/image\/"},"sameAs":["https:\/\/facebook.com\/KonroGrillCom","https:\/\/www.instagram.com\/konrogrillcom\/"]}]}},"df_price":899,"df_sale_price":"","df_regular_price":899,"df_image_link":"https:\/\/konro-grill.com\/wp-content\/uploads\/2024\/10\/Konro-Grill-Kishu-Hanmaru-Japanse-Binchotan-Houtskool-15kg-4-2-300x300.jpg","_links":{"self":[{"href":"https:\/\/konro-grill.com\/fr\/wp-json\/wp\/v2\/product\/7067","targetHints":{"allow":["GET"]}}],"collection":[{"href":"https:\/\/konro-grill.com\/fr\/wp-json\/wp\/v2\/product"}],"about":[{"href":"https:\/\/konro-grill.com\/fr\/wp-json\/wp\/v2\/types\/product"}],"wp:featuredmedia":[{"embeddable":true,"href":"https:\/\/konro-grill.com\/fr\/wp-json\/wp\/v2\/media\/7585"}],"wp:attachment":[{"href":"https:\/\/konro-grill.com\/fr\/wp-json\/wp\/v2\/media?parent=7067"}],"wp:term":[{"taxonomy":"product_brand","embeddable":true,"href":"https:\/\/konro-grill.com\/fr\/wp-json\/wp\/v2\/product_brand?post=7067"},{"taxonomy":"product_cat","embeddable":true,"href":"https:\/\/konro-grill.com\/fr\/wp-json\/wp\/v2\/product_cat?post=7067"},{"taxonomy":"product_tag","embeddable":true,"href":"https:\/\/konro-grill.com\/fr\/wp-json\/wp\/v2\/product_tag?post=7067"}],"curies":[{"name":"wp","href":"https:\/\/api.w.org\/{rel}","templated":true}]}}