{"id":8433,"date":"2025-04-22T09:52:05","date_gmt":"2025-04-22T07:52:05","guid":{"rendered":"https:\/\/konro-grill.com\/?post_type=product&#038;p=8433"},"modified":"2026-04-22T10:28:06","modified_gmt":"2026-04-22T08:28:06","slug":"yakiniku-shichirin-round-mini","status":"publish","type":"product","link":"https:\/\/konro-grill.com\/fr\/produit\/yakiniku-shichirin-round-mini\/","title":{"rendered":"YAKINIKU Shichirin Round Mini"},"content":{"rendered":"<div class=\"wpb-content-wrapper\"><div class=\"vc_row wpb_row vc_row-fluid wpex-relative\"><div class=\"wpb_column vc_column_container vc_col-sm-12\"><div class=\"vc_column-inner\"><div class=\"wpb_wrapper\">\n\t<div class=\"wpb_text_column wpb_content_element\" >\n\t\t<div class=\"wpb_wrapper\">\n\t\t\t<h3>YAKINIKU Shichirin Round MINI, la cuisine en plein air avec une touche japonaise.<\/h3>\n<p class=\"\" data-start=\"1022\" data-end=\"1266\">Avec le YAKINIKU Shichirin Round MINI, tu peux cr\u00e9er sans effort un programme de soir\u00e9e : une soir\u00e9e d'\u00e9t\u00e9 confortable ou simplement un barbecue hivernal chaleureux. La version ronde est livr\u00e9e en standard avec un <strong>grille en acier inoxydable<\/strong> sur lequel tu pr\u00e9pares les plats les plus savoureux. Le gril est fait de <strong>c\u00e9ramique avec quartz et cordi\u00e9rite<\/strong>et cuite \u00e0 haute temp\u00e9rature. Gr\u00e2ce \u00e0 la c\u00e9ramique, il est aussi <strong>facile \u00e0 nettoyer<\/strong>.<\/p>\n<p class=\"\" data-start=\"1022\" data-end=\"1266\">Le YAKINIKU Shichirin Round MINI est destin\u00e9 \u00e0 un usage ext\u00e9rieur uniquement et convient pour <a href=\"https:\/\/konro-grill.com\/fr\/eclairage-binchotan\/\">Fusain de Binchotan<\/a>. Tu b\u00e9n\u00e9ficies donc de la v\u00e9ritable exp\u00e9rience japonaise, car ce charbon de bois de haute qualit\u00e9 br\u00fble plus longtemps, plus chaudement et de fa\u00e7on plus stable que le charbon de bois ordinaire.<\/p>\n\n\t\t<\/div>\n\t<\/div>\n<div class=\"vcex-spacing wpex-w-100 wpex-clear\" style=\"height:32px;\"><\/div><div class=\"templatera_shortcode\"><style type=\"text\/css\" data-type=\"vc_shortcodes-custom-css\">.vc_custom_1657802039208{margin-bottom: 0px !important;}<\/style><div class=\"vc_row wpb_row vc_row-fluid geschikt-voor-row-alt wpex-relative\"><div class=\"wpb_column vc_column_container vc_col-sm-12\"><div class=\"vc_column-inner vc_custom_1657802039208\"><div class=\"wpb_wrapper\">\n\t<div class=\"wpb_text_column wpb_content_element left\" >\n\t\t<div class=\"wpb_wrapper\">\n\t\t\t<h2 style=\"text-align: center;\">Voici ce que tu peux faire avec le gril Konro<\/h2>\n\n\t\t<\/div>\n\t<\/div>\n<div class=\"vc_row wpb_row vc_inner vc_row-fluid wpex-relative\"><div class=\"wpb_column vc_column_container vc_col-sm-4\"><div class=\"vc_column-inner\"><div class=\"wpb_wrapper\">\n\t<div  class=\"wpb_single_image wpb_content_element vc_align_center wpb_content_element  icon\">\n\t\t\n\t\t<figure class=\"wpb_wrapper vc_figure\">\n\t\t\t<div class=\"vc_single_image-wrapper   vc_box_border_grey\"><img width=\"1\" height=\"1\" src=\"https:\/\/konro-grill.com\/wp-content\/uploads\/2020\/11\/vlees.svg\" class=\"vc_single_image-img attachment-full\" alt=\"\" title=\"viande\" \/><\/div>\n\t\t<\/figure>\n\t<\/div>\n\n\t<div class=\"wpb_text_column wpb_content_element textcenter\" >\n\t\t<div class=\"wpb_wrapper\">\n\t\t\t<h3>Volaille et viande<\/h3>\n<p>Grillez du poulet fa\u00e7on yakitori et saisissez des tranches fines et tendres de Wagyu !<\/p>\n\n\t\t<\/div>\n\t<\/div>\n<\/div><\/div><\/div><div class=\"wpb_column vc_column_container vc_col-sm-4\"><div class=\"vc_column-inner\"><div class=\"wpb_wrapper\">\n\t<div  class=\"wpb_single_image wpb_content_element vc_align_center wpb_content_element  icon\">\n\t\t\n\t\t<figure class=\"wpb_wrapper vc_figure\">\n\t\t\t<div class=\"vc_single_image-wrapper   vc_box_border_grey\"><img width=\"1\" height=\"1\" src=\"https:\/\/konro-grill.com\/wp-content\/uploads\/2020\/11\/vis.svg\" class=\"vc_single_image-img attachment-full\" alt=\"\" title=\"poisson\" \/><\/div>\n\t\t<\/figure>\n\t<\/div>\n\n\t<div class=\"wpb_text_column wpb_content_element textcenter\" >\n\t\t<div class=\"wpb_wrapper\">\n\t\t\t<h3>Poissons et crustac\u00e9s<\/h3>\n<p>Griller directement les crustac\u00e9s ou le poisson. C'est d\u00e9licieux ! Go\u00fbtez aux saveurs pures !<\/p>\n\n\t\t<\/div>\n\t<\/div>\n<\/div><\/div><\/div><div class=\"wpb_column vc_column_container vc_col-sm-4\"><div class=\"vc_column-inner\"><div class=\"wpb_wrapper\">\n\t<div  class=\"wpb_single_image wpb_content_element vc_align_center wpb_content_element  icon\">\n\t\t\n\t\t<figure class=\"wpb_wrapper vc_figure\">\n\t\t\t<div class=\"vc_single_image-wrapper   vc_box_border_grey\"><img width=\"1\" height=\"1\" src=\"https:\/\/konro-grill.com\/wp-content\/uploads\/2020\/11\/groente.svg\" class=\"vc_single_image-img attachment-full\" alt=\"\" title=\"l\u00e9gume\" \/><\/div>\n\t\t<\/figure>\n\t<\/div>\n\n\t<div class=\"wpb_text_column wpb_content_element textcenter\" >\n\t\t<div class=\"wpb_wrapper\">\n\t\t\t<h3>Fruits et l\u00e9gumes<\/h3>\n<p>Grillez des l\u00e9gumes ou m\u00eame des fruits. Laquez-le et laissez-vous surprendre par son go\u00fbt !<\/p>\n\n\t\t<\/div>\n\t<\/div>\n<\/div><\/div><\/div><\/div><\/div><\/div><\/div><\/div><\/div><\/div><\/div><\/div><\/div>\n<\/div>","protected":false},"excerpt":{"rendered":"<h2>Le YAKINIKU Shichirin Round MINI, l'authentique grillade japonaise.<\/h2>\n<p class=\"\" data-start=\"207\" data-end=\"563\">Le YAKINIKU Shichirin Round MINI est une <strong>Grille de table de style japonais<\/strong> qui est connu pour sa fa\u00e7on sophistiqu\u00e9e de faire des barbecues. Sur ce <strong>gril \u00e0 charbon compact et rond<\/strong> pr\u00e9pare de petits morceaux avec une extr\u00eame pr\u00e9cision <strong>viande, poisson et l\u00e9gumes<\/strong>. Le YAKINIKU Shichirin Round MINI a une forme ronde. <strong>Surface de cuisson de 27 cm<\/strong>. Un plateau de table en bois est inclus. Tu peux parfaitement pr\u00e9parer de petits morceaux de viande, de poisson ou de l\u00e9gumes sur ce gril. Ce Shichirin convient pour <strong>2 \u00e0 4 personnes<\/strong> et p\u00e8se <strong>environ 7,2 kg<\/strong>.<\/p>","protected":false},"featured_media":8434,"template":"","meta":{"inline_featured_image":false},"product_brand":[],"product_cat":[425],"product_tag":[],"class_list":{"0":"post-8433","1":"product","2":"type-product","3":"status-publish","4":"has-post-thumbnail","6":"product_cat-yakiniku-grill","7":"entry","8":"has-media","10":"first","11":"instock","12":"taxable","13":"shipping-taxable","14":"purchasable","15":"product-type-simple"},"bundled_by":[],"bundle_stock_status":"instock","bundle_stock_quantity":10,"bundle_virtual":false,"bundle_layout":"","bundle_add_to_cart_form_location":"","bundle_editable_in_cart":false,"bundle_sold_individually_context":"","bundle_item_grouping":"","bundle_min_size":"","bundle_max_size":"","bundle_price":[],"bundled_items":[],"bundle_sell_ids":[6674,8960,9007,3912,1335,6762,3195,3891,2519,11453,9989,915],"yoast_head":"<!-- This site is optimized with the Yoast SEO plugin v27.4 - https:\/\/yoast.com\/product\/yoast-seo-wordpress\/ -->\n<title>YAKINIKU Shichirin Rond MINI die bestel je bij Konro Grill<\/title>\n<meta name=\"description\" content=\"De traditionele YAKINIKU Shichirin Rond MINI. Bestel bij de grootste Japanse BBQ specialist van Europa: Konro Grill. Snel in huis in heel Europa!\" \/>\n<meta name=\"robots\" content=\"index, follow, max-snippet:-1, max-image-preview:large, max-video-preview:-1\" \/>\n<link rel=\"canonical\" href=\"https:\/\/konro-grill.com\/fr\/produit\/yakiniku-shichirin-round-mini\/\" \/>\n<meta property=\"og:locale\" content=\"fr_FR\" \/>\n<meta property=\"og:type\" content=\"article\" \/>\n<meta property=\"og:title\" content=\"YAKINIKU Shichirin Rond MINI die bestel je bij Konro Grill\" \/>\n<meta property=\"og:description\" content=\"De traditionele YAKINIKU Shichirin Rond MINI. Bestel bij de grootste Japanse BBQ specialist van Europa: Konro Grill. Snel in huis in heel Europa!\" \/>\n<meta property=\"og:url\" content=\"https:\/\/konro-grill.com\/fr\/produit\/yakiniku-shichirin-round-mini\/\" \/>\n<meta property=\"og:site_name\" content=\"Konro Grill, de grootste Japanse BBQ specialist\" \/>\n<meta property=\"article:publisher\" content=\"https:\/\/facebook.com\/KonroGrillCom\" \/>\n<meta property=\"article:modified_time\" content=\"2026-04-22T08:28:06+00:00\" \/>\n<meta property=\"og:image\" content=\"https:\/\/konro-grill.com\/wp-content\/uploads\/2025\/04\/YAKINIKU-MINI-Ronde-Shichirin-Teppanyaki-Hibachi-grill-1.jpg\" \/>\n\t<meta property=\"og:image:width\" content=\"800\" \/>\n\t<meta property=\"og:image:height\" content=\"800\" \/>\n\t<meta property=\"og:image:type\" content=\"image\/jpeg\" \/>\n<meta name=\"twitter:card\" content=\"summary_large_image\" \/>\n<meta name=\"twitter:label1\" content=\"Dur\u00e9e de lecture estim\u00e9e\" \/>\n\t<meta name=\"twitter:data1\" content=\"1 minute\" \/>\n<script type=\"application\/ld+json\" class=\"yoast-schema-graph\">{\"@context\":\"https:\\\/\\\/schema.org\",\"@graph\":[{\"@type\":\"WebPage\",\"@id\":\"https:\\\/\\\/konro-grill.com\\\/product\\\/yakiniku-shichirin-rond-mini\\\/\",\"url\":\"https:\\\/\\\/konro-grill.com\\\/product\\\/yakiniku-shichirin-rond-mini\\\/\",\"name\":\"YAKINIKU Shichirin Rond MINI die bestel je bij Konro Grill\",\"isPartOf\":{\"@id\":\"https:\\\/\\\/konro-grill.com\\\/#website\"},\"primaryImageOfPage\":{\"@id\":\"https:\\\/\\\/konro-grill.com\\\/product\\\/yakiniku-shichirin-rond-mini\\\/#primaryimage\"},\"image\":{\"@id\":\"https:\\\/\\\/konro-grill.com\\\/product\\\/yakiniku-shichirin-rond-mini\\\/#primaryimage\"},\"thumbnailUrl\":\"https:\\\/\\\/konro-grill.com\\\/wp-content\\\/uploads\\\/2025\\\/04\\\/YAKINIKU-MINI-Ronde-Shichirin-Teppanyaki-Hibachi-grill-1.jpg\",\"datePublished\":\"2025-04-22T07:52:05+00:00\",\"dateModified\":\"2026-04-22T08:28:06+00:00\",\"description\":\"De traditionele YAKINIKU Shichirin Rond MINI. Bestel bij de grootste Japanse BBQ specialist van Europa: Konro Grill. Snel in huis in heel Europa!\",\"breadcrumb\":{\"@id\":\"https:\\\/\\\/konro-grill.com\\\/product\\\/yakiniku-shichirin-rond-mini\\\/#breadcrumb\"},\"inLanguage\":\"fr-FR\",\"potentialAction\":[{\"@type\":\"ReadAction\",\"target\":[\"https:\\\/\\\/konro-grill.com\\\/product\\\/yakiniku-shichirin-rond-mini\\\/\"]}]},{\"@type\":\"ImageObject\",\"inLanguage\":\"fr-FR\",\"@id\":\"https:\\\/\\\/konro-grill.com\\\/product\\\/yakiniku-shichirin-rond-mini\\\/#primaryimage\",\"url\":\"https:\\\/\\\/konro-grill.com\\\/wp-content\\\/uploads\\\/2025\\\/04\\\/YAKINIKU-MINI-Ronde-Shichirin-Teppanyaki-Hibachi-grill-1.jpg\",\"contentUrl\":\"https:\\\/\\\/konro-grill.com\\\/wp-content\\\/uploads\\\/2025\\\/04\\\/YAKINIKU-MINI-Ronde-Shichirin-Teppanyaki-Hibachi-grill-1.jpg\",\"width\":800,\"height\":800},{\"@type\":\"BreadcrumbList\",\"@id\":\"https:\\\/\\\/konro-grill.com\\\/product\\\/yakiniku-shichirin-rond-mini\\\/#breadcrumb\",\"itemListElement\":[{\"@type\":\"ListItem\",\"position\":1,\"name\":\"Home\",\"item\":\"https:\\\/\\\/konro-grill.com\\\/\"},{\"@type\":\"ListItem\",\"position\":2,\"name\":\"Winkel\",\"item\":\"https:\\\/\\\/konro-grill.com\\\/winkel\\\/\"},{\"@type\":\"ListItem\",\"position\":3,\"name\":\"YAKINIKU Shichirin Rond Mini\"}]},{\"@type\":\"WebSite\",\"@id\":\"https:\\\/\\\/konro-grill.com\\\/#website\",\"url\":\"https:\\\/\\\/konro-grill.com\\\/\",\"name\":\"Konro Grill\",\"description\":\"Konro Grill, de Grootste Japanse BBQ Specialist\",\"publisher\":{\"@id\":\"https:\\\/\\\/konro-grill.com\\\/#organization\"},\"potentialAction\":[{\"@type\":\"SearchAction\",\"target\":{\"@type\":\"EntryPoint\",\"urlTemplate\":\"https:\\\/\\\/konro-grill.com\\\/?s={search_term_string}\"},\"query-input\":{\"@type\":\"PropertyValueSpecification\",\"valueRequired\":true,\"valueName\":\"search_term_string\"}}],\"inLanguage\":\"fr-FR\"},{\"@type\":\"Organization\",\"@id\":\"https:\\\/\\\/konro-grill.com\\\/#organization\",\"name\":\"Konro Grill\",\"url\":\"https:\\\/\\\/konro-grill.com\\\/\",\"logo\":{\"@type\":\"ImageObject\",\"inLanguage\":\"fr-FR\",\"@id\":\"https:\\\/\\\/konro-grill.com\\\/#\\\/schema\\\/logo\\\/image\\\/\",\"url\":\"https:\\\/\\\/konro-grill.com\\\/wp-content\\\/uploads\\\/2021\\\/10\\\/konro-grill-logo.png\",\"contentUrl\":\"https:\\\/\\\/konro-grill.com\\\/wp-content\\\/uploads\\\/2021\\\/10\\\/konro-grill-logo.png\",\"width\":650,\"height\":80,\"caption\":\"Konro Grill\"},\"image\":{\"@id\":\"https:\\\/\\\/konro-grill.com\\\/#\\\/schema\\\/logo\\\/image\\\/\"},\"sameAs\":[\"https:\\\/\\\/facebook.com\\\/KonroGrillCom\",\"https:\\\/\\\/www.instagram.com\\\/konrogrillcom\\\/\"]}]}<\/script>\n<!-- \/ Yoast SEO plugin. -->","yoast_head_json":{"title":"YAKINIKU Shichirin Round MINI tu commandes \u00e0 Konro Grill","description":"Le traditionnel YAKINIKU Shichirin Round MINI. Commande aupr\u00e8s du plus grand sp\u00e9cialiste europ\u00e9en des barbecues japonais : Konro Grill. Livraison rapide dans toute l'Europe !","robots":{"index":"index","follow":"follow","max-snippet":"max-snippet:-1","max-image-preview":"max-image-preview:large","max-video-preview":"max-video-preview:-1"},"canonical":"https:\/\/konro-grill.com\/fr\/produit\/yakiniku-shichirin-round-mini\/","og_locale":"fr_FR","og_type":"article","og_title":"YAKINIKU Shichirin Rond MINI die bestel je bij Konro Grill","og_description":"De traditionele YAKINIKU Shichirin Rond MINI. Bestel bij de grootste Japanse BBQ specialist van Europa: Konro Grill. Snel in huis in heel Europa!","og_url":"https:\/\/konro-grill.com\/fr\/produit\/yakiniku-shichirin-round-mini\/","og_site_name":"Konro Grill, de grootste Japanse BBQ specialist","article_publisher":"https:\/\/facebook.com\/KonroGrillCom","article_modified_time":"2026-04-22T08:28:06+00:00","og_image":[{"width":800,"height":800,"url":"https:\/\/konro-grill.com\/wp-content\/uploads\/2025\/04\/YAKINIKU-MINI-Ronde-Shichirin-Teppanyaki-Hibachi-grill-1.jpg","type":"image\/jpeg"}],"twitter_card":"summary_large_image","twitter_misc":{"Dur\u00e9e de lecture estim\u00e9e":"1 minute"},"schema":{"@context":"https:\/\/schema.org","@graph":[{"@type":"WebPage","@id":"https:\/\/konro-grill.com\/product\/yakiniku-shichirin-rond-mini\/","url":"https:\/\/konro-grill.com\/product\/yakiniku-shichirin-rond-mini\/","name":"YAKINIKU Shichirin Round MINI tu commandes \u00e0 Konro Grill","isPartOf":{"@id":"https:\/\/konro-grill.com\/#website"},"primaryImageOfPage":{"@id":"https:\/\/konro-grill.com\/product\/yakiniku-shichirin-rond-mini\/#primaryimage"},"image":{"@id":"https:\/\/konro-grill.com\/product\/yakiniku-shichirin-rond-mini\/#primaryimage"},"thumbnailUrl":"https:\/\/konro-grill.com\/wp-content\/uploads\/2025\/04\/YAKINIKU-MINI-Ronde-Shichirin-Teppanyaki-Hibachi-grill-1.jpg","datePublished":"2025-04-22T07:52:05+00:00","dateModified":"2026-04-22T08:28:06+00:00","description":"Le traditionnel YAKINIKU Shichirin Round MINI. Commande aupr\u00e8s du plus grand sp\u00e9cialiste europ\u00e9en des barbecues japonais : Konro Grill. Livraison rapide dans toute l'Europe !","breadcrumb":{"@id":"https:\/\/konro-grill.com\/product\/yakiniku-shichirin-rond-mini\/#breadcrumb"},"inLanguage":"fr-FR","potentialAction":[{"@type":"ReadAction","target":["https:\/\/konro-grill.com\/product\/yakiniku-shichirin-rond-mini\/"]}]},{"@type":"ImageObject","inLanguage":"fr-FR","@id":"https:\/\/konro-grill.com\/product\/yakiniku-shichirin-rond-mini\/#primaryimage","url":"https:\/\/konro-grill.com\/wp-content\/uploads\/2025\/04\/YAKINIKU-MINI-Ronde-Shichirin-Teppanyaki-Hibachi-grill-1.jpg","contentUrl":"https:\/\/konro-grill.com\/wp-content\/uploads\/2025\/04\/YAKINIKU-MINI-Ronde-Shichirin-Teppanyaki-Hibachi-grill-1.jpg","width":800,"height":800},{"@type":"BreadcrumbList","@id":"https:\/\/konro-grill.com\/product\/yakiniku-shichirin-rond-mini\/#breadcrumb","itemListElement":[{"@type":"ListItem","position":1,"name":"Home","item":"https:\/\/konro-grill.com\/"},{"@type":"ListItem","position":2,"name":"Winkel","item":"https:\/\/konro-grill.com\/winkel\/"},{"@type":"ListItem","position":3,"name":"YAKINIKU Shichirin Rond Mini"}]},{"@type":"WebSite","@id":"https:\/\/konro-grill.com\/#website","url":"https:\/\/konro-grill.com\/","name":"Konro Grill","description":"Konro Grill, le plus grand sp\u00e9cialiste du barbecue japonais","publisher":{"@id":"https:\/\/konro-grill.com\/#organization"},"potentialAction":[{"@type":"SearchAction","target":{"@type":"EntryPoint","urlTemplate":"https:\/\/konro-grill.com\/?s={search_term_string}"},"query-input":{"@type":"PropertyValueSpecification","valueRequired":true,"valueName":"search_term_string"}}],"inLanguage":"fr-FR"},{"@type":"Organization","@id":"https:\/\/konro-grill.com\/#organization","name":"Konro Grill","url":"https:\/\/konro-grill.com\/","logo":{"@type":"ImageObject","inLanguage":"fr-FR","@id":"https:\/\/konro-grill.com\/#\/schema\/logo\/image\/","url":"https:\/\/konro-grill.com\/wp-content\/uploads\/2021\/10\/konro-grill-logo.png","contentUrl":"https:\/\/konro-grill.com\/wp-content\/uploads\/2021\/10\/konro-grill-logo.png","width":650,"height":80,"caption":"Konro Grill"},"image":{"@id":"https:\/\/konro-grill.com\/#\/schema\/logo\/image\/"},"sameAs":["https:\/\/facebook.com\/KonroGrillCom","https:\/\/www.instagram.com\/konrogrillcom\/"]}]}},"df_price":165,"df_sale_price":"","df_regular_price":165,"df_image_link":"https:\/\/konro-grill.com\/wp-content\/uploads\/2025\/04\/YAKINIKU-MINI-Ronde-Shichirin-Teppanyaki-Hibachi-grill-1-300x300.jpg","_links":{"self":[{"href":"https:\/\/konro-grill.com\/fr\/wp-json\/wp\/v2\/product\/8433","targetHints":{"allow":["GET"]}}],"collection":[{"href":"https:\/\/konro-grill.com\/fr\/wp-json\/wp\/v2\/product"}],"about":[{"href":"https:\/\/konro-grill.com\/fr\/wp-json\/wp\/v2\/types\/product"}],"wp:featuredmedia":[{"embeddable":true,"href":"https:\/\/konro-grill.com\/fr\/wp-json\/wp\/v2\/media\/8434"}],"wp:attachment":[{"href":"https:\/\/konro-grill.com\/fr\/wp-json\/wp\/v2\/media?parent=8433"}],"wp:term":[{"taxonomy":"product_brand","embeddable":true,"href":"https:\/\/konro-grill.com\/fr\/wp-json\/wp\/v2\/product_brand?post=8433"},{"taxonomy":"product_cat","embeddable":true,"href":"https:\/\/konro-grill.com\/fr\/wp-json\/wp\/v2\/product_cat?post=8433"},{"taxonomy":"product_tag","embeddable":true,"href":"https:\/\/konro-grill.com\/fr\/wp-json\/wp\/v2\/product_tag?post=8433"}],"curies":[{"name":"wp","href":"https:\/\/api.w.org\/{rel}","templated":true}]}}