{"id":887,"date":"2022-06-09T13:39:42","date_gmt":"2022-06-09T11:39:42","guid":{"rendered":"https:\/\/konro-grill.com\/?post_type=product&#038;p=887"},"modified":"2026-04-22T10:28:05","modified_gmt":"2026-04-22T08:28:05","slug":"konro-grill-aluminium-36-cm","status":"publish","type":"product","link":"https:\/\/konro-grill.com\/fr\/produit\/konro-grill-aluminium-36-cm\/","title":{"rendered":"Konro Grill Aluminium 36cm"},"content":{"rendered":"<div class=\"wpb-content-wrapper\"><div class=\"vc_row wpb_row vc_row-fluid wpex-relative\"><div class=\"wpb_column vc_column_container vc_col-sm-12\"><div class=\"vc_column-inner\"><div class=\"wpb_wrapper\"><div class=\"templatera_shortcode\"><div class=\"vc_row wpb_row vc_row-fluid wpex-relative\"><div class=\"wpb_column vc_column_container vc_col-sm-12\"><div class=\"vc_column-inner\"><div class=\"wpb_wrapper\">\n\t<div class=\"wpb_text_column wpb_content_element\" >\n\t\t<div class=\"wpb_wrapper\">\n\t\t\t<div class=\"accordion-header\">\n<h3>Commencer \u00e0 utiliser le Konro Grill. Des saveurs pures. Un plaisir d\u00e9licieux.<\/h3>\n<\/div>\n<p>Griller sur un konro grill est une forme sociale de barbecue. Des saveurs pures et d\u00e9licieuses \u00e0 la fois.<\/p>\n<p>Dresser la table, mettre en place de belles <a href=\"https:\/\/konro-grill.com\/fr\/baguettes\/\">baguettes<\/a> pr\u00eat, un <a href=\"https:\/\/konro-grill.com\/fr\/produit\/brosses\/\">brosse<\/a> et bien s\u00fbr original <a href=\"https:\/\/konro-grill.com\/fr\/specialites-japonaises\/\">Assaisonnements japonais<\/a> pr\u00eat. D\u00e9couper du poulet, du b\u0153uf wagyu, du poisson, des fruits de mer ou des l\u00e9gumes et les faire tremper dans l'eau. <a href=\"https:\/\/konro-grill.com\/fr\/produit\/bamboe-bbq-spiesjes\/\">brochettes en bambou<\/a> dans l'eau. Vous profiterez ainsi au maximum de cette merveilleuse et originale forme de cuisine en plein air.<\/p>\n<p><strong>Ce gril \u00e0 yakitori convient uniquement \u00e0 un usage domestique.<\/strong> Pour une exp\u00e9rience optimale, nous recommandons toujours <a href=\"https:\/\/kamadoexpress.nl\/product\/bestcharcoal-witte-binchotan\/\">charbon de bois binchotan<\/a> \u00e0 utiliser. Vous travaillez \u00e0 l'ext\u00e9rieur ou sous un auvent. Pour l'utilisation d'un konro grill \u00e0 l'int\u00e9rieur, nous recommandons <span style=\"text-decoration: underline;\">pas<\/span>.<\/p>\n<p>Vous souhaitez travailler de mani\u00e8re professionnelle avec ce type de gril ? Choisissez alors l'original <a href=\"https:\/\/konro-grill.com\/fr\/produit\/konro-grill-large\/\">Gril japonais konro<\/a>. Sous extraction professionnelle, l'utilisation dans une cuisine ouverte est possible. Si vous avez une cuisine ouverte, ce sera imm\u00e9diatement une belle exp\u00e9rience visuelle pour vos invit\u00e9s.<\/p>\n\n\t\t<\/div>\n\t<\/div>\n<\/div><\/div><\/div><\/div><\/div><\/div><\/div><\/div><\/div>\n<\/div>","protected":false},"excerpt":{"rendered":"<h3>Aluminium konro + grille + plateau<\/h3>\n<p>Ce gril Konro original est fabriqu\u00e9 en aluminium et poss\u00e8de une grille de 36 x 18 cm. Il s'agit d'un ensemble complet. Le konro, une grille et un plateau en bois pratique, qui vous permet de placer ce gril konro n'importe o\u00f9. Avec cette taille, vous pouvez griller jusqu'\u00e0 10 brochettes en m\u00eame temps, ce qui convient \u00e0 4 personnes. Vous cherchez un ensemble pr\u00eat \u00e0 l'emploi ? Jetez un coup d'\u0153il \u00e0 notre <a href=\"https:\/\/konro-grill.com\/fr\/produit\/konro-grill-aluminium-36-cm-voordeelset\/\">Kit de r\u00e9duction<\/a>.<\/p>","protected":false},"featured_media":989,"template":"","meta":{"inline_featured_image":false},"product_brand":[],"product_cat":[242],"product_tag":[],"class_list":{"0":"post-887","1":"product","2":"type-product","3":"status-publish","4":"has-post-thumbnail","6":"product_cat-overige-konro-grill","7":"entry","8":"has-media","10":"first","11":"instock","12":"sale","13":"taxable","14":"shipping-taxable","15":"purchasable","16":"product-type-simple"},"bundled_by":["1462"],"bundle_stock_status":"instock","bundle_stock_quantity":24,"bundle_virtual":false,"bundle_layout":"","bundle_add_to_cart_form_location":"","bundle_editable_in_cart":false,"bundle_sold_individually_context":"","bundle_item_grouping":"","bundle_min_size":"","bundle_max_size":"","bundle_price":[],"bundled_items":[],"bundle_sell_ids":[],"yoast_head":"<!-- This site is optimized with the Yoast SEO plugin v27.4 - https:\/\/yoast.com\/product\/yoast-seo-wordpress\/ -->\n<title>Konro Grill Aluminium 36cm | Konro Grill<\/title>\n<meta name=\"description\" content=\"Ga aan de slag met deze Aluminium Konro Grill van 36cm om verschillende soorten vlees, vis en groente te grillen. Gemakkelijk op tafel te gebruiken!\" \/>\n<meta name=\"robots\" content=\"index, follow, max-snippet:-1, max-image-preview:large, max-video-preview:-1\" \/>\n<link rel=\"canonical\" href=\"https:\/\/konro-grill.com\/fr\/produit\/konro-grill-aluminium-36-cm\/\" \/>\n<meta property=\"og:locale\" content=\"fr_FR\" \/>\n<meta property=\"og:type\" content=\"article\" \/>\n<meta property=\"og:title\" content=\"Konro Grill Aluminium 36cm | Konro Grill\" \/>\n<meta property=\"og:description\" content=\"Ga aan de slag met deze Aluminium Konro Grill van 36cm om verschillende soorten vlees, vis en groente te grillen. Gemakkelijk op tafel te gebruiken!\" \/>\n<meta property=\"og:url\" content=\"https:\/\/konro-grill.com\/fr\/produit\/konro-grill-aluminium-36-cm\/\" \/>\n<meta property=\"og:site_name\" content=\"Konro Grill, de grootste Japanse BBQ specialist\" \/>\n<meta property=\"article:publisher\" content=\"https:\/\/facebook.com\/KonroGrillCom\" \/>\n<meta property=\"article:modified_time\" content=\"2026-04-22T08:28:05+00:00\" \/>\n<meta property=\"og:image\" content=\"https:\/\/konro-grill.com\/wp-content\/uploads\/2022\/06\/Konro-Grill-Large-Rect-Wooden-Base-Konro-Grill.jpg\" \/>\n\t<meta property=\"og:image:width\" content=\"800\" \/>\n\t<meta property=\"og:image:height\" content=\"800\" \/>\n\t<meta property=\"og:image:type\" content=\"image\/jpeg\" \/>\n<meta name=\"twitter:card\" content=\"summary_large_image\" \/>\n<meta name=\"twitter:label1\" content=\"Dur\u00e9e de lecture estim\u00e9e\" \/>\n\t<meta name=\"twitter:data1\" content=\"1 minute\" \/>\n<script type=\"application\/ld+json\" class=\"yoast-schema-graph\">{\"@context\":\"https:\\\/\\\/schema.org\",\"@graph\":[{\"@type\":\"WebPage\",\"@id\":\"https:\\\/\\\/konro-grill.com\\\/product\\\/konro-grill-aluminium-36-cm\\\/\",\"url\":\"https:\\\/\\\/konro-grill.com\\\/product\\\/konro-grill-aluminium-36-cm\\\/\",\"name\":\"Konro Grill Aluminium 36cm | Konro Grill\",\"isPartOf\":{\"@id\":\"https:\\\/\\\/konro-grill.com\\\/#website\"},\"primaryImageOfPage\":{\"@id\":\"https:\\\/\\\/konro-grill.com\\\/product\\\/konro-grill-aluminium-36-cm\\\/#primaryimage\"},\"image\":{\"@id\":\"https:\\\/\\\/konro-grill.com\\\/product\\\/konro-grill-aluminium-36-cm\\\/#primaryimage\"},\"thumbnailUrl\":\"https:\\\/\\\/konro-grill.com\\\/wp-content\\\/uploads\\\/2022\\\/06\\\/Konro-Grill-Large-Rect-Wooden-Base-Konro-Grill.jpg\",\"datePublished\":\"2022-06-09T11:39:42+00:00\",\"dateModified\":\"2026-04-22T08:28:05+00:00\",\"description\":\"Ga aan de slag met deze Aluminium Konro Grill van 36cm om verschillende soorten vlees, vis en groente te grillen. Gemakkelijk op tafel te gebruiken!\",\"breadcrumb\":{\"@id\":\"https:\\\/\\\/konro-grill.com\\\/product\\\/konro-grill-aluminium-36-cm\\\/#breadcrumb\"},\"inLanguage\":\"fr-FR\",\"potentialAction\":[{\"@type\":\"ReadAction\",\"target\":[\"https:\\\/\\\/konro-grill.com\\\/product\\\/konro-grill-aluminium-36-cm\\\/\"]}]},{\"@type\":\"ImageObject\",\"inLanguage\":\"fr-FR\",\"@id\":\"https:\\\/\\\/konro-grill.com\\\/product\\\/konro-grill-aluminium-36-cm\\\/#primaryimage\",\"url\":\"https:\\\/\\\/konro-grill.com\\\/wp-content\\\/uploads\\\/2022\\\/06\\\/Konro-Grill-Large-Rect-Wooden-Base-Konro-Grill.jpg\",\"contentUrl\":\"https:\\\/\\\/konro-grill.com\\\/wp-content\\\/uploads\\\/2022\\\/06\\\/Konro-Grill-Large-Rect-Wooden-Base-Konro-Grill.jpg\",\"width\":800,\"height\":800},{\"@type\":\"BreadcrumbList\",\"@id\":\"https:\\\/\\\/konro-grill.com\\\/product\\\/konro-grill-aluminium-36-cm\\\/#breadcrumb\",\"itemListElement\":[{\"@type\":\"ListItem\",\"position\":1,\"name\":\"Home\",\"item\":\"https:\\\/\\\/konro-grill.com\\\/\"},{\"@type\":\"ListItem\",\"position\":2,\"name\":\"Winkel\",\"item\":\"https:\\\/\\\/konro-grill.com\\\/winkel\\\/\"},{\"@type\":\"ListItem\",\"position\":3,\"name\":\"Konro Grill Aluminium 36cm\"}]},{\"@type\":\"WebSite\",\"@id\":\"https:\\\/\\\/konro-grill.com\\\/#website\",\"url\":\"https:\\\/\\\/konro-grill.com\\\/\",\"name\":\"Konro Grill\",\"description\":\"Konro Grill, de Grootste Japanse BBQ Specialist\",\"publisher\":{\"@id\":\"https:\\\/\\\/konro-grill.com\\\/#organization\"},\"potentialAction\":[{\"@type\":\"SearchAction\",\"target\":{\"@type\":\"EntryPoint\",\"urlTemplate\":\"https:\\\/\\\/konro-grill.com\\\/?s={search_term_string}\"},\"query-input\":{\"@type\":\"PropertyValueSpecification\",\"valueRequired\":true,\"valueName\":\"search_term_string\"}}],\"inLanguage\":\"fr-FR\"},{\"@type\":\"Organization\",\"@id\":\"https:\\\/\\\/konro-grill.com\\\/#organization\",\"name\":\"Konro Grill\",\"url\":\"https:\\\/\\\/konro-grill.com\\\/\",\"logo\":{\"@type\":\"ImageObject\",\"inLanguage\":\"fr-FR\",\"@id\":\"https:\\\/\\\/konro-grill.com\\\/#\\\/schema\\\/logo\\\/image\\\/\",\"url\":\"https:\\\/\\\/konro-grill.com\\\/wp-content\\\/uploads\\\/2021\\\/10\\\/konro-grill-logo.png\",\"contentUrl\":\"https:\\\/\\\/konro-grill.com\\\/wp-content\\\/uploads\\\/2021\\\/10\\\/konro-grill-logo.png\",\"width\":650,\"height\":80,\"caption\":\"Konro Grill\"},\"image\":{\"@id\":\"https:\\\/\\\/konro-grill.com\\\/#\\\/schema\\\/logo\\\/image\\\/\"},\"sameAs\":[\"https:\\\/\\\/facebook.com\\\/KonroGrillCom\",\"https:\\\/\\\/www.instagram.com\\\/konrogrillcom\\\/\"]}]}<\/script>\n<!-- \/ Yoast SEO plugin. -->","yoast_head_json":{"title":"Konro Grill Aluminium 36cm | Konro Grill","description":"Ce Konro Grill en aluminium de 36 cm permet de griller diff\u00e9rents types de viande, de poisson et de l\u00e9gumes. Facile \u00e0 utiliser sur la table !","robots":{"index":"index","follow":"follow","max-snippet":"max-snippet:-1","max-image-preview":"max-image-preview:large","max-video-preview":"max-video-preview:-1"},"canonical":"https:\/\/konro-grill.com\/fr\/produit\/konro-grill-aluminium-36-cm\/","og_locale":"fr_FR","og_type":"article","og_title":"Konro Grill Aluminium 36cm | Konro Grill","og_description":"Ga aan de slag met deze Aluminium Konro Grill van 36cm om verschillende soorten vlees, vis en groente te grillen. Gemakkelijk op tafel te gebruiken!","og_url":"https:\/\/konro-grill.com\/fr\/produit\/konro-grill-aluminium-36-cm\/","og_site_name":"Konro Grill, de grootste Japanse BBQ specialist","article_publisher":"https:\/\/facebook.com\/KonroGrillCom","article_modified_time":"2026-04-22T08:28:05+00:00","og_image":[{"width":800,"height":800,"url":"https:\/\/konro-grill.com\/wp-content\/uploads\/2022\/06\/Konro-Grill-Large-Rect-Wooden-Base-Konro-Grill.jpg","type":"image\/jpeg"}],"twitter_card":"summary_large_image","twitter_misc":{"Dur\u00e9e de lecture estim\u00e9e":"1 minute"},"schema":{"@context":"https:\/\/schema.org","@graph":[{"@type":"WebPage","@id":"https:\/\/konro-grill.com\/product\/konro-grill-aluminium-36-cm\/","url":"https:\/\/konro-grill.com\/product\/konro-grill-aluminium-36-cm\/","name":"Konro Grill Aluminium 36cm | Konro Grill","isPartOf":{"@id":"https:\/\/konro-grill.com\/#website"},"primaryImageOfPage":{"@id":"https:\/\/konro-grill.com\/product\/konro-grill-aluminium-36-cm\/#primaryimage"},"image":{"@id":"https:\/\/konro-grill.com\/product\/konro-grill-aluminium-36-cm\/#primaryimage"},"thumbnailUrl":"https:\/\/konro-grill.com\/wp-content\/uploads\/2022\/06\/Konro-Grill-Large-Rect-Wooden-Base-Konro-Grill.jpg","datePublished":"2022-06-09T11:39:42+00:00","dateModified":"2026-04-22T08:28:05+00:00","description":"Ce Konro Grill en aluminium de 36 cm permet de griller diff\u00e9rents types de viande, de poisson et de l\u00e9gumes. Facile \u00e0 utiliser sur la table !","breadcrumb":{"@id":"https:\/\/konro-grill.com\/product\/konro-grill-aluminium-36-cm\/#breadcrumb"},"inLanguage":"fr-FR","potentialAction":[{"@type":"ReadAction","target":["https:\/\/konro-grill.com\/product\/konro-grill-aluminium-36-cm\/"]}]},{"@type":"ImageObject","inLanguage":"fr-FR","@id":"https:\/\/konro-grill.com\/product\/konro-grill-aluminium-36-cm\/#primaryimage","url":"https:\/\/konro-grill.com\/wp-content\/uploads\/2022\/06\/Konro-Grill-Large-Rect-Wooden-Base-Konro-Grill.jpg","contentUrl":"https:\/\/konro-grill.com\/wp-content\/uploads\/2022\/06\/Konro-Grill-Large-Rect-Wooden-Base-Konro-Grill.jpg","width":800,"height":800},{"@type":"BreadcrumbList","@id":"https:\/\/konro-grill.com\/product\/konro-grill-aluminium-36-cm\/#breadcrumb","itemListElement":[{"@type":"ListItem","position":1,"name":"Home","item":"https:\/\/konro-grill.com\/"},{"@type":"ListItem","position":2,"name":"Winkel","item":"https:\/\/konro-grill.com\/winkel\/"},{"@type":"ListItem","position":3,"name":"Konro Grill Aluminium 36cm"}]},{"@type":"WebSite","@id":"https:\/\/konro-grill.com\/#website","url":"https:\/\/konro-grill.com\/","name":"Konro Grill","description":"Konro Grill, le plus grand sp\u00e9cialiste du barbecue japonais","publisher":{"@id":"https:\/\/konro-grill.com\/#organization"},"potentialAction":[{"@type":"SearchAction","target":{"@type":"EntryPoint","urlTemplate":"https:\/\/konro-grill.com\/?s={search_term_string}"},"query-input":{"@type":"PropertyValueSpecification","valueRequired":true,"valueName":"search_term_string"}}],"inLanguage":"fr-FR"},{"@type":"Organization","@id":"https:\/\/konro-grill.com\/#organization","name":"Konro Grill","url":"https:\/\/konro-grill.com\/","logo":{"@type":"ImageObject","inLanguage":"fr-FR","@id":"https:\/\/konro-grill.com\/#\/schema\/logo\/image\/","url":"https:\/\/konro-grill.com\/wp-content\/uploads\/2021\/10\/konro-grill-logo.png","contentUrl":"https:\/\/konro-grill.com\/wp-content\/uploads\/2021\/10\/konro-grill-logo.png","width":650,"height":80,"caption":"Konro Grill"},"image":{"@id":"https:\/\/konro-grill.com\/#\/schema\/logo\/image\/"},"sameAs":["https:\/\/facebook.com\/KonroGrillCom","https:\/\/www.instagram.com\/konrogrillcom\/"]}]}},"df_price":129.95,"df_sale_price":129.95,"df_regular_price":139.95,"df_image_link":"https:\/\/konro-grill.com\/wp-content\/uploads\/2022\/06\/Konro-Grill-Large-Rect-Wooden-Base-Konro-Grill-300x300.jpg","_links":{"self":[{"href":"https:\/\/konro-grill.com\/fr\/wp-json\/wp\/v2\/product\/887","targetHints":{"allow":["GET"]}}],"collection":[{"href":"https:\/\/konro-grill.com\/fr\/wp-json\/wp\/v2\/product"}],"about":[{"href":"https:\/\/konro-grill.com\/fr\/wp-json\/wp\/v2\/types\/product"}],"wp:featuredmedia":[{"embeddable":true,"href":"https:\/\/konro-grill.com\/fr\/wp-json\/wp\/v2\/media\/989"}],"wp:attachment":[{"href":"https:\/\/konro-grill.com\/fr\/wp-json\/wp\/v2\/media?parent=887"}],"wp:term":[{"taxonomy":"product_brand","embeddable":true,"href":"https:\/\/konro-grill.com\/fr\/wp-json\/wp\/v2\/product_brand?post=887"},{"taxonomy":"product_cat","embeddable":true,"href":"https:\/\/konro-grill.com\/fr\/wp-json\/wp\/v2\/product_cat?post=887"},{"taxonomy":"product_tag","embeddable":true,"href":"https:\/\/konro-grill.com\/fr\/wp-json\/wp\/v2\/product_tag?post=887"}],"curies":[{"name":"wp","href":"https:\/\/api.w.org\/{rel}","templated":true}]}}