{"id":9007,"date":"2025-05-27T15:03:03","date_gmt":"2025-05-27T13:03:03","guid":{"rendered":"https:\/\/konro-grill.com\/?post_type=product&#038;p=9007"},"modified":"2026-04-04T22:28:04","modified_gmt":"2026-04-04T20:28:04","slug":"konro-grill-binchotan-maitiew-5kg","status":"publish","type":"product","link":"https:\/\/konro-grill.com\/fr\/produit\/konro-grill-binchotan-maitiew-5kg\/","title":{"rendered":"Konro Grill Binchotan Maitiew 5kg"},"content":{"rendered":"","protected":false},"excerpt":{"rendered":"<h3>Charbon de bois de haute qualit\u00e9 de style Binchotan : Konro Grill Maitiew Binchotan !<\/h3>\n<p data-start=\"85\" data-end=\"431\">Une excellente alternative au Binchotan japonais original : le charbon de bois Konro Grill Maitiew Binchotan. Ce charbon de bois, fabriqu\u00e9 \u00e0 partir d'un bois dur vietnamien. <em data-start=\"254\" data-end=\"263\">Maitiew<\/em>Elle conf\u00e8re une saveur subtile et sophistiqu\u00e9e \u00e0 tes plats. Avec une longue dur\u00e9e de combustion et une chaleur extr\u00eamement \u00e9lev\u00e9e, c'est le choix id\u00e9al pour une utilisation sur un gril konro. La bo\u00eete contient 5 kilos, offrant une alternative de haute qualit\u00e9 mais abordable aux vari\u00e9t\u00e9s japonaises beaucoup plus ch\u00e8res.<\/p>","protected":false},"featured_media":9008,"template":"","meta":{"inline_featured_image":false},"product_brand":[],"product_cat":[101],"product_tag":[],"class_list":{"0":"post-9007","1":"product","2":"type-product","3":"status-publish","4":"has-post-thumbnail","6":"product_cat-binchotan","7":"entry","8":"has-media","10":"first","11":"instock","12":"taxable","13":"shipping-taxable","14":"purchasable","15":"product-type-simple"},"bundled_by":[],"bundle_stock_status":"instock","bundle_stock_quantity":18,"bundle_virtual":false,"bundle_layout":"","bundle_add_to_cart_form_location":"","bundle_editable_in_cart":false,"bundle_sold_individually_context":"","bundle_item_grouping":"","bundle_min_size":"","bundle_max_size":"","bundle_price":[],"bundled_items":[],"bundle_sell_ids":[],"yoast_head":"<!-- This site is optimized with the Yoast SEO plugin v27.3 - https:\/\/yoast.com\/product\/yoast-seo-wordpress\/ -->\n<title>Konro Grill Binchotan Maitiew 5kg, bestel bij de Konro Specialist<\/title>\n<meta name=\"description\" content=\"Een goed alternatief op Japanse Binchotan: Konro Grill Maitiew Binchotan houtskool. Deze Maitiew Binchotan houtskool geeft een subtiele, verfijnde smaak af.\" \/>\n<meta name=\"robots\" content=\"index, follow, max-snippet:-1, max-image-preview:large, max-video-preview:-1\" \/>\n<link rel=\"canonical\" href=\"https:\/\/konro-grill.com\/fr\/produit\/konro-grill-binchotan-maitiew-5kg\/\" \/>\n<meta property=\"og:locale\" content=\"fr_FR\" \/>\n<meta property=\"og:type\" content=\"article\" \/>\n<meta property=\"og:title\" content=\"Konro Grill Binchotan Maitiew 5kg, bestel bij de Konro Specialist\" \/>\n<meta property=\"og:description\" content=\"Een goed alternatief op Japanse Binchotan: Konro Grill Maitiew Binchotan houtskool. Deze Maitiew Binchotan houtskool geeft een subtiele, verfijnde smaak af.\" \/>\n<meta property=\"og:url\" content=\"https:\/\/konro-grill.com\/fr\/produit\/konro-grill-binchotan-maitiew-5kg\/\" \/>\n<meta property=\"og:site_name\" content=\"Konro Grill, de grootste Japanse BBQ specialist\" \/>\n<meta property=\"article:publisher\" content=\"https:\/\/facebook.com\/KonroGrillCom\" \/>\n<meta property=\"article:modified_time\" content=\"2026-04-04T20:28:04+00:00\" \/>\n<meta property=\"og:image\" content=\"https:\/\/konro-grill.com\/wp-content\/uploads\/2025\/05\/Konro-Grill-Maitiew-Binchotan.jpg\" \/>\n\t<meta property=\"og:image:width\" content=\"800\" \/>\n\t<meta property=\"og:image:height\" content=\"800\" \/>\n\t<meta property=\"og:image:type\" content=\"image\/jpeg\" \/>\n<meta name=\"twitter:card\" content=\"summary_large_image\" \/>\n<meta name=\"twitter:label1\" content=\"Dur\u00e9e de lecture estim\u00e9e\" \/>\n\t<meta name=\"twitter:data1\" content=\"1 minute\" \/>\n<script type=\"application\/ld+json\" class=\"yoast-schema-graph\">{\"@context\":\"https:\\\/\\\/schema.org\",\"@graph\":[{\"@type\":\"WebPage\",\"@id\":\"https:\\\/\\\/konro-grill.com\\\/product\\\/konro-grill-binchotan-maitiew-5kg\\\/\",\"url\":\"https:\\\/\\\/konro-grill.com\\\/product\\\/konro-grill-binchotan-maitiew-5kg\\\/\",\"name\":\"Konro Grill Binchotan Maitiew 5kg, bestel bij de Konro Specialist\",\"isPartOf\":{\"@id\":\"https:\\\/\\\/konro-grill.com\\\/#website\"},\"primaryImageOfPage\":{\"@id\":\"https:\\\/\\\/konro-grill.com\\\/product\\\/konro-grill-binchotan-maitiew-5kg\\\/#primaryimage\"},\"image\":{\"@id\":\"https:\\\/\\\/konro-grill.com\\\/product\\\/konro-grill-binchotan-maitiew-5kg\\\/#primaryimage\"},\"thumbnailUrl\":\"https:\\\/\\\/konro-grill.com\\\/wp-content\\\/uploads\\\/2025\\\/05\\\/Konro-Grill-Maitiew-Binchotan.jpg\",\"datePublished\":\"2025-05-27T13:03:03+00:00\",\"dateModified\":\"2026-04-04T20:28:04+00:00\",\"description\":\"Een goed alternatief op Japanse Binchotan: Konro Grill Maitiew Binchotan houtskool. Deze Maitiew Binchotan houtskool geeft een subtiele, verfijnde smaak af.\",\"breadcrumb\":{\"@id\":\"https:\\\/\\\/konro-grill.com\\\/product\\\/konro-grill-binchotan-maitiew-5kg\\\/#breadcrumb\"},\"inLanguage\":\"fr-FR\",\"potentialAction\":[{\"@type\":\"ReadAction\",\"target\":[\"https:\\\/\\\/konro-grill.com\\\/product\\\/konro-grill-binchotan-maitiew-5kg\\\/\"]}]},{\"@type\":\"ImageObject\",\"inLanguage\":\"fr-FR\",\"@id\":\"https:\\\/\\\/konro-grill.com\\\/product\\\/konro-grill-binchotan-maitiew-5kg\\\/#primaryimage\",\"url\":\"https:\\\/\\\/konro-grill.com\\\/wp-content\\\/uploads\\\/2025\\\/05\\\/Konro-Grill-Maitiew-Binchotan.jpg\",\"contentUrl\":\"https:\\\/\\\/konro-grill.com\\\/wp-content\\\/uploads\\\/2025\\\/05\\\/Konro-Grill-Maitiew-Binchotan.jpg\",\"width\":800,\"height\":800},{\"@type\":\"BreadcrumbList\",\"@id\":\"https:\\\/\\\/konro-grill.com\\\/product\\\/konro-grill-binchotan-maitiew-5kg\\\/#breadcrumb\",\"itemListElement\":[{\"@type\":\"ListItem\",\"position\":1,\"name\":\"Home\",\"item\":\"https:\\\/\\\/konro-grill.com\\\/\"},{\"@type\":\"ListItem\",\"position\":2,\"name\":\"Winkel\",\"item\":\"https:\\\/\\\/konro-grill.com\\\/winkel\\\/\"},{\"@type\":\"ListItem\",\"position\":3,\"name\":\"Konro Grill Binchotan Maitiew 5kg\"}]},{\"@type\":\"WebSite\",\"@id\":\"https:\\\/\\\/konro-grill.com\\\/#website\",\"url\":\"https:\\\/\\\/konro-grill.com\\\/\",\"name\":\"Konro Grill\",\"description\":\"Konro Grill, de Grootste Japanse BBQ Specialist\",\"publisher\":{\"@id\":\"https:\\\/\\\/konro-grill.com\\\/#organization\"},\"potentialAction\":[{\"@type\":\"SearchAction\",\"target\":{\"@type\":\"EntryPoint\",\"urlTemplate\":\"https:\\\/\\\/konro-grill.com\\\/?s={search_term_string}\"},\"query-input\":{\"@type\":\"PropertyValueSpecification\",\"valueRequired\":true,\"valueName\":\"search_term_string\"}}],\"inLanguage\":\"fr-FR\"},{\"@type\":\"Organization\",\"@id\":\"https:\\\/\\\/konro-grill.com\\\/#organization\",\"name\":\"Konro Grill\",\"url\":\"https:\\\/\\\/konro-grill.com\\\/\",\"logo\":{\"@type\":\"ImageObject\",\"inLanguage\":\"fr-FR\",\"@id\":\"https:\\\/\\\/konro-grill.com\\\/#\\\/schema\\\/logo\\\/image\\\/\",\"url\":\"https:\\\/\\\/konro-grill.com\\\/wp-content\\\/uploads\\\/2021\\\/10\\\/konro-grill-logo.png\",\"contentUrl\":\"https:\\\/\\\/konro-grill.com\\\/wp-content\\\/uploads\\\/2021\\\/10\\\/konro-grill-logo.png\",\"width\":650,\"height\":80,\"caption\":\"Konro Grill\"},\"image\":{\"@id\":\"https:\\\/\\\/konro-grill.com\\\/#\\\/schema\\\/logo\\\/image\\\/\"},\"sameAs\":[\"https:\\\/\\\/facebook.com\\\/KonroGrillCom\",\"https:\\\/\\\/www.instagram.com\\\/konrogrillcom\\\/\"]}]}<\/script>\n<!-- \/ Yoast SEO plugin. -->","yoast_head_json":{"title":"Konro Grill Binchotan Maitiew 5kg, commander aupr\u00e8s du sp\u00e9cialiste Konro","description":"Une excellente alternative au Binchotan japonais : le charbon de bois Maitiew Binchotan de Konro Grill. Ce charbon de bois Maitiew Binchotan d\u00e9gage une saveur subtile et sophistiqu\u00e9e.","robots":{"index":"index","follow":"follow","max-snippet":"max-snippet:-1","max-image-preview":"max-image-preview:large","max-video-preview":"max-video-preview:-1"},"canonical":"https:\/\/konro-grill.com\/fr\/produit\/konro-grill-binchotan-maitiew-5kg\/","og_locale":"fr_FR","og_type":"article","og_title":"Konro Grill Binchotan Maitiew 5kg, bestel bij de Konro Specialist","og_description":"Een goed alternatief op Japanse Binchotan: Konro Grill Maitiew Binchotan houtskool. Deze Maitiew Binchotan houtskool geeft een subtiele, verfijnde smaak af.","og_url":"https:\/\/konro-grill.com\/fr\/produit\/konro-grill-binchotan-maitiew-5kg\/","og_site_name":"Konro Grill, de grootste Japanse BBQ specialist","article_publisher":"https:\/\/facebook.com\/KonroGrillCom","article_modified_time":"2026-04-04T20:28:04+00:00","og_image":[{"width":800,"height":800,"url":"https:\/\/konro-grill.com\/wp-content\/uploads\/2025\/05\/Konro-Grill-Maitiew-Binchotan.jpg","type":"image\/jpeg"}],"twitter_card":"summary_large_image","twitter_misc":{"Dur\u00e9e de lecture estim\u00e9e":"1 minute"},"schema":{"@context":"https:\/\/schema.org","@graph":[{"@type":"WebPage","@id":"https:\/\/konro-grill.com\/product\/konro-grill-binchotan-maitiew-5kg\/","url":"https:\/\/konro-grill.com\/product\/konro-grill-binchotan-maitiew-5kg\/","name":"Konro Grill Binchotan Maitiew 5kg, commander aupr\u00e8s du sp\u00e9cialiste Konro","isPartOf":{"@id":"https:\/\/konro-grill.com\/#website"},"primaryImageOfPage":{"@id":"https:\/\/konro-grill.com\/product\/konro-grill-binchotan-maitiew-5kg\/#primaryimage"},"image":{"@id":"https:\/\/konro-grill.com\/product\/konro-grill-binchotan-maitiew-5kg\/#primaryimage"},"thumbnailUrl":"https:\/\/konro-grill.com\/wp-content\/uploads\/2025\/05\/Konro-Grill-Maitiew-Binchotan.jpg","datePublished":"2025-05-27T13:03:03+00:00","dateModified":"2026-04-04T20:28:04+00:00","description":"Une excellente alternative au Binchotan japonais : le charbon de bois Maitiew Binchotan de Konro Grill. Ce charbon de bois Maitiew Binchotan d\u00e9gage une saveur subtile et sophistiqu\u00e9e.","breadcrumb":{"@id":"https:\/\/konro-grill.com\/product\/konro-grill-binchotan-maitiew-5kg\/#breadcrumb"},"inLanguage":"fr-FR","potentialAction":[{"@type":"ReadAction","target":["https:\/\/konro-grill.com\/product\/konro-grill-binchotan-maitiew-5kg\/"]}]},{"@type":"ImageObject","inLanguage":"fr-FR","@id":"https:\/\/konro-grill.com\/product\/konro-grill-binchotan-maitiew-5kg\/#primaryimage","url":"https:\/\/konro-grill.com\/wp-content\/uploads\/2025\/05\/Konro-Grill-Maitiew-Binchotan.jpg","contentUrl":"https:\/\/konro-grill.com\/wp-content\/uploads\/2025\/05\/Konro-Grill-Maitiew-Binchotan.jpg","width":800,"height":800},{"@type":"BreadcrumbList","@id":"https:\/\/konro-grill.com\/product\/konro-grill-binchotan-maitiew-5kg\/#breadcrumb","itemListElement":[{"@type":"ListItem","position":1,"name":"Home","item":"https:\/\/konro-grill.com\/"},{"@type":"ListItem","position":2,"name":"Winkel","item":"https:\/\/konro-grill.com\/winkel\/"},{"@type":"ListItem","position":3,"name":"Konro Grill Binchotan Maitiew 5kg"}]},{"@type":"WebSite","@id":"https:\/\/konro-grill.com\/#website","url":"https:\/\/konro-grill.com\/","name":"Konro Grill","description":"Konro Grill, le plus grand sp\u00e9cialiste du barbecue japonais","publisher":{"@id":"https:\/\/konro-grill.com\/#organization"},"potentialAction":[{"@type":"SearchAction","target":{"@type":"EntryPoint","urlTemplate":"https:\/\/konro-grill.com\/?s={search_term_string}"},"query-input":{"@type":"PropertyValueSpecification","valueRequired":true,"valueName":"search_term_string"}}],"inLanguage":"fr-FR"},{"@type":"Organization","@id":"https:\/\/konro-grill.com\/#organization","name":"Konro Grill","url":"https:\/\/konro-grill.com\/","logo":{"@type":"ImageObject","inLanguage":"fr-FR","@id":"https:\/\/konro-grill.com\/#\/schema\/logo\/image\/","url":"https:\/\/konro-grill.com\/wp-content\/uploads\/2021\/10\/konro-grill-logo.png","contentUrl":"https:\/\/konro-grill.com\/wp-content\/uploads\/2021\/10\/konro-grill-logo.png","width":650,"height":80,"caption":"Konro Grill"},"image":{"@id":"https:\/\/konro-grill.com\/#\/schema\/logo\/image\/"},"sameAs":["https:\/\/facebook.com\/KonroGrillCom","https:\/\/www.instagram.com\/konrogrillcom\/"]}]}},"df_price":59.95,"df_sale_price":"","df_regular_price":59.95,"df_image_link":"https:\/\/konro-grill.com\/wp-content\/uploads\/2025\/05\/Konro-Grill-Maitiew-Binchotan-300x300.jpg","_links":{"self":[{"href":"https:\/\/konro-grill.com\/fr\/wp-json\/wp\/v2\/product\/9007","targetHints":{"allow":["GET"]}}],"collection":[{"href":"https:\/\/konro-grill.com\/fr\/wp-json\/wp\/v2\/product"}],"about":[{"href":"https:\/\/konro-grill.com\/fr\/wp-json\/wp\/v2\/types\/product"}],"wp:featuredmedia":[{"embeddable":true,"href":"https:\/\/konro-grill.com\/fr\/wp-json\/wp\/v2\/media\/9008"}],"wp:attachment":[{"href":"https:\/\/konro-grill.com\/fr\/wp-json\/wp\/v2\/media?parent=9007"}],"wp:term":[{"taxonomy":"product_brand","embeddable":true,"href":"https:\/\/konro-grill.com\/fr\/wp-json\/wp\/v2\/product_brand?post=9007"},{"taxonomy":"product_cat","embeddable":true,"href":"https:\/\/konro-grill.com\/fr\/wp-json\/wp\/v2\/product_cat?post=9007"},{"taxonomy":"product_tag","embeddable":true,"href":"https:\/\/konro-grill.com\/fr\/wp-json\/wp\/v2\/product_tag?post=9007"}],"curies":[{"name":"wp","href":"https:\/\/api.w.org\/{rel}","templated":true}]}}