{"id":907,"date":"2022-06-09T14:37:24","date_gmt":"2022-06-09T12:37:24","guid":{"rendered":"https:\/\/konro-grill.com\/?post_type=product&#038;p=907"},"modified":"2026-04-04T10:28:02","modified_gmt":"2026-04-04T08:28:02","slug":"pinces-a-barbecue-en-acier-inoxydable","status":"publish","type":"product","link":"https:\/\/konro-grill.com\/fr\/produit\/pinces-a-barbecue-en-acier-inoxydable\/","title":{"rendered":"Pince \u00e0 barbecue en acier inoxydable 24 cm"},"content":{"rendered":"","protected":false},"excerpt":{"rendered":"<h2>Des grillades faciles avec les bons outils<\/h2>\n<p>Tourne et d\u00e9place facilement tes aliments sur ton Konro Grill gr\u00e2ce \u00e0 ces pinces pratiques en acier inoxydable. Les pinces sont fabriqu\u00e9es, en une seule pi\u00e8ce, en acier inoxydable et mesurent 24 centim\u00e8tres de long.<\/p>","protected":false},"featured_media":909,"template":"","meta":{"inline_featured_image":false},"product_brand":[],"product_cat":[510,99],"product_tag":[],"class_list":{"0":"post-907","1":"product","2":"type-product","3":"status-publish","4":"has-post-thumbnail","6":"product_cat-export","7":"product_cat-konro-accessoires","8":"entry","9":"has-media","11":"first","12":"instock","13":"taxable","14":"shipping-taxable","15":"purchasable","16":"product-type-simple"},"bundled_by":[],"bundle_stock_status":"instock","bundle_stock_quantity":45,"bundle_virtual":false,"bundle_layout":"","bundle_add_to_cart_form_location":"","bundle_editable_in_cart":false,"bundle_sold_individually_context":"","bundle_item_grouping":"","bundle_min_size":"","bundle_max_size":"","bundle_price":[],"bundled_items":[],"bundle_sell_ids":[],"yoast_head":"<!-- This site is optimized with the Yoast SEO plugin v27.3 - https:\/\/yoast.com\/product\/yoast-seo-wordpress\/ -->\n<title>BBQ Tang RVS | 24cm lang | Konro Grill<\/title>\n<meta name=\"description\" content=\"Gemakkelijk je etenswaren draaien en keren op de Konro Grill met deze Tang van roestvrijstaal en een lengte van 24cm.\" \/>\n<meta name=\"robots\" content=\"index, follow, max-snippet:-1, max-image-preview:large, max-video-preview:-1\" \/>\n<link rel=\"canonical\" href=\"https:\/\/konro-grill.com\/fr\/produit\/pinces-a-barbecue-en-acier-inoxydable\/\" \/>\n<meta property=\"og:locale\" content=\"fr_FR\" \/>\n<meta property=\"og:type\" content=\"article\" \/>\n<meta property=\"og:title\" content=\"BBQ Tang RVS | 24cm lang | Konro Grill\" \/>\n<meta property=\"og:description\" content=\"Gemakkelijk je etenswaren draaien en keren op de Konro Grill met deze Tang van roestvrijstaal en een lengte van 24cm.\" \/>\n<meta property=\"og:url\" content=\"https:\/\/konro-grill.com\/fr\/produit\/pinces-a-barbecue-en-acier-inoxydable\/\" \/>\n<meta property=\"og:site_name\" content=\"Konro Grill, de grootste Japanse BBQ specialist\" \/>\n<meta property=\"article:publisher\" content=\"https:\/\/facebook.com\/KonroGrillCom\" \/>\n<meta property=\"article:modified_time\" content=\"2026-04-04T08:28:02+00:00\" \/>\n<meta property=\"og:image\" content=\"https:\/\/konro-grill.com\/wp-content\/uploads\/2022\/06\/Kitchen-Tong-For-Konro-Grilling-24cm-Konro-Grill.jpg\" \/>\n\t<meta property=\"og:image:width\" content=\"800\" \/>\n\t<meta property=\"og:image:height\" content=\"800\" \/>\n\t<meta property=\"og:image:type\" content=\"image\/jpeg\" \/>\n<meta name=\"twitter:card\" content=\"summary_large_image\" \/>\n<meta name=\"twitter:label1\" content=\"Dur\u00e9e de lecture estim\u00e9e\" \/>\n\t<meta name=\"twitter:data1\" content=\"1 minute\" \/>\n<script type=\"application\/ld+json\" class=\"yoast-schema-graph\">{\"@context\":\"https:\\\/\\\/schema.org\",\"@graph\":[{\"@type\":\"WebPage\",\"@id\":\"https:\\\/\\\/konro-grill.com\\\/product\\\/bbq-tang-rvs\\\/\",\"url\":\"https:\\\/\\\/konro-grill.com\\\/product\\\/bbq-tang-rvs\\\/\",\"name\":\"BBQ Tang RVS | 24cm lang | Konro Grill\",\"isPartOf\":{\"@id\":\"https:\\\/\\\/konro-grill.com\\\/#website\"},\"primaryImageOfPage\":{\"@id\":\"https:\\\/\\\/konro-grill.com\\\/product\\\/bbq-tang-rvs\\\/#primaryimage\"},\"image\":{\"@id\":\"https:\\\/\\\/konro-grill.com\\\/product\\\/bbq-tang-rvs\\\/#primaryimage\"},\"thumbnailUrl\":\"https:\\\/\\\/konro-grill.com\\\/wp-content\\\/uploads\\\/2022\\\/06\\\/Kitchen-Tong-For-Konro-Grilling-24cm-Konro-Grill.jpg\",\"datePublished\":\"2022-06-09T12:37:24+00:00\",\"dateModified\":\"2026-04-04T08:28:02+00:00\",\"description\":\"Gemakkelijk je etenswaren draaien en keren op de Konro Grill met deze Tang van roestvrijstaal en een lengte van 24cm.\",\"breadcrumb\":{\"@id\":\"https:\\\/\\\/konro-grill.com\\\/product\\\/bbq-tang-rvs\\\/#breadcrumb\"},\"inLanguage\":\"fr-FR\",\"potentialAction\":[{\"@type\":\"ReadAction\",\"target\":[\"https:\\\/\\\/konro-grill.com\\\/product\\\/bbq-tang-rvs\\\/\"]}]},{\"@type\":\"ImageObject\",\"inLanguage\":\"fr-FR\",\"@id\":\"https:\\\/\\\/konro-grill.com\\\/product\\\/bbq-tang-rvs\\\/#primaryimage\",\"url\":\"https:\\\/\\\/konro-grill.com\\\/wp-content\\\/uploads\\\/2022\\\/06\\\/Kitchen-Tong-For-Konro-Grilling-24cm-Konro-Grill.jpg\",\"contentUrl\":\"https:\\\/\\\/konro-grill.com\\\/wp-content\\\/uploads\\\/2022\\\/06\\\/Kitchen-Tong-For-Konro-Grilling-24cm-Konro-Grill.jpg\",\"width\":800,\"height\":800,\"caption\":\"Kitchen Tong For Konro Grilling 24cm\"},{\"@type\":\"BreadcrumbList\",\"@id\":\"https:\\\/\\\/konro-grill.com\\\/product\\\/bbq-tang-rvs\\\/#breadcrumb\",\"itemListElement\":[{\"@type\":\"ListItem\",\"position\":1,\"name\":\"Home\",\"item\":\"https:\\\/\\\/konro-grill.com\\\/\"},{\"@type\":\"ListItem\",\"position\":2,\"name\":\"Winkel\",\"item\":\"https:\\\/\\\/konro-grill.com\\\/winkel\\\/\"},{\"@type\":\"ListItem\",\"position\":3,\"name\":\"BBQ tang RVS 24 cm\"}]},{\"@type\":\"WebSite\",\"@id\":\"https:\\\/\\\/konro-grill.com\\\/#website\",\"url\":\"https:\\\/\\\/konro-grill.com\\\/\",\"name\":\"Konro Grill\",\"description\":\"Konro Grill, de Grootste Japanse BBQ Specialist\",\"publisher\":{\"@id\":\"https:\\\/\\\/konro-grill.com\\\/#organization\"},\"potentialAction\":[{\"@type\":\"SearchAction\",\"target\":{\"@type\":\"EntryPoint\",\"urlTemplate\":\"https:\\\/\\\/konro-grill.com\\\/?s={search_term_string}\"},\"query-input\":{\"@type\":\"PropertyValueSpecification\",\"valueRequired\":true,\"valueName\":\"search_term_string\"}}],\"inLanguage\":\"fr-FR\"},{\"@type\":\"Organization\",\"@id\":\"https:\\\/\\\/konro-grill.com\\\/#organization\",\"name\":\"Konro Grill\",\"url\":\"https:\\\/\\\/konro-grill.com\\\/\",\"logo\":{\"@type\":\"ImageObject\",\"inLanguage\":\"fr-FR\",\"@id\":\"https:\\\/\\\/konro-grill.com\\\/#\\\/schema\\\/logo\\\/image\\\/\",\"url\":\"https:\\\/\\\/konro-grill.com\\\/wp-content\\\/uploads\\\/2021\\\/10\\\/konro-grill-logo.png\",\"contentUrl\":\"https:\\\/\\\/konro-grill.com\\\/wp-content\\\/uploads\\\/2021\\\/10\\\/konro-grill-logo.png\",\"width\":650,\"height\":80,\"caption\":\"Konro Grill\"},\"image\":{\"@id\":\"https:\\\/\\\/konro-grill.com\\\/#\\\/schema\\\/logo\\\/image\\\/\"},\"sameAs\":[\"https:\\\/\\\/facebook.com\\\/KonroGrillCom\",\"https:\\\/\\\/www.instagram.com\\\/konrogrillcom\\\/\"]}]}<\/script>\n<!-- \/ Yoast SEO plugin. -->","yoast_head_json":{"title":"Pince \u00e0 barbecue en acier inoxydable | 24cm de long | Konro Grill","description":"Tourne et retourne facilement tes aliments sur le Konro Grill gr\u00e2ce \u00e0 cette pince en acier inoxydable d'une longueur de 24 cm.","robots":{"index":"index","follow":"follow","max-snippet":"max-snippet:-1","max-image-preview":"max-image-preview:large","max-video-preview":"max-video-preview:-1"},"canonical":"https:\/\/konro-grill.com\/fr\/produit\/pinces-a-barbecue-en-acier-inoxydable\/","og_locale":"fr_FR","og_type":"article","og_title":"BBQ Tang RVS | 24cm lang | Konro Grill","og_description":"Gemakkelijk je etenswaren draaien en keren op de Konro Grill met deze Tang van roestvrijstaal en een lengte van 24cm.","og_url":"https:\/\/konro-grill.com\/fr\/produit\/pinces-a-barbecue-en-acier-inoxydable\/","og_site_name":"Konro Grill, de grootste Japanse BBQ specialist","article_publisher":"https:\/\/facebook.com\/KonroGrillCom","article_modified_time":"2026-04-04T08:28:02+00:00","og_image":[{"width":800,"height":800,"url":"https:\/\/konro-grill.com\/wp-content\/uploads\/2022\/06\/Kitchen-Tong-For-Konro-Grilling-24cm-Konro-Grill.jpg","type":"image\/jpeg"}],"twitter_card":"summary_large_image","twitter_misc":{"Dur\u00e9e de lecture estim\u00e9e":"1 minute"},"schema":{"@context":"https:\/\/schema.org","@graph":[{"@type":"WebPage","@id":"https:\/\/konro-grill.com\/product\/bbq-tang-rvs\/","url":"https:\/\/konro-grill.com\/product\/bbq-tang-rvs\/","name":"Pince \u00e0 barbecue en acier inoxydable | 24cm de long | Konro Grill","isPartOf":{"@id":"https:\/\/konro-grill.com\/#website"},"primaryImageOfPage":{"@id":"https:\/\/konro-grill.com\/product\/bbq-tang-rvs\/#primaryimage"},"image":{"@id":"https:\/\/konro-grill.com\/product\/bbq-tang-rvs\/#primaryimage"},"thumbnailUrl":"https:\/\/konro-grill.com\/wp-content\/uploads\/2022\/06\/Kitchen-Tong-For-Konro-Grilling-24cm-Konro-Grill.jpg","datePublished":"2022-06-09T12:37:24+00:00","dateModified":"2026-04-04T08:28:02+00:00","description":"Tourne et retourne facilement tes aliments sur le Konro Grill gr\u00e2ce \u00e0 cette pince en acier inoxydable d'une longueur de 24 cm.","breadcrumb":{"@id":"https:\/\/konro-grill.com\/product\/bbq-tang-rvs\/#breadcrumb"},"inLanguage":"fr-FR","potentialAction":[{"@type":"ReadAction","target":["https:\/\/konro-grill.com\/product\/bbq-tang-rvs\/"]}]},{"@type":"ImageObject","inLanguage":"fr-FR","@id":"https:\/\/konro-grill.com\/product\/bbq-tang-rvs\/#primaryimage","url":"https:\/\/konro-grill.com\/wp-content\/uploads\/2022\/06\/Kitchen-Tong-For-Konro-Grilling-24cm-Konro-Grill.jpg","contentUrl":"https:\/\/konro-grill.com\/wp-content\/uploads\/2022\/06\/Kitchen-Tong-For-Konro-Grilling-24cm-Konro-Grill.jpg","width":800,"height":800,"caption":"Kitchen Tong For Konro Grilling 24cm"},{"@type":"BreadcrumbList","@id":"https:\/\/konro-grill.com\/product\/bbq-tang-rvs\/#breadcrumb","itemListElement":[{"@type":"ListItem","position":1,"name":"Home","item":"https:\/\/konro-grill.com\/"},{"@type":"ListItem","position":2,"name":"Winkel","item":"https:\/\/konro-grill.com\/winkel\/"},{"@type":"ListItem","position":3,"name":"BBQ tang RVS 24 cm"}]},{"@type":"WebSite","@id":"https:\/\/konro-grill.com\/#website","url":"https:\/\/konro-grill.com\/","name":"Konro Grill","description":"Konro Grill, le plus grand sp\u00e9cialiste du barbecue japonais","publisher":{"@id":"https:\/\/konro-grill.com\/#organization"},"potentialAction":[{"@type":"SearchAction","target":{"@type":"EntryPoint","urlTemplate":"https:\/\/konro-grill.com\/?s={search_term_string}"},"query-input":{"@type":"PropertyValueSpecification","valueRequired":true,"valueName":"search_term_string"}}],"inLanguage":"fr-FR"},{"@type":"Organization","@id":"https:\/\/konro-grill.com\/#organization","name":"Konro Grill","url":"https:\/\/konro-grill.com\/","logo":{"@type":"ImageObject","inLanguage":"fr-FR","@id":"https:\/\/konro-grill.com\/#\/schema\/logo\/image\/","url":"https:\/\/konro-grill.com\/wp-content\/uploads\/2021\/10\/konro-grill-logo.png","contentUrl":"https:\/\/konro-grill.com\/wp-content\/uploads\/2021\/10\/konro-grill-logo.png","width":650,"height":80,"caption":"Konro Grill"},"image":{"@id":"https:\/\/konro-grill.com\/#\/schema\/logo\/image\/"},"sameAs":["https:\/\/facebook.com\/KonroGrillCom","https:\/\/www.instagram.com\/konrogrillcom\/"]}]}},"df_price":18.95,"df_sale_price":"","df_regular_price":18.95,"df_image_link":"https:\/\/konro-grill.com\/wp-content\/uploads\/2022\/06\/Kitchen-Tong-For-Konro-Grilling-24cm-Konro-Grill-300x300.jpg","_links":{"self":[{"href":"https:\/\/konro-grill.com\/fr\/wp-json\/wp\/v2\/product\/907","targetHints":{"allow":["GET"]}}],"collection":[{"href":"https:\/\/konro-grill.com\/fr\/wp-json\/wp\/v2\/product"}],"about":[{"href":"https:\/\/konro-grill.com\/fr\/wp-json\/wp\/v2\/types\/product"}],"wp:featuredmedia":[{"embeddable":true,"href":"https:\/\/konro-grill.com\/fr\/wp-json\/wp\/v2\/media\/909"}],"wp:attachment":[{"href":"https:\/\/konro-grill.com\/fr\/wp-json\/wp\/v2\/media?parent=907"}],"wp:term":[{"taxonomy":"product_brand","embeddable":true,"href":"https:\/\/konro-grill.com\/fr\/wp-json\/wp\/v2\/product_brand?post=907"},{"taxonomy":"product_cat","embeddable":true,"href":"https:\/\/konro-grill.com\/fr\/wp-json\/wp\/v2\/product_cat?post=907"},{"taxonomy":"product_tag","embeddable":true,"href":"https:\/\/konro-grill.com\/fr\/wp-json\/wp\/v2\/product_tag?post=907"}],"curies":[{"name":"wp","href":"https:\/\/api.w.org\/{rel}","templated":true}]}}