{"id":915,"date":"2022-06-09T15:29:31","date_gmt":"2022-06-09T13:29:31","guid":{"rendered":"https:\/\/konro-grill.com\/?post_type=product&#038;p=915"},"modified":"2026-04-22T10:28:05","modified_gmt":"2026-04-22T08:28:05","slug":"brochettes-en-bambou-3","status":"publish","type":"product","link":"https:\/\/konro-grill.com\/fr\/produit\/brochettes-en-bambou-3\/","title":{"rendered":"Brochettes en bambou longues 50 pi\u00e8ces"},"content":{"rendered":"","protected":false},"excerpt":{"rendered":"<h2>Pour les brochettes yakitori les plus savoureuses<\/h2>\n<p>Si vous aimez pr\u00e9parer des yakitori ou d'autres brochettes sur votre Konro Grill, vous avez \u00e9videmment besoin des meilleures brochettes. Le contenu de la bo\u00eete se compose de 50 brochettes en bambou de 18 centim\u00e8tres. Faites-les tremper dans de l'eau pendant une heure pour \u00e9viter qu'elles ne br\u00fblent sur votre Konro Grill chaud.<\/p>","protected":false},"featured_media":916,"template":"","meta":{"inline_featured_image":false},"product_brand":[],"product_cat":[376,510,99,381],"product_tag":[],"class_list":{"0":"post-915","1":"product","2":"type-product","3":"status-publish","4":"has-post-thumbnail","6":"product_cat-bbq-spiezen","7":"product_cat-export","8":"product_cat-konro-accessoires","9":"product_cat-konro-essentials","10":"entry","11":"has-media","13":"first","14":"instock","15":"taxable","16":"shipping-taxable","17":"purchasable","18":"product-type-simple"},"bundled_by":["1456","1460","1462","1464","1466","1468","1470","1472","2452","2453","2454","2455","6565","3214","6728","6725","6818","6889","7590","7776","7818","8261","8262","8263","8264","8267","8268","8261"],"bundle_stock_status":"instock","bundle_stock_quantity":388,"bundle_virtual":false,"bundle_layout":"","bundle_add_to_cart_form_location":"","bundle_editable_in_cart":false,"bundle_sold_individually_context":"","bundle_item_grouping":"","bundle_min_size":"","bundle_max_size":"","bundle_price":[],"bundled_items":[],"bundle_sell_ids":[],"yoast_head":"<!-- This site is optimized with the Yoast SEO plugin v27.4 - https:\/\/yoast.com\/product\/yoast-seo-wordpress\/ -->\n<title>Bamboe Spiesen van de beste kwaliteit | Shop bij Konro Grill<\/title>\n<meta name=\"description\" content=\"Maak de lekkerste yakitori of andere BBQ spiesjes op je Konro Grill met deze Bamboe Spiesen van KonroGrill.com. Verkrijgbaar per 50 stuks.\" \/>\n<meta name=\"robots\" content=\"index, follow, max-snippet:-1, max-image-preview:large, max-video-preview:-1\" \/>\n<link rel=\"canonical\" href=\"https:\/\/konro-grill.com\/fr\/produit\/brochettes-en-bambou-3\/\" \/>\n<meta property=\"og:locale\" content=\"fr_FR\" \/>\n<meta property=\"og:type\" content=\"article\" \/>\n<meta property=\"og:title\" content=\"Bamboe Spiesen van de beste kwaliteit | Shop bij Konro Grill\" \/>\n<meta property=\"og:description\" content=\"Maak de lekkerste yakitori of andere BBQ spiesjes op je Konro Grill met deze Bamboe Spiesen van KonroGrill.com. Verkrijgbaar per 50 stuks.\" \/>\n<meta property=\"og:url\" content=\"https:\/\/konro-grill.com\/fr\/produit\/brochettes-en-bambou-3\/\" \/>\n<meta property=\"og:site_name\" content=\"Konro Grill, de grootste Japanse BBQ specialist\" \/>\n<meta property=\"article:publisher\" content=\"https:\/\/facebook.com\/KonroGrillCom\" \/>\n<meta property=\"article:modified_time\" content=\"2026-04-22T08:28:05+00:00\" \/>\n<meta property=\"og:image\" content=\"https:\/\/konro-grill.com\/wp-content\/uploads\/2022\/06\/Konro-Bamboo-Skewer-Display-Pack-Konro-Grill.jpg\" \/>\n\t<meta property=\"og:image:width\" content=\"800\" \/>\n\t<meta property=\"og:image:height\" content=\"800\" \/>\n\t<meta property=\"og:image:type\" content=\"image\/jpeg\" \/>\n<meta name=\"twitter:card\" content=\"summary_large_image\" \/>\n<meta name=\"twitter:label1\" content=\"Dur\u00e9e de lecture estim\u00e9e\" \/>\n\t<meta name=\"twitter:data1\" content=\"1 minute\" \/>\n<script type=\"application\/ld+json\" class=\"yoast-schema-graph\">{\"@context\":\"https:\\\/\\\/schema.org\",\"@graph\":[{\"@type\":\"WebPage\",\"@id\":\"https:\\\/\\\/konro-grill.com\\\/product\\\/bamboe-spiesen\\\/\",\"url\":\"https:\\\/\\\/konro-grill.com\\\/product\\\/bamboe-spiesen\\\/\",\"name\":\"Bamboe Spiesen van de beste kwaliteit | Shop bij Konro Grill\",\"isPartOf\":{\"@id\":\"https:\\\/\\\/konro-grill.com\\\/#website\"},\"primaryImageOfPage\":{\"@id\":\"https:\\\/\\\/konro-grill.com\\\/product\\\/bamboe-spiesen\\\/#primaryimage\"},\"image\":{\"@id\":\"https:\\\/\\\/konro-grill.com\\\/product\\\/bamboe-spiesen\\\/#primaryimage\"},\"thumbnailUrl\":\"https:\\\/\\\/konro-grill.com\\\/wp-content\\\/uploads\\\/2022\\\/06\\\/Konro-Bamboo-Skewer-Display-Pack-Konro-Grill.jpg\",\"datePublished\":\"2022-06-09T13:29:31+00:00\",\"dateModified\":\"2026-04-22T08:28:05+00:00\",\"description\":\"Maak de lekkerste yakitori of andere BBQ spiesjes op je Konro Grill met deze Bamboe Spiesen van KonroGrill.com. Verkrijgbaar per 50 stuks.\",\"breadcrumb\":{\"@id\":\"https:\\\/\\\/konro-grill.com\\\/product\\\/bamboe-spiesen\\\/#breadcrumb\"},\"inLanguage\":\"fr-FR\",\"potentialAction\":[{\"@type\":\"ReadAction\",\"target\":[\"https:\\\/\\\/konro-grill.com\\\/product\\\/bamboe-spiesen\\\/\"]}]},{\"@type\":\"ImageObject\",\"inLanguage\":\"fr-FR\",\"@id\":\"https:\\\/\\\/konro-grill.com\\\/product\\\/bamboe-spiesen\\\/#primaryimage\",\"url\":\"https:\\\/\\\/konro-grill.com\\\/wp-content\\\/uploads\\\/2022\\\/06\\\/Konro-Bamboo-Skewer-Display-Pack-Konro-Grill.jpg\",\"contentUrl\":\"https:\\\/\\\/konro-grill.com\\\/wp-content\\\/uploads\\\/2022\\\/06\\\/Konro-Bamboo-Skewer-Display-Pack-Konro-Grill.jpg\",\"width\":800,\"height\":800,\"caption\":\"Konro Bamboe spiesen 50 stuks\"},{\"@type\":\"BreadcrumbList\",\"@id\":\"https:\\\/\\\/konro-grill.com\\\/product\\\/bamboe-spiesen\\\/#breadcrumb\",\"itemListElement\":[{\"@type\":\"ListItem\",\"position\":1,\"name\":\"Home\",\"item\":\"https:\\\/\\\/konro-grill.com\\\/\"},{\"@type\":\"ListItem\",\"position\":2,\"name\":\"Winkel\",\"item\":\"https:\\\/\\\/konro-grill.com\\\/winkel\\\/\"},{\"@type\":\"ListItem\",\"position\":3,\"name\":\"Bamboe Spiesen lang 50 stuks\"}]},{\"@type\":\"WebSite\",\"@id\":\"https:\\\/\\\/konro-grill.com\\\/#website\",\"url\":\"https:\\\/\\\/konro-grill.com\\\/\",\"name\":\"Konro Grill\",\"description\":\"Konro Grill, de Grootste Japanse BBQ Specialist\",\"publisher\":{\"@id\":\"https:\\\/\\\/konro-grill.com\\\/#organization\"},\"potentialAction\":[{\"@type\":\"SearchAction\",\"target\":{\"@type\":\"EntryPoint\",\"urlTemplate\":\"https:\\\/\\\/konro-grill.com\\\/?s={search_term_string}\"},\"query-input\":{\"@type\":\"PropertyValueSpecification\",\"valueRequired\":true,\"valueName\":\"search_term_string\"}}],\"inLanguage\":\"fr-FR\"},{\"@type\":\"Organization\",\"@id\":\"https:\\\/\\\/konro-grill.com\\\/#organization\",\"name\":\"Konro Grill\",\"url\":\"https:\\\/\\\/konro-grill.com\\\/\",\"logo\":{\"@type\":\"ImageObject\",\"inLanguage\":\"fr-FR\",\"@id\":\"https:\\\/\\\/konro-grill.com\\\/#\\\/schema\\\/logo\\\/image\\\/\",\"url\":\"https:\\\/\\\/konro-grill.com\\\/wp-content\\\/uploads\\\/2021\\\/10\\\/konro-grill-logo.png\",\"contentUrl\":\"https:\\\/\\\/konro-grill.com\\\/wp-content\\\/uploads\\\/2021\\\/10\\\/konro-grill-logo.png\",\"width\":650,\"height\":80,\"caption\":\"Konro Grill\"},\"image\":{\"@id\":\"https:\\\/\\\/konro-grill.com\\\/#\\\/schema\\\/logo\\\/image\\\/\"},\"sameAs\":[\"https:\\\/\\\/facebook.com\\\/KonroGrillCom\",\"https:\\\/\\\/www.instagram.com\\\/konrogrillcom\\\/\"]}]}<\/script>\n<!-- \/ Yoast SEO plugin. -->","yoast_head_json":{"title":"Brochettes en bambou de qualit\u00e9 sup\u00e9rieure | Shop at Konro Grill","description":"R\u00e9alisez les plus savoureuses yakitori ou autres brochettes BBQ sur votre Konro Grill avec ces brochettes en bambou de KonroGrill.com. Disponibles par 50 pi\u00e8ces.","robots":{"index":"index","follow":"follow","max-snippet":"max-snippet:-1","max-image-preview":"max-image-preview:large","max-video-preview":"max-video-preview:-1"},"canonical":"https:\/\/konro-grill.com\/fr\/produit\/brochettes-en-bambou-3\/","og_locale":"fr_FR","og_type":"article","og_title":"Bamboe Spiesen van de beste kwaliteit | Shop bij Konro Grill","og_description":"Maak de lekkerste yakitori of andere BBQ spiesjes op je Konro Grill met deze Bamboe Spiesen van KonroGrill.com. Verkrijgbaar per 50 stuks.","og_url":"https:\/\/konro-grill.com\/fr\/produit\/brochettes-en-bambou-3\/","og_site_name":"Konro Grill, de grootste Japanse BBQ specialist","article_publisher":"https:\/\/facebook.com\/KonroGrillCom","article_modified_time":"2026-04-22T08:28:05+00:00","og_image":[{"width":800,"height":800,"url":"https:\/\/konro-grill.com\/wp-content\/uploads\/2022\/06\/Konro-Bamboo-Skewer-Display-Pack-Konro-Grill.jpg","type":"image\/jpeg"}],"twitter_card":"summary_large_image","twitter_misc":{"Dur\u00e9e de lecture estim\u00e9e":"1 minute"},"schema":{"@context":"https:\/\/schema.org","@graph":[{"@type":"WebPage","@id":"https:\/\/konro-grill.com\/product\/bamboe-spiesen\/","url":"https:\/\/konro-grill.com\/product\/bamboe-spiesen\/","name":"Brochettes en bambou de qualit\u00e9 sup\u00e9rieure | Shop at Konro Grill","isPartOf":{"@id":"https:\/\/konro-grill.com\/#website"},"primaryImageOfPage":{"@id":"https:\/\/konro-grill.com\/product\/bamboe-spiesen\/#primaryimage"},"image":{"@id":"https:\/\/konro-grill.com\/product\/bamboe-spiesen\/#primaryimage"},"thumbnailUrl":"https:\/\/konro-grill.com\/wp-content\/uploads\/2022\/06\/Konro-Bamboo-Skewer-Display-Pack-Konro-Grill.jpg","datePublished":"2022-06-09T13:29:31+00:00","dateModified":"2026-04-22T08:28:05+00:00","description":"R\u00e9alisez les plus savoureuses yakitori ou autres brochettes BBQ sur votre Konro Grill avec ces brochettes en bambou de KonroGrill.com. Disponibles par 50 pi\u00e8ces.","breadcrumb":{"@id":"https:\/\/konro-grill.com\/product\/bamboe-spiesen\/#breadcrumb"},"inLanguage":"fr-FR","potentialAction":[{"@type":"ReadAction","target":["https:\/\/konro-grill.com\/product\/bamboe-spiesen\/"]}]},{"@type":"ImageObject","inLanguage":"fr-FR","@id":"https:\/\/konro-grill.com\/product\/bamboe-spiesen\/#primaryimage","url":"https:\/\/konro-grill.com\/wp-content\/uploads\/2022\/06\/Konro-Bamboo-Skewer-Display-Pack-Konro-Grill.jpg","contentUrl":"https:\/\/konro-grill.com\/wp-content\/uploads\/2022\/06\/Konro-Bamboo-Skewer-Display-Pack-Konro-Grill.jpg","width":800,"height":800,"caption":"Konro Bamboe spiesen 50 stuks"},{"@type":"BreadcrumbList","@id":"https:\/\/konro-grill.com\/product\/bamboe-spiesen\/#breadcrumb","itemListElement":[{"@type":"ListItem","position":1,"name":"Home","item":"https:\/\/konro-grill.com\/"},{"@type":"ListItem","position":2,"name":"Winkel","item":"https:\/\/konro-grill.com\/winkel\/"},{"@type":"ListItem","position":3,"name":"Bamboe Spiesen lang 50 stuks"}]},{"@type":"WebSite","@id":"https:\/\/konro-grill.com\/#website","url":"https:\/\/konro-grill.com\/","name":"Konro Grill","description":"Konro Grill, le plus grand sp\u00e9cialiste du barbecue japonais","publisher":{"@id":"https:\/\/konro-grill.com\/#organization"},"potentialAction":[{"@type":"SearchAction","target":{"@type":"EntryPoint","urlTemplate":"https:\/\/konro-grill.com\/?s={search_term_string}"},"query-input":{"@type":"PropertyValueSpecification","valueRequired":true,"valueName":"search_term_string"}}],"inLanguage":"fr-FR"},{"@type":"Organization","@id":"https:\/\/konro-grill.com\/#organization","name":"Konro Grill","url":"https:\/\/konro-grill.com\/","logo":{"@type":"ImageObject","inLanguage":"fr-FR","@id":"https:\/\/konro-grill.com\/#\/schema\/logo\/image\/","url":"https:\/\/konro-grill.com\/wp-content\/uploads\/2021\/10\/konro-grill-logo.png","contentUrl":"https:\/\/konro-grill.com\/wp-content\/uploads\/2021\/10\/konro-grill-logo.png","width":650,"height":80,"caption":"Konro Grill"},"image":{"@id":"https:\/\/konro-grill.com\/#\/schema\/logo\/image\/"},"sameAs":["https:\/\/facebook.com\/KonroGrillCom","https:\/\/www.instagram.com\/konrogrillcom\/"]}]}},"df_price":3.95,"df_sale_price":"","df_regular_price":3.95,"df_image_link":"https:\/\/konro-grill.com\/wp-content\/uploads\/2022\/06\/Konro-Bamboo-Skewer-Display-Pack-Konro-Grill-300x300.jpg","_links":{"self":[{"href":"https:\/\/konro-grill.com\/fr\/wp-json\/wp\/v2\/product\/915","targetHints":{"allow":["GET"]}}],"collection":[{"href":"https:\/\/konro-grill.com\/fr\/wp-json\/wp\/v2\/product"}],"about":[{"href":"https:\/\/konro-grill.com\/fr\/wp-json\/wp\/v2\/types\/product"}],"wp:featuredmedia":[{"embeddable":true,"href":"https:\/\/konro-grill.com\/fr\/wp-json\/wp\/v2\/media\/916"}],"wp:attachment":[{"href":"https:\/\/konro-grill.com\/fr\/wp-json\/wp\/v2\/media?parent=915"}],"wp:term":[{"taxonomy":"product_brand","embeddable":true,"href":"https:\/\/konro-grill.com\/fr\/wp-json\/wp\/v2\/product_brand?post=915"},{"taxonomy":"product_cat","embeddable":true,"href":"https:\/\/konro-grill.com\/fr\/wp-json\/wp\/v2\/product_cat?post=915"},{"taxonomy":"product_tag","embeddable":true,"href":"https:\/\/konro-grill.com\/fr\/wp-json\/wp\/v2\/product_tag?post=915"}],"curies":[{"name":"wp","href":"https:\/\/api.w.org\/{rel}","templated":true}]}}