{"id":165,"date":"2020-11-11T12:35:19","date_gmt":"2020-11-11T11:35:19","guid":{"rendered":"https:\/\/konro-grill.com\/?page_id=165"},"modified":"2021-11-02T09:25:33","modified_gmt":"2021-11-02T08:25:33","slug":"informativa-sulla-privacy","status":"publish","type":"page","link":"https:\/\/konro-grill.com\/it\/informativa-sulla-privacy\/","title":{"rendered":"Informativa sulla privacy"},"content":{"rendered":"<div class=\"wpb-content-wrapper\"><div class=\"vc_row wpb_row vc_row-fluid site-doc-row wpex-vc-full-width-row wpex-vc-full-width-row--centered wpex-relative\"><div class=\"wpb_column vc_column_container vc_col-sm-12\"><div class=\"vc_column-inner\"><div class=\"wpb_wrapper\">\n\t<div class=\"wpb_text_column wpb_content_element site-doc-blok\" >\n\t\t<div class=\"wpb_wrapper\">\n\t\t\t<h1>Informativa sulla privacy di Konro Grill<\/h1>\n<p>Konro Grill fa parte ed \u00e8 un nome commerciale di Digital Q B.V.<br \/>\nDigital Q B.V., con sede in Anton Pieckplein 117A, 5171 CV Kaatsheuvel, \u00e8 responsabile del trattamento dei dati personali come indicato nella presente informativa.<\/p>\n<h4>Dettagli di contatto<\/h4>\n<p>Anton Pieckplein 117A<br \/>\n5171 CV Kaatsheuvel<br \/>\nTel: +31(0)416235010<\/p>\n<h4>Dati personali trattati<\/h4>\n<p>Digital Q B.V. tratta i vostri dati personali perch\u00e9 utilizzate i nostri servizi e\/o perch\u00e9 ce li fornite voi stessi. Di seguito troverete una panoramica dei dati personali che trattiamo:<\/p>\n<ul>\n<li>Nome e cognome<\/li>\n<li>Dettagli dell'indirizzo<\/li>\n<li>Numero di telefono<\/li>\n<li>Indirizzo e-mail<\/li>\n<li>Indirizzo IP<\/li>\n<li>Browser Internet e tipo di dispositivo<\/li>\n<li>Numero di conto corrente bancario<\/li>\n<\/ul>\n<h4>Dati personali particolari e\/o sensibili che trattiamo<\/h4>\n<p>Il nostro sito web e\/o servizio non intende raccogliere dati sui visitatori del sito che hanno meno di 16 anni. A meno che non abbiano il consenso dei genitori o di un tutore. Tuttavia, non possiamo verificare se un visitatore ha pi\u00f9 di 16 anni. Consigliamo pertanto ai genitori di essere coinvolti nelle attivit\u00e0 online dei propri figli per evitare di raccogliere dati sui minori senza il consenso dei genitori. Se siete convinti che abbiamo raccolto dati personali su un minore senza tale consenso, contattateci all'indirizzo info@konro-grill.com e provvederemo a cancellare tali informazioni.<\/p>\n<h4>Per quali finalit\u00e0 e su quali basi trattiamo i dati personali<\/h4>\n<p>Digital Q B.V. tratta i vostri dati personali per le seguenti finalit\u00e0:<\/p>\n<ul>\n<li>Gestione del pagamento<\/li>\n<li>Invio della nostra newsletter e\/o del volantino pubblicitario<\/li>\n<li>Chiamare o inviare e-mail all'utente, se necessario, per eseguire i nostri servizi.<\/li>\n<li>Informare l'utente delle modifiche apportate ai nostri servizi e prodotti<\/li>\n<li>Consente di creare un account<\/li>\n<li>Per consegnare all'utente beni e servizi<\/li>\n<li>Digital Q B.V. analizza il comportamento dell'utente sul sito web al fine di migliorare il sito stesso ed eventualmente adattare l'offerta di prodotti e servizi alle sue preferenze.<\/li>\n<li>Digital Q B.V. tratta anche i dati personali se \u00e8 obbligata per legge a farlo, come ad esempio i dati necessari per la nostra dichiarazione dei redditi.<\/li>\n<\/ul>\n<h4>Per quanto tempo conserviamo i dati personali<\/h4>\n<p>Digital Q B.V. non conserver\u00e0 i vostri dati personali oltre il tempo strettamente necessario per adempiere alle finalit\u00e0 per cui sono stati raccolti o per il tempo richiesto dalla legge.<\/p>\n<h4>Condivisione dei dati personali con terzi<\/h4>\n<p>Digital Q B.V. condivide i vostri dati personali con varie parti terze, se necessario per l'esecuzione del contratto e per adempiere a qualsiasi obbligo legale. Con le aziende che elaborano i vostri dati per nostro conto, stipuliamo un accordo di elaborazione per garantire lo stesso livello di sicurezza e riservatezza dei vostri dati. Digital Q B.V. rimane responsabile di questo trattamento. Digital Q B.V. non fornisce mai i vostri dati personali a terzi, ad esempio per scopi commerciali.<\/p>\n<h4>Cookie, o tecniche simili, che utilizziamo<\/h4>\n<p>Digital Q B.V. utilizza cookie funzionali, analitici e di monitoraggio. Un cookie \u00e8 un piccolo file di testo che viene memorizzato nel browser del vostro computer, tablet o smartphone la prima volta che visitate questo sito web. Digital Q B.V. utilizza cookie con una funzionalit\u00e0 puramente tecnica. Questi garantiscono il corretto funzionamento del sito web e la memorizzazione, ad esempio, delle vostre preferenze. Questi cookie sono utilizzati anche per far funzionare correttamente il sito web e per ottimizzarlo. Inoltre, inseriamo cookie che tracciano il vostro comportamento di navigazione per potervi offrire contenuti e pubblicit\u00e0 su misura. Durante la vostra prima visita al nostro sito web, vi abbiamo gi\u00e0 informato di questi cookie e vi abbiamo chiesto il permesso di inserirli. \u00c8 possibile rinunciare ai cookie in questa sezione o impostare il proprio browser Internet in modo che non li memorizzi pi\u00f9. \u00c8 inoltre possibile cancellare le informazioni precedentemente memorizzate tramite le impostazioni del browser. Ulteriori informazioni sui nostri cookie sono disponibili all'indirizzo <a href=\"https:\/\/kamadoexpress.nl\/cookiebeleid\/\" target=\"_blank\" rel=\"noopener\">qui<\/a>.<\/p>\n<h4>WebwinkelKeur<\/h4>\n<p>Raccogliamo recensioni attraverso la piattaforma di WebwinkelKeur. Se lasciate una recensione tramite WebwinkelKeur, vi viene richiesto di fornire un nome e un indirizzo e-mail. WebwinkelKeur condivide queste informazioni con noi per poter collegare la recensione all'ordine. WebwinkelKeur pubblica inoltre il nome dell'utente sul proprio sito web. Se vi invitiamo a lasciare una recensione, condividiamo il vostro nome, indirizzo e-mail, ID cliente e numero d'ordine con WebwinkelKeur. Questi dati vengono utilizzati al solo scopo di invitare l'utente a lasciare una recensione. WebwinkelKeur ha adottato misure tecniche e organizzative adeguate per proteggere i vostri dati personali.<\/p>\n<h4>Visualizzare, modificare o cancellare i dati<\/h4>\n<p>Avete il diritto di visualizzare, correggere o cancellare i vostri dati personali. Potete farlo voi stessi attraverso le impostazioni personali del vostro account. Avete inoltre il diritto di revocare il vostro eventuale consenso al trattamento dei dati o di opporvi al trattamento dei vostri dati personali da parte della nostra azienda e avete il diritto alla portabilit\u00e0 dei dati. Ci\u00f2 significa che potete richiederci di inviare i dati personali che vi riguardano in un file informatico a voi o a un'altra organizzazione da voi indicata. Se desiderate esercitare il vostro diritto di opposizione e\/o il diritto alla portabilit\u00e0 dei dati o avete altre domande\/commenti sul trattamento dei dati, inviate una richiesta specifica a <a href=\"mailto:info@konro-grill.com\">info@konro-grill.com<\/a>. Per essere certi che la richiesta di ispezione sia stata fatta da voi, vi chiediamo di inviare una copia del vostro documento d'identit\u00e0 insieme alla richiesta. In questa copia, oscurare la foto del passaporto, la MRZ (zona a lettura ottica, la striscia con i numeri nella parte inferiore del passaporto), il numero del passaporto e il Citizen Service Number (BSN). Questo per proteggere la vostra privacy. Digital Q B.V. risponder\u00e0 alla vostra richiesta il prima possibile, e comunque entro quattro settimane. Digital Q B.V. desidera inoltre sottolineare che avete la possibilit\u00e0 di presentare un reclamo all'autorit\u00e0 di controllo nazionale, l'Autorit\u00e0 per i dati personali. Per farlo \u00e8 possibile utilizzare il seguente link: https:\/\/autoriteitpersoonsgegevens.nl\/nl\/zelf-doen\/gebruik-uw-privacyrechten\/klacht-melden-bij-de-ap<\/p>\n<h4>Come proteggiamo i dati personali<\/h4>\n<p>Digital Q B.V. prende sul serio la protezione dei vostri dati e adotta misure adeguate per prevenire l'uso improprio, la perdita, l'accesso non autorizzato, la divulgazione indesiderata e la modifica non autorizzata. Se ritenete che i vostri dati non siano adeguatamente protetti o se vi sono indicazioni di un uso improprio, contattate il nostro servizio clienti o via <a href=\"mailto:info@konro-grill.com\">info@konro-grill.com<\/a><\/p>\n\n\t\t<\/div>\n\t<\/div>\n<\/div><\/div><\/div><\/div>\n<\/div>","protected":false},"excerpt":{"rendered":"Informativa sulla privacy di Konro Grill Konro Grill \u00e8 parte e nome commerciale di Digital Q B.V. Digital Q B.V., con sede in Anton Pieckplein 117A, 5171 CV Kaatsheuvel, \u00e8 responsabile del trattamento dei dati personali come riportato nella presente informativa sulla privacy. Dettagli di contatto Anton Pieckplein 117A 5171 CV Kaatsheuvel Tel: +31(0)416235010 I dati personali che trattiamo Digital Q B.V. tratta...","protected":false},"author":1,"featured_media":0,"parent":0,"menu_order":0,"comment_status":"closed","ping_status":"closed","template":"","meta":{"inline_featured_image":false,"footnotes":""},"class_list":["post-165","page","type-page","status-publish","hentry","entry","no-media"],"yoast_head":"<!-- This site is optimized with the Yoast SEO plugin v27.4 - https:\/\/yoast.com\/product\/yoast-seo-wordpress\/ -->\n<title>Privacybeleid | Konro Grill, de grootste Japanse BBQ specialist<\/title>\n<meta name=\"robots\" content=\"index, follow, max-snippet:-1, max-image-preview:large, max-video-preview:-1\" \/>\n<link rel=\"canonical\" href=\"https:\/\/konro-grill.com\/it\/informativa-sulla-privacy\/\" \/>\n<meta property=\"og:locale\" content=\"it_IT\" \/>\n<meta property=\"og:type\" content=\"article\" \/>\n<meta property=\"og:title\" content=\"Privacybeleid | Konro Grill, de grootste Japanse BBQ specialist\" \/>\n<meta property=\"og:url\" content=\"https:\/\/konro-grill.com\/it\/informativa-sulla-privacy\/\" \/>\n<meta property=\"og:site_name\" content=\"Konro Grill, de grootste Japanse BBQ specialist\" \/>\n<meta property=\"article:publisher\" content=\"https:\/\/facebook.com\/KonroGrillCom\" \/>\n<meta property=\"article:modified_time\" content=\"2021-11-02T08:25:33+00:00\" \/>\n<meta property=\"og:image\" content=\"https:\/\/konro-grill.com\/wp-content\/uploads\/2026\/03\/Konro-Grill-Logo-1.jpg\" \/>\n\t<meta property=\"og:image:width\" content=\"1200\" \/>\n\t<meta property=\"og:image:height\" content=\"675\" \/>\n\t<meta property=\"og:image:type\" content=\"image\/jpeg\" \/>\n<meta name=\"twitter:card\" content=\"summary_large_image\" \/>\n<meta name=\"twitter:label1\" content=\"Tempo di lettura stimato\" \/>\n\t<meta name=\"twitter:data1\" content=\"5 minuti\" \/>\n<script type=\"application\/ld+json\" class=\"yoast-schema-graph\">{\"@context\":\"https:\\\/\\\/schema.org\",\"@graph\":[{\"@type\":\"WebPage\",\"@id\":\"https:\\\/\\\/konro-grill.com\\\/privacybeleid\\\/\",\"url\":\"https:\\\/\\\/konro-grill.com\\\/privacybeleid\\\/\",\"name\":\"Privacybeleid | Konro Grill, de grootste Japanse BBQ specialist\",\"isPartOf\":{\"@id\":\"https:\\\/\\\/konro-grill.com\\\/#website\"},\"datePublished\":\"2020-11-11T11:35:19+00:00\",\"dateModified\":\"2021-11-02T08:25:33+00:00\",\"breadcrumb\":{\"@id\":\"https:\\\/\\\/konro-grill.com\\\/privacybeleid\\\/#breadcrumb\"},\"inLanguage\":\"it-IT\",\"potentialAction\":[{\"@type\":\"ReadAction\",\"target\":[\"https:\\\/\\\/konro-grill.com\\\/privacybeleid\\\/\"]}]},{\"@type\":\"BreadcrumbList\",\"@id\":\"https:\\\/\\\/konro-grill.com\\\/privacybeleid\\\/#breadcrumb\",\"itemListElement\":[{\"@type\":\"ListItem\",\"position\":1,\"name\":\"Home\",\"item\":\"https:\\\/\\\/konro-grill.com\\\/\"},{\"@type\":\"ListItem\",\"position\":2,\"name\":\"Privacybeleid\"}]},{\"@type\":\"WebSite\",\"@id\":\"https:\\\/\\\/konro-grill.com\\\/#website\",\"url\":\"https:\\\/\\\/konro-grill.com\\\/\",\"name\":\"Konro Grill\",\"description\":\"Konro Grill, de Grootste Japanse BBQ Specialist\",\"publisher\":{\"@id\":\"https:\\\/\\\/konro-grill.com\\\/#organization\"},\"potentialAction\":[{\"@type\":\"SearchAction\",\"target\":{\"@type\":\"EntryPoint\",\"urlTemplate\":\"https:\\\/\\\/konro-grill.com\\\/?s={search_term_string}\"},\"query-input\":{\"@type\":\"PropertyValueSpecification\",\"valueRequired\":true,\"valueName\":\"search_term_string\"}}],\"inLanguage\":\"it-IT\"},{\"@type\":\"Organization\",\"@id\":\"https:\\\/\\\/konro-grill.com\\\/#organization\",\"name\":\"Konro Grill\",\"url\":\"https:\\\/\\\/konro-grill.com\\\/\",\"logo\":{\"@type\":\"ImageObject\",\"inLanguage\":\"it-IT\",\"@id\":\"https:\\\/\\\/konro-grill.com\\\/#\\\/schema\\\/logo\\\/image\\\/\",\"url\":\"https:\\\/\\\/konro-grill.com\\\/wp-content\\\/uploads\\\/2021\\\/10\\\/konro-grill-logo.png\",\"contentUrl\":\"https:\\\/\\\/konro-grill.com\\\/wp-content\\\/uploads\\\/2021\\\/10\\\/konro-grill-logo.png\",\"width\":650,\"height\":80,\"caption\":\"Konro Grill\"},\"image\":{\"@id\":\"https:\\\/\\\/konro-grill.com\\\/#\\\/schema\\\/logo\\\/image\\\/\"},\"sameAs\":[\"https:\\\/\\\/facebook.com\\\/KonroGrillCom\",\"https:\\\/\\\/www.instagram.com\\\/konrogrillcom\\\/\"]}]}<\/script>\n<!-- \/ Yoast SEO plugin. -->","yoast_head_json":{"title":"Informativa sulla privacy | Konro Grill, il pi\u00f9 grande specialista del barbecue giapponese","robots":{"index":"index","follow":"follow","max-snippet":"max-snippet:-1","max-image-preview":"max-image-preview:large","max-video-preview":"max-video-preview:-1"},"canonical":"https:\/\/konro-grill.com\/it\/informativa-sulla-privacy\/","og_locale":"it_IT","og_type":"article","og_title":"Privacybeleid | Konro Grill, de grootste Japanse BBQ specialist","og_url":"https:\/\/konro-grill.com\/it\/informativa-sulla-privacy\/","og_site_name":"Konro Grill, de grootste Japanse BBQ specialist","article_publisher":"https:\/\/facebook.com\/KonroGrillCom","article_modified_time":"2021-11-02T08:25:33+00:00","og_image":[{"width":1200,"height":675,"url":"https:\/\/konro-grill.com\/wp-content\/uploads\/2026\/03\/Konro-Grill-Logo-1.jpg","type":"image\/jpeg"}],"twitter_card":"summary_large_image","twitter_misc":{"Tempo di lettura stimato":"5 minuti"},"schema":{"@context":"https:\/\/schema.org","@graph":[{"@type":"WebPage","@id":"https:\/\/konro-grill.com\/privacybeleid\/","url":"https:\/\/konro-grill.com\/privacybeleid\/","name":"Informativa sulla privacy | Konro Grill, il pi\u00f9 grande specialista del barbecue giapponese","isPartOf":{"@id":"https:\/\/konro-grill.com\/#website"},"datePublished":"2020-11-11T11:35:19+00:00","dateModified":"2021-11-02T08:25:33+00:00","breadcrumb":{"@id":"https:\/\/konro-grill.com\/privacybeleid\/#breadcrumb"},"inLanguage":"it-IT","potentialAction":[{"@type":"ReadAction","target":["https:\/\/konro-grill.com\/privacybeleid\/"]}]},{"@type":"BreadcrumbList","@id":"https:\/\/konro-grill.com\/privacybeleid\/#breadcrumb","itemListElement":[{"@type":"ListItem","position":1,"name":"Home","item":"https:\/\/konro-grill.com\/"},{"@type":"ListItem","position":2,"name":"Privacybeleid"}]},{"@type":"WebSite","@id":"https:\/\/konro-grill.com\/#website","url":"https:\/\/konro-grill.com\/","name":"Konro Grill","description":"Konro Grill, il pi\u00f9 grande specialista del BBQ giapponese","publisher":{"@id":"https:\/\/konro-grill.com\/#organization"},"potentialAction":[{"@type":"SearchAction","target":{"@type":"EntryPoint","urlTemplate":"https:\/\/konro-grill.com\/?s={search_term_string}"},"query-input":{"@type":"PropertyValueSpecification","valueRequired":true,"valueName":"search_term_string"}}],"inLanguage":"it-IT"},{"@type":"Organization","@id":"https:\/\/konro-grill.com\/#organization","name":"Konro Grill","url":"https:\/\/konro-grill.com\/","logo":{"@type":"ImageObject","inLanguage":"it-IT","@id":"https:\/\/konro-grill.com\/#\/schema\/logo\/image\/","url":"https:\/\/konro-grill.com\/wp-content\/uploads\/2021\/10\/konro-grill-logo.png","contentUrl":"https:\/\/konro-grill.com\/wp-content\/uploads\/2021\/10\/konro-grill-logo.png","width":650,"height":80,"caption":"Konro Grill"},"image":{"@id":"https:\/\/konro-grill.com\/#\/schema\/logo\/image\/"},"sameAs":["https:\/\/facebook.com\/KonroGrillCom","https:\/\/www.instagram.com\/konrogrillcom\/"]}]}},"_links":{"self":[{"href":"https:\/\/konro-grill.com\/it\/wp-json\/wp\/v2\/pages\/165","targetHints":{"allow":["GET"]}}],"collection":[{"href":"https:\/\/konro-grill.com\/it\/wp-json\/wp\/v2\/pages"}],"about":[{"href":"https:\/\/konro-grill.com\/it\/wp-json\/wp\/v2\/types\/page"}],"author":[{"embeddable":true,"href":"https:\/\/konro-grill.com\/it\/wp-json\/wp\/v2\/users\/1"}],"replies":[{"embeddable":true,"href":"https:\/\/konro-grill.com\/it\/wp-json\/wp\/v2\/comments?post=165"}],"version-history":[{"count":5,"href":"https:\/\/konro-grill.com\/it\/wp-json\/wp\/v2\/pages\/165\/revisions"}],"predecessor-version":[{"id":633,"href":"https:\/\/konro-grill.com\/it\/wp-json\/wp\/v2\/pages\/165\/revisions\/633"}],"wp:attachment":[{"href":"https:\/\/konro-grill.com\/it\/wp-json\/wp\/v2\/media?parent=165"}],"curies":[{"name":"wp","href":"https:\/\/api.w.org\/{rel}","templated":true}]}}