{"id":10334,"date":"2025-11-12T13:07:15","date_gmt":"2025-11-12T12:07:15","guid":{"rendered":"https:\/\/konro-grill.com\/?post_type=product&#038;p=10334"},"modified":"2026-04-25T10:28:04","modified_gmt":"2026-04-25T08:28:04","slug":"kasai-epto-accessorio-per-spiedini-con-6-spiedini","status":"publish","type":"product","link":"https:\/\/konro-grill.com\/it\/prodotto\/kasai-epto-accessorio-per-spiedini-con-6-spiedini\/","title":{"rendered":"Kasai EPTO Accessorio per spiedini + 6 spiedini"},"content":{"rendered":"<h2>Ma cosa rende davvero unico il porta-spiedini EPTO di KASAI?<\/h2>\n<p>L'esclusivo design di bloccaggio fa s\u00ec che, una volta posizionato lo spiedino, tu possa iniziare a cucinare immediatamente e non sia necessario effettuare continui aggiustamenti.<\/p>\n<h3>Perch\u00e9 funziona cos\u00ec bene<\/h3>\n<ul>\n<li><strong>Innovativo sistema di bloccaggio e spiedini:<\/strong> l'accessorio incluso non solo mantiene lo spiedo all'angolo perfetto, ma lo blocca anche in posizione, in modo che tu possa concentrarti sulla cottura e non sul ripristino.<\/li>\n<li><strong>Distribuzione uniforme del calore<\/strong>La cottura avviene con un calore dolce e costante, posizionando gli ingredienti in posizione verticale. Questo riduce il rischio di bruciature e crea un equilibrio perfetto tra caramellizzazione e affumicatura.<\/li>\n<li><strong>Migliore ritenzione dell'umidit\u00e0<\/strong>, Mantenendo gli ingredienti alti, minimizzi la perdita di umidit\u00e0, mantenendo carne, pesce e verdure succosi, teneri e pieni di sapore.<\/li>\n<li><strong>Costruzione di alta qualit\u00e0<\/strong>, gli spiedini e l'attacco sono fatti di <strong>acciaio inossidabile di alta qualit\u00e0<\/strong> e sono durevoli, resistenti alla deformazione e all'esposizione al calore.<\/li>\n<li><strong>Efficienza del carburante e flusso d'aria<\/strong>La posizione rialzata migliora il flusso d'aria intorno alla griglia, permettendo alla brace di bruciare in modo pi\u00f9 efficiente e al calore di durare pi\u00f9 a lungo.<\/li>\n<li><strong>Ideale per tutti gli ingredienti<\/strong>, Sia che tu stia grigliando pesce delicato, bistecche spesse o verdure fresche, il set di spiedini EPTO li tiene saldamente in posizione per risultati perfetti e senza sforzo.<\/li>\n<li><strong>Presentazione sorprendente<\/strong>, Presentare il cibo in alto sopra il fuoco non \u00e8 solo un modo migliore di cucinare, ma anche un vero e proprio spettacolo per ogni occasione di grigliata. Questo dovrebbe essere visto nella cucina a vista!<\/li>\n<\/ul>\n<p><strong>Potenzia il tuo grill Kasai con il set di spiedini EPTO (confezione da 6) perch\u00e9 una buona grigliata \u00e8 fatta di precisione, praticit\u00e0 e sfruttamento di ogni fiamma.<\/strong><\/p>","protected":false},"excerpt":{"rendered":"<h2>Staffa per spiedini KASAI EPTO + spiedini<\/h2>\n<p>Ecco il set di spiedini EPTO, un modo pi\u00f9 intelligente ed efficiente di grigliare. Porta la tua esperienza di grigliata a un livello superiore con il set di spiedini EPTO, progettato per mantenere alti e indiretti pesce, carne e verdure sul tuo Kasai Grill. Ogni staffa viene fornita con 6 spiedini. La staffa \u00e8 un accessorio progettato con precisione che si adatta saldamente al telaio di ogni Kasai Grill. Facile da montare e <strong>si adatta a tutti i modelli Kasai<\/strong>. Continua a leggere in basso.<\/p>","protected":false},"featured_media":10346,"template":"","meta":{"inline_featured_image":false},"product_brand":[],"product_cat":[376,472,433,435,434,507,432,436],"product_tag":[],"class_list":{"0":"post-10334","1":"product","2":"type-product","3":"status-publish","4":"has-post-thumbnail","6":"product_cat-bbq-spiezen","7":"product_cat-kasai-accessoires","8":"product_cat-kasai-little","9":"product_cat-kasai-long","10":"product_cat-kasai-medium-long","11":"product_cat-kasai-medium-wide","12":"product_cat-kasai-nano","13":"product_cat-kasai-xl","14":"entry","15":"has-media","17":"first","18":"instock","19":"taxable","20":"shipping-taxable","21":"purchasable","22":"product-type-simple"},"bundled_by":[],"bundle_stock_status":"instock","bundle_stock_quantity":7,"bundle_virtual":false,"bundle_layout":"","bundle_add_to_cart_form_location":"","bundle_editable_in_cart":false,"bundle_sold_individually_context":"","bundle_item_grouping":"","bundle_min_size":"","bundle_max_size":"","bundle_price":[],"bundled_items":[],"bundle_sell_ids":[],"yoast_head":"<!-- This site is optimized with the Yoast SEO plugin v27.4 - https:\/\/yoast.com\/product\/yoast-seo-wordpress\/ -->\n<title>Kasai EPTO Spies Accessoire met 6 Spiesjes bij Konro Grill, de grootste Japanse BBQ specialist<\/title>\n<meta name=\"description\" content=\"Ontdek de Kasai EPTO Spies Accessoire met 6 spiesjes. Ideaal voor vlees, vis en groente op de BBQ. Duurzaam, handig en eenvoudig in gebruik.\" \/>\n<meta name=\"robots\" content=\"index, follow, max-snippet:-1, max-image-preview:large, max-video-preview:-1\" \/>\n<link rel=\"canonical\" href=\"https:\/\/konro-grill.com\/it\/prodotto\/kasai-epto-accessorio-per-spiedini-con-6-spiedini\/\" \/>\n<meta property=\"og:locale\" content=\"it_IT\" \/>\n<meta property=\"og:type\" content=\"article\" \/>\n<meta property=\"og:title\" content=\"Kasai EPTO Spies Accessoire met 6 Spiesjes bij Konro Grill, de grootste Japanse BBQ specialist\" \/>\n<meta property=\"og:description\" content=\"Ontdek de Kasai EPTO Spies Accessoire met 6 spiesjes. Ideaal voor vlees, vis en groente op de BBQ. Duurzaam, handig en eenvoudig in gebruik.\" \/>\n<meta property=\"og:url\" content=\"https:\/\/konro-grill.com\/it\/prodotto\/kasai-epto-accessorio-per-spiedini-con-6-spiedini\/\" \/>\n<meta property=\"og:site_name\" content=\"Konro Grill, de grootste Japanse BBQ specialist\" \/>\n<meta property=\"article:publisher\" content=\"https:\/\/facebook.com\/KonroGrillCom\" \/>\n<meta property=\"article:modified_time\" content=\"2026-04-25T08:28:04+00:00\" \/>\n<meta property=\"og:image\" content=\"https:\/\/konro-grill.com\/wp-content\/uploads\/2025\/11\/EPTO-Spies-Accessoire-Met-6-Spiesjes.jpg\" \/>\n\t<meta property=\"og:image:width\" content=\"800\" \/>\n\t<meta property=\"og:image:height\" content=\"800\" \/>\n\t<meta property=\"og:image:type\" content=\"image\/jpeg\" \/>\n<meta name=\"twitter:card\" content=\"summary_large_image\" \/>\n<meta name=\"twitter:label1\" content=\"Tempo di lettura stimato\" \/>\n\t<meta name=\"twitter:data1\" content=\"2 minuti\" \/>\n<script type=\"application\/ld+json\" class=\"yoast-schema-graph\">{\"@context\":\"https:\\\/\\\/schema.org\",\"@graph\":[{\"@type\":\"WebPage\",\"@id\":\"https:\\\/\\\/konro-grill.com\\\/product\\\/kasai-epto-spies-accessoire-met-6-spiesjes\\\/\",\"url\":\"https:\\\/\\\/konro-grill.com\\\/product\\\/kasai-epto-spies-accessoire-met-6-spiesjes\\\/\",\"name\":\"Kasai EPTO Spies Accessoire met 6 Spiesjes bij Konro Grill, de grootste Japanse BBQ specialist\",\"isPartOf\":{\"@id\":\"https:\\\/\\\/konro-grill.com\\\/#website\"},\"primaryImageOfPage\":{\"@id\":\"https:\\\/\\\/konro-grill.com\\\/product\\\/kasai-epto-spies-accessoire-met-6-spiesjes\\\/#primaryimage\"},\"image\":{\"@id\":\"https:\\\/\\\/konro-grill.com\\\/product\\\/kasai-epto-spies-accessoire-met-6-spiesjes\\\/#primaryimage\"},\"thumbnailUrl\":\"https:\\\/\\\/konro-grill.com\\\/wp-content\\\/uploads\\\/2025\\\/11\\\/EPTO-Spies-Accessoire-Met-6-Spiesjes.jpg\",\"datePublished\":\"2025-11-12T12:07:15+00:00\",\"dateModified\":\"2026-04-25T08:28:04+00:00\",\"description\":\"Ontdek de Kasai EPTO Spies Accessoire met 6 spiesjes. Ideaal voor vlees, vis en groente op de BBQ. Duurzaam, handig en eenvoudig in gebruik.\",\"breadcrumb\":{\"@id\":\"https:\\\/\\\/konro-grill.com\\\/product\\\/kasai-epto-spies-accessoire-met-6-spiesjes\\\/#breadcrumb\"},\"inLanguage\":\"it-IT\",\"potentialAction\":[{\"@type\":\"ReadAction\",\"target\":[\"https:\\\/\\\/konro-grill.com\\\/product\\\/kasai-epto-spies-accessoire-met-6-spiesjes\\\/\"]}]},{\"@type\":\"ImageObject\",\"inLanguage\":\"it-IT\",\"@id\":\"https:\\\/\\\/konro-grill.com\\\/product\\\/kasai-epto-spies-accessoire-met-6-spiesjes\\\/#primaryimage\",\"url\":\"https:\\\/\\\/konro-grill.com\\\/wp-content\\\/uploads\\\/2025\\\/11\\\/EPTO-Spies-Accessoire-Met-6-Spiesjes.jpg\",\"contentUrl\":\"https:\\\/\\\/konro-grill.com\\\/wp-content\\\/uploads\\\/2025\\\/11\\\/EPTO-Spies-Accessoire-Met-6-Spiesjes.jpg\",\"width\":800,\"height\":800},{\"@type\":\"BreadcrumbList\",\"@id\":\"https:\\\/\\\/konro-grill.com\\\/product\\\/kasai-epto-spies-accessoire-met-6-spiesjes\\\/#breadcrumb\",\"itemListElement\":[{\"@type\":\"ListItem\",\"position\":1,\"name\":\"Home\",\"item\":\"https:\\\/\\\/konro-grill.com\\\/\"},{\"@type\":\"ListItem\",\"position\":2,\"name\":\"Winkel\",\"item\":\"https:\\\/\\\/konro-grill.com\\\/winkel\\\/\"},{\"@type\":\"ListItem\",\"position\":3,\"name\":\"Kasai EPTO Spies Accessoire + 6 Spiesen\"}]},{\"@type\":\"WebSite\",\"@id\":\"https:\\\/\\\/konro-grill.com\\\/#website\",\"url\":\"https:\\\/\\\/konro-grill.com\\\/\",\"name\":\"Konro Grill\",\"description\":\"Konro Grill, de Grootste Japanse BBQ Specialist\",\"publisher\":{\"@id\":\"https:\\\/\\\/konro-grill.com\\\/#organization\"},\"potentialAction\":[{\"@type\":\"SearchAction\",\"target\":{\"@type\":\"EntryPoint\",\"urlTemplate\":\"https:\\\/\\\/konro-grill.com\\\/?s={search_term_string}\"},\"query-input\":{\"@type\":\"PropertyValueSpecification\",\"valueRequired\":true,\"valueName\":\"search_term_string\"}}],\"inLanguage\":\"it-IT\"},{\"@type\":\"Organization\",\"@id\":\"https:\\\/\\\/konro-grill.com\\\/#organization\",\"name\":\"Konro Grill\",\"url\":\"https:\\\/\\\/konro-grill.com\\\/\",\"logo\":{\"@type\":\"ImageObject\",\"inLanguage\":\"it-IT\",\"@id\":\"https:\\\/\\\/konro-grill.com\\\/#\\\/schema\\\/logo\\\/image\\\/\",\"url\":\"https:\\\/\\\/konro-grill.com\\\/wp-content\\\/uploads\\\/2021\\\/10\\\/konro-grill-logo.png\",\"contentUrl\":\"https:\\\/\\\/konro-grill.com\\\/wp-content\\\/uploads\\\/2021\\\/10\\\/konro-grill-logo.png\",\"width\":650,\"height\":80,\"caption\":\"Konro Grill\"},\"image\":{\"@id\":\"https:\\\/\\\/konro-grill.com\\\/#\\\/schema\\\/logo\\\/image\\\/\"},\"sameAs\":[\"https:\\\/\\\/facebook.com\\\/KonroGrillCom\",\"https:\\\/\\\/www.instagram.com\\\/konrogrillcom\\\/\"]}]}<\/script>\n<!-- \/ Yoast SEO plugin. -->","yoast_head_json":{"title":"Kasai EPTO Accessorio per spiedini con 6 spiedini su Konro Grill, il pi\u00f9 grande specialista di barbecue giapponese","description":"Scopri l'accessorio per spiedini Kasai EPTO con 6 spiedini. Ideale per carne, pesce e verdure sul barbecue. Resistente, comodo e facile da usare.","robots":{"index":"index","follow":"follow","max-snippet":"max-snippet:-1","max-image-preview":"max-image-preview:large","max-video-preview":"max-video-preview:-1"},"canonical":"https:\/\/konro-grill.com\/it\/prodotto\/kasai-epto-accessorio-per-spiedini-con-6-spiedini\/","og_locale":"it_IT","og_type":"article","og_title":"Kasai EPTO Spies Accessoire met 6 Spiesjes bij Konro Grill, de grootste Japanse BBQ specialist","og_description":"Ontdek de Kasai EPTO Spies Accessoire met 6 spiesjes. Ideaal voor vlees, vis en groente op de BBQ. Duurzaam, handig en eenvoudig in gebruik.","og_url":"https:\/\/konro-grill.com\/it\/prodotto\/kasai-epto-accessorio-per-spiedini-con-6-spiedini\/","og_site_name":"Konro Grill, de grootste Japanse BBQ specialist","article_publisher":"https:\/\/facebook.com\/KonroGrillCom","article_modified_time":"2026-04-25T08:28:04+00:00","og_image":[{"width":800,"height":800,"url":"https:\/\/konro-grill.com\/wp-content\/uploads\/2025\/11\/EPTO-Spies-Accessoire-Met-6-Spiesjes.jpg","type":"image\/jpeg"}],"twitter_card":"summary_large_image","twitter_misc":{"Tempo di lettura stimato":"2 minuti"},"schema":{"@context":"https:\/\/schema.org","@graph":[{"@type":"WebPage","@id":"https:\/\/konro-grill.com\/product\/kasai-epto-spies-accessoire-met-6-spiesjes\/","url":"https:\/\/konro-grill.com\/product\/kasai-epto-spies-accessoire-met-6-spiesjes\/","name":"Kasai EPTO Accessorio per spiedini con 6 spiedini su Konro Grill, il pi\u00f9 grande specialista di barbecue giapponese","isPartOf":{"@id":"https:\/\/konro-grill.com\/#website"},"primaryImageOfPage":{"@id":"https:\/\/konro-grill.com\/product\/kasai-epto-spies-accessoire-met-6-spiesjes\/#primaryimage"},"image":{"@id":"https:\/\/konro-grill.com\/product\/kasai-epto-spies-accessoire-met-6-spiesjes\/#primaryimage"},"thumbnailUrl":"https:\/\/konro-grill.com\/wp-content\/uploads\/2025\/11\/EPTO-Spies-Accessoire-Met-6-Spiesjes.jpg","datePublished":"2025-11-12T12:07:15+00:00","dateModified":"2026-04-25T08:28:04+00:00","description":"Scopri l'accessorio per spiedini Kasai EPTO con 6 spiedini. Ideale per carne, pesce e verdure sul barbecue. Resistente, comodo e facile da usare.","breadcrumb":{"@id":"https:\/\/konro-grill.com\/product\/kasai-epto-spies-accessoire-met-6-spiesjes\/#breadcrumb"},"inLanguage":"it-IT","potentialAction":[{"@type":"ReadAction","target":["https:\/\/konro-grill.com\/product\/kasai-epto-spies-accessoire-met-6-spiesjes\/"]}]},{"@type":"ImageObject","inLanguage":"it-IT","@id":"https:\/\/konro-grill.com\/product\/kasai-epto-spies-accessoire-met-6-spiesjes\/#primaryimage","url":"https:\/\/konro-grill.com\/wp-content\/uploads\/2025\/11\/EPTO-Spies-Accessoire-Met-6-Spiesjes.jpg","contentUrl":"https:\/\/konro-grill.com\/wp-content\/uploads\/2025\/11\/EPTO-Spies-Accessoire-Met-6-Spiesjes.jpg","width":800,"height":800},{"@type":"BreadcrumbList","@id":"https:\/\/konro-grill.com\/product\/kasai-epto-spies-accessoire-met-6-spiesjes\/#breadcrumb","itemListElement":[{"@type":"ListItem","position":1,"name":"Home","item":"https:\/\/konro-grill.com\/"},{"@type":"ListItem","position":2,"name":"Winkel","item":"https:\/\/konro-grill.com\/winkel\/"},{"@type":"ListItem","position":3,"name":"Kasai EPTO Spies Accessoire + 6 Spiesen"}]},{"@type":"WebSite","@id":"https:\/\/konro-grill.com\/#website","url":"https:\/\/konro-grill.com\/","name":"Konro Grill","description":"Konro Grill, il pi\u00f9 grande specialista del BBQ giapponese","publisher":{"@id":"https:\/\/konro-grill.com\/#organization"},"potentialAction":[{"@type":"SearchAction","target":{"@type":"EntryPoint","urlTemplate":"https:\/\/konro-grill.com\/?s={search_term_string}"},"query-input":{"@type":"PropertyValueSpecification","valueRequired":true,"valueName":"search_term_string"}}],"inLanguage":"it-IT"},{"@type":"Organization","@id":"https:\/\/konro-grill.com\/#organization","name":"Konro Grill","url":"https:\/\/konro-grill.com\/","logo":{"@type":"ImageObject","inLanguage":"it-IT","@id":"https:\/\/konro-grill.com\/#\/schema\/logo\/image\/","url":"https:\/\/konro-grill.com\/wp-content\/uploads\/2021\/10\/konro-grill-logo.png","contentUrl":"https:\/\/konro-grill.com\/wp-content\/uploads\/2021\/10\/konro-grill-logo.png","width":650,"height":80,"caption":"Konro Grill"},"image":{"@id":"https:\/\/konro-grill.com\/#\/schema\/logo\/image\/"},"sameAs":["https:\/\/facebook.com\/KonroGrillCom","https:\/\/www.instagram.com\/konrogrillcom\/"]}]}},"df_price":85,"df_sale_price":"","df_regular_price":85,"df_image_link":"https:\/\/konro-grill.com\/wp-content\/uploads\/2025\/11\/EPTO-Spies-Accessoire-Met-6-Spiesjes-300x300.jpg","_links":{"self":[{"href":"https:\/\/konro-grill.com\/it\/wp-json\/wp\/v2\/product\/10334","targetHints":{"allow":["GET"]}}],"collection":[{"href":"https:\/\/konro-grill.com\/it\/wp-json\/wp\/v2\/product"}],"about":[{"href":"https:\/\/konro-grill.com\/it\/wp-json\/wp\/v2\/types\/product"}],"wp:featuredmedia":[{"embeddable":true,"href":"https:\/\/konro-grill.com\/it\/wp-json\/wp\/v2\/media\/10346"}],"wp:attachment":[{"href":"https:\/\/konro-grill.com\/it\/wp-json\/wp\/v2\/media?parent=10334"}],"wp:term":[{"taxonomy":"product_brand","embeddable":true,"href":"https:\/\/konro-grill.com\/it\/wp-json\/wp\/v2\/product_brand?post=10334"},{"taxonomy":"product_cat","embeddable":true,"href":"https:\/\/konro-grill.com\/it\/wp-json\/wp\/v2\/product_cat?post=10334"},{"taxonomy":"product_tag","embeddable":true,"href":"https:\/\/konro-grill.com\/it\/wp-json\/wp\/v2\/product_tag?post=10334"}],"curies":[{"name":"wp","href":"https:\/\/api.w.org\/{rel}","templated":true}]}}