{"id":3199,"date":"2023-07-19T16:14:08","date_gmt":"2023-07-19T14:14:08","guid":{"rendered":"https:\/\/konro-grill.com\/?post_type=product&#038;p=3199"},"modified":"2026-04-22T10:28:05","modified_gmt":"2026-04-22T08:28:05","slug":"giro-di-yakiniku-shichirin","status":"publish","type":"product","link":"https:\/\/konro-grill.com\/it\/prodotto\/giro-di-yakiniku-shichirin\/","title":{"rendered":"YAKINIKU Shichirin Round"},"content":{"rendered":"<div class=\"wpb-content-wrapper\"><div class=\"vc_row wpb_row vc_row-fluid wpex-relative\"><div class=\"wpb_column vc_column_container vc_col-sm-12\"><div class=\"vc_column-inner\"><div class=\"wpb_wrapper\">\n\t<div class=\"wpb_text_column wpb_content_element\" >\n\t\t<div class=\"wpb_wrapper\">\n\t\t\t<h3>Lo YAKINIKU Shichirin Round \u00e8 una griglia in stile giapponese.<\/h3>\n<p>Lavorare con lo YAKINIKU Shichirin Round, un barbecue in stile giapponese, \u00e8 una forma sociale di barbecue. Riunire le persone, riempire la tavola con ingredienti gustosi e grigliare insieme. Grigliare su uno YAKINIKU Shichirin Round non \u00e8 un semplice barbecue. \u00c8 una disciplina completamente diversa. Pi\u00f9 raffinata, elegante e piccola. Su questa YAKINIKU Shichirin Medium potrai preparare i piatti pi\u00f9 deliziosi con grande precisione.<\/p>\n<p>Si prega di notare che la griglia YAKINIKU Shichirin Round non \u00e8 una griglia originale giapponese, questa griglia konro \u00e8 prodotta in Cina. La qualit\u00e0 \u00e8 buona per l'uso domestico, ma non consigliamo di utilizzare questo grill a livello professionale.<\/p>\n<p>Vedi tutti <a href=\"https:\/\/konro-grill.com\/it\/accessori-yakiniku-shichirin\/\">Accessori Yakiniku Shichrin<\/a>.<\/p>\n\n\t\t<\/div>\n\t<\/div>\n<div class=\"vcex-spacing wpex-w-100 wpex-clear\" style=\"height:32px;\"><\/div><div class=\"templatera_shortcode\"><style type=\"text\/css\" data-type=\"vc_shortcodes-custom-css\">.vc_custom_1657802039208{margin-bottom: 0px !important;}<\/style><div class=\"vc_row wpb_row vc_row-fluid geschikt-voor-row-alt wpex-relative\"><div class=\"wpb_column vc_column_container vc_col-sm-12\"><div class=\"vc_column-inner vc_custom_1657802039208\"><div class=\"wpb_wrapper\">\n\t<div class=\"wpb_text_column wpb_content_element left\" >\n\t\t<div class=\"wpb_wrapper\">\n\t\t\t<h2 style=\"text-align: center;\">Ecco cosa puoi fare con la griglia Konro<\/h2>\n\n\t\t<\/div>\n\t<\/div>\n<div class=\"vc_row wpb_row vc_inner vc_row-fluid wpex-relative\"><div class=\"wpb_column vc_column_container vc_col-sm-4\"><div class=\"vc_column-inner\"><div class=\"wpb_wrapper\">\n\t<div  class=\"wpb_single_image wpb_content_element vc_align_center wpb_content_element  icon\">\n\t\t\n\t\t<figure class=\"wpb_wrapper vc_figure\">\n\t\t\t<div class=\"vc_single_image-wrapper   vc_box_border_grey\"><img width=\"1\" height=\"1\" src=\"https:\/\/konro-grill.com\/wp-content\/uploads\/2020\/11\/vlees.svg\" class=\"vc_single_image-img attachment-full\" alt=\"\" title=\"carne\" \/><\/div>\n\t\t<\/figure>\n\t<\/div>\n\n\t<div class=\"wpb_text_column wpb_content_element textcenter\" >\n\t\t<div class=\"wpb_wrapper\">\n\t\t\t<h3>Pollame e carne<\/h3>\n<p>Grigliate il pollo in stile yakitori e scottate fettine sottili e tenere di Wagyu!<\/p>\n\n\t\t<\/div>\n\t<\/div>\n<\/div><\/div><\/div><div class=\"wpb_column vc_column_container vc_col-sm-4\"><div class=\"vc_column-inner\"><div class=\"wpb_wrapper\">\n\t<div  class=\"wpb_single_image wpb_content_element vc_align_center wpb_content_element  icon\">\n\t\t\n\t\t<figure class=\"wpb_wrapper vc_figure\">\n\t\t\t<div class=\"vc_single_image-wrapper   vc_box_border_grey\"><img width=\"1\" height=\"1\" src=\"https:\/\/konro-grill.com\/wp-content\/uploads\/2020\/11\/vis.svg\" class=\"vc_single_image-img attachment-full\" alt=\"\" title=\"pesce\" \/><\/div>\n\t\t<\/figure>\n\t<\/div>\n\n\t<div class=\"wpb_text_column wpb_content_element textcenter\" >\n\t\t<div class=\"wpb_wrapper\">\n\t\t\t<h3>Pesce e crostacei<\/h3>\n<p>Grigliare direttamente i crostacei o il pesce. Delizioso! Assaggiate i sapori puri!<\/p>\n\n\t\t<\/div>\n\t<\/div>\n<\/div><\/div><\/div><div class=\"wpb_column vc_column_container vc_col-sm-4\"><div class=\"vc_column-inner\"><div class=\"wpb_wrapper\">\n\t<div  class=\"wpb_single_image wpb_content_element vc_align_center wpb_content_element  icon\">\n\t\t\n\t\t<figure class=\"wpb_wrapper vc_figure\">\n\t\t\t<div class=\"vc_single_image-wrapper   vc_box_border_grey\"><img width=\"1\" height=\"1\" src=\"https:\/\/konro-grill.com\/wp-content\/uploads\/2020\/11\/groente.svg\" class=\"vc_single_image-img attachment-full\" alt=\"\" title=\"vegetale\" \/><\/div>\n\t\t<\/figure>\n\t<\/div>\n\n\t<div class=\"wpb_text_column wpb_content_element textcenter\" >\n\t\t<div class=\"wpb_wrapper\">\n\t\t\t<h3>Frutta e verdura<\/h3>\n<p>Grigliate le verdure o anche la frutta. Laccatela e lasciatevi stupire dal gusto!<\/p>\n\n\t\t<\/div>\n\t<\/div>\n<\/div><\/div><\/div><\/div><\/div><\/div><\/div><\/div><\/div><\/div><\/div><\/div><\/div>\n<\/div>","protected":false},"excerpt":{"rendered":"<h2>Lo YAKINIKU Shichirin Round, noto anche come konro grill o yakitori grill.<\/h2>\n<p>Lo Yakiniku Shichirin rotondo ha una <strong>area di grigliatura di 31 cm<\/strong>. Vuoi aggiungere una dimensione in pi\u00f9 al lavoro con questo grill? Allora scegli questo <a href=\"https:\/\/konro-grill.com\/it\/prodotto\/piatto-teppanyaki-yakiniku-rotondo\/\">Piatto Teppanyaki<\/a>. Questo Shichirin \u00e8 adatto a <strong>Da 2 a 6 persone<\/strong>, pesa circa... <strong>11 kg<\/strong> e viene fornito con un <strong>vassoio da tavolo in legno<\/strong>.<\/p>","protected":false},"featured_media":3224,"template":"","meta":{"inline_featured_image":false},"product_brand":[],"product_cat":[425],"product_tag":[],"class_list":{"0":"post-3199","1":"product","2":"type-product","3":"status-publish","4":"has-post-thumbnail","6":"product_cat-yakiniku-grill","7":"entry","8":"has-media","10":"first","11":"instock","12":"sale","13":"taxable","14":"shipping-taxable","15":"purchasable","16":"product-type-simple"},"bundled_by":["3213","6818"],"bundle_stock_status":"instock","bundle_stock_quantity":9,"bundle_virtual":false,"bundle_layout":"","bundle_add_to_cart_form_location":"","bundle_editable_in_cart":false,"bundle_sold_individually_context":"","bundle_item_grouping":"","bundle_min_size":"","bundle_max_size":"","bundle_price":[],"bundled_items":[],"bundle_sell_ids":[6674,8960,9007,3202,3204,3203,3195,3891,9989,915],"yoast_head":"<!-- This site is optimized with the Yoast SEO plugin v27.4 - https:\/\/yoast.com\/product\/yoast-seo-wordpress\/ -->\n<title>YAKINIKU Shichirin Rond bij Konro Grill, de grootste Japanse BBQ specialist<\/title>\n<meta name=\"description\" content=\"De YAKINIKU Shichirin rond is een traditionele Japanse stijl tafelgrill. Complete set inclusief tafel plateau meegeleverd. Grilloppervlakte van 31 cm.\" \/>\n<meta name=\"robots\" content=\"index, follow, max-snippet:-1, max-image-preview:large, max-video-preview:-1\" \/>\n<link rel=\"canonical\" href=\"https:\/\/konro-grill.com\/it\/prodotto\/giro-di-yakiniku-shichirin\/\" \/>\n<meta property=\"og:locale\" content=\"it_IT\" \/>\n<meta property=\"og:type\" content=\"article\" \/>\n<meta property=\"og:title\" content=\"YAKINIKU Shichirin Rond bij Konro Grill, de grootste Japanse BBQ specialist\" \/>\n<meta property=\"og:description\" content=\"De YAKINIKU Shichirin rond is een traditionele Japanse stijl tafelgrill. Complete set inclusief tafel plateau meegeleverd. Grilloppervlakte van 31 cm.\" \/>\n<meta property=\"og:url\" content=\"https:\/\/konro-grill.com\/it\/prodotto\/giro-di-yakiniku-shichirin\/\" \/>\n<meta property=\"og:site_name\" content=\"Konro Grill, de grootste Japanse BBQ specialist\" \/>\n<meta property=\"article:publisher\" content=\"https:\/\/facebook.com\/KonroGrillCom\" \/>\n<meta property=\"article:modified_time\" content=\"2026-04-22T08:28:05+00:00\" \/>\n<meta property=\"og:image\" content=\"https:\/\/konro-grill.com\/wp-content\/uploads\/2023\/07\/YAKINIKU-MEDIUM-Ronde-Shichirin-Teppanyaki-Hibachi-grill-BBQdirect.jpg\" \/>\n\t<meta property=\"og:image:width\" content=\"800\" \/>\n\t<meta property=\"og:image:height\" content=\"800\" \/>\n\t<meta property=\"og:image:type\" content=\"image\/jpeg\" \/>\n<meta name=\"twitter:card\" content=\"summary_large_image\" \/>\n<meta name=\"twitter:label1\" content=\"Tempo di lettura stimato\" \/>\n\t<meta name=\"twitter:data1\" content=\"1 minuto\" \/>\n<script type=\"application\/ld+json\" class=\"yoast-schema-graph\">{\"@context\":\"https:\\\/\\\/schema.org\",\"@graph\":[{\"@type\":\"WebPage\",\"@id\":\"https:\\\/\\\/konro-grill.com\\\/product\\\/yakiniku-shichirin-rond\\\/\",\"url\":\"https:\\\/\\\/konro-grill.com\\\/product\\\/yakiniku-shichirin-rond\\\/\",\"name\":\"YAKINIKU Shichirin Rond bij Konro Grill, de grootste Japanse BBQ specialist\",\"isPartOf\":{\"@id\":\"https:\\\/\\\/konro-grill.com\\\/#website\"},\"primaryImageOfPage\":{\"@id\":\"https:\\\/\\\/konro-grill.com\\\/product\\\/yakiniku-shichirin-rond\\\/#primaryimage\"},\"image\":{\"@id\":\"https:\\\/\\\/konro-grill.com\\\/product\\\/yakiniku-shichirin-rond\\\/#primaryimage\"},\"thumbnailUrl\":\"https:\\\/\\\/konro-grill.com\\\/wp-content\\\/uploads\\\/2023\\\/07\\\/YAKINIKU-MEDIUM-Ronde-Shichirin-Teppanyaki-Hibachi-grill-BBQdirect.jpg\",\"datePublished\":\"2023-07-19T14:14:08+00:00\",\"dateModified\":\"2026-04-22T08:28:05+00:00\",\"description\":\"De YAKINIKU Shichirin rond is een traditionele Japanse stijl tafelgrill. Complete set inclusief tafel plateau meegeleverd. Grilloppervlakte van 31 cm.\",\"breadcrumb\":{\"@id\":\"https:\\\/\\\/konro-grill.com\\\/product\\\/yakiniku-shichirin-rond\\\/#breadcrumb\"},\"inLanguage\":\"it-IT\",\"potentialAction\":[{\"@type\":\"ReadAction\",\"target\":[\"https:\\\/\\\/konro-grill.com\\\/product\\\/yakiniku-shichirin-rond\\\/\"]}]},{\"@type\":\"ImageObject\",\"inLanguage\":\"it-IT\",\"@id\":\"https:\\\/\\\/konro-grill.com\\\/product\\\/yakiniku-shichirin-rond\\\/#primaryimage\",\"url\":\"https:\\\/\\\/konro-grill.com\\\/wp-content\\\/uploads\\\/2023\\\/07\\\/YAKINIKU-MEDIUM-Ronde-Shichirin-Teppanyaki-Hibachi-grill-BBQdirect.jpg\",\"contentUrl\":\"https:\\\/\\\/konro-grill.com\\\/wp-content\\\/uploads\\\/2023\\\/07\\\/YAKINIKU-MEDIUM-Ronde-Shichirin-Teppanyaki-Hibachi-grill-BBQdirect.jpg\",\"width\":800,\"height\":800},{\"@type\":\"BreadcrumbList\",\"@id\":\"https:\\\/\\\/konro-grill.com\\\/product\\\/yakiniku-shichirin-rond\\\/#breadcrumb\",\"itemListElement\":[{\"@type\":\"ListItem\",\"position\":1,\"name\":\"Home\",\"item\":\"https:\\\/\\\/konro-grill.com\\\/\"},{\"@type\":\"ListItem\",\"position\":2,\"name\":\"Winkel\",\"item\":\"https:\\\/\\\/konro-grill.com\\\/winkel\\\/\"},{\"@type\":\"ListItem\",\"position\":3,\"name\":\"YAKINIKU Shichirin Rond\"}]},{\"@type\":\"WebSite\",\"@id\":\"https:\\\/\\\/konro-grill.com\\\/#website\",\"url\":\"https:\\\/\\\/konro-grill.com\\\/\",\"name\":\"Konro Grill\",\"description\":\"Konro Grill, de Grootste Japanse BBQ Specialist\",\"publisher\":{\"@id\":\"https:\\\/\\\/konro-grill.com\\\/#organization\"},\"potentialAction\":[{\"@type\":\"SearchAction\",\"target\":{\"@type\":\"EntryPoint\",\"urlTemplate\":\"https:\\\/\\\/konro-grill.com\\\/?s={search_term_string}\"},\"query-input\":{\"@type\":\"PropertyValueSpecification\",\"valueRequired\":true,\"valueName\":\"search_term_string\"}}],\"inLanguage\":\"it-IT\"},{\"@type\":\"Organization\",\"@id\":\"https:\\\/\\\/konro-grill.com\\\/#organization\",\"name\":\"Konro Grill\",\"url\":\"https:\\\/\\\/konro-grill.com\\\/\",\"logo\":{\"@type\":\"ImageObject\",\"inLanguage\":\"it-IT\",\"@id\":\"https:\\\/\\\/konro-grill.com\\\/#\\\/schema\\\/logo\\\/image\\\/\",\"url\":\"https:\\\/\\\/konro-grill.com\\\/wp-content\\\/uploads\\\/2021\\\/10\\\/konro-grill-logo.png\",\"contentUrl\":\"https:\\\/\\\/konro-grill.com\\\/wp-content\\\/uploads\\\/2021\\\/10\\\/konro-grill-logo.png\",\"width\":650,\"height\":80,\"caption\":\"Konro Grill\"},\"image\":{\"@id\":\"https:\\\/\\\/konro-grill.com\\\/#\\\/schema\\\/logo\\\/image\\\/\"},\"sameAs\":[\"https:\\\/\\\/facebook.com\\\/KonroGrillCom\",\"https:\\\/\\\/www.instagram.com\\\/konrogrillcom\\\/\"]}]}<\/script>\n<!-- \/ Yoast SEO plugin. -->","yoast_head_json":{"title":"YAKINIKU Shichirin Round al Konro Grill, il pi\u00f9 grande specialista di BBQ giapponese","description":"Lo YAKINIKU Shichirin rotondo \u00e8 una griglia da tavolo in stile tradizionale giapponese. Set completo con vassoio da tavolo incluso. Superficie della griglia di 31 cm.","robots":{"index":"index","follow":"follow","max-snippet":"max-snippet:-1","max-image-preview":"max-image-preview:large","max-video-preview":"max-video-preview:-1"},"canonical":"https:\/\/konro-grill.com\/it\/prodotto\/giro-di-yakiniku-shichirin\/","og_locale":"it_IT","og_type":"article","og_title":"YAKINIKU Shichirin Rond bij Konro Grill, de grootste Japanse BBQ specialist","og_description":"De YAKINIKU Shichirin rond is een traditionele Japanse stijl tafelgrill. Complete set inclusief tafel plateau meegeleverd. Grilloppervlakte van 31 cm.","og_url":"https:\/\/konro-grill.com\/it\/prodotto\/giro-di-yakiniku-shichirin\/","og_site_name":"Konro Grill, de grootste Japanse BBQ specialist","article_publisher":"https:\/\/facebook.com\/KonroGrillCom","article_modified_time":"2026-04-22T08:28:05+00:00","og_image":[{"width":800,"height":800,"url":"https:\/\/konro-grill.com\/wp-content\/uploads\/2023\/07\/YAKINIKU-MEDIUM-Ronde-Shichirin-Teppanyaki-Hibachi-grill-BBQdirect.jpg","type":"image\/jpeg"}],"twitter_card":"summary_large_image","twitter_misc":{"Tempo di lettura stimato":"1 minuto"},"schema":{"@context":"https:\/\/schema.org","@graph":[{"@type":"WebPage","@id":"https:\/\/konro-grill.com\/product\/yakiniku-shichirin-rond\/","url":"https:\/\/konro-grill.com\/product\/yakiniku-shichirin-rond\/","name":"YAKINIKU Shichirin Round al Konro Grill, il pi\u00f9 grande specialista di BBQ giapponese","isPartOf":{"@id":"https:\/\/konro-grill.com\/#website"},"primaryImageOfPage":{"@id":"https:\/\/konro-grill.com\/product\/yakiniku-shichirin-rond\/#primaryimage"},"image":{"@id":"https:\/\/konro-grill.com\/product\/yakiniku-shichirin-rond\/#primaryimage"},"thumbnailUrl":"https:\/\/konro-grill.com\/wp-content\/uploads\/2023\/07\/YAKINIKU-MEDIUM-Ronde-Shichirin-Teppanyaki-Hibachi-grill-BBQdirect.jpg","datePublished":"2023-07-19T14:14:08+00:00","dateModified":"2026-04-22T08:28:05+00:00","description":"Lo YAKINIKU Shichirin rotondo \u00e8 una griglia da tavolo in stile tradizionale giapponese. Set completo con vassoio da tavolo incluso. Superficie della griglia di 31 cm.","breadcrumb":{"@id":"https:\/\/konro-grill.com\/product\/yakiniku-shichirin-rond\/#breadcrumb"},"inLanguage":"it-IT","potentialAction":[{"@type":"ReadAction","target":["https:\/\/konro-grill.com\/product\/yakiniku-shichirin-rond\/"]}]},{"@type":"ImageObject","inLanguage":"it-IT","@id":"https:\/\/konro-grill.com\/product\/yakiniku-shichirin-rond\/#primaryimage","url":"https:\/\/konro-grill.com\/wp-content\/uploads\/2023\/07\/YAKINIKU-MEDIUM-Ronde-Shichirin-Teppanyaki-Hibachi-grill-BBQdirect.jpg","contentUrl":"https:\/\/konro-grill.com\/wp-content\/uploads\/2023\/07\/YAKINIKU-MEDIUM-Ronde-Shichirin-Teppanyaki-Hibachi-grill-BBQdirect.jpg","width":800,"height":800},{"@type":"BreadcrumbList","@id":"https:\/\/konro-grill.com\/product\/yakiniku-shichirin-rond\/#breadcrumb","itemListElement":[{"@type":"ListItem","position":1,"name":"Home","item":"https:\/\/konro-grill.com\/"},{"@type":"ListItem","position":2,"name":"Winkel","item":"https:\/\/konro-grill.com\/winkel\/"},{"@type":"ListItem","position":3,"name":"YAKINIKU Shichirin Rond"}]},{"@type":"WebSite","@id":"https:\/\/konro-grill.com\/#website","url":"https:\/\/konro-grill.com\/","name":"Konro Grill","description":"Konro Grill, il pi\u00f9 grande specialista del BBQ giapponese","publisher":{"@id":"https:\/\/konro-grill.com\/#organization"},"potentialAction":[{"@type":"SearchAction","target":{"@type":"EntryPoint","urlTemplate":"https:\/\/konro-grill.com\/?s={search_term_string}"},"query-input":{"@type":"PropertyValueSpecification","valueRequired":true,"valueName":"search_term_string"}}],"inLanguage":"it-IT"},{"@type":"Organization","@id":"https:\/\/konro-grill.com\/#organization","name":"Konro Grill","url":"https:\/\/konro-grill.com\/","logo":{"@type":"ImageObject","inLanguage":"it-IT","@id":"https:\/\/konro-grill.com\/#\/schema\/logo\/image\/","url":"https:\/\/konro-grill.com\/wp-content\/uploads\/2021\/10\/konro-grill-logo.png","contentUrl":"https:\/\/konro-grill.com\/wp-content\/uploads\/2021\/10\/konro-grill-logo.png","width":650,"height":80,"caption":"Konro Grill"},"image":{"@id":"https:\/\/konro-grill.com\/#\/schema\/logo\/image\/"},"sameAs":["https:\/\/facebook.com\/KonroGrillCom","https:\/\/www.instagram.com\/konrogrillcom\/"]}]}},"df_price":179.1,"df_sale_price":179.1,"df_regular_price":199,"df_image_link":"https:\/\/konro-grill.com\/wp-content\/uploads\/2023\/07\/YAKINIKU-MEDIUM-Ronde-Shichirin-Teppanyaki-Hibachi-grill-BBQdirect-300x300.jpg","_links":{"self":[{"href":"https:\/\/konro-grill.com\/it\/wp-json\/wp\/v2\/product\/3199","targetHints":{"allow":["GET"]}}],"collection":[{"href":"https:\/\/konro-grill.com\/it\/wp-json\/wp\/v2\/product"}],"about":[{"href":"https:\/\/konro-grill.com\/it\/wp-json\/wp\/v2\/types\/product"}],"wp:featuredmedia":[{"embeddable":true,"href":"https:\/\/konro-grill.com\/it\/wp-json\/wp\/v2\/media\/3224"}],"wp:attachment":[{"href":"https:\/\/konro-grill.com\/it\/wp-json\/wp\/v2\/media?parent=3199"}],"wp:term":[{"taxonomy":"product_brand","embeddable":true,"href":"https:\/\/konro-grill.com\/it\/wp-json\/wp\/v2\/product_brand?post=3199"},{"taxonomy":"product_cat","embeddable":true,"href":"https:\/\/konro-grill.com\/it\/wp-json\/wp\/v2\/product_cat?post=3199"},{"taxonomy":"product_tag","embeddable":true,"href":"https:\/\/konro-grill.com\/it\/wp-json\/wp\/v2\/product_tag?post=3199"}],"curies":[{"name":"wp","href":"https:\/\/api.w.org\/{rel}","templated":true}]}}