{"id":5316,"date":"2024-02-07T12:04:48","date_gmt":"2024-02-07T11:04:48","guid":{"rendered":"https:\/\/konro-grill.com\/?post_type=product&#038;p=5316"},"modified":"2026-04-23T10:28:03","modified_gmt":"2026-04-23T08:28:03","slug":"kasai-medio-lungo","status":"publish","type":"product","link":"https:\/\/konro-grill.com\/it\/prodotto\/kasai-medio-lungo\/","title":{"rendered":"Kasai Medium Long"},"content":{"rendered":"<p>Le dimensioni del Kasai Medium Long sono 54 X 26,5 X 21 cm e il suo peso \u00e8 di 14,7 kg. Il grande vantaggio di ogni Kasai \u00e8 la possibilit\u00e0 di usare il <a href=\"https:\/\/konro-grill.com\/it\/prodotto\/piastrelle-di-riserva-medio-lunghe-kasai\/\">Pareti in vermiculite<\/a>\u00a0sostituire dopo un uso intenso. Potete semplicemente farlo voi stessi! Questa possibilit\u00e0 rende questa griglia, di grande qualit\u00e0, molto adatta per\u00a0<strong>uso professionale<\/strong>. <span style=\"background-color: var(--wpex-surface-1);\">I vecchi muri sono completamente compostabili.<\/span><\/p>\n<p>Per ogni griglia konro, consigliamo <a href=\"https:\/\/konro-grill.com\/it\/carbone-di-legna-binchotan\/\">Carbone di Binchotan<\/a>Grazie al lungo tempo di combustione, alle temperature estremamente elevate e alla capacit\u00e0 di preservare gli aromi naturali delle preparazioni.<\/p>","protected":false},"excerpt":{"rendered":"<h3>Kasai Medium Long, il formato pi\u00f9 versatile di Kasai Grill<\/h3>\n<p>Incontro con il Medium Kasai <span style=\"background-color: var(--wpex-surface-1);\">Lungo<\/span><span style=\"background-color: var(--wpex-surface-1);\">\u00a0<\/span><span style=\"background-color: var(--wpex-surface-1);\">Konro Grill, progettato e prodotto in Gran Bretagna. Le griglie konro di Kasai si basano su griglie di fama mondiale. <\/span><a style=\"background-color: var(--wpex-surface-1);\" href=\"https:\/\/konro-grill.com\/it\/griglia-giapponese\/\">Grigliate giapponesi<\/a><span style=\"background-color: var(--wpex-surface-1);\"> e portare la grigliatura di carne, pesce e verdure ai massimi livelli.\u00a0<\/span><span style=\"background-color: var(--wpex-surface-1);\">La qualit\u00e0 di un Kasai Grill \u00e8 eccellente.<\/span><span style=\"background-color: var(--wpex-surface-1);\">\u00a0<\/span><strong style=\"background-color: var(--wpex-surface-1);\">Questo Kasai Grill Medio Lungo \u00e8 uno dei modelli pi\u00f9 popolari.\u00a0<\/strong>Questo Kasai Medium Long \u00e8 ideale per l'uso professionale in cucina, ma anche per chi ama il barbecue per hobby.<\/p>","protected":false},"featured_media":5321,"template":"","meta":{"inline_featured_image":false},"product_brand":[],"product_cat":[426,434,20],"product_tag":[],"class_list":{"0":"post-5316","1":"product","2":"type-product","3":"status-publish","4":"has-post-thumbnail","6":"product_cat-kasai-grill","7":"product_cat-kasai-medium-long","8":"product_cat-konro-grills","9":"entry","10":"has-media","12":"first","13":"instock","14":"taxable","15":"shipping-taxable","16":"purchasable","17":"product-type-simple"},"bundled_by":[],"bundle_stock_status":"instock","bundle_stock_quantity":5,"bundle_virtual":false,"bundle_layout":"","bundle_add_to_cart_form_location":"","bundle_editable_in_cart":false,"bundle_sold_individually_context":"","bundle_item_grouping":"","bundle_min_size":"","bundle_max_size":"","bundle_price":[],"bundled_items":[],"bundle_sell_ids":[5327,10343,5323,5325,5329,5322,5326,10339,5330,5324],"yoast_head":"<!-- This site is optimized with the Yoast SEO plugin v27.4 - https:\/\/yoast.com\/product\/yoast-seo-wordpress\/ -->\n<title>Kasai Medium Long bij Konro Grill, de grootste specialist van de EU<\/title>\n<meta name=\"description\" content=\"Kasai Long, medium formaat Kasai GrillOntworpen en vervaardigd in Groot-Brittanni\u00eb, maak kennis met de Medium Long Kasai Konro Grill.\" \/>\n<meta name=\"robots\" content=\"index, follow, max-snippet:-1, max-image-preview:large, max-video-preview:-1\" \/>\n<link rel=\"canonical\" href=\"https:\/\/konro-grill.com\/it\/prodotto\/kasai-medio-lungo\/\" \/>\n<meta property=\"og:locale\" content=\"it_IT\" \/>\n<meta property=\"og:type\" content=\"article\" \/>\n<meta property=\"og:title\" content=\"Kasai Medium Long bij Konro Grill, de grootste specialist van de EU\" \/>\n<meta property=\"og:description\" content=\"Kasai Long, medium formaat Kasai GrillOntworpen en vervaardigd in Groot-Brittanni\u00eb, maak kennis met de Medium Long Kasai Konro Grill.\" \/>\n<meta property=\"og:url\" content=\"https:\/\/konro-grill.com\/it\/prodotto\/kasai-medio-lungo\/\" \/>\n<meta property=\"og:site_name\" content=\"Konro Grill, de grootste Japanse BBQ specialist\" \/>\n<meta property=\"article:publisher\" content=\"https:\/\/facebook.com\/KonroGrillCom\" \/>\n<meta property=\"article:modified_time\" content=\"2026-04-23T08:28:03+00:00\" \/>\n<meta property=\"og:image\" content=\"https:\/\/konro-grill.com\/wp-content\/uploads\/2024\/02\/Kasai-Medium-Long_4.jpg\" \/>\n\t<meta property=\"og:image:width\" content=\"800\" \/>\n\t<meta property=\"og:image:height\" content=\"800\" \/>\n\t<meta property=\"og:image:type\" content=\"image\/jpeg\" \/>\n<meta name=\"twitter:card\" content=\"summary_large_image\" \/>\n<meta name=\"twitter:label1\" content=\"Tempo di lettura stimato\" \/>\n\t<meta name=\"twitter:data1\" content=\"1 minuto\" \/>\n<script type=\"application\/ld+json\" class=\"yoast-schema-graph\">{\"@context\":\"https:\\\/\\\/schema.org\",\"@graph\":[{\"@type\":\"WebPage\",\"@id\":\"https:\\\/\\\/konro-grill.com\\\/product\\\/kasai-medium-long\\\/\",\"url\":\"https:\\\/\\\/konro-grill.com\\\/product\\\/kasai-medium-long\\\/\",\"name\":\"Kasai Medium Long bij Konro Grill, de grootste specialist van de EU\",\"isPartOf\":{\"@id\":\"https:\\\/\\\/konro-grill.com\\\/#website\"},\"primaryImageOfPage\":{\"@id\":\"https:\\\/\\\/konro-grill.com\\\/product\\\/kasai-medium-long\\\/#primaryimage\"},\"image\":{\"@id\":\"https:\\\/\\\/konro-grill.com\\\/product\\\/kasai-medium-long\\\/#primaryimage\"},\"thumbnailUrl\":\"https:\\\/\\\/konro-grill.com\\\/wp-content\\\/uploads\\\/2024\\\/02\\\/Kasai-Medium-Long_4.jpg\",\"datePublished\":\"2024-02-07T11:04:48+00:00\",\"dateModified\":\"2026-04-23T08:28:03+00:00\",\"description\":\"Kasai Long, medium formaat Kasai GrillOntworpen en vervaardigd in Groot-Brittanni\u00eb, maak kennis met de Medium Long Kasai Konro Grill.\",\"breadcrumb\":{\"@id\":\"https:\\\/\\\/konro-grill.com\\\/product\\\/kasai-medium-long\\\/#breadcrumb\"},\"inLanguage\":\"it-IT\",\"potentialAction\":[{\"@type\":\"ReadAction\",\"target\":[\"https:\\\/\\\/konro-grill.com\\\/product\\\/kasai-medium-long\\\/\"]}]},{\"@type\":\"ImageObject\",\"inLanguage\":\"it-IT\",\"@id\":\"https:\\\/\\\/konro-grill.com\\\/product\\\/kasai-medium-long\\\/#primaryimage\",\"url\":\"https:\\\/\\\/konro-grill.com\\\/wp-content\\\/uploads\\\/2024\\\/02\\\/Kasai-Medium-Long_4.jpg\",\"contentUrl\":\"https:\\\/\\\/konro-grill.com\\\/wp-content\\\/uploads\\\/2024\\\/02\\\/Kasai-Medium-Long_4.jpg\",\"width\":800,\"height\":800,\"caption\":\"Kasai Medium Long\"},{\"@type\":\"BreadcrumbList\",\"@id\":\"https:\\\/\\\/konro-grill.com\\\/product\\\/kasai-medium-long\\\/#breadcrumb\",\"itemListElement\":[{\"@type\":\"ListItem\",\"position\":1,\"name\":\"Home\",\"item\":\"https:\\\/\\\/konro-grill.com\\\/\"},{\"@type\":\"ListItem\",\"position\":2,\"name\":\"Winkel\",\"item\":\"https:\\\/\\\/konro-grill.com\\\/winkel\\\/\"},{\"@type\":\"ListItem\",\"position\":3,\"name\":\"Kasai Medium Long\"}]},{\"@type\":\"WebSite\",\"@id\":\"https:\\\/\\\/konro-grill.com\\\/#website\",\"url\":\"https:\\\/\\\/konro-grill.com\\\/\",\"name\":\"Konro Grill\",\"description\":\"Konro Grill, de Grootste Japanse BBQ Specialist\",\"publisher\":{\"@id\":\"https:\\\/\\\/konro-grill.com\\\/#organization\"},\"potentialAction\":[{\"@type\":\"SearchAction\",\"target\":{\"@type\":\"EntryPoint\",\"urlTemplate\":\"https:\\\/\\\/konro-grill.com\\\/?s={search_term_string}\"},\"query-input\":{\"@type\":\"PropertyValueSpecification\",\"valueRequired\":true,\"valueName\":\"search_term_string\"}}],\"inLanguage\":\"it-IT\"},{\"@type\":\"Organization\",\"@id\":\"https:\\\/\\\/konro-grill.com\\\/#organization\",\"name\":\"Konro Grill\",\"url\":\"https:\\\/\\\/konro-grill.com\\\/\",\"logo\":{\"@type\":\"ImageObject\",\"inLanguage\":\"it-IT\",\"@id\":\"https:\\\/\\\/konro-grill.com\\\/#\\\/schema\\\/logo\\\/image\\\/\",\"url\":\"https:\\\/\\\/konro-grill.com\\\/wp-content\\\/uploads\\\/2021\\\/10\\\/konro-grill-logo.png\",\"contentUrl\":\"https:\\\/\\\/konro-grill.com\\\/wp-content\\\/uploads\\\/2021\\\/10\\\/konro-grill-logo.png\",\"width\":650,\"height\":80,\"caption\":\"Konro Grill\"},\"image\":{\"@id\":\"https:\\\/\\\/konro-grill.com\\\/#\\\/schema\\\/logo\\\/image\\\/\"},\"sameAs\":[\"https:\\\/\\\/facebook.com\\\/KonroGrillCom\",\"https:\\\/\\\/www.instagram.com\\\/konrogrillcom\\\/\"]}]}<\/script>\n<!-- \/ Yoast SEO plugin. -->","yoast_head_json":{"title":"Kasai Medium Long al Konro Grill, il pi\u00f9 grande specialista dell'UE","description":"Kasai Long, griglia Kasai di medie dimensioniProgettato e prodotto in Gran Bretagna, ecco la griglia Kasai Konro di medie dimensioni.","robots":{"index":"index","follow":"follow","max-snippet":"max-snippet:-1","max-image-preview":"max-image-preview:large","max-video-preview":"max-video-preview:-1"},"canonical":"https:\/\/konro-grill.com\/it\/prodotto\/kasai-medio-lungo\/","og_locale":"it_IT","og_type":"article","og_title":"Kasai Medium Long bij Konro Grill, de grootste specialist van de EU","og_description":"Kasai Long, medium formaat Kasai GrillOntworpen en vervaardigd in Groot-Brittanni\u00eb, maak kennis met de Medium Long Kasai Konro Grill.","og_url":"https:\/\/konro-grill.com\/it\/prodotto\/kasai-medio-lungo\/","og_site_name":"Konro Grill, de grootste Japanse BBQ specialist","article_publisher":"https:\/\/facebook.com\/KonroGrillCom","article_modified_time":"2026-04-23T08:28:03+00:00","og_image":[{"width":800,"height":800,"url":"https:\/\/konro-grill.com\/wp-content\/uploads\/2024\/02\/Kasai-Medium-Long_4.jpg","type":"image\/jpeg"}],"twitter_card":"summary_large_image","twitter_misc":{"Tempo di lettura stimato":"1 minuto"},"schema":{"@context":"https:\/\/schema.org","@graph":[{"@type":"WebPage","@id":"https:\/\/konro-grill.com\/product\/kasai-medium-long\/","url":"https:\/\/konro-grill.com\/product\/kasai-medium-long\/","name":"Kasai Medium Long al Konro Grill, il pi\u00f9 grande specialista dell'UE","isPartOf":{"@id":"https:\/\/konro-grill.com\/#website"},"primaryImageOfPage":{"@id":"https:\/\/konro-grill.com\/product\/kasai-medium-long\/#primaryimage"},"image":{"@id":"https:\/\/konro-grill.com\/product\/kasai-medium-long\/#primaryimage"},"thumbnailUrl":"https:\/\/konro-grill.com\/wp-content\/uploads\/2024\/02\/Kasai-Medium-Long_4.jpg","datePublished":"2024-02-07T11:04:48+00:00","dateModified":"2026-04-23T08:28:03+00:00","description":"Kasai Long, griglia Kasai di medie dimensioniProgettato e prodotto in Gran Bretagna, ecco la griglia Kasai Konro di medie dimensioni.","breadcrumb":{"@id":"https:\/\/konro-grill.com\/product\/kasai-medium-long\/#breadcrumb"},"inLanguage":"it-IT","potentialAction":[{"@type":"ReadAction","target":["https:\/\/konro-grill.com\/product\/kasai-medium-long\/"]}]},{"@type":"ImageObject","inLanguage":"it-IT","@id":"https:\/\/konro-grill.com\/product\/kasai-medium-long\/#primaryimage","url":"https:\/\/konro-grill.com\/wp-content\/uploads\/2024\/02\/Kasai-Medium-Long_4.jpg","contentUrl":"https:\/\/konro-grill.com\/wp-content\/uploads\/2024\/02\/Kasai-Medium-Long_4.jpg","width":800,"height":800,"caption":"Kasai Medium Long"},{"@type":"BreadcrumbList","@id":"https:\/\/konro-grill.com\/product\/kasai-medium-long\/#breadcrumb","itemListElement":[{"@type":"ListItem","position":1,"name":"Home","item":"https:\/\/konro-grill.com\/"},{"@type":"ListItem","position":2,"name":"Winkel","item":"https:\/\/konro-grill.com\/winkel\/"},{"@type":"ListItem","position":3,"name":"Kasai Medium Long"}]},{"@type":"WebSite","@id":"https:\/\/konro-grill.com\/#website","url":"https:\/\/konro-grill.com\/","name":"Konro Grill","description":"Konro Grill, il pi\u00f9 grande specialista del BBQ giapponese","publisher":{"@id":"https:\/\/konro-grill.com\/#organization"},"potentialAction":[{"@type":"SearchAction","target":{"@type":"EntryPoint","urlTemplate":"https:\/\/konro-grill.com\/?s={search_term_string}"},"query-input":{"@type":"PropertyValueSpecification","valueRequired":true,"valueName":"search_term_string"}}],"inLanguage":"it-IT"},{"@type":"Organization","@id":"https:\/\/konro-grill.com\/#organization","name":"Konro Grill","url":"https:\/\/konro-grill.com\/","logo":{"@type":"ImageObject","inLanguage":"it-IT","@id":"https:\/\/konro-grill.com\/#\/schema\/logo\/image\/","url":"https:\/\/konro-grill.com\/wp-content\/uploads\/2021\/10\/konro-grill-logo.png","contentUrl":"https:\/\/konro-grill.com\/wp-content\/uploads\/2021\/10\/konro-grill-logo.png","width":650,"height":80,"caption":"Konro Grill"},"image":{"@id":"https:\/\/konro-grill.com\/#\/schema\/logo\/image\/"},"sameAs":["https:\/\/facebook.com\/KonroGrillCom","https:\/\/www.instagram.com\/konrogrillcom\/"]}]}},"df_price":599,"df_sale_price":"","df_regular_price":599,"df_image_link":"https:\/\/konro-grill.com\/wp-content\/uploads\/2024\/02\/Kasai-Medium-Long_4-300x300.jpg","_links":{"self":[{"href":"https:\/\/konro-grill.com\/it\/wp-json\/wp\/v2\/product\/5316","targetHints":{"allow":["GET"]}}],"collection":[{"href":"https:\/\/konro-grill.com\/it\/wp-json\/wp\/v2\/product"}],"about":[{"href":"https:\/\/konro-grill.com\/it\/wp-json\/wp\/v2\/types\/product"}],"wp:featuredmedia":[{"embeddable":true,"href":"https:\/\/konro-grill.com\/it\/wp-json\/wp\/v2\/media\/5321"}],"wp:attachment":[{"href":"https:\/\/konro-grill.com\/it\/wp-json\/wp\/v2\/media?parent=5316"}],"wp:term":[{"taxonomy":"product_brand","embeddable":true,"href":"https:\/\/konro-grill.com\/it\/wp-json\/wp\/v2\/product_brand?post=5316"},{"taxonomy":"product_cat","embeddable":true,"href":"https:\/\/konro-grill.com\/it\/wp-json\/wp\/v2\/product_cat?post=5316"},{"taxonomy":"product_tag","embeddable":true,"href":"https:\/\/konro-grill.com\/it\/wp-json\/wp\/v2\/product_tag?post=5316"}],"curies":[{"name":"wp","href":"https:\/\/api.w.org\/{rel}","templated":true}]}}