{"id":6928,"date":"2024-09-26T16:50:34","date_gmt":"2024-09-26T14:50:34","guid":{"rendered":"https:\/\/konro-grill.com\/?post_type=product&#038;p=6928"},"modified":"2026-04-17T10:28:06","modified_gmt":"2026-04-17T08:28:06","slug":"konro-grill-binchotan-ogatan-10kg","status":"publish","type":"product","link":"https:\/\/konro-grill.com\/it\/prodotto\/konro-grill-binchotan-ogatan-10kg\/","title":{"rendered":"Konro Grill Binchotan Ogatan 10kg"},"content":{"rendered":"","protected":false},"excerpt":{"rendered":"<h3>Carbone di alta qualit\u00e0 in stile Binchotan: Konro Grill Ogatan Binchotan!<\/h3>\n<p>Questo <strong>premuto<\/strong> Il carbone di tipo Binchotan si accende molto pi\u00f9 facilmente rispetto al Binchotan naturale. Questo perch\u00e9 \u00e8 molto pi\u00f9 duro. La confezione contiene 10 kg. Prodotto in Vietnam. Questa carbonella di tipo Binchotan a lunga combustione raggiunge un calore molto elevato. \u00c8 perfetto per le grigliate konro e per le grigliate normali.<\/p>","protected":false},"featured_media":6942,"template":"","meta":{"inline_featured_image":false},"product_brand":[],"product_cat":[101],"product_tag":[],"class_list":{"0":"post-6928","1":"product","2":"type-product","3":"status-publish","4":"has-post-thumbnail","6":"product_cat-binchotan","7":"entry","8":"has-media","10":"first","11":"instock","12":"taxable","13":"shipping-taxable","14":"purchasable","15":"product-type-simple"},"bundled_by":["7776"],"bundle_stock_status":"instock","bundle_stock_quantity":31,"bundle_virtual":false,"bundle_layout":"","bundle_add_to_cart_form_location":"","bundle_editable_in_cart":false,"bundle_sold_individually_context":"","bundle_item_grouping":"","bundle_min_size":"","bundle_max_size":"","bundle_price":[],"bundled_items":[],"bundle_sell_ids":[],"yoast_head":"<!-- This site is optimized with the Yoast SEO plugin v27.4 - https:\/\/yoast.com\/product\/yoast-seo-wordpress\/ -->\n<title>Konro Grill Binchotan Ogatan 10kg, bestel bij de Konro Specialist<\/title>\n<meta name=\"description\" content=\"Onze Binchotan stijl houtskool: Konro Grill Ogatan Binchotan, geperste Binchotan stijl houtskoolsoort. Steekt makkelijk aan dan natuurlijke binchotan\" \/>\n<meta name=\"robots\" content=\"index, follow, max-snippet:-1, max-image-preview:large, max-video-preview:-1\" \/>\n<link rel=\"canonical\" href=\"https:\/\/konro-grill.com\/it\/prodotto\/konro-grill-binchotan-ogatan-10kg\/\" \/>\n<meta property=\"og:locale\" content=\"it_IT\" \/>\n<meta property=\"og:type\" content=\"article\" \/>\n<meta property=\"og:title\" content=\"Konro Grill Binchotan Ogatan 10kg, bestel bij de Konro Specialist\" \/>\n<meta property=\"og:description\" content=\"Onze Binchotan stijl houtskool: Konro Grill Ogatan Binchotan, geperste Binchotan stijl houtskoolsoort. Steekt makkelijk aan dan natuurlijke binchotan\" \/>\n<meta property=\"og:url\" content=\"https:\/\/konro-grill.com\/it\/prodotto\/konro-grill-binchotan-ogatan-10kg\/\" \/>\n<meta property=\"og:site_name\" content=\"Konro Grill, de grootste Japanse BBQ specialist\" \/>\n<meta property=\"article:publisher\" content=\"https:\/\/facebook.com\/KonroGrillCom\" \/>\n<meta property=\"article:modified_time\" content=\"2026-04-17T08:28:06+00:00\" \/>\n<meta property=\"og:image\" content=\"https:\/\/konro-grill.com\/wp-content\/uploads\/2024\/09\/Konro-Grill-Binchotan-Ogatan-10kg.jpg\" \/>\n\t<meta property=\"og:image:width\" content=\"800\" \/>\n\t<meta property=\"og:image:height\" content=\"800\" \/>\n\t<meta property=\"og:image:type\" content=\"image\/jpeg\" \/>\n<meta name=\"twitter:card\" content=\"summary_large_image\" \/>\n<meta name=\"twitter:label1\" content=\"Tempo di lettura stimato\" \/>\n\t<meta name=\"twitter:data1\" content=\"1 minuto\" \/>\n<script type=\"application\/ld+json\" class=\"yoast-schema-graph\">{\"@context\":\"https:\\\/\\\/schema.org\",\"@graph\":[{\"@type\":\"WebPage\",\"@id\":\"https:\\\/\\\/konro-grill.com\\\/product\\\/konro-grill-binchotan-ogatan-10kg\\\/\",\"url\":\"https:\\\/\\\/konro-grill.com\\\/product\\\/konro-grill-binchotan-ogatan-10kg\\\/\",\"name\":\"Konro Grill Binchotan Ogatan 10kg, bestel bij de Konro Specialist\",\"isPartOf\":{\"@id\":\"https:\\\/\\\/konro-grill.com\\\/#website\"},\"primaryImageOfPage\":{\"@id\":\"https:\\\/\\\/konro-grill.com\\\/product\\\/konro-grill-binchotan-ogatan-10kg\\\/#primaryimage\"},\"image\":{\"@id\":\"https:\\\/\\\/konro-grill.com\\\/product\\\/konro-grill-binchotan-ogatan-10kg\\\/#primaryimage\"},\"thumbnailUrl\":\"https:\\\/\\\/konro-grill.com\\\/wp-content\\\/uploads\\\/2024\\\/09\\\/Konro-Grill-Binchotan-Ogatan-10kg.jpg\",\"datePublished\":\"2024-09-26T14:50:34+00:00\",\"dateModified\":\"2026-04-17T08:28:06+00:00\",\"description\":\"Onze Binchotan stijl houtskool: Konro Grill Ogatan Binchotan, geperste Binchotan stijl houtskoolsoort. Steekt makkelijk aan dan natuurlijke binchotan\",\"breadcrumb\":{\"@id\":\"https:\\\/\\\/konro-grill.com\\\/product\\\/konro-grill-binchotan-ogatan-10kg\\\/#breadcrumb\"},\"inLanguage\":\"it-IT\",\"potentialAction\":[{\"@type\":\"ReadAction\",\"target\":[\"https:\\\/\\\/konro-grill.com\\\/product\\\/konro-grill-binchotan-ogatan-10kg\\\/\"]}]},{\"@type\":\"ImageObject\",\"inLanguage\":\"it-IT\",\"@id\":\"https:\\\/\\\/konro-grill.com\\\/product\\\/konro-grill-binchotan-ogatan-10kg\\\/#primaryimage\",\"url\":\"https:\\\/\\\/konro-grill.com\\\/wp-content\\\/uploads\\\/2024\\\/09\\\/Konro-Grill-Binchotan-Ogatan-10kg.jpg\",\"contentUrl\":\"https:\\\/\\\/konro-grill.com\\\/wp-content\\\/uploads\\\/2024\\\/09\\\/Konro-Grill-Binchotan-Ogatan-10kg.jpg\",\"width\":800,\"height\":800,\"caption\":\"Konro Grill Binchotan Ogatan 10kg\"},{\"@type\":\"BreadcrumbList\",\"@id\":\"https:\\\/\\\/konro-grill.com\\\/product\\\/konro-grill-binchotan-ogatan-10kg\\\/#breadcrumb\",\"itemListElement\":[{\"@type\":\"ListItem\",\"position\":1,\"name\":\"Home\",\"item\":\"https:\\\/\\\/konro-grill.com\\\/\"},{\"@type\":\"ListItem\",\"position\":2,\"name\":\"Winkel\",\"item\":\"https:\\\/\\\/konro-grill.com\\\/winkel\\\/\"},{\"@type\":\"ListItem\",\"position\":3,\"name\":\"Konro Grill Binchotan Ogatan 10kg\"}]},{\"@type\":\"WebSite\",\"@id\":\"https:\\\/\\\/konro-grill.com\\\/#website\",\"url\":\"https:\\\/\\\/konro-grill.com\\\/\",\"name\":\"Konro Grill\",\"description\":\"Konro Grill, de Grootste Japanse BBQ Specialist\",\"publisher\":{\"@id\":\"https:\\\/\\\/konro-grill.com\\\/#organization\"},\"potentialAction\":[{\"@type\":\"SearchAction\",\"target\":{\"@type\":\"EntryPoint\",\"urlTemplate\":\"https:\\\/\\\/konro-grill.com\\\/?s={search_term_string}\"},\"query-input\":{\"@type\":\"PropertyValueSpecification\",\"valueRequired\":true,\"valueName\":\"search_term_string\"}}],\"inLanguage\":\"it-IT\"},{\"@type\":\"Organization\",\"@id\":\"https:\\\/\\\/konro-grill.com\\\/#organization\",\"name\":\"Konro Grill\",\"url\":\"https:\\\/\\\/konro-grill.com\\\/\",\"logo\":{\"@type\":\"ImageObject\",\"inLanguage\":\"it-IT\",\"@id\":\"https:\\\/\\\/konro-grill.com\\\/#\\\/schema\\\/logo\\\/image\\\/\",\"url\":\"https:\\\/\\\/konro-grill.com\\\/wp-content\\\/uploads\\\/2021\\\/10\\\/konro-grill-logo.png\",\"contentUrl\":\"https:\\\/\\\/konro-grill.com\\\/wp-content\\\/uploads\\\/2021\\\/10\\\/konro-grill-logo.png\",\"width\":650,\"height\":80,\"caption\":\"Konro Grill\"},\"image\":{\"@id\":\"https:\\\/\\\/konro-grill.com\\\/#\\\/schema\\\/logo\\\/image\\\/\"},\"sameAs\":[\"https:\\\/\\\/facebook.com\\\/KonroGrillCom\",\"https:\\\/\\\/www.instagram.com\\\/konrogrillcom\\\/\"]}]}<\/script>\n<!-- \/ Yoast SEO plugin. -->","yoast_head_json":{"title":"Konro Grill Binchotan Ogatan 10kg, Ordina da Konro Specialist","description":"La nostra carbonella in stile Binchotan: Konro Grill Ogatan Binchotan, carbonella pressata in stile Binchotan. Si accende facilmente rispetto al Binchotan naturale","robots":{"index":"index","follow":"follow","max-snippet":"max-snippet:-1","max-image-preview":"max-image-preview:large","max-video-preview":"max-video-preview:-1"},"canonical":"https:\/\/konro-grill.com\/it\/prodotto\/konro-grill-binchotan-ogatan-10kg\/","og_locale":"it_IT","og_type":"article","og_title":"Konro Grill Binchotan Ogatan 10kg, bestel bij de Konro Specialist","og_description":"Onze Binchotan stijl houtskool: Konro Grill Ogatan Binchotan, geperste Binchotan stijl houtskoolsoort. Steekt makkelijk aan dan natuurlijke binchotan","og_url":"https:\/\/konro-grill.com\/it\/prodotto\/konro-grill-binchotan-ogatan-10kg\/","og_site_name":"Konro Grill, de grootste Japanse BBQ specialist","article_publisher":"https:\/\/facebook.com\/KonroGrillCom","article_modified_time":"2026-04-17T08:28:06+00:00","og_image":[{"width":800,"height":800,"url":"https:\/\/konro-grill.com\/wp-content\/uploads\/2024\/09\/Konro-Grill-Binchotan-Ogatan-10kg.jpg","type":"image\/jpeg"}],"twitter_card":"summary_large_image","twitter_misc":{"Tempo di lettura stimato":"1 minuto"},"schema":{"@context":"https:\/\/schema.org","@graph":[{"@type":"WebPage","@id":"https:\/\/konro-grill.com\/product\/konro-grill-binchotan-ogatan-10kg\/","url":"https:\/\/konro-grill.com\/product\/konro-grill-binchotan-ogatan-10kg\/","name":"Konro Grill Binchotan Ogatan 10kg, Ordina da Konro Specialist","isPartOf":{"@id":"https:\/\/konro-grill.com\/#website"},"primaryImageOfPage":{"@id":"https:\/\/konro-grill.com\/product\/konro-grill-binchotan-ogatan-10kg\/#primaryimage"},"image":{"@id":"https:\/\/konro-grill.com\/product\/konro-grill-binchotan-ogatan-10kg\/#primaryimage"},"thumbnailUrl":"https:\/\/konro-grill.com\/wp-content\/uploads\/2024\/09\/Konro-Grill-Binchotan-Ogatan-10kg.jpg","datePublished":"2024-09-26T14:50:34+00:00","dateModified":"2026-04-17T08:28:06+00:00","description":"La nostra carbonella in stile Binchotan: Konro Grill Ogatan Binchotan, carbonella pressata in stile Binchotan. Si accende facilmente rispetto al Binchotan naturale","breadcrumb":{"@id":"https:\/\/konro-grill.com\/product\/konro-grill-binchotan-ogatan-10kg\/#breadcrumb"},"inLanguage":"it-IT","potentialAction":[{"@type":"ReadAction","target":["https:\/\/konro-grill.com\/product\/konro-grill-binchotan-ogatan-10kg\/"]}]},{"@type":"ImageObject","inLanguage":"it-IT","@id":"https:\/\/konro-grill.com\/product\/konro-grill-binchotan-ogatan-10kg\/#primaryimage","url":"https:\/\/konro-grill.com\/wp-content\/uploads\/2024\/09\/Konro-Grill-Binchotan-Ogatan-10kg.jpg","contentUrl":"https:\/\/konro-grill.com\/wp-content\/uploads\/2024\/09\/Konro-Grill-Binchotan-Ogatan-10kg.jpg","width":800,"height":800,"caption":"Konro Grill Binchotan Ogatan 10kg"},{"@type":"BreadcrumbList","@id":"https:\/\/konro-grill.com\/product\/konro-grill-binchotan-ogatan-10kg\/#breadcrumb","itemListElement":[{"@type":"ListItem","position":1,"name":"Home","item":"https:\/\/konro-grill.com\/"},{"@type":"ListItem","position":2,"name":"Winkel","item":"https:\/\/konro-grill.com\/winkel\/"},{"@type":"ListItem","position":3,"name":"Konro Grill Binchotan Ogatan 10kg"}]},{"@type":"WebSite","@id":"https:\/\/konro-grill.com\/#website","url":"https:\/\/konro-grill.com\/","name":"Konro Grill","description":"Konro Grill, il pi\u00f9 grande specialista del BBQ giapponese","publisher":{"@id":"https:\/\/konro-grill.com\/#organization"},"potentialAction":[{"@type":"SearchAction","target":{"@type":"EntryPoint","urlTemplate":"https:\/\/konro-grill.com\/?s={search_term_string}"},"query-input":{"@type":"PropertyValueSpecification","valueRequired":true,"valueName":"search_term_string"}}],"inLanguage":"it-IT"},{"@type":"Organization","@id":"https:\/\/konro-grill.com\/#organization","name":"Konro Grill","url":"https:\/\/konro-grill.com\/","logo":{"@type":"ImageObject","inLanguage":"it-IT","@id":"https:\/\/konro-grill.com\/#\/schema\/logo\/image\/","url":"https:\/\/konro-grill.com\/wp-content\/uploads\/2021\/10\/konro-grill-logo.png","contentUrl":"https:\/\/konro-grill.com\/wp-content\/uploads\/2021\/10\/konro-grill-logo.png","width":650,"height":80,"caption":"Konro Grill"},"image":{"@id":"https:\/\/konro-grill.com\/#\/schema\/logo\/image\/"},"sameAs":["https:\/\/facebook.com\/KonroGrillCom","https:\/\/www.instagram.com\/konrogrillcom\/"]}]}},"df_price":59.95,"df_sale_price":"","df_regular_price":59.95,"df_image_link":"https:\/\/konro-grill.com\/wp-content\/uploads\/2024\/09\/Konro-Grill-Binchotan-Ogatan-10kg-300x300.jpg","_links":{"self":[{"href":"https:\/\/konro-grill.com\/it\/wp-json\/wp\/v2\/product\/6928","targetHints":{"allow":["GET"]}}],"collection":[{"href":"https:\/\/konro-grill.com\/it\/wp-json\/wp\/v2\/product"}],"about":[{"href":"https:\/\/konro-grill.com\/it\/wp-json\/wp\/v2\/types\/product"}],"wp:featuredmedia":[{"embeddable":true,"href":"https:\/\/konro-grill.com\/it\/wp-json\/wp\/v2\/media\/6942"}],"wp:attachment":[{"href":"https:\/\/konro-grill.com\/it\/wp-json\/wp\/v2\/media?parent=6928"}],"wp:term":[{"taxonomy":"product_brand","embeddable":true,"href":"https:\/\/konro-grill.com\/it\/wp-json\/wp\/v2\/product_brand?post=6928"},{"taxonomy":"product_cat","embeddable":true,"href":"https:\/\/konro-grill.com\/it\/wp-json\/wp\/v2\/product_cat?post=6928"},{"taxonomy":"product_tag","embeddable":true,"href":"https:\/\/konro-grill.com\/it\/wp-json\/wp\/v2\/product_tag?post=6928"}],"curies":[{"name":"wp","href":"https:\/\/api.w.org\/{rel}","templated":true}]}}