{"id":7067,"date":"2024-10-11T14:02:51","date_gmt":"2024-10-11T12:02:51","guid":{"rendered":"https:\/\/konro-grill.com\/?post_type=product&#038;p=7067"},"modified":"2026-04-25T10:28:04","modified_gmt":"2026-04-25T08:28:04","slug":"konro-grill-kishu-hanmaru-carbone-giapponese-binchotan-15kg","status":"publish","type":"product","link":"https:\/\/konro-grill.com\/it\/prodotto\/konro-grill-kishu-hanmaru-carbone-giapponese-binchotan-15kg\/","title":{"rendered":"Konro Grill Kishu Hanmaru Japanese Binchotan Charcoal 15kg"},"content":{"rendered":"<h2>Opta per l'autentico: Konro Grill Kishu Hanmaru <span style=\"text-decoration: underline;\">Giapponese<\/span> Carbone Binchotan<\/h2>\n<p>Vuoi scegliere l'originale? Autentico fatto a mano e <span style=\"text-decoration: underline;\">altamente esclusivo<\/span> Binchotan giapponese?<\/p>\n<p>Ci\u00f2 che rende il Kishu Hanmaru molto speciale \u00e8 il modo in cui viene prodotto. Il carbone di legna viene ricavato dalla <strong>Quercia Ubame<\/strong> e viene bruciato con estrema cura in un forno tradizionale. Questo processo garantisce una durezza senza precedenti e una combustione pulita, uniforme e prolungata. Uno dei maggiori vantaggi del vero Binchotan giapponese \u00e8 il suo <strong>temperatura estremamente elevata<\/strong> che pu\u00f2 raggiungere, rendendola ideale per grigliate e arrosti. Inoltre, non brucia <strong>Da 5 a 8 ore<\/strong>Ci\u00f2 significa che non dovrai aggiungere continuamente carbone.<\/p>\n<p>\u00c8 inoltre degno di nota il fatto che questi <strong>carbone di legna poco fumo<\/strong> produce, cos\u00ec i tuoi vicini non si lamenteranno. Con <strong>Konro Grill Kishu Hanmaru Japanese Binchotan Charcoal<\/strong> porta a casa tua un pezzo di tradizione culinaria giapponese, perfetto per preparare autentici piatti al barbecue nel tuo giardino. Un vero e proprio must per tutti gli amanti delle grigliate giapponesi!<\/p>","protected":false},"excerpt":{"rendered":"<h2>Autentico carbone giapponese Binchotan: Kishu Hanmaru Binchotan.<\/h2>\n<p><strong>Nota: disponibilit\u00e0 limitata!<\/strong> Altamente esclusivo, originale <strong>Kishu Hanmaru giapponese Binchotan giapponese<\/strong> una carbonella di prima qualit\u00e0 per i professionisti o per gli appassionati di barbecue giapponese. Questa carbonella \u00e8 <strong>Realizzato a mano in quercia Ubame<\/strong>, proviene dal <strong>La regione di Kishu in Giappone<\/strong> ed \u00e8 nota per le sue propriet\u00e0 uniche e la sua qualit\u00e0 eccezionale. Con una confezione di <strong>15 kg<\/strong> questa carbonella offre una quantit\u00e0 di combustibile sufficiente per molte grigliate.<\/p>\n<p>&nbsp;<\/p>","protected":false},"featured_media":7585,"template":"","meta":{"inline_featured_image":false},"product_brand":[],"product_cat":[101],"product_tag":[],"class_list":{"0":"post-7067","1":"product","2":"type-product","3":"status-publish","4":"has-post-thumbnail","6":"product_cat-binchotan","7":"entry","8":"has-media","10":"first","11":"instock","12":"taxable","13":"shipping-taxable","14":"purchasable","15":"product-type-simple"},"bundled_by":[],"bundle_stock_status":"instock","bundle_stock_quantity":2,"bundle_virtual":false,"bundle_layout":"","bundle_add_to_cart_form_location":"","bundle_editable_in_cart":false,"bundle_sold_individually_context":"","bundle_item_grouping":"","bundle_min_size":"","bundle_max_size":"","bundle_price":[],"bundled_items":[],"bundle_sell_ids":[3203,894],"yoast_head":"<!-- This site is optimized with the Yoast SEO plugin v27.4 - https:\/\/yoast.com\/product\/yoast-seo-wordpress\/ -->\n<title>Konro Grill Kishu Hanmaru Japanse Binchotan Houtskool 15kg<\/title>\n<meta name=\"description\" content=\"Echte Japanse Binchotan houtskool: Konro Grill Kishu Hanmaru Japanse Binchotan Houtskool 15kg houtskool. Ga jij voor The Real Deal?\" \/>\n<meta name=\"robots\" content=\"index, follow, max-snippet:-1, max-image-preview:large, max-video-preview:-1\" \/>\n<link rel=\"canonical\" href=\"https:\/\/konro-grill.com\/it\/prodotto\/konro-grill-kishu-hanmaru-carbone-giapponese-binchotan-15kg\/\" \/>\n<meta property=\"og:locale\" content=\"it_IT\" \/>\n<meta property=\"og:type\" content=\"article\" \/>\n<meta property=\"og:title\" content=\"Konro Grill Kishu Hanmaru Japanse Binchotan Houtskool 15kg\" \/>\n<meta property=\"og:description\" content=\"Echte Japanse Binchotan houtskool: Konro Grill Kishu Hanmaru Japanse Binchotan Houtskool 15kg houtskool. Ga jij voor The Real Deal?\" \/>\n<meta property=\"og:url\" content=\"https:\/\/konro-grill.com\/it\/prodotto\/konro-grill-kishu-hanmaru-carbone-giapponese-binchotan-15kg\/\" \/>\n<meta property=\"og:site_name\" content=\"Konro Grill, de grootste Japanse BBQ specialist\" \/>\n<meta property=\"article:publisher\" content=\"https:\/\/facebook.com\/KonroGrillCom\" \/>\n<meta property=\"article:modified_time\" content=\"2026-04-25T08:28:04+00:00\" \/>\n<meta property=\"og:image\" content=\"https:\/\/konro-grill.com\/wp-content\/uploads\/2024\/10\/Konro-Grill-Kishu-Hanmaru-Japanse-Binchotan-Houtskool-15kg-4-2.jpg\" \/>\n\t<meta property=\"og:image:width\" content=\"800\" \/>\n\t<meta property=\"og:image:height\" content=\"800\" \/>\n\t<meta property=\"og:image:type\" content=\"image\/jpeg\" \/>\n<meta name=\"twitter:card\" content=\"summary_large_image\" \/>\n<meta name=\"twitter:label1\" content=\"Tempo di lettura stimato\" \/>\n\t<meta name=\"twitter:data1\" content=\"2 minuti\" \/>\n<script type=\"application\/ld+json\" class=\"yoast-schema-graph\">{\"@context\":\"https:\\\/\\\/schema.org\",\"@graph\":[{\"@type\":\"WebPage\",\"@id\":\"https:\\\/\\\/konro-grill.com\\\/product\\\/konro-grill-kishu-hanmaru-japanse-binchotan-houtskool-15kg\\\/\",\"url\":\"https:\\\/\\\/konro-grill.com\\\/product\\\/konro-grill-kishu-hanmaru-japanse-binchotan-houtskool-15kg\\\/\",\"name\":\"Konro Grill Kishu Hanmaru Japanse Binchotan Houtskool 15kg\",\"isPartOf\":{\"@id\":\"https:\\\/\\\/konro-grill.com\\\/#website\"},\"primaryImageOfPage\":{\"@id\":\"https:\\\/\\\/konro-grill.com\\\/product\\\/konro-grill-kishu-hanmaru-japanse-binchotan-houtskool-15kg\\\/#primaryimage\"},\"image\":{\"@id\":\"https:\\\/\\\/konro-grill.com\\\/product\\\/konro-grill-kishu-hanmaru-japanse-binchotan-houtskool-15kg\\\/#primaryimage\"},\"thumbnailUrl\":\"https:\\\/\\\/konro-grill.com\\\/wp-content\\\/uploads\\\/2024\\\/10\\\/Konro-Grill-Kishu-Hanmaru-Japanse-Binchotan-Houtskool-15kg-4-2.jpg\",\"datePublished\":\"2024-10-11T12:02:51+00:00\",\"dateModified\":\"2026-04-25T08:28:04+00:00\",\"description\":\"Echte Japanse Binchotan houtskool: Konro Grill Kishu Hanmaru Japanse Binchotan Houtskool 15kg houtskool. Ga jij voor The Real Deal?\",\"breadcrumb\":{\"@id\":\"https:\\\/\\\/konro-grill.com\\\/product\\\/konro-grill-kishu-hanmaru-japanse-binchotan-houtskool-15kg\\\/#breadcrumb\"},\"inLanguage\":\"it-IT\",\"potentialAction\":[{\"@type\":\"ReadAction\",\"target\":[\"https:\\\/\\\/konro-grill.com\\\/product\\\/konro-grill-kishu-hanmaru-japanse-binchotan-houtskool-15kg\\\/\"]}]},{\"@type\":\"ImageObject\",\"inLanguage\":\"it-IT\",\"@id\":\"https:\\\/\\\/konro-grill.com\\\/product\\\/konro-grill-kishu-hanmaru-japanse-binchotan-houtskool-15kg\\\/#primaryimage\",\"url\":\"https:\\\/\\\/konro-grill.com\\\/wp-content\\\/uploads\\\/2024\\\/10\\\/Konro-Grill-Kishu-Hanmaru-Japanse-Binchotan-Houtskool-15kg-4-2.jpg\",\"contentUrl\":\"https:\\\/\\\/konro-grill.com\\\/wp-content\\\/uploads\\\/2024\\\/10\\\/Konro-Grill-Kishu-Hanmaru-Japanse-Binchotan-Houtskool-15kg-4-2.jpg\",\"width\":800,\"height\":800},{\"@type\":\"BreadcrumbList\",\"@id\":\"https:\\\/\\\/konro-grill.com\\\/product\\\/konro-grill-kishu-hanmaru-japanse-binchotan-houtskool-15kg\\\/#breadcrumb\",\"itemListElement\":[{\"@type\":\"ListItem\",\"position\":1,\"name\":\"Home\",\"item\":\"https:\\\/\\\/konro-grill.com\\\/\"},{\"@type\":\"ListItem\",\"position\":2,\"name\":\"Winkel\",\"item\":\"https:\\\/\\\/konro-grill.com\\\/winkel\\\/\"},{\"@type\":\"ListItem\",\"position\":3,\"name\":\"Konro Grill Kishu Hanmaru Japanse Binchotan Houtskool 15kg\"}]},{\"@type\":\"WebSite\",\"@id\":\"https:\\\/\\\/konro-grill.com\\\/#website\",\"url\":\"https:\\\/\\\/konro-grill.com\\\/\",\"name\":\"Konro Grill\",\"description\":\"Konro Grill, de Grootste Japanse BBQ Specialist\",\"publisher\":{\"@id\":\"https:\\\/\\\/konro-grill.com\\\/#organization\"},\"potentialAction\":[{\"@type\":\"SearchAction\",\"target\":{\"@type\":\"EntryPoint\",\"urlTemplate\":\"https:\\\/\\\/konro-grill.com\\\/?s={search_term_string}\"},\"query-input\":{\"@type\":\"PropertyValueSpecification\",\"valueRequired\":true,\"valueName\":\"search_term_string\"}}],\"inLanguage\":\"it-IT\"},{\"@type\":\"Organization\",\"@id\":\"https:\\\/\\\/konro-grill.com\\\/#organization\",\"name\":\"Konro Grill\",\"url\":\"https:\\\/\\\/konro-grill.com\\\/\",\"logo\":{\"@type\":\"ImageObject\",\"inLanguage\":\"it-IT\",\"@id\":\"https:\\\/\\\/konro-grill.com\\\/#\\\/schema\\\/logo\\\/image\\\/\",\"url\":\"https:\\\/\\\/konro-grill.com\\\/wp-content\\\/uploads\\\/2021\\\/10\\\/konro-grill-logo.png\",\"contentUrl\":\"https:\\\/\\\/konro-grill.com\\\/wp-content\\\/uploads\\\/2021\\\/10\\\/konro-grill-logo.png\",\"width\":650,\"height\":80,\"caption\":\"Konro Grill\"},\"image\":{\"@id\":\"https:\\\/\\\/konro-grill.com\\\/#\\\/schema\\\/logo\\\/image\\\/\"},\"sameAs\":[\"https:\\\/\\\/facebook.com\\\/KonroGrillCom\",\"https:\\\/\\\/www.instagram.com\\\/konrogrillcom\\\/\"]}]}<\/script>\n<!-- \/ Yoast SEO plugin. -->","yoast_head_json":{"title":"Konro Grill Kishu Hanmaru Japanese Binchotan Charcoal 15kg","description":"Vera carbonella giapponese Binchotan: Konro Grill Kishu Hanmaru carbonella giapponese Binchotan da 15 kg. Sceglierete il vero affare?","robots":{"index":"index","follow":"follow","max-snippet":"max-snippet:-1","max-image-preview":"max-image-preview:large","max-video-preview":"max-video-preview:-1"},"canonical":"https:\/\/konro-grill.com\/it\/prodotto\/konro-grill-kishu-hanmaru-carbone-giapponese-binchotan-15kg\/","og_locale":"it_IT","og_type":"article","og_title":"Konro Grill Kishu Hanmaru Japanse Binchotan Houtskool 15kg","og_description":"Echte Japanse Binchotan houtskool: Konro Grill Kishu Hanmaru Japanse Binchotan Houtskool 15kg houtskool. Ga jij voor The Real Deal?","og_url":"https:\/\/konro-grill.com\/it\/prodotto\/konro-grill-kishu-hanmaru-carbone-giapponese-binchotan-15kg\/","og_site_name":"Konro Grill, de grootste Japanse BBQ specialist","article_publisher":"https:\/\/facebook.com\/KonroGrillCom","article_modified_time":"2026-04-25T08:28:04+00:00","og_image":[{"width":800,"height":800,"url":"https:\/\/konro-grill.com\/wp-content\/uploads\/2024\/10\/Konro-Grill-Kishu-Hanmaru-Japanse-Binchotan-Houtskool-15kg-4-2.jpg","type":"image\/jpeg"}],"twitter_card":"summary_large_image","twitter_misc":{"Tempo di lettura stimato":"2 minuti"},"schema":{"@context":"https:\/\/schema.org","@graph":[{"@type":"WebPage","@id":"https:\/\/konro-grill.com\/product\/konro-grill-kishu-hanmaru-japanse-binchotan-houtskool-15kg\/","url":"https:\/\/konro-grill.com\/product\/konro-grill-kishu-hanmaru-japanse-binchotan-houtskool-15kg\/","name":"Konro Grill Kishu Hanmaru Japanese Binchotan Charcoal 15kg","isPartOf":{"@id":"https:\/\/konro-grill.com\/#website"},"primaryImageOfPage":{"@id":"https:\/\/konro-grill.com\/product\/konro-grill-kishu-hanmaru-japanse-binchotan-houtskool-15kg\/#primaryimage"},"image":{"@id":"https:\/\/konro-grill.com\/product\/konro-grill-kishu-hanmaru-japanse-binchotan-houtskool-15kg\/#primaryimage"},"thumbnailUrl":"https:\/\/konro-grill.com\/wp-content\/uploads\/2024\/10\/Konro-Grill-Kishu-Hanmaru-Japanse-Binchotan-Houtskool-15kg-4-2.jpg","datePublished":"2024-10-11T12:02:51+00:00","dateModified":"2026-04-25T08:28:04+00:00","description":"Vera carbonella giapponese Binchotan: Konro Grill Kishu Hanmaru carbonella giapponese Binchotan da 15 kg. Sceglierete il vero affare?","breadcrumb":{"@id":"https:\/\/konro-grill.com\/product\/konro-grill-kishu-hanmaru-japanse-binchotan-houtskool-15kg\/#breadcrumb"},"inLanguage":"it-IT","potentialAction":[{"@type":"ReadAction","target":["https:\/\/konro-grill.com\/product\/konro-grill-kishu-hanmaru-japanse-binchotan-houtskool-15kg\/"]}]},{"@type":"ImageObject","inLanguage":"it-IT","@id":"https:\/\/konro-grill.com\/product\/konro-grill-kishu-hanmaru-japanse-binchotan-houtskool-15kg\/#primaryimage","url":"https:\/\/konro-grill.com\/wp-content\/uploads\/2024\/10\/Konro-Grill-Kishu-Hanmaru-Japanse-Binchotan-Houtskool-15kg-4-2.jpg","contentUrl":"https:\/\/konro-grill.com\/wp-content\/uploads\/2024\/10\/Konro-Grill-Kishu-Hanmaru-Japanse-Binchotan-Houtskool-15kg-4-2.jpg","width":800,"height":800},{"@type":"BreadcrumbList","@id":"https:\/\/konro-grill.com\/product\/konro-grill-kishu-hanmaru-japanse-binchotan-houtskool-15kg\/#breadcrumb","itemListElement":[{"@type":"ListItem","position":1,"name":"Home","item":"https:\/\/konro-grill.com\/"},{"@type":"ListItem","position":2,"name":"Winkel","item":"https:\/\/konro-grill.com\/winkel\/"},{"@type":"ListItem","position":3,"name":"Konro Grill Kishu Hanmaru Japanse Binchotan Houtskool 15kg"}]},{"@type":"WebSite","@id":"https:\/\/konro-grill.com\/#website","url":"https:\/\/konro-grill.com\/","name":"Konro Grill","description":"Konro Grill, il pi\u00f9 grande specialista del BBQ giapponese","publisher":{"@id":"https:\/\/konro-grill.com\/#organization"},"potentialAction":[{"@type":"SearchAction","target":{"@type":"EntryPoint","urlTemplate":"https:\/\/konro-grill.com\/?s={search_term_string}"},"query-input":{"@type":"PropertyValueSpecification","valueRequired":true,"valueName":"search_term_string"}}],"inLanguage":"it-IT"},{"@type":"Organization","@id":"https:\/\/konro-grill.com\/#organization","name":"Konro Grill","url":"https:\/\/konro-grill.com\/","logo":{"@type":"ImageObject","inLanguage":"it-IT","@id":"https:\/\/konro-grill.com\/#\/schema\/logo\/image\/","url":"https:\/\/konro-grill.com\/wp-content\/uploads\/2021\/10\/konro-grill-logo.png","contentUrl":"https:\/\/konro-grill.com\/wp-content\/uploads\/2021\/10\/konro-grill-logo.png","width":650,"height":80,"caption":"Konro Grill"},"image":{"@id":"https:\/\/konro-grill.com\/#\/schema\/logo\/image\/"},"sameAs":["https:\/\/facebook.com\/KonroGrillCom","https:\/\/www.instagram.com\/konrogrillcom\/"]}]}},"df_price":899,"df_sale_price":"","df_regular_price":899,"df_image_link":"https:\/\/konro-grill.com\/wp-content\/uploads\/2024\/10\/Konro-Grill-Kishu-Hanmaru-Japanse-Binchotan-Houtskool-15kg-4-2-300x300.jpg","_links":{"self":[{"href":"https:\/\/konro-grill.com\/it\/wp-json\/wp\/v2\/product\/7067","targetHints":{"allow":["GET"]}}],"collection":[{"href":"https:\/\/konro-grill.com\/it\/wp-json\/wp\/v2\/product"}],"about":[{"href":"https:\/\/konro-grill.com\/it\/wp-json\/wp\/v2\/types\/product"}],"wp:featuredmedia":[{"embeddable":true,"href":"https:\/\/konro-grill.com\/it\/wp-json\/wp\/v2\/media\/7585"}],"wp:attachment":[{"href":"https:\/\/konro-grill.com\/it\/wp-json\/wp\/v2\/media?parent=7067"}],"wp:term":[{"taxonomy":"product_brand","embeddable":true,"href":"https:\/\/konro-grill.com\/it\/wp-json\/wp\/v2\/product_brand?post=7067"},{"taxonomy":"product_cat","embeddable":true,"href":"https:\/\/konro-grill.com\/it\/wp-json\/wp\/v2\/product_cat?post=7067"},{"taxonomy":"product_tag","embeddable":true,"href":"https:\/\/konro-grill.com\/it\/wp-json\/wp\/v2\/product_tag?post=7067"}],"curies":[{"name":"wp","href":"https:\/\/api.w.org\/{rel}","templated":true}]}}