{"id":87,"date":"2020-11-10T12:34:06","date_gmt":"2020-11-10T11:34:06","guid":{"rendered":"https:\/\/konro-grill.com\/?post_type=product&#038;p=87"},"modified":"2026-04-22T10:28:04","modified_gmt":"2026-04-22T08:28:04","slug":"konro-grill-xl","status":"publish","type":"product","link":"https:\/\/konro-grill.com\/it\/prodotto\/konro-grill-xl\/","title":{"rendered":"Konro Grill XL Diatomite"},"content":{"rendered":"<div class=\"wpb-content-wrapper\"><div class=\"vc_row wpb_row vc_row-fluid wpex-relative\"><div class=\"wpb_column vc_column_container vc_col-sm-12\"><div class=\"vc_column-inner\"><div class=\"wpb_wrapper\">\n\t<div class=\"wpb_text_column wpb_content_element\" >\n\t\t<div class=\"wpb_wrapper\">\n\t\t\t<h3>Konro Grill XL Diatomite. Modello extra lungo.<\/h3>\n<p><strong>Grazie alle sue dimensioni maggiori (77 x 20 x 23 cm), questo modello \u00e8 adatto soprattutto agli utenti professionali, come ristoranti, food truck o gastro bar.<\/strong><\/p>\n<p>Usa questa griglia hibachi extra large per grigliare yakitori molto caldi, scottare Wagyu e altre carni. Non dimenticare le numerose possibilit\u00e0 di cucinare frutti di mare e verdure! Tutto ci\u00f2 che preparerai su questo <strong>griglia giapponese yakitori fatta a mano<\/strong> ha un sapore puro e onesto.<\/p>\n<p>Questo Konro Grill XL in Diatomite pu\u00f2 stare in piedi su un tavolo o un piano di lavoro. Questo perch\u00e9 \u00e8 dotato di tappi antiscivolo in gomma. Se questo Konro Grill viene posizionato su un piano di lavoro in acciaio inox, non \u00e8 necessario un plateau. Per evitare segni di bruciatura sul tavolo, ti consigliamo di utilizzare il seguente sistema <a href=\"https:\/\/konro-grill.com\/it\/prodotto\/vassoio-in-legno-konro-xl\/\">piattaforma in legno<\/a> sotto.<\/p>\n<p>Dai un'occhiata anche al modello di Kasai: il <a href=\"https:\/\/konro-grill.com\/it\/kasai-lungo\/\"><strong>Kasai Long<\/strong><\/a> o <a href=\"https:\/\/konro-grill.com\/it\/kasai-xl\/\"><strong>Kasai XL<\/strong><\/a>.<\/p>\n<p>Stai cercando una griglia giapponese di dimensioni diverse? Dai un'occhiata al <a href=\"https:\/\/konro-grill.com\/it\/griglia-giapponese\/\">altri modelli<\/a>. Se vuoi saperne di pi\u00f9 sul funzionamento di questa griglia, leggi il nostro articolo <a href=\"https:\/\/konro-grill.com\/it\/faq\/\">FAQ<\/a>.<\/p>\n\n\t\t<\/div>\n\t<\/div>\n<div class=\"vcex-spacing wpex-w-100 wpex-clear\" style=\"height:32px;\"><\/div><div class=\"templatera_shortcode\"><style type=\"text\/css\" data-type=\"vc_shortcodes-custom-css\">.vc_custom_1657802039208{margin-bottom: 0px !important;}<\/style><div class=\"vc_row wpb_row vc_row-fluid geschikt-voor-row-alt wpex-relative\"><div class=\"wpb_column vc_column_container vc_col-sm-12\"><div class=\"vc_column-inner vc_custom_1657802039208\"><div class=\"wpb_wrapper\">\n\t<div class=\"wpb_text_column wpb_content_element left\" >\n\t\t<div class=\"wpb_wrapper\">\n\t\t\t<h2 style=\"text-align: center;\">Ecco cosa puoi fare con la griglia Konro<\/h2>\n\n\t\t<\/div>\n\t<\/div>\n<div class=\"vc_row wpb_row vc_inner vc_row-fluid wpex-relative\"><div class=\"wpb_column vc_column_container vc_col-sm-4\"><div class=\"vc_column-inner\"><div class=\"wpb_wrapper\">\n\t<div  class=\"wpb_single_image wpb_content_element vc_align_center wpb_content_element  icon\">\n\t\t\n\t\t<figure class=\"wpb_wrapper vc_figure\">\n\t\t\t<div class=\"vc_single_image-wrapper   vc_box_border_grey\"><img width=\"1\" height=\"1\" src=\"https:\/\/konro-grill.com\/wp-content\/uploads\/2020\/11\/vlees.svg\" class=\"vc_single_image-img attachment-full\" alt=\"\" title=\"carne\" \/><\/div>\n\t\t<\/figure>\n\t<\/div>\n\n\t<div class=\"wpb_text_column wpb_content_element textcenter\" >\n\t\t<div class=\"wpb_wrapper\">\n\t\t\t<h3>Pollame e carne<\/h3>\n<p>Grigliate il pollo in stile yakitori e scottate fettine sottili e tenere di Wagyu!<\/p>\n\n\t\t<\/div>\n\t<\/div>\n<\/div><\/div><\/div><div class=\"wpb_column vc_column_container vc_col-sm-4\"><div class=\"vc_column-inner\"><div class=\"wpb_wrapper\">\n\t<div  class=\"wpb_single_image wpb_content_element vc_align_center wpb_content_element  icon\">\n\t\t\n\t\t<figure class=\"wpb_wrapper vc_figure\">\n\t\t\t<div class=\"vc_single_image-wrapper   vc_box_border_grey\"><img width=\"1\" height=\"1\" src=\"https:\/\/konro-grill.com\/wp-content\/uploads\/2020\/11\/vis.svg\" class=\"vc_single_image-img attachment-full\" alt=\"\" title=\"pesce\" \/><\/div>\n\t\t<\/figure>\n\t<\/div>\n\n\t<div class=\"wpb_text_column wpb_content_element textcenter\" >\n\t\t<div class=\"wpb_wrapper\">\n\t\t\t<h3>Pesce e crostacei<\/h3>\n<p>Grigliare direttamente i crostacei o il pesce. Delizioso! Assaggiate i sapori puri!<\/p>\n\n\t\t<\/div>\n\t<\/div>\n<\/div><\/div><\/div><div class=\"wpb_column vc_column_container vc_col-sm-4\"><div class=\"vc_column-inner\"><div class=\"wpb_wrapper\">\n\t<div  class=\"wpb_single_image wpb_content_element vc_align_center wpb_content_element  icon\">\n\t\t\n\t\t<figure class=\"wpb_wrapper vc_figure\">\n\t\t\t<div class=\"vc_single_image-wrapper   vc_box_border_grey\"><img width=\"1\" height=\"1\" src=\"https:\/\/konro-grill.com\/wp-content\/uploads\/2020\/11\/groente.svg\" class=\"vc_single_image-img attachment-full\" alt=\"\" title=\"vegetale\" \/><\/div>\n\t\t<\/figure>\n\t<\/div>\n\n\t<div class=\"wpb_text_column wpb_content_element textcenter\" >\n\t\t<div class=\"wpb_wrapper\">\n\t\t\t<h3>Frutta e verdura<\/h3>\n<p>Grigliate le verdure o anche la frutta. Laccatela e lasciatevi stupire dal gusto!<\/p>\n\n\t\t<\/div>\n\t<\/div>\n<\/div><\/div><\/div><\/div><\/div><\/div><\/div><\/div><\/div><\/div><\/div><\/div><\/div>\n<\/div>","protected":false},"excerpt":{"rendered":"<h3>Realizzato a mano in Giappone. Il miglior konro del mondo.<\/h3>\n<p>Questo \u00e8 l'originale giapponese <strong>Griglia Konro alla diatomite<\/strong> <strong>XL<\/strong>. La taglia XL \u00e8 perfetta per il <strong>cucina professionale<\/strong>.<\/p>","protected":false},"featured_media":246,"template":"","meta":{"inline_featured_image":false},"product_brand":[],"product_cat":[243],"product_tag":[],"class_list":{"0":"post-87","1":"product","2":"type-product","3":"status-publish","4":"has-post-thumbnail","6":"product_cat-japanse-konro-grill","7":"entry","8":"has-media","10":"first","11":"instock","12":"taxable","13":"shipping-taxable","14":"purchasable","15":"product-type-simple"},"bundled_by":["1472","2455"],"bundle_stock_status":"instock","bundle_stock_quantity":14,"bundle_virtual":false,"bundle_layout":"","bundle_add_to_cart_form_location":"","bundle_editable_in_cart":false,"bundle_sold_individually_context":"","bundle_item_grouping":"","bundle_min_size":"","bundle_max_size":"","bundle_price":[],"bundled_items":[],"bundle_sell_ids":[6674,8960,9007,1369,3203,2519,3195,910,905,3910],"yoast_head":"<!-- This site is optimized with the Yoast SEO plugin v27.4 - https:\/\/yoast.com\/product\/yoast-seo-wordpress\/ -->\n<title>Konro Grill XL, bestel bij de grootste Japanse BBQ specialist<\/title>\n<meta name=\"description\" content=\"Kies voor een originele Japanse Diatomite Konro Grill XL. Bestel hem bij de grootste Japanse BBQ specialist van Europa: Konro Grill.\" \/>\n<meta name=\"robots\" content=\"index, follow, max-snippet:-1, max-image-preview:large, max-video-preview:-1\" \/>\n<link rel=\"canonical\" href=\"https:\/\/konro-grill.com\/it\/prodotto\/konro-grill-xl\/\" \/>\n<meta property=\"og:locale\" content=\"it_IT\" \/>\n<meta property=\"og:type\" content=\"article\" \/>\n<meta property=\"og:title\" content=\"Konro Grill XL, bestel bij de grootste Japanse BBQ specialist\" \/>\n<meta property=\"og:description\" content=\"Kies voor een originele Japanse Diatomite Konro Grill XL. Bestel hem bij de grootste Japanse BBQ specialist van Europa: Konro Grill.\" \/>\n<meta property=\"og:url\" content=\"https:\/\/konro-grill.com\/it\/prodotto\/konro-grill-xl\/\" \/>\n<meta property=\"og:site_name\" content=\"Konro Grill, de grootste Japanse BBQ specialist\" \/>\n<meta property=\"article:publisher\" content=\"https:\/\/facebook.com\/KonroGrillCom\" \/>\n<meta property=\"article:modified_time\" content=\"2026-04-22T08:28:04+00:00\" \/>\n<meta property=\"og:image\" content=\"https:\/\/konro-grill.com\/wp-content\/uploads\/2020\/11\/Konro-Grill-XL.jpg\" \/>\n\t<meta property=\"og:image:width\" content=\"800\" \/>\n\t<meta property=\"og:image:height\" content=\"800\" \/>\n\t<meta property=\"og:image:type\" content=\"image\/jpeg\" \/>\n<meta name=\"twitter:card\" content=\"summary_large_image\" \/>\n<meta name=\"twitter:label1\" content=\"Tempo di lettura stimato\" \/>\n\t<meta name=\"twitter:data1\" content=\"2 minuti\" \/>\n<script type=\"application\/ld+json\" class=\"yoast-schema-graph\">{\"@context\":\"https:\\\/\\\/schema.org\",\"@graph\":[{\"@type\":\"WebPage\",\"@id\":\"https:\\\/\\\/konro-grill.com\\\/product\\\/konro-grill-xl\\\/\",\"url\":\"https:\\\/\\\/konro-grill.com\\\/product\\\/konro-grill-xl\\\/\",\"name\":\"Konro Grill XL, bestel bij de grootste Japanse BBQ specialist\",\"isPartOf\":{\"@id\":\"https:\\\/\\\/konro-grill.com\\\/#website\"},\"primaryImageOfPage\":{\"@id\":\"https:\\\/\\\/konro-grill.com\\\/product\\\/konro-grill-xl\\\/#primaryimage\"},\"image\":{\"@id\":\"https:\\\/\\\/konro-grill.com\\\/product\\\/konro-grill-xl\\\/#primaryimage\"},\"thumbnailUrl\":\"https:\\\/\\\/konro-grill.com\\\/wp-content\\\/uploads\\\/2020\\\/11\\\/Konro-Grill-XL.jpg\",\"datePublished\":\"2020-11-10T11:34:06+00:00\",\"dateModified\":\"2026-04-22T08:28:04+00:00\",\"description\":\"Kies voor een originele Japanse Diatomite Konro Grill XL. Bestel hem bij de grootste Japanse BBQ specialist van Europa: Konro Grill.\",\"breadcrumb\":{\"@id\":\"https:\\\/\\\/konro-grill.com\\\/product\\\/konro-grill-xl\\\/#breadcrumb\"},\"inLanguage\":\"it-IT\",\"potentialAction\":[{\"@type\":\"ReadAction\",\"target\":[\"https:\\\/\\\/konro-grill.com\\\/product\\\/konro-grill-xl\\\/\"]}]},{\"@type\":\"ImageObject\",\"inLanguage\":\"it-IT\",\"@id\":\"https:\\\/\\\/konro-grill.com\\\/product\\\/konro-grill-xl\\\/#primaryimage\",\"url\":\"https:\\\/\\\/konro-grill.com\\\/wp-content\\\/uploads\\\/2020\\\/11\\\/Konro-Grill-XL.jpg\",\"contentUrl\":\"https:\\\/\\\/konro-grill.com\\\/wp-content\\\/uploads\\\/2020\\\/11\\\/Konro-Grill-XL.jpg\",\"width\":800,\"height\":800},{\"@type\":\"BreadcrumbList\",\"@id\":\"https:\\\/\\\/konro-grill.com\\\/product\\\/konro-grill-xl\\\/#breadcrumb\",\"itemListElement\":[{\"@type\":\"ListItem\",\"position\":1,\"name\":\"Home\",\"item\":\"https:\\\/\\\/konro-grill.com\\\/\"},{\"@type\":\"ListItem\",\"position\":2,\"name\":\"Winkel\",\"item\":\"https:\\\/\\\/konro-grill.com\\\/winkel\\\/\"},{\"@type\":\"ListItem\",\"position\":3,\"name\":\"Konro Grill XL Diatomite\"}]},{\"@type\":\"WebSite\",\"@id\":\"https:\\\/\\\/konro-grill.com\\\/#website\",\"url\":\"https:\\\/\\\/konro-grill.com\\\/\",\"name\":\"Konro Grill\",\"description\":\"Konro Grill, de Grootste Japanse BBQ Specialist\",\"publisher\":{\"@id\":\"https:\\\/\\\/konro-grill.com\\\/#organization\"},\"potentialAction\":[{\"@type\":\"SearchAction\",\"target\":{\"@type\":\"EntryPoint\",\"urlTemplate\":\"https:\\\/\\\/konro-grill.com\\\/?s={search_term_string}\"},\"query-input\":{\"@type\":\"PropertyValueSpecification\",\"valueRequired\":true,\"valueName\":\"search_term_string\"}}],\"inLanguage\":\"it-IT\"},{\"@type\":\"Organization\",\"@id\":\"https:\\\/\\\/konro-grill.com\\\/#organization\",\"name\":\"Konro Grill\",\"url\":\"https:\\\/\\\/konro-grill.com\\\/\",\"logo\":{\"@type\":\"ImageObject\",\"inLanguage\":\"it-IT\",\"@id\":\"https:\\\/\\\/konro-grill.com\\\/#\\\/schema\\\/logo\\\/image\\\/\",\"url\":\"https:\\\/\\\/konro-grill.com\\\/wp-content\\\/uploads\\\/2021\\\/10\\\/konro-grill-logo.png\",\"contentUrl\":\"https:\\\/\\\/konro-grill.com\\\/wp-content\\\/uploads\\\/2021\\\/10\\\/konro-grill-logo.png\",\"width\":650,\"height\":80,\"caption\":\"Konro Grill\"},\"image\":{\"@id\":\"https:\\\/\\\/konro-grill.com\\\/#\\\/schema\\\/logo\\\/image\\\/\"},\"sameAs\":[\"https:\\\/\\\/facebook.com\\\/KonroGrillCom\",\"https:\\\/\\\/www.instagram.com\\\/konrogrillcom\\\/\"]}]}<\/script>\n<!-- \/ Yoast SEO plugin. -->","yoast_head_json":{"title":"Konro Grill XL, ordina dal pi\u00f9 grande specialista di barbecue giapponese","description":"Scegliete un Konro Grill XL originale giapponese in diatomite. Ordinatelo dal pi\u00f9 grande specialista di barbecue giapponesi d'Europa: Konro Grill.","robots":{"index":"index","follow":"follow","max-snippet":"max-snippet:-1","max-image-preview":"max-image-preview:large","max-video-preview":"max-video-preview:-1"},"canonical":"https:\/\/konro-grill.com\/it\/prodotto\/konro-grill-xl\/","og_locale":"it_IT","og_type":"article","og_title":"Konro Grill XL, bestel bij de grootste Japanse BBQ specialist","og_description":"Kies voor een originele Japanse Diatomite Konro Grill XL. Bestel hem bij de grootste Japanse BBQ specialist van Europa: Konro Grill.","og_url":"https:\/\/konro-grill.com\/it\/prodotto\/konro-grill-xl\/","og_site_name":"Konro Grill, de grootste Japanse BBQ specialist","article_publisher":"https:\/\/facebook.com\/KonroGrillCom","article_modified_time":"2026-04-22T08:28:04+00:00","og_image":[{"width":800,"height":800,"url":"https:\/\/konro-grill.com\/wp-content\/uploads\/2020\/11\/Konro-Grill-XL.jpg","type":"image\/jpeg"}],"twitter_card":"summary_large_image","twitter_misc":{"Tempo di lettura stimato":"2 minuti"},"schema":{"@context":"https:\/\/schema.org","@graph":[{"@type":"WebPage","@id":"https:\/\/konro-grill.com\/product\/konro-grill-xl\/","url":"https:\/\/konro-grill.com\/product\/konro-grill-xl\/","name":"Konro Grill XL, ordina dal pi\u00f9 grande specialista di barbecue giapponese","isPartOf":{"@id":"https:\/\/konro-grill.com\/#website"},"primaryImageOfPage":{"@id":"https:\/\/konro-grill.com\/product\/konro-grill-xl\/#primaryimage"},"image":{"@id":"https:\/\/konro-grill.com\/product\/konro-grill-xl\/#primaryimage"},"thumbnailUrl":"https:\/\/konro-grill.com\/wp-content\/uploads\/2020\/11\/Konro-Grill-XL.jpg","datePublished":"2020-11-10T11:34:06+00:00","dateModified":"2026-04-22T08:28:04+00:00","description":"Scegliete un Konro Grill XL originale giapponese in diatomite. Ordinatelo dal pi\u00f9 grande specialista di barbecue giapponesi d'Europa: Konro Grill.","breadcrumb":{"@id":"https:\/\/konro-grill.com\/product\/konro-grill-xl\/#breadcrumb"},"inLanguage":"it-IT","potentialAction":[{"@type":"ReadAction","target":["https:\/\/konro-grill.com\/product\/konro-grill-xl\/"]}]},{"@type":"ImageObject","inLanguage":"it-IT","@id":"https:\/\/konro-grill.com\/product\/konro-grill-xl\/#primaryimage","url":"https:\/\/konro-grill.com\/wp-content\/uploads\/2020\/11\/Konro-Grill-XL.jpg","contentUrl":"https:\/\/konro-grill.com\/wp-content\/uploads\/2020\/11\/Konro-Grill-XL.jpg","width":800,"height":800},{"@type":"BreadcrumbList","@id":"https:\/\/konro-grill.com\/product\/konro-grill-xl\/#breadcrumb","itemListElement":[{"@type":"ListItem","position":1,"name":"Home","item":"https:\/\/konro-grill.com\/"},{"@type":"ListItem","position":2,"name":"Winkel","item":"https:\/\/konro-grill.com\/winkel\/"},{"@type":"ListItem","position":3,"name":"Konro Grill XL Diatomite"}]},{"@type":"WebSite","@id":"https:\/\/konro-grill.com\/#website","url":"https:\/\/konro-grill.com\/","name":"Konro Grill","description":"Konro Grill, il pi\u00f9 grande specialista del BBQ giapponese","publisher":{"@id":"https:\/\/konro-grill.com\/#organization"},"potentialAction":[{"@type":"SearchAction","target":{"@type":"EntryPoint","urlTemplate":"https:\/\/konro-grill.com\/?s={search_term_string}"},"query-input":{"@type":"PropertyValueSpecification","valueRequired":true,"valueName":"search_term_string"}}],"inLanguage":"it-IT"},{"@type":"Organization","@id":"https:\/\/konro-grill.com\/#organization","name":"Konro Grill","url":"https:\/\/konro-grill.com\/","logo":{"@type":"ImageObject","inLanguage":"it-IT","@id":"https:\/\/konro-grill.com\/#\/schema\/logo\/image\/","url":"https:\/\/konro-grill.com\/wp-content\/uploads\/2021\/10\/konro-grill-logo.png","contentUrl":"https:\/\/konro-grill.com\/wp-content\/uploads\/2021\/10\/konro-grill-logo.png","width":650,"height":80,"caption":"Konro Grill"},"image":{"@id":"https:\/\/konro-grill.com\/#\/schema\/logo\/image\/"},"sameAs":["https:\/\/facebook.com\/KonroGrillCom","https:\/\/www.instagram.com\/konrogrillcom\/"]}]}},"df_price":899,"df_sale_price":"","df_regular_price":899,"df_image_link":"https:\/\/konro-grill.com\/wp-content\/uploads\/2020\/11\/Konro-Grill-XL-300x300.jpg","_links":{"self":[{"href":"https:\/\/konro-grill.com\/it\/wp-json\/wp\/v2\/product\/87","targetHints":{"allow":["GET"]}}],"collection":[{"href":"https:\/\/konro-grill.com\/it\/wp-json\/wp\/v2\/product"}],"about":[{"href":"https:\/\/konro-grill.com\/it\/wp-json\/wp\/v2\/types\/product"}],"wp:featuredmedia":[{"embeddable":true,"href":"https:\/\/konro-grill.com\/it\/wp-json\/wp\/v2\/media\/246"}],"wp:attachment":[{"href":"https:\/\/konro-grill.com\/it\/wp-json\/wp\/v2\/media?parent=87"}],"wp:term":[{"taxonomy":"product_brand","embeddable":true,"href":"https:\/\/konro-grill.com\/it\/wp-json\/wp\/v2\/product_brand?post=87"},{"taxonomy":"product_cat","embeddable":true,"href":"https:\/\/konro-grill.com\/it\/wp-json\/wp\/v2\/product_cat?post=87"},{"taxonomy":"product_tag","embeddable":true,"href":"https:\/\/konro-grill.com\/it\/wp-json\/wp\/v2\/product_tag?post=87"}],"curies":[{"name":"wp","href":"https:\/\/api.w.org\/{rel}","templated":true}]}}