{"id":915,"date":"2022-06-09T15:29:31","date_gmt":"2022-06-09T13:29:31","guid":{"rendered":"https:\/\/konro-grill.com\/?post_type=product&#038;p=915"},"modified":"2026-04-22T10:28:05","modified_gmt":"2026-04-22T08:28:05","slug":"spiedini-di-bambu","status":"publish","type":"product","link":"https:\/\/konro-grill.com\/it\/prodotto\/spiedini-di-bambu\/","title":{"rendered":"Spiedini di bamb\u00f9 lunghi 50 pezzi"},"content":{"rendered":"","protected":false},"excerpt":{"rendered":"<h2>Per gli spiedini yakitori pi\u00f9 saporiti<\/h2>\n<p>Se vi piace preparare yakitori o altri spiedini sul vostro Konro Grill, avete ovviamente bisogno dei migliori spiedini. Il contenuto della confezione consiste in 50 spiedini di bamb\u00f9 da 18 centimetri. Immergeteli in acqua per un'ora per evitare che si brucino sul vostro Konro Grill caldo.<\/p>","protected":false},"featured_media":916,"template":"","meta":{"inline_featured_image":false},"product_brand":[],"product_cat":[376,510,99,381],"product_tag":[],"class_list":{"0":"post-915","1":"product","2":"type-product","3":"status-publish","4":"has-post-thumbnail","6":"product_cat-bbq-spiezen","7":"product_cat-export","8":"product_cat-konro-accessoires","9":"product_cat-konro-essentials","10":"entry","11":"has-media","13":"first","14":"instock","15":"taxable","16":"shipping-taxable","17":"purchasable","18":"product-type-simple"},"bundled_by":["1456","1460","1462","1464","1466","1468","1470","1472","2452","2453","2454","2455","6565","3214","6728","6725","6818","6889","7590","7776","7818","8261","8262","8263","8264","8267","8268","8261"],"bundle_stock_status":"instock","bundle_stock_quantity":388,"bundle_virtual":false,"bundle_layout":"","bundle_add_to_cart_form_location":"","bundle_editable_in_cart":false,"bundle_sold_individually_context":"","bundle_item_grouping":"","bundle_min_size":"","bundle_max_size":"","bundle_price":[],"bundled_items":[],"bundle_sell_ids":[],"yoast_head":"<!-- This site is optimized with the Yoast SEO plugin v27.4 - https:\/\/yoast.com\/product\/yoast-seo-wordpress\/ -->\n<title>Bamboe Spiesen van de beste kwaliteit | Shop bij Konro Grill<\/title>\n<meta name=\"description\" content=\"Maak de lekkerste yakitori of andere BBQ spiesjes op je Konro Grill met deze Bamboe Spiesen van KonroGrill.com. Verkrijgbaar per 50 stuks.\" \/>\n<meta name=\"robots\" content=\"index, follow, max-snippet:-1, max-image-preview:large, max-video-preview:-1\" \/>\n<link rel=\"canonical\" href=\"https:\/\/konro-grill.com\/it\/prodotto\/spiedini-di-bambu\/\" \/>\n<meta property=\"og:locale\" content=\"it_IT\" \/>\n<meta property=\"og:type\" content=\"article\" \/>\n<meta property=\"og:title\" content=\"Bamboe Spiesen van de beste kwaliteit | Shop bij Konro Grill\" \/>\n<meta property=\"og:description\" content=\"Maak de lekkerste yakitori of andere BBQ spiesjes op je Konro Grill met deze Bamboe Spiesen van KonroGrill.com. Verkrijgbaar per 50 stuks.\" \/>\n<meta property=\"og:url\" content=\"https:\/\/konro-grill.com\/it\/prodotto\/spiedini-di-bambu\/\" \/>\n<meta property=\"og:site_name\" content=\"Konro Grill, de grootste Japanse BBQ specialist\" \/>\n<meta property=\"article:publisher\" content=\"https:\/\/facebook.com\/KonroGrillCom\" \/>\n<meta property=\"article:modified_time\" content=\"2026-04-22T08:28:05+00:00\" \/>\n<meta property=\"og:image\" content=\"https:\/\/konro-grill.com\/wp-content\/uploads\/2022\/06\/Konro-Bamboo-Skewer-Display-Pack-Konro-Grill.jpg\" \/>\n\t<meta property=\"og:image:width\" content=\"800\" \/>\n\t<meta property=\"og:image:height\" content=\"800\" \/>\n\t<meta property=\"og:image:type\" content=\"image\/jpeg\" \/>\n<meta name=\"twitter:card\" content=\"summary_large_image\" \/>\n<meta name=\"twitter:label1\" content=\"Tempo di lettura stimato\" \/>\n\t<meta name=\"twitter:data1\" content=\"1 minuto\" \/>\n<script type=\"application\/ld+json\" class=\"yoast-schema-graph\">{\"@context\":\"https:\\\/\\\/schema.org\",\"@graph\":[{\"@type\":\"WebPage\",\"@id\":\"https:\\\/\\\/konro-grill.com\\\/product\\\/bamboe-spiesen\\\/\",\"url\":\"https:\\\/\\\/konro-grill.com\\\/product\\\/bamboe-spiesen\\\/\",\"name\":\"Bamboe Spiesen van de beste kwaliteit | Shop bij Konro Grill\",\"isPartOf\":{\"@id\":\"https:\\\/\\\/konro-grill.com\\\/#website\"},\"primaryImageOfPage\":{\"@id\":\"https:\\\/\\\/konro-grill.com\\\/product\\\/bamboe-spiesen\\\/#primaryimage\"},\"image\":{\"@id\":\"https:\\\/\\\/konro-grill.com\\\/product\\\/bamboe-spiesen\\\/#primaryimage\"},\"thumbnailUrl\":\"https:\\\/\\\/konro-grill.com\\\/wp-content\\\/uploads\\\/2022\\\/06\\\/Konro-Bamboo-Skewer-Display-Pack-Konro-Grill.jpg\",\"datePublished\":\"2022-06-09T13:29:31+00:00\",\"dateModified\":\"2026-04-22T08:28:05+00:00\",\"description\":\"Maak de lekkerste yakitori of andere BBQ spiesjes op je Konro Grill met deze Bamboe Spiesen van KonroGrill.com. Verkrijgbaar per 50 stuks.\",\"breadcrumb\":{\"@id\":\"https:\\\/\\\/konro-grill.com\\\/product\\\/bamboe-spiesen\\\/#breadcrumb\"},\"inLanguage\":\"it-IT\",\"potentialAction\":[{\"@type\":\"ReadAction\",\"target\":[\"https:\\\/\\\/konro-grill.com\\\/product\\\/bamboe-spiesen\\\/\"]}]},{\"@type\":\"ImageObject\",\"inLanguage\":\"it-IT\",\"@id\":\"https:\\\/\\\/konro-grill.com\\\/product\\\/bamboe-spiesen\\\/#primaryimage\",\"url\":\"https:\\\/\\\/konro-grill.com\\\/wp-content\\\/uploads\\\/2022\\\/06\\\/Konro-Bamboo-Skewer-Display-Pack-Konro-Grill.jpg\",\"contentUrl\":\"https:\\\/\\\/konro-grill.com\\\/wp-content\\\/uploads\\\/2022\\\/06\\\/Konro-Bamboo-Skewer-Display-Pack-Konro-Grill.jpg\",\"width\":800,\"height\":800,\"caption\":\"Konro Bamboe spiesen 50 stuks\"},{\"@type\":\"BreadcrumbList\",\"@id\":\"https:\\\/\\\/konro-grill.com\\\/product\\\/bamboe-spiesen\\\/#breadcrumb\",\"itemListElement\":[{\"@type\":\"ListItem\",\"position\":1,\"name\":\"Home\",\"item\":\"https:\\\/\\\/konro-grill.com\\\/\"},{\"@type\":\"ListItem\",\"position\":2,\"name\":\"Winkel\",\"item\":\"https:\\\/\\\/konro-grill.com\\\/winkel\\\/\"},{\"@type\":\"ListItem\",\"position\":3,\"name\":\"Bamboe Spiesen lang 50 stuks\"}]},{\"@type\":\"WebSite\",\"@id\":\"https:\\\/\\\/konro-grill.com\\\/#website\",\"url\":\"https:\\\/\\\/konro-grill.com\\\/\",\"name\":\"Konro Grill\",\"description\":\"Konro Grill, de Grootste Japanse BBQ Specialist\",\"publisher\":{\"@id\":\"https:\\\/\\\/konro-grill.com\\\/#organization\"},\"potentialAction\":[{\"@type\":\"SearchAction\",\"target\":{\"@type\":\"EntryPoint\",\"urlTemplate\":\"https:\\\/\\\/konro-grill.com\\\/?s={search_term_string}\"},\"query-input\":{\"@type\":\"PropertyValueSpecification\",\"valueRequired\":true,\"valueName\":\"search_term_string\"}}],\"inLanguage\":\"it-IT\"},{\"@type\":\"Organization\",\"@id\":\"https:\\\/\\\/konro-grill.com\\\/#organization\",\"name\":\"Konro Grill\",\"url\":\"https:\\\/\\\/konro-grill.com\\\/\",\"logo\":{\"@type\":\"ImageObject\",\"inLanguage\":\"it-IT\",\"@id\":\"https:\\\/\\\/konro-grill.com\\\/#\\\/schema\\\/logo\\\/image\\\/\",\"url\":\"https:\\\/\\\/konro-grill.com\\\/wp-content\\\/uploads\\\/2021\\\/10\\\/konro-grill-logo.png\",\"contentUrl\":\"https:\\\/\\\/konro-grill.com\\\/wp-content\\\/uploads\\\/2021\\\/10\\\/konro-grill-logo.png\",\"width\":650,\"height\":80,\"caption\":\"Konro Grill\"},\"image\":{\"@id\":\"https:\\\/\\\/konro-grill.com\\\/#\\\/schema\\\/logo\\\/image\\\/\"},\"sameAs\":[\"https:\\\/\\\/facebook.com\\\/KonroGrillCom\",\"https:\\\/\\\/www.instagram.com\\\/konrogrillcom\\\/\"]}]}<\/script>\n<!-- \/ Yoast SEO plugin. -->","yoast_head_json":{"title":"Spiedini di bamb\u00f9 della migliore qualit\u00e0 | Acquista su Konro Grill","description":"Preparate i pi\u00f9 gustosi yakitori o altri spiedini per barbecue sul vostro Konro Grill con questi spiedini di bamb\u00f9 di KonroGrill.com. Disponibili per 50 pezzi.","robots":{"index":"index","follow":"follow","max-snippet":"max-snippet:-1","max-image-preview":"max-image-preview:large","max-video-preview":"max-video-preview:-1"},"canonical":"https:\/\/konro-grill.com\/it\/prodotto\/spiedini-di-bambu\/","og_locale":"it_IT","og_type":"article","og_title":"Bamboe Spiesen van de beste kwaliteit | Shop bij Konro Grill","og_description":"Maak de lekkerste yakitori of andere BBQ spiesjes op je Konro Grill met deze Bamboe Spiesen van KonroGrill.com. Verkrijgbaar per 50 stuks.","og_url":"https:\/\/konro-grill.com\/it\/prodotto\/spiedini-di-bambu\/","og_site_name":"Konro Grill, de grootste Japanse BBQ specialist","article_publisher":"https:\/\/facebook.com\/KonroGrillCom","article_modified_time":"2026-04-22T08:28:05+00:00","og_image":[{"width":800,"height":800,"url":"https:\/\/konro-grill.com\/wp-content\/uploads\/2022\/06\/Konro-Bamboo-Skewer-Display-Pack-Konro-Grill.jpg","type":"image\/jpeg"}],"twitter_card":"summary_large_image","twitter_misc":{"Tempo di lettura stimato":"1 minuto"},"schema":{"@context":"https:\/\/schema.org","@graph":[{"@type":"WebPage","@id":"https:\/\/konro-grill.com\/product\/bamboe-spiesen\/","url":"https:\/\/konro-grill.com\/product\/bamboe-spiesen\/","name":"Spiedini di bamb\u00f9 della migliore qualit\u00e0 | Acquista su Konro Grill","isPartOf":{"@id":"https:\/\/konro-grill.com\/#website"},"primaryImageOfPage":{"@id":"https:\/\/konro-grill.com\/product\/bamboe-spiesen\/#primaryimage"},"image":{"@id":"https:\/\/konro-grill.com\/product\/bamboe-spiesen\/#primaryimage"},"thumbnailUrl":"https:\/\/konro-grill.com\/wp-content\/uploads\/2022\/06\/Konro-Bamboo-Skewer-Display-Pack-Konro-Grill.jpg","datePublished":"2022-06-09T13:29:31+00:00","dateModified":"2026-04-22T08:28:05+00:00","description":"Preparate i pi\u00f9 gustosi yakitori o altri spiedini per barbecue sul vostro Konro Grill con questi spiedini di bamb\u00f9 di KonroGrill.com. Disponibili per 50 pezzi.","breadcrumb":{"@id":"https:\/\/konro-grill.com\/product\/bamboe-spiesen\/#breadcrumb"},"inLanguage":"it-IT","potentialAction":[{"@type":"ReadAction","target":["https:\/\/konro-grill.com\/product\/bamboe-spiesen\/"]}]},{"@type":"ImageObject","inLanguage":"it-IT","@id":"https:\/\/konro-grill.com\/product\/bamboe-spiesen\/#primaryimage","url":"https:\/\/konro-grill.com\/wp-content\/uploads\/2022\/06\/Konro-Bamboo-Skewer-Display-Pack-Konro-Grill.jpg","contentUrl":"https:\/\/konro-grill.com\/wp-content\/uploads\/2022\/06\/Konro-Bamboo-Skewer-Display-Pack-Konro-Grill.jpg","width":800,"height":800,"caption":"Konro Bamboe spiesen 50 stuks"},{"@type":"BreadcrumbList","@id":"https:\/\/konro-grill.com\/product\/bamboe-spiesen\/#breadcrumb","itemListElement":[{"@type":"ListItem","position":1,"name":"Home","item":"https:\/\/konro-grill.com\/"},{"@type":"ListItem","position":2,"name":"Winkel","item":"https:\/\/konro-grill.com\/winkel\/"},{"@type":"ListItem","position":3,"name":"Bamboe Spiesen lang 50 stuks"}]},{"@type":"WebSite","@id":"https:\/\/konro-grill.com\/#website","url":"https:\/\/konro-grill.com\/","name":"Konro Grill","description":"Konro Grill, il pi\u00f9 grande specialista del BBQ giapponese","publisher":{"@id":"https:\/\/konro-grill.com\/#organization"},"potentialAction":[{"@type":"SearchAction","target":{"@type":"EntryPoint","urlTemplate":"https:\/\/konro-grill.com\/?s={search_term_string}"},"query-input":{"@type":"PropertyValueSpecification","valueRequired":true,"valueName":"search_term_string"}}],"inLanguage":"it-IT"},{"@type":"Organization","@id":"https:\/\/konro-grill.com\/#organization","name":"Konro Grill","url":"https:\/\/konro-grill.com\/","logo":{"@type":"ImageObject","inLanguage":"it-IT","@id":"https:\/\/konro-grill.com\/#\/schema\/logo\/image\/","url":"https:\/\/konro-grill.com\/wp-content\/uploads\/2021\/10\/konro-grill-logo.png","contentUrl":"https:\/\/konro-grill.com\/wp-content\/uploads\/2021\/10\/konro-grill-logo.png","width":650,"height":80,"caption":"Konro Grill"},"image":{"@id":"https:\/\/konro-grill.com\/#\/schema\/logo\/image\/"},"sameAs":["https:\/\/facebook.com\/KonroGrillCom","https:\/\/www.instagram.com\/konrogrillcom\/"]}]}},"df_price":3.95,"df_sale_price":"","df_regular_price":3.95,"df_image_link":"https:\/\/konro-grill.com\/wp-content\/uploads\/2022\/06\/Konro-Bamboo-Skewer-Display-Pack-Konro-Grill-300x300.jpg","_links":{"self":[{"href":"https:\/\/konro-grill.com\/it\/wp-json\/wp\/v2\/product\/915","targetHints":{"allow":["GET"]}}],"collection":[{"href":"https:\/\/konro-grill.com\/it\/wp-json\/wp\/v2\/product"}],"about":[{"href":"https:\/\/konro-grill.com\/it\/wp-json\/wp\/v2\/types\/product"}],"wp:featuredmedia":[{"embeddable":true,"href":"https:\/\/konro-grill.com\/it\/wp-json\/wp\/v2\/media\/916"}],"wp:attachment":[{"href":"https:\/\/konro-grill.com\/it\/wp-json\/wp\/v2\/media?parent=915"}],"wp:term":[{"taxonomy":"product_brand","embeddable":true,"href":"https:\/\/konro-grill.com\/it\/wp-json\/wp\/v2\/product_brand?post=915"},{"taxonomy":"product_cat","embeddable":true,"href":"https:\/\/konro-grill.com\/it\/wp-json\/wp\/v2\/product_cat?post=915"},{"taxonomy":"product_tag","embeddable":true,"href":"https:\/\/konro-grill.com\/it\/wp-json\/wp\/v2\/product_tag?post=915"}],"curies":[{"name":"wp","href":"https:\/\/api.w.org\/{rel}","templated":true}]}}