{"id":144,"date":"2020-11-11T12:29:11","date_gmt":"2020-11-11T11:29:11","guid":{"rendered":"https:\/\/konro-grill.com\/?page_id=144"},"modified":"2026-03-10T16:03:07","modified_gmt":"2026-03-10T15:03:07","slug":"pagamento-seguro","status":"publish","type":"page","link":"https:\/\/konro-grill.com\/pt\/pagamento-seguro\/","title":{"rendered":"Pagar com seguran\u00e7a"},"content":{"rendered":"<div class=\"wpb-content-wrapper\"><div class=\"vc_row wpb_row vc_row-fluid site-doc-row wpex-vc-full-width-row wpex-vc-full-width-row--centered wpex-relative\"><div class=\"wpb_column vc_column_container vc_col-sm-12\"><div class=\"vc_column-inner\"><div class=\"wpb_wrapper\">\n\t<div class=\"wpb_text_column wpb_content_element site-doc-blok\" >\n\t\t<div class=\"wpb_wrapper\">\n\t\t\t<h1>As nossas op\u00e7\u00f5es de pagamento<\/h1>\n<p>Konro Grill oferece todos os m\u00e9todos de pagamento comuns. Pode encomendar e pagar connosco, num ambiente seguro. Esta loja virtual \u00e9 segura e protegemos os seus dados pessoais. Tem alguma pergunta sobre este assunto? Ent\u00e3o, por favor <a href=\"\/pt\/contacto\/\">contacto<\/a> connosco ou leia a nossa <a href=\"\/pt\/politica-de-privacidade\/\">pol\u00edtica de privacidade<\/a>!<\/p>\n<p><img loading=\"lazy\" decoding=\"async\" class=\"aligncenter wp-image-7709 size-full\" src=\"https:\/\/konro-grill.com\/wp-content\/uploads\/2025\/01\/Betaalmethodes-KonroGrill.png\" alt=\"Pagar com seguran\u00e7a\" width=\"1182\" height=\"70\" srcset=\"https:\/\/konro-grill.com\/wp-content\/uploads\/2025\/01\/Betaalmethodes-KonroGrill.png 1182w, https:\/\/konro-grill.com\/wp-content\/uploads\/2025\/01\/Betaalmethodes-KonroGrill-300x18.png 300w, https:\/\/konro-grill.com\/wp-content\/uploads\/2025\/01\/Betaalmethodes-KonroGrill-1024x61.png 1024w, https:\/\/konro-grill.com\/wp-content\/uploads\/2025\/01\/Betaalmethodes-KonroGrill-768x45.png 768w, https:\/\/konro-grill.com\/wp-content\/uploads\/2025\/01\/Betaalmethodes-KonroGrill-18x1.png 18w, https:\/\/konro-grill.com\/wp-content\/uploads\/2025\/01\/Betaalmethodes-KonroGrill-24x1.png 24w, https:\/\/konro-grill.com\/wp-content\/uploads\/2025\/01\/Betaalmethodes-KonroGrill-36x2.png 36w, https:\/\/konro-grill.com\/wp-content\/uploads\/2025\/01\/Betaalmethodes-KonroGrill-48x3.png 48w, https:\/\/konro-grill.com\/wp-content\/uploads\/2025\/01\/Betaalmethodes-KonroGrill-600x36.png 600w, https:\/\/konro-grill.com\/wp-content\/uploads\/2025\/01\/Betaalmethodes-KonroGrill-64x4.png 64w\" sizes=\"auto, (max-width: 1182px) 100vw, 1182px\" \/><\/p>\n<h4>Pr\u00e9-pagamento<\/h4>\n<p>Os nossos m\u00e9todos de pagamento s\u00e3o f\u00e1ceis e 100% seguros. Se optar por pagar com <strong>iDEAL<\/strong> ou <strong>Contacto com o banco<\/strong> depois paga <span style=\"text-decoration: underline;\">sem custos adicionais<\/span> no Konro Grill. Para um pagamento com <strong>cart\u00e3o de cr\u00e9dito<\/strong> pagas 0,15 euros + 1,3% de taxa de servi\u00e7o. Se optares por <strong>KBC\/CBC<\/strong> ou <strong>Belfius<\/strong>, ser\u00e1 cobrada uma taxa \u00fanica de 0,25 euros e 0,9% da sua encomenda. Ap\u00f3s efetuar a sua encomenda e introduzir os seus dados, ser\u00e1 automaticamente redireccionado para o nosso prestador de servi\u00e7os de pagamento (Mollie) para concluir o pagamento de forma segura e r\u00e1pida.<\/p>\n<h4>P\u00f3s-pagamento ou pagamento escalonado em 3 partes<\/h4>\n<p>Em alguns pa\u00edses, oferecemos tamb\u00e9m a possibilidade de pagar posteriormente com <strong>Klarna<\/strong> ou <strong>Riverty<\/strong>. Este servi\u00e7o \u00e9 dispendioso para n\u00f3s, e \u00e9 por isso que cobramos uma taxa \u00fanica. Os custos para Klarna e Riverty s\u00e3o 2,99% da tua encomenda. Para al\u00e9m do p\u00f3s-pagamento, tamb\u00e9m podes optar por <strong>pagar em 3 partes com Klarna ou iDEAL<\/strong>. A sobretaxa para o pagamento por spread com Klarna \u00e9 de 0,95 euros + 2,99% da sua encomenda e para iDEAL in 3 \u00e9 de 0,85 euros + 3,5%. O p\u00f3s-pagamento ou o pagamento com spread est\u00e1 dispon\u00edvel at\u00e9 um valor de encomenda de 5 000 euros.<\/p>\n<h4>PayPal<\/h4>\n<p>Comprar com seguran\u00e7a extra? Pode faz\u00ea-lo. Opte por <strong>PayPal<\/strong>.<\/p>\n<h4>Pagamento \u00e0 cobran\u00e7a<\/h4>\n<p>Preferes vir buscar-nos? N\u00e3o tens de qu\u00ea. Podes optar por levantar na loja e efetuar o pagamento diretamente. Preferes pagar no momento do levantamento? No momento do levantamento, podes pagar em dinheiro ou com PIN. No carrinho de compras, escolhe \u201cLevantar na loja\u201d e \u201cTransfer\u00eancia banc\u00e1ria\u201d.<\/p>\n<p><strong>Nem todos os artigos podem ser recolhidos facilmente (devido ao peso e ao tamanho). Por isso, coordena sempre a tua recolha connosco. Telefona-nos, envia uma mensagem ou utiliza o nosso chat.<\/strong><\/p>\n\n\t\t<\/div>\n\t<\/div>\n<\/div><\/div><\/div><\/div>\n<\/div>","protected":false},"excerpt":{"rendered":"As nossas op\u00e7\u00f5es de pagamento O Konro Grill oferece-te todos os m\u00e9todos de pagamento comuns. Podes encomendar e pagar connosco, num ambiente seguro. Esta loja virtual \u00e9 segura e protegemos os teus dados pessoais. Tens alguma pergunta sobre isto? Ent\u00e3o, contacta-nos ou l\u00ea a nossa pol\u00edtica de privacidade! Pr\u00e9-pagamento Os nossos m\u00e9todos de pagamento s\u00e3o f\u00e1ceis e 100% seguros. Escolhe o teu...","protected":false},"author":1,"featured_media":0,"parent":0,"menu_order":0,"comment_status":"closed","ping_status":"closed","template":"","meta":{"inline_featured_image":false,"footnotes":""},"class_list":["post-144","page","type-page","status-publish","hentry","entry","no-media"],"yoast_head":"<!-- This site is optimized with the Yoast SEO plugin v27.4 - https:\/\/yoast.com\/product\/yoast-seo-wordpress\/ -->\n<title>Veilig betalen | Konro Grill, de grootste Japanse BBQ specialist<\/title>\n<meta name=\"description\" content=\"Betaalmogelijkheden van Konro Grill, we bieden alle gangbare betaalmethoden. Je kunt bij ons, in een veilige omgeving, bestellen en betalen.\" \/>\n<meta name=\"robots\" content=\"index, follow, max-snippet:-1, max-image-preview:large, max-video-preview:-1\" \/>\n<link rel=\"canonical\" href=\"https:\/\/konro-grill.com\/pt\/pagamento-seguro\/\" \/>\n<meta property=\"og:locale\" content=\"pt_PT\" \/>\n<meta property=\"og:type\" content=\"article\" \/>\n<meta property=\"og:title\" content=\"Veilig betalen | Konro Grill, de grootste Japanse BBQ specialist\" \/>\n<meta property=\"og:description\" content=\"Betaalmogelijkheden van Konro Grill, we bieden alle gangbare betaalmethoden. Je kunt bij ons, in een veilige omgeving, bestellen en betalen.\" \/>\n<meta property=\"og:url\" content=\"https:\/\/konro-grill.com\/pt\/pagamento-seguro\/\" \/>\n<meta property=\"og:site_name\" content=\"Konro Grill, de grootste Japanse BBQ specialist\" \/>\n<meta property=\"article:publisher\" content=\"https:\/\/facebook.com\/KonroGrillCom\" \/>\n<meta property=\"article:modified_time\" content=\"2026-03-10T15:03:07+00:00\" \/>\n<meta property=\"og:image\" content=\"https:\/\/konro-grill.com\/wp-content\/uploads\/2025\/01\/Betaalmethodes-KonroGrill.png\" \/>\n\t<meta property=\"og:image:width\" content=\"1182\" \/>\n\t<meta property=\"og:image:height\" content=\"70\" \/>\n\t<meta property=\"og:image:type\" content=\"image\/png\" \/>\n<meta name=\"twitter:card\" content=\"summary_large_image\" \/>\n<meta name=\"twitter:label1\" content=\"Tempo estimado de leitura\" \/>\n\t<meta name=\"twitter:data1\" content=\"2 minutos\" \/>\n<script type=\"application\/ld+json\" class=\"yoast-schema-graph\">{\"@context\":\"https:\\\/\\\/schema.org\",\"@graph\":[{\"@type\":\"WebPage\",\"@id\":\"https:\\\/\\\/konro-grill.com\\\/veilig-betalen\\\/\",\"url\":\"https:\\\/\\\/konro-grill.com\\\/veilig-betalen\\\/\",\"name\":\"Veilig betalen | Konro Grill, de grootste Japanse BBQ specialist\",\"isPartOf\":{\"@id\":\"https:\\\/\\\/konro-grill.com\\\/#website\"},\"primaryImageOfPage\":{\"@id\":\"https:\\\/\\\/konro-grill.com\\\/veilig-betalen\\\/#primaryimage\"},\"image\":{\"@id\":\"https:\\\/\\\/konro-grill.com\\\/veilig-betalen\\\/#primaryimage\"},\"thumbnailUrl\":\"https:\\\/\\\/konro-grill.com\\\/wp-content\\\/uploads\\\/2025\\\/01\\\/Betaalmethodes-KonroGrill.png\",\"datePublished\":\"2020-11-11T11:29:11+00:00\",\"dateModified\":\"2026-03-10T15:03:07+00:00\",\"description\":\"Betaalmogelijkheden van Konro Grill, we bieden alle gangbare betaalmethoden. Je kunt bij ons, in een veilige omgeving, bestellen en betalen.\",\"breadcrumb\":{\"@id\":\"https:\\\/\\\/konro-grill.com\\\/veilig-betalen\\\/#breadcrumb\"},\"inLanguage\":\"pt-PT\",\"potentialAction\":[{\"@type\":\"ReadAction\",\"target\":[\"https:\\\/\\\/konro-grill.com\\\/veilig-betalen\\\/\"]}]},{\"@type\":\"ImageObject\",\"inLanguage\":\"pt-PT\",\"@id\":\"https:\\\/\\\/konro-grill.com\\\/veilig-betalen\\\/#primaryimage\",\"url\":\"https:\\\/\\\/konro-grill.com\\\/wp-content\\\/uploads\\\/2025\\\/01\\\/Betaalmethodes-KonroGrill.png\",\"contentUrl\":\"https:\\\/\\\/konro-grill.com\\\/wp-content\\\/uploads\\\/2025\\\/01\\\/Betaalmethodes-KonroGrill.png\"},{\"@type\":\"BreadcrumbList\",\"@id\":\"https:\\\/\\\/konro-grill.com\\\/veilig-betalen\\\/#breadcrumb\",\"itemListElement\":[{\"@type\":\"ListItem\",\"position\":1,\"name\":\"Home\",\"item\":\"https:\\\/\\\/konro-grill.com\\\/\"},{\"@type\":\"ListItem\",\"position\":2,\"name\":\"Veilig betalen\"}]},{\"@type\":\"WebSite\",\"@id\":\"https:\\\/\\\/konro-grill.com\\\/#website\",\"url\":\"https:\\\/\\\/konro-grill.com\\\/\",\"name\":\"Konro Grill\",\"description\":\"Konro Grill, de Grootste Japanse BBQ Specialist\",\"publisher\":{\"@id\":\"https:\\\/\\\/konro-grill.com\\\/#organization\"},\"potentialAction\":[{\"@type\":\"SearchAction\",\"target\":{\"@type\":\"EntryPoint\",\"urlTemplate\":\"https:\\\/\\\/konro-grill.com\\\/?s={search_term_string}\"},\"query-input\":{\"@type\":\"PropertyValueSpecification\",\"valueRequired\":true,\"valueName\":\"search_term_string\"}}],\"inLanguage\":\"pt-PT\"},{\"@type\":\"Organization\",\"@id\":\"https:\\\/\\\/konro-grill.com\\\/#organization\",\"name\":\"Konro Grill\",\"url\":\"https:\\\/\\\/konro-grill.com\\\/\",\"logo\":{\"@type\":\"ImageObject\",\"inLanguage\":\"pt-PT\",\"@id\":\"https:\\\/\\\/konro-grill.com\\\/#\\\/schema\\\/logo\\\/image\\\/\",\"url\":\"https:\\\/\\\/konro-grill.com\\\/wp-content\\\/uploads\\\/2021\\\/10\\\/konro-grill-logo.png\",\"contentUrl\":\"https:\\\/\\\/konro-grill.com\\\/wp-content\\\/uploads\\\/2021\\\/10\\\/konro-grill-logo.png\",\"width\":650,\"height\":80,\"caption\":\"Konro Grill\"},\"image\":{\"@id\":\"https:\\\/\\\/konro-grill.com\\\/#\\\/schema\\\/logo\\\/image\\\/\"},\"sameAs\":[\"https:\\\/\\\/facebook.com\\\/KonroGrillCom\",\"https:\\\/\\\/www.instagram.com\\\/konrogrillcom\\\/\"]}]}<\/script>\n<!-- \/ Yoast SEO plugin. -->","yoast_head_json":{"title":"Pagamento seguro | Konro Grill, o maior especialista em churrasco japon\u00eas","description":"Op\u00e7\u00f5es de pagamento No Konro Grill, oferecemos todos os m\u00e9todos de pagamento comuns. Pode encomendar e pagar connosco, num ambiente seguro.","robots":{"index":"index","follow":"follow","max-snippet":"max-snippet:-1","max-image-preview":"max-image-preview:large","max-video-preview":"max-video-preview:-1"},"canonical":"https:\/\/konro-grill.com\/pt\/pagamento-seguro\/","og_locale":"pt_PT","og_type":"article","og_title":"Veilig betalen | Konro Grill, de grootste Japanse BBQ specialist","og_description":"Betaalmogelijkheden van Konro Grill, we bieden alle gangbare betaalmethoden. Je kunt bij ons, in een veilige omgeving, bestellen en betalen.","og_url":"https:\/\/konro-grill.com\/pt\/pagamento-seguro\/","og_site_name":"Konro Grill, de grootste Japanse BBQ specialist","article_publisher":"https:\/\/facebook.com\/KonroGrillCom","article_modified_time":"2026-03-10T15:03:07+00:00","og_image":[{"width":1182,"height":70,"url":"https:\/\/konro-grill.com\/wp-content\/uploads\/2025\/01\/Betaalmethodes-KonroGrill.png","type":"image\/png"}],"twitter_card":"summary_large_image","twitter_misc":{"Tempo estimado de leitura":"2 minutos"},"schema":{"@context":"https:\/\/schema.org","@graph":[{"@type":"WebPage","@id":"https:\/\/konro-grill.com\/veilig-betalen\/","url":"https:\/\/konro-grill.com\/veilig-betalen\/","name":"Pagamento seguro | Konro Grill, o maior especialista em churrasco japon\u00eas","isPartOf":{"@id":"https:\/\/konro-grill.com\/#website"},"primaryImageOfPage":{"@id":"https:\/\/konro-grill.com\/veilig-betalen\/#primaryimage"},"image":{"@id":"https:\/\/konro-grill.com\/veilig-betalen\/#primaryimage"},"thumbnailUrl":"https:\/\/konro-grill.com\/wp-content\/uploads\/2025\/01\/Betaalmethodes-KonroGrill.png","datePublished":"2020-11-11T11:29:11+00:00","dateModified":"2026-03-10T15:03:07+00:00","description":"Op\u00e7\u00f5es de pagamento No Konro Grill, oferecemos todos os m\u00e9todos de pagamento comuns. Pode encomendar e pagar connosco, num ambiente seguro.","breadcrumb":{"@id":"https:\/\/konro-grill.com\/veilig-betalen\/#breadcrumb"},"inLanguage":"pt-PT","potentialAction":[{"@type":"ReadAction","target":["https:\/\/konro-grill.com\/veilig-betalen\/"]}]},{"@type":"ImageObject","inLanguage":"pt-PT","@id":"https:\/\/konro-grill.com\/veilig-betalen\/#primaryimage","url":"https:\/\/konro-grill.com\/wp-content\/uploads\/2025\/01\/Betaalmethodes-KonroGrill.png","contentUrl":"https:\/\/konro-grill.com\/wp-content\/uploads\/2025\/01\/Betaalmethodes-KonroGrill.png"},{"@type":"BreadcrumbList","@id":"https:\/\/konro-grill.com\/veilig-betalen\/#breadcrumb","itemListElement":[{"@type":"ListItem","position":1,"name":"Home","item":"https:\/\/konro-grill.com\/"},{"@type":"ListItem","position":2,"name":"Veilig betalen"}]},{"@type":"WebSite","@id":"https:\/\/konro-grill.com\/#website","url":"https:\/\/konro-grill.com\/","name":"Konro Grill","description":"Konro Grill, o maior especialista em churrasco japon\u00eas","publisher":{"@id":"https:\/\/konro-grill.com\/#organization"},"potentialAction":[{"@type":"SearchAction","target":{"@type":"EntryPoint","urlTemplate":"https:\/\/konro-grill.com\/?s={search_term_string}"},"query-input":{"@type":"PropertyValueSpecification","valueRequired":true,"valueName":"search_term_string"}}],"inLanguage":"pt-PT"},{"@type":"Organization","@id":"https:\/\/konro-grill.com\/#organization","name":"Konro Grill","url":"https:\/\/konro-grill.com\/","logo":{"@type":"ImageObject","inLanguage":"pt-PT","@id":"https:\/\/konro-grill.com\/#\/schema\/logo\/image\/","url":"https:\/\/konro-grill.com\/wp-content\/uploads\/2021\/10\/konro-grill-logo.png","contentUrl":"https:\/\/konro-grill.com\/wp-content\/uploads\/2021\/10\/konro-grill-logo.png","width":650,"height":80,"caption":"Konro Grill"},"image":{"@id":"https:\/\/konro-grill.com\/#\/schema\/logo\/image\/"},"sameAs":["https:\/\/facebook.com\/KonroGrillCom","https:\/\/www.instagram.com\/konrogrillcom\/"]}]}},"_links":{"self":[{"href":"https:\/\/konro-grill.com\/pt\/wp-json\/wp\/v2\/pages\/144","targetHints":{"allow":["GET"]}}],"collection":[{"href":"https:\/\/konro-grill.com\/pt\/wp-json\/wp\/v2\/pages"}],"about":[{"href":"https:\/\/konro-grill.com\/pt\/wp-json\/wp\/v2\/types\/page"}],"author":[{"embeddable":true,"href":"https:\/\/konro-grill.com\/pt\/wp-json\/wp\/v2\/users\/1"}],"replies":[{"embeddable":true,"href":"https:\/\/konro-grill.com\/pt\/wp-json\/wp\/v2\/comments?post=144"}],"version-history":[{"count":22,"href":"https:\/\/konro-grill.com\/pt\/wp-json\/wp\/v2\/pages\/144\/revisions"}],"predecessor-version":[{"id":2966,"href":"https:\/\/konro-grill.com\/pt\/wp-json\/wp\/v2\/pages\/144\/revisions\/2966"}],"wp:attachment":[{"href":"https:\/\/konro-grill.com\/pt\/wp-json\/wp\/v2\/media?parent=144"}],"curies":[{"name":"wp","href":"https:\/\/api.w.org\/{rel}","templated":true}]}}