{"id":148,"date":"2020-11-11T12:29:21","date_gmt":"2020-11-11T11:29:21","guid":{"rendered":"https:\/\/konro-grill.com\/?page_id=148"},"modified":"2026-01-22T11:58:25","modified_gmt":"2026-01-22T10:58:25","slug":"custos-de-transporte","status":"publish","type":"page","link":"https:\/\/konro-grill.com\/pt\/custos-de-transporte\/","title":{"rendered":"Expedi\u00e7\u00e3o e custos"},"content":{"rendered":"<div class=\"wpb-content-wrapper\"><div class=\"vc_row wpb_row vc_row-fluid site-doc-row wpex-vc-full-width-row wpex-vc-full-width-row--centered wpex-relative\"><div class=\"wpb_column vc_column_container vc_col-sm-12\"><div class=\"vc_column-inner\"><div class=\"wpb_wrapper\">\n\t<div class=\"wpb_text_column wpb_content_element site-doc-blok\" >\n\t\t<div class=\"wpb_wrapper\">\n\t\t\t<h1>Custos de envio<\/h1>\n<p><strong>Aqui pode ler tudo sobre o envio, a embalagem e os custos. Tamb\u00e9m encontrar\u00e1 aqui como <a href=\"https:\/\/konro-grill.com\/pt\/retorno\/\">retorno<\/a> obras.<\/strong><\/p>\n<h3>Tipos de embalagens<\/h3>\n<p>Dependendo do tamanho da remessa, utilizamos:<\/p>\n<ul>\n<li>correio<\/li>\n<li>encomenda postal<\/li>\n<li>transporte de paletes<\/li>\n<\/ul>\n<h3>Embalagem e expedi\u00e7\u00e3o<\/h3>\n<p><strong><span style=\"color: #d64444;\">Nota!<\/span><\/strong><span style=\"background-color: var(--wpex-surface-1);\">\u00a0<\/span><span style=\"background-color: var(--wpex-surface-1);\">Embalamos de forma EXTREMAMENTE apertada e fazemos todos os esfor\u00e7os para entregar a sua encomenda \u00e0 prova de estilha\u00e7os.<\/span><\/p>\n<p>As encomendas s\u00e3o expedidas o mais rapidamente poss\u00edvel ap\u00f3s a rece\u00e7\u00e3o da encomenda. <strong>Porque n\u00f3s <span style=\"text-decoration: underline;\">transporte internacional<\/span> o envio pode demorar mais tempo.\u00a0<\/strong><\/p>\n<h3>Comunica\u00e7\u00e3o de danos<\/h3>\n<p>Tem uma quebra ou algo de errado? Tire imediatamente fotografias e envie-as para <a href=\"mailto:info@konro-grill.com\">info@konro-grill.com<\/a>. Entraremos em contacto consigo em breve.<\/p>\n<h3>Procedimento de envio, custos e embalagem Pa\u00edses Baixos<\/h3>\n<ul>\n<li>Os custos de envio de uma encomenda normal nos Pa\u00edses Baixos s\u00e3o <strong>\u20ac 9,95<\/strong>.<\/li>\n<li><strong>Os custos de embalagem est\u00e3o inclu\u00eddos nos custos de envio<\/strong>.<\/li>\n<li>Utilizamos a DPD.<\/li>\n<li>Receber\u00e1s um c\u00f3digo Track &amp; Trace numa mensagem de correio eletr\u00f3nico separada.<\/li>\n<li>Encomenda o teu <strong>binchotan<\/strong> ou um <strong>Grelhador japon\u00eas<\/strong> Os custos de envio por peso est\u00e3o indicados abaixo.<br \/>\n\n<table id=\"tablepress-2\" class=\"tablepress tablepress-id-2\">\n<thead>\n<tr class=\"row-1\">\n\t<th class=\"column-1\">Peso (kg)<\/th><th class=\"column-2\">Custos de envio<\/th>\n<\/tr>\n<\/thead>\n<tbody class=\"row-striping row-hover\">\n<tr class=\"row-2\">\n\t<td class=\"column-1\">0 - 20<\/td><td class=\"column-2\">\u20ac 9,95<\/td>\n<\/tr>\n<tr class=\"row-3\">\n\t<td class=\"column-1\">21 - 40<\/td><td class=\"column-2\">\u20ac 19,95<\/td>\n<\/tr>\n<tr class=\"row-4\">\n\t<td class=\"column-1\">41 - 60<\/td><td class=\"column-2\">\u20ac 29,95<\/td>\n<\/tr>\n<tr class=\"row-5\">\n\t<td class=\"column-1\">61 - 80<\/td><td class=\"column-2\">\u20ac 39,95<\/td>\n<\/tr>\n<tr class=\"row-6\">\n\t<td class=\"column-1\">81 - 100<\/td><td class=\"column-2\">\u20ac 49,95<\/td>\n<\/tr>\n<tr class=\"row-7\">\n\t<td class=\"column-1\">100+<\/td><td class=\"column-2\">A pedido<\/td>\n<\/tr>\n<\/tbody>\n<\/table>\n<!-- #tablepress-2 from cache --><\/li>\n<li>Para as encomendas pesadas e as paletes, utilizamos o nosso pr\u00f3prio transporte ou um terceiro.<\/li>\n<li>As encomendas nos Pa\u00edses Baixos s\u00e3o entregues em 2 a 3 dias \u00fateis.<\/li>\n<li>As ilhas Wadden s\u00e3o <strong>exclu\u00eddos da entrega<\/strong>, por favor, tome <a href=\"\/pt\/contacto\/\">contacto<\/a> connosco (a entrega \u00e9 poss\u00edvel mediante acordo).<\/li>\n<li>Deixe-nos sempre um n\u00famero de telem\u00f3vel. Assim, poderemos contact\u00e1-lo melhor.<\/li>\n<\/ul>\n<h3>Procedimento de envio, custos e custos de embalagem B\u00e9lgica<\/h3>\n<ul>\n<li>Os custos de envio de uma encomenda normal na B\u00e9lgica s\u00e3o <strong>\u20ac 14,95<\/strong>.<\/li>\n<li><strong>Os custos de embalagem est\u00e3o inclu\u00eddos nos custos de envio<\/strong>.<\/li>\n<li>Encomenda o teu <strong>binchotan<\/strong> ou um <strong>Grelhador japon\u00eas <\/strong>Os custos de envio por peso est\u00e3o indicados abaixo.<br \/>\n\n<table id=\"tablepress-3\" class=\"tablepress tablepress-id-3\">\n<thead>\n<tr class=\"row-1\">\n\t<th class=\"column-1\">Peso (kg)<\/th><th class=\"column-2\">Custos de envio<\/th>\n<\/tr>\n<\/thead>\n<tbody class=\"row-striping row-hover\">\n<tr class=\"row-2\">\n\t<td class=\"column-1\">0 - 20<\/td><td class=\"column-2\">\u20ac 14,95<\/td>\n<\/tr>\n<tr class=\"row-3\">\n\t<td class=\"column-1\">21 - 40<\/td><td class=\"column-2\">\u20ac 29,95<\/td>\n<\/tr>\n<tr class=\"row-4\">\n\t<td class=\"column-1\">41 - 60<\/td><td class=\"column-2\">\u20ac 44,95<\/td>\n<\/tr>\n<tr class=\"row-5\">\n\t<td class=\"column-1\">61 - 80<\/td><td class=\"column-2\">\u20ac 59,95<\/td>\n<\/tr>\n<tr class=\"row-6\">\n\t<td class=\"column-1\">81 - 100<\/td><td class=\"column-2\">\u20ac 74,95<\/td>\n<\/tr>\n<tr class=\"row-7\">\n\t<td class=\"column-1\">100+<\/td><td class=\"column-2\">A pedido<\/td>\n<\/tr>\n<\/tbody>\n<\/table>\n<!-- #tablepress-3 from cache --><\/li>\n<li>Ver outras condi\u00e7\u00f5es em custos e procedimentos de envio Pa\u00edses Baixos.<\/li>\n<\/ul>\n<h3>Custos de envio e embalagem <span style=\"text-decoration: underline;\">Europa<\/span><\/h3>\n<p><strong><span style=\"color: #d64444;\">Nota!<\/span><\/strong> N\u00e3o efectuamos envios para fora da UE. Pergunta-nos <a href=\"\/pt\/contacto\/\">aqui<\/a> para as possibilidades.<\/p>\n\n<table id=\"tablepress-1\" class=\"tablepress tablepress-id-1\">\n<thead>\n<tr class=\"row-1\">\n\t<th class=\"column-1\">Pa\u00eds<\/th><th class=\"column-2\">Taxa por 20 kg<\/th>\n<\/tr>\n<\/thead>\n<tbody class=\"row-striping\">\n<tr class=\"row-2\">\n\t<td class=\"column-1\">Bulg\u00e1ria<\/td><td class=\"column-2\">\u20ac 34,95<\/td>\n<\/tr>\n<tr class=\"row-3\">\n\t<td class=\"column-1\">Chipre<\/td><td class=\"column-2\">\u20ac 39,95<\/td>\n<\/tr>\n<tr class=\"row-4\">\n\t<td class=\"column-1\">Dinamarca<\/td><td class=\"column-2\">\u20ac 19,95<\/td>\n<\/tr>\n<tr class=\"row-5\">\n\t<td class=\"column-1\">Alemanha<\/td><td class=\"column-2\">\u20ac 19,95<\/td>\n<\/tr>\n<tr class=\"row-6\">\n\t<td class=\"column-1\">Est\u00f3nia<\/td><td class=\"column-2\">\u20ac 29,95<\/td>\n<\/tr>\n<tr class=\"row-7\">\n\t<td class=\"column-1\">Finl\u00e2ndia<\/td><td class=\"column-2\">\u20ac 24,95<\/td>\n<\/tr>\n<tr class=\"row-8\">\n\t<td class=\"column-1\">Fran\u00e7a (exceto Guadalupe, Guiana Francesa, Martinica, Reuni\u00e3o, Mayotte e S\u00e3o Martinho) <\/td><td class=\"column-2\">\u20ac 19,95<\/td>\n<\/tr>\n<tr class=\"row-9\">\n\t<td class=\"column-1\">Gr\u00e9cia<\/td><td class=\"column-2\">\u20ac 34,95<\/td>\n<\/tr>\n<tr class=\"row-10\">\n\t<td class=\"column-1\">Hungria<\/td><td class=\"column-2\">\u20ac 19,95<\/td>\n<\/tr>\n<tr class=\"row-11\">\n\t<td class=\"column-1\">Irlanda<\/td><td class=\"column-2\">\u20ac 24,95<\/td>\n<\/tr>\n<tr class=\"row-12\">\n\t<td class=\"column-1\">It\u00e1lia<\/td><td class=\"column-2\">\u20ac 19,95<\/td>\n<\/tr>\n<tr class=\"row-13\">\n\t<td class=\"column-1\">Cro\u00e1cia<\/td><td class=\"column-2\">\u20ac 34,95<\/td>\n<\/tr>\n<tr class=\"row-14\">\n\t<td class=\"column-1\">Let\u00f3nia<\/td><td class=\"column-2\">\u20ac 34,95<\/td>\n<\/tr>\n<tr class=\"row-15\">\n\t<td class=\"column-1\">Litu\u00e2nia<\/td><td class=\"column-2\">\u20ac 34,95<\/td>\n<\/tr>\n<tr class=\"row-16\">\n\t<td class=\"column-1\">Luxemburgo<\/td><td class=\"column-2\">\u20ac 19,95<\/td>\n<\/tr>\n<tr class=\"row-17\">\n\t<td class=\"column-1\">Malta<\/td><td class=\"column-2\">\u20ac 34,95<\/td>\n<\/tr>\n<tr class=\"row-18\">\n\t<td class=\"column-1\">\u00c1ustria<\/td><td class=\"column-2\">\u20ac 19,95<\/td>\n<\/tr>\n<tr class=\"row-19\">\n\t<td class=\"column-1\">Pol\u00f3nia<\/td><td class=\"column-2\">\u20ac 24,95<\/td>\n<\/tr>\n<tr class=\"row-20\">\n\t<td class=\"column-1\">Portugal (exceto Madeira e A\u00e7ores)<\/td><td class=\"column-2\">\u20ac 24,95<\/td>\n<\/tr>\n<tr class=\"row-21\">\n\t<td class=\"column-1\">Rom\u00e9nia<\/td><td class=\"column-2\">\u20ac 39,95<\/td>\n<\/tr>\n<tr class=\"row-22\">\n\t<td class=\"column-1\">Eslov\u00e9nia<\/td><td class=\"column-2\">\u20ac 29,95<\/td>\n<\/tr>\n<tr class=\"row-23\">\n\t<td class=\"column-1\">Eslov\u00e1quia<\/td><td class=\"column-2\">\u20ac 19,95<\/td>\n<\/tr>\n<tr class=\"row-24\">\n\t<td class=\"column-1\">Espanha (exceto Ceuta, Ilhas Can\u00e1rias e Melilla)<\/td><td class=\"column-2\">\u20ac 24,95<\/td>\n<\/tr>\n<tr class=\"row-25\">\n\t<td class=\"column-1\">Rep\u00fablica Checa<\/td><td class=\"column-2\">\u20ac 29,95<\/td>\n<\/tr>\n<tr class=\"row-26\">\n\t<td class=\"column-1\">Su\u00e9cia<\/td><td class=\"column-2\">\u20ac 24,95<\/td>\n<\/tr>\n<\/tbody>\n<\/table>\n<!-- #tablepress-1 from cache -->\n<h3>Custos de embalagem<\/h3>\n<p>Uma vez que os grelhadores Konro s\u00e3o fr\u00e1geis, embalamo-los muito bem. <strong>Os custos de embalagem est\u00e3o inclu\u00eddos nos custos de envio<\/strong>.<\/p>\n<p>Para preservar o ambiente, tamb\u00e9m utilizamos embalagens recicladas e usadas.<\/p>\n<h3>Encargos banc\u00e1rios<\/h3>\n<p>Ver encargos banc\u00e1rios <a href=\"https:\/\/konro-grill.com\/pt\/pagamento-seguro\/\">aqui<\/a>.<\/p>\n\n\t\t<\/div>\n\t<\/div>\n<\/div><\/div><\/div><\/div>\n<\/div>","protected":false},"excerpt":{"rendered":"Custos de envio Aqui podes ler tudo sobre o envio, a embalagem e os custos. Explica tamb\u00e9m como funcionam as devolu\u00e7\u00f5es. Tipos de embalagens Dependendo do tamanho do envio, utilizamos: carta correio encomenda correio palete Embalagem e envio Nota! Embalamos de forma EXTREMAMENTE segura e fazemos todos os esfor\u00e7os para entregar a tua encomenda \u00e0 prova de estilha\u00e7os....","protected":false},"author":1,"featured_media":0,"parent":0,"menu_order":0,"comment_status":"closed","ping_status":"closed","template":"","meta":{"inline_featured_image":false,"footnotes":""},"class_list":["post-148","page","type-page","status-publish","hentry","entry","no-media"],"yoast_head":"<!-- This site is optimized with the Yoast SEO plugin v27.4 - https:\/\/yoast.com\/product\/yoast-seo-wordpress\/ -->\n<title>Verzenden &amp; kosten | Konro Grill, de grootste Japanse BBQ specialist<\/title>\n<meta name=\"description\" content=\"Hier lees je alles over hoe we verzenden, verpakken, wat de kosten zijn en welke kosten wij voor onze rekening nemen en welke niet.\" \/>\n<meta name=\"robots\" content=\"index, follow, max-snippet:-1, max-image-preview:large, max-video-preview:-1\" \/>\n<link rel=\"canonical\" href=\"https:\/\/konro-grill.com\/pt\/custos-de-transporte\/\" \/>\n<meta property=\"og:locale\" content=\"pt_PT\" \/>\n<meta property=\"og:type\" content=\"article\" \/>\n<meta property=\"og:title\" content=\"Verzenden &amp; kosten | Konro Grill, de grootste Japanse BBQ specialist\" \/>\n<meta property=\"og:description\" content=\"Hier lees je alles over hoe we verzenden, verpakken, wat de kosten zijn en welke kosten wij voor onze rekening nemen en welke niet.\" \/>\n<meta property=\"og:url\" content=\"https:\/\/konro-grill.com\/pt\/custos-de-transporte\/\" \/>\n<meta property=\"og:site_name\" content=\"Konro Grill, de grootste Japanse BBQ specialist\" \/>\n<meta property=\"article:publisher\" content=\"https:\/\/facebook.com\/KonroGrillCom\" \/>\n<meta property=\"article:modified_time\" content=\"2026-01-22T10:58:25+00:00\" \/>\n<meta property=\"og:image\" content=\"https:\/\/konro-grill.com\/wp-content\/uploads\/2026\/03\/Konro-Grill-Logo-1.jpg\" \/>\n\t<meta property=\"og:image:width\" content=\"1200\" \/>\n\t<meta property=\"og:image:height\" content=\"675\" \/>\n\t<meta property=\"og:image:type\" content=\"image\/jpeg\" \/>\n<meta name=\"twitter:card\" content=\"summary_large_image\" \/>\n<meta name=\"twitter:label1\" content=\"Tempo estimado de leitura\" \/>\n\t<meta name=\"twitter:data1\" content=\"2 minutos\" \/>\n<script type=\"application\/ld+json\" class=\"yoast-schema-graph\">{\"@context\":\"https:\\\/\\\/schema.org\",\"@graph\":[{\"@type\":\"WebPage\",\"@id\":\"https:\\\/\\\/konro-grill.com\\\/verzenden-kosten\\\/\",\"url\":\"https:\\\/\\\/konro-grill.com\\\/verzenden-kosten\\\/\",\"name\":\"Verzenden & kosten | Konro Grill, de grootste Japanse BBQ specialist\",\"isPartOf\":{\"@id\":\"https:\\\/\\\/konro-grill.com\\\/#website\"},\"datePublished\":\"2020-11-11T11:29:21+00:00\",\"dateModified\":\"2026-01-22T10:58:25+00:00\",\"description\":\"Hier lees je alles over hoe we verzenden, verpakken, wat de kosten zijn en welke kosten wij voor onze rekening nemen en welke niet.\",\"breadcrumb\":{\"@id\":\"https:\\\/\\\/konro-grill.com\\\/verzenden-kosten\\\/#breadcrumb\"},\"inLanguage\":\"pt-PT\",\"potentialAction\":[{\"@type\":\"ReadAction\",\"target\":[\"https:\\\/\\\/konro-grill.com\\\/verzenden-kosten\\\/\"]}]},{\"@type\":\"BreadcrumbList\",\"@id\":\"https:\\\/\\\/konro-grill.com\\\/verzenden-kosten\\\/#breadcrumb\",\"itemListElement\":[{\"@type\":\"ListItem\",\"position\":1,\"name\":\"Home\",\"item\":\"https:\\\/\\\/konro-grill.com\\\/\"},{\"@type\":\"ListItem\",\"position\":2,\"name\":\"Verzenden &#038; kosten\"}]},{\"@type\":\"WebSite\",\"@id\":\"https:\\\/\\\/konro-grill.com\\\/#website\",\"url\":\"https:\\\/\\\/konro-grill.com\\\/\",\"name\":\"Konro Grill\",\"description\":\"Konro Grill, de Grootste Japanse BBQ Specialist\",\"publisher\":{\"@id\":\"https:\\\/\\\/konro-grill.com\\\/#organization\"},\"potentialAction\":[{\"@type\":\"SearchAction\",\"target\":{\"@type\":\"EntryPoint\",\"urlTemplate\":\"https:\\\/\\\/konro-grill.com\\\/?s={search_term_string}\"},\"query-input\":{\"@type\":\"PropertyValueSpecification\",\"valueRequired\":true,\"valueName\":\"search_term_string\"}}],\"inLanguage\":\"pt-PT\"},{\"@type\":\"Organization\",\"@id\":\"https:\\\/\\\/konro-grill.com\\\/#organization\",\"name\":\"Konro Grill\",\"url\":\"https:\\\/\\\/konro-grill.com\\\/\",\"logo\":{\"@type\":\"ImageObject\",\"inLanguage\":\"pt-PT\",\"@id\":\"https:\\\/\\\/konro-grill.com\\\/#\\\/schema\\\/logo\\\/image\\\/\",\"url\":\"https:\\\/\\\/konro-grill.com\\\/wp-content\\\/uploads\\\/2021\\\/10\\\/konro-grill-logo.png\",\"contentUrl\":\"https:\\\/\\\/konro-grill.com\\\/wp-content\\\/uploads\\\/2021\\\/10\\\/konro-grill-logo.png\",\"width\":650,\"height\":80,\"caption\":\"Konro Grill\"},\"image\":{\"@id\":\"https:\\\/\\\/konro-grill.com\\\/#\\\/schema\\\/logo\\\/image\\\/\"},\"sameAs\":[\"https:\\\/\\\/facebook.com\\\/KonroGrillCom\",\"https:\\\/\\\/www.instagram.com\\\/konrogrillcom\\\/\"]}]}<\/script>\n<!-- \/ Yoast SEO plugin. -->","yoast_head_json":{"title":"Expedi\u00e7\u00e3o e custos | Konro Grill, o maior especialista em churrasco japon\u00eas","description":"Aqui pode ler tudo sobre como enviamos, embalamos, quais s\u00e3o os custos e quais os custos que cobrimos e os que n\u00e3o cobrimos.","robots":{"index":"index","follow":"follow","max-snippet":"max-snippet:-1","max-image-preview":"max-image-preview:large","max-video-preview":"max-video-preview:-1"},"canonical":"https:\/\/konro-grill.com\/pt\/custos-de-transporte\/","og_locale":"pt_PT","og_type":"article","og_title":"Verzenden & kosten | Konro Grill, de grootste Japanse BBQ specialist","og_description":"Hier lees je alles over hoe we verzenden, verpakken, wat de kosten zijn en welke kosten wij voor onze rekening nemen en welke niet.","og_url":"https:\/\/konro-grill.com\/pt\/custos-de-transporte\/","og_site_name":"Konro Grill, de grootste Japanse BBQ specialist","article_publisher":"https:\/\/facebook.com\/KonroGrillCom","article_modified_time":"2026-01-22T10:58:25+00:00","og_image":[{"width":1200,"height":675,"url":"https:\/\/konro-grill.com\/wp-content\/uploads\/2026\/03\/Konro-Grill-Logo-1.jpg","type":"image\/jpeg"}],"twitter_card":"summary_large_image","twitter_misc":{"Tempo estimado de leitura":"2 minutos"},"schema":{"@context":"https:\/\/schema.org","@graph":[{"@type":"WebPage","@id":"https:\/\/konro-grill.com\/verzenden-kosten\/","url":"https:\/\/konro-grill.com\/verzenden-kosten\/","name":"Expedi\u00e7\u00e3o e custos | Konro Grill, o maior especialista em churrasco japon\u00eas","isPartOf":{"@id":"https:\/\/konro-grill.com\/#website"},"datePublished":"2020-11-11T11:29:21+00:00","dateModified":"2026-01-22T10:58:25+00:00","description":"Aqui pode ler tudo sobre como enviamos, embalamos, quais s\u00e3o os custos e quais os custos que cobrimos e os que n\u00e3o cobrimos.","breadcrumb":{"@id":"https:\/\/konro-grill.com\/verzenden-kosten\/#breadcrumb"},"inLanguage":"pt-PT","potentialAction":[{"@type":"ReadAction","target":["https:\/\/konro-grill.com\/verzenden-kosten\/"]}]},{"@type":"BreadcrumbList","@id":"https:\/\/konro-grill.com\/verzenden-kosten\/#breadcrumb","itemListElement":[{"@type":"ListItem","position":1,"name":"Home","item":"https:\/\/konro-grill.com\/"},{"@type":"ListItem","position":2,"name":"Verzenden &#038; kosten"}]},{"@type":"WebSite","@id":"https:\/\/konro-grill.com\/#website","url":"https:\/\/konro-grill.com\/","name":"Konro Grill","description":"Konro Grill, o maior especialista em churrasco japon\u00eas","publisher":{"@id":"https:\/\/konro-grill.com\/#organization"},"potentialAction":[{"@type":"SearchAction","target":{"@type":"EntryPoint","urlTemplate":"https:\/\/konro-grill.com\/?s={search_term_string}"},"query-input":{"@type":"PropertyValueSpecification","valueRequired":true,"valueName":"search_term_string"}}],"inLanguage":"pt-PT"},{"@type":"Organization","@id":"https:\/\/konro-grill.com\/#organization","name":"Konro Grill","url":"https:\/\/konro-grill.com\/","logo":{"@type":"ImageObject","inLanguage":"pt-PT","@id":"https:\/\/konro-grill.com\/#\/schema\/logo\/image\/","url":"https:\/\/konro-grill.com\/wp-content\/uploads\/2021\/10\/konro-grill-logo.png","contentUrl":"https:\/\/konro-grill.com\/wp-content\/uploads\/2021\/10\/konro-grill-logo.png","width":650,"height":80,"caption":"Konro Grill"},"image":{"@id":"https:\/\/konro-grill.com\/#\/schema\/logo\/image\/"},"sameAs":["https:\/\/facebook.com\/KonroGrillCom","https:\/\/www.instagram.com\/konrogrillcom\/"]}]}},"_links":{"self":[{"href":"https:\/\/konro-grill.com\/pt\/wp-json\/wp\/v2\/pages\/148","targetHints":{"allow":["GET"]}}],"collection":[{"href":"https:\/\/konro-grill.com\/pt\/wp-json\/wp\/v2\/pages"}],"about":[{"href":"https:\/\/konro-grill.com\/pt\/wp-json\/wp\/v2\/types\/page"}],"author":[{"embeddable":true,"href":"https:\/\/konro-grill.com\/pt\/wp-json\/wp\/v2\/users\/1"}],"replies":[{"embeddable":true,"href":"https:\/\/konro-grill.com\/pt\/wp-json\/wp\/v2\/comments?post=148"}],"version-history":[{"count":23,"href":"https:\/\/konro-grill.com\/pt\/wp-json\/wp\/v2\/pages\/148\/revisions"}],"predecessor-version":[{"id":11111,"href":"https:\/\/konro-grill.com\/pt\/wp-json\/wp\/v2\/pages\/148\/revisions\/11111"}],"wp:attachment":[{"href":"https:\/\/konro-grill.com\/pt\/wp-json\/wp\/v2\/media?parent=148"}],"curies":[{"name":"wp","href":"https:\/\/api.w.org\/{rel}","templated":true}]}}