{"id":162,"date":"2020-11-11T12:34:27","date_gmt":"2020-11-11T11:34:27","guid":{"rendered":"https:\/\/konro-grill.com\/?page_id=162"},"modified":"2022-06-27T11:59:12","modified_gmt":"2022-06-27T09:59:12","slug":"declaracao-de-exoneracao-de-responsabilidade","status":"publish","type":"page","link":"https:\/\/konro-grill.com\/pt\/declaracao-de-exoneracao-de-responsabilidade\/","title":{"rendered":"Declara\u00e7\u00e3o de exonera\u00e7\u00e3o de responsabilidade"},"content":{"rendered":"<div class=\"wpb-content-wrapper\"><div class=\"vc_row wpb_row vc_row-fluid site-doc-row wpex-vc-full-width-row wpex-vc-full-width-row--centered wpex-relative\"><div class=\"wpb_column vc_column_container vc_col-sm-12\"><div class=\"vc_column-inner\"><div class=\"wpb_wrapper\">\n\t<div class=\"wpb_text_column wpb_content_element site-doc-blok\" >\n\t\t<div class=\"wpb_wrapper\">\n\t\t\t<h1>Declara\u00e7\u00e3o de exonera\u00e7\u00e3o de responsabilidade<\/h1>\n<p>Konro Grill, parte da Digital Q BV, concede-te acesso a https:\/\/konro-grill.com\/ (\"o Website\") e convida-te a comprar o que \u00e9 oferecido.<\/p>\n<p>A Digital Q BV reserva-se o direito de modificar o conte\u00fado ou de retirar partes do mesmo a qualquer momento, sem ter de o notificar.<\/p>\n<h4>Responsabilidade limitada<\/h4>\n<p>A Digital Q BV faz todos os esfor\u00e7os para atualizar e\/ou completar o conte\u00fado do site com a maior frequ\u00eancia poss\u00edvel. Apesar deste cuidado e aten\u00e7\u00e3o, \u00e9 poss\u00edvel que o conte\u00fado esteja incompleto e\/ou incorreto.<\/p>\n<p>Os materiais disponibilizados no s\u00edtio Web s\u00e3o oferecidos sem qualquer forma de garantia ou reivindica\u00e7\u00e3o de corre\u00e7\u00e3o. Estes materiais podem ser alterados em qualquer altura sem aviso pr\u00e9vio por parte da Digital Q BV.<\/p>\n<p>Especificamente para os pre\u00e7os e outras informa\u00e7\u00f5es sobre produtos no s\u00edtio Web, aplica-se uma reserva a aparentes erros de programa\u00e7\u00e3o e de dactilografia. Com base nesses erros, n\u00e3o se pode exigir qualquer acordo com a Digital Q BV. A K. van Riel n\u00e3o pode assumir qualquer responsabilidade por hiperliga\u00e7\u00f5es para s\u00edtios Web ou servi\u00e7os de terceiros no s\u00edtio Web.<\/p>\n<h4>Direitos de autor<\/h4>\n<p>Todos os direitos de propriedade intelectual relativos a estes materiais pertencem \u00e0 Digital Q BV e aos seus licenciantes.<\/p>\n<p>A c\u00f3pia, distribui\u00e7\u00e3o e qualquer outra utiliza\u00e7\u00e3o destes materiais ou textos n\u00e3o \u00e9 permitida sem autoriza\u00e7\u00e3o por escrito da Digital Q BV, exceto e apenas na medida em que tal esteja previsto em regulamentos de lei obrigat\u00f3rios (como o direito de cita\u00e7\u00e3o), salvo indica\u00e7\u00e3o em contr\u00e1rio para materiais espec\u00edficos.<\/p>\n<h4>Outros<\/h4>\n<p>Esta declara\u00e7\u00e3o de exonera\u00e7\u00e3o de responsabilidade pode ser alterada sem aviso pr\u00e9vio.<\/p>\n\n\t\t<\/div>\n\t<\/div>\n<\/div><\/div><\/div><\/div>\n<\/div>","protected":false},"excerpt":{"rendered":"Isen\u00e7\u00e3o de responsabilidade A Konro Grill, parte da Digital Q BV, concede-te acesso ao site https:\/\/konro-grill.com\/ (\"o site\") e convida-te a comprar o que \u00e9 oferecido. A Digital Q BV reserva-se o direito de, a qualquer momento, modificar o conte\u00fado ou remover partes sem ter de te notificar. Responsabilidade limitada A Digital Q BV faz todos os esfor\u00e7os para...","protected":false},"author":1,"featured_media":0,"parent":0,"menu_order":0,"comment_status":"closed","ping_status":"closed","template":"","meta":{"inline_featured_image":false,"footnotes":""},"class_list":["post-162","page","type-page","status-publish","hentry","entry","no-media"],"yoast_head":"<!-- This site is optimized with the Yoast SEO plugin v27.3 - https:\/\/yoast.com\/product\/yoast-seo-wordpress\/ -->\n<title>Disclaimer | Konro Grill, de grootste Japanse BBQ specialist<\/title>\n<meta name=\"robots\" content=\"index, follow, max-snippet:-1, max-image-preview:large, max-video-preview:-1\" \/>\n<link rel=\"canonical\" href=\"https:\/\/konro-grill.com\/pt\/declaracao-de-exoneracao-de-responsabilidade\/\" \/>\n<meta property=\"og:locale\" content=\"pt_PT\" \/>\n<meta property=\"og:type\" content=\"article\" \/>\n<meta property=\"og:title\" content=\"Disclaimer | Konro Grill, de grootste Japanse BBQ specialist\" \/>\n<meta property=\"og:url\" content=\"https:\/\/konro-grill.com\/pt\/declaracao-de-exoneracao-de-responsabilidade\/\" \/>\n<meta property=\"og:site_name\" content=\"Konro Grill, de grootste Japanse BBQ specialist\" \/>\n<meta property=\"article:publisher\" content=\"https:\/\/facebook.com\/KonroGrillCom\" \/>\n<meta property=\"article:modified_time\" content=\"2022-06-27T09:59:12+00:00\" \/>\n<meta property=\"og:image\" content=\"https:\/\/konro-grill.com\/wp-content\/uploads\/2026\/03\/Konro-Grill-Logo-1.jpg\" \/>\n\t<meta property=\"og:image:width\" content=\"1200\" \/>\n\t<meta property=\"og:image:height\" content=\"675\" \/>\n\t<meta property=\"og:image:type\" content=\"image\/jpeg\" \/>\n<meta name=\"twitter:card\" content=\"summary_large_image\" \/>\n<meta name=\"twitter:label1\" content=\"Tempo estimado de leitura\" \/>\n\t<meta name=\"twitter:data1\" content=\"2 minutos\" \/>\n<script type=\"application\/ld+json\" class=\"yoast-schema-graph\">{\"@context\":\"https:\\\/\\\/schema.org\",\"@graph\":[{\"@type\":\"WebPage\",\"@id\":\"https:\\\/\\\/konro-grill.com\\\/disclaimer\\\/\",\"url\":\"https:\\\/\\\/konro-grill.com\\\/disclaimer\\\/\",\"name\":\"Disclaimer | Konro Grill, de grootste Japanse BBQ specialist\",\"isPartOf\":{\"@id\":\"https:\\\/\\\/konro-grill.com\\\/#website\"},\"datePublished\":\"2020-11-11T11:34:27+00:00\",\"dateModified\":\"2022-06-27T09:59:12+00:00\",\"breadcrumb\":{\"@id\":\"https:\\\/\\\/konro-grill.com\\\/disclaimer\\\/#breadcrumb\"},\"inLanguage\":\"pt-PT\",\"potentialAction\":[{\"@type\":\"ReadAction\",\"target\":[\"https:\\\/\\\/konro-grill.com\\\/disclaimer\\\/\"]}]},{\"@type\":\"BreadcrumbList\",\"@id\":\"https:\\\/\\\/konro-grill.com\\\/disclaimer\\\/#breadcrumb\",\"itemListElement\":[{\"@type\":\"ListItem\",\"position\":1,\"name\":\"Home\",\"item\":\"https:\\\/\\\/konro-grill.com\\\/\"},{\"@type\":\"ListItem\",\"position\":2,\"name\":\"Disclaimer\"}]},{\"@type\":\"WebSite\",\"@id\":\"https:\\\/\\\/konro-grill.com\\\/#website\",\"url\":\"https:\\\/\\\/konro-grill.com\\\/\",\"name\":\"Konro Grill\",\"description\":\"Konro Grill, de Grootste Japanse BBQ Specialist\",\"publisher\":{\"@id\":\"https:\\\/\\\/konro-grill.com\\\/#organization\"},\"potentialAction\":[{\"@type\":\"SearchAction\",\"target\":{\"@type\":\"EntryPoint\",\"urlTemplate\":\"https:\\\/\\\/konro-grill.com\\\/?s={search_term_string}\"},\"query-input\":{\"@type\":\"PropertyValueSpecification\",\"valueRequired\":true,\"valueName\":\"search_term_string\"}}],\"inLanguage\":\"pt-PT\"},{\"@type\":\"Organization\",\"@id\":\"https:\\\/\\\/konro-grill.com\\\/#organization\",\"name\":\"Konro Grill\",\"url\":\"https:\\\/\\\/konro-grill.com\\\/\",\"logo\":{\"@type\":\"ImageObject\",\"inLanguage\":\"pt-PT\",\"@id\":\"https:\\\/\\\/konro-grill.com\\\/#\\\/schema\\\/logo\\\/image\\\/\",\"url\":\"https:\\\/\\\/konro-grill.com\\\/wp-content\\\/uploads\\\/2021\\\/10\\\/konro-grill-logo.png\",\"contentUrl\":\"https:\\\/\\\/konro-grill.com\\\/wp-content\\\/uploads\\\/2021\\\/10\\\/konro-grill-logo.png\",\"width\":650,\"height\":80,\"caption\":\"Konro Grill\"},\"image\":{\"@id\":\"https:\\\/\\\/konro-grill.com\\\/#\\\/schema\\\/logo\\\/image\\\/\"},\"sameAs\":[\"https:\\\/\\\/facebook.com\\\/KonroGrillCom\",\"https:\\\/\\\/www.instagram.com\\\/konrogrillcom\\\/\"]}]}<\/script>\n<!-- \/ Yoast SEO plugin. -->","yoast_head_json":{"title":"Isen\u00e7\u00e3o de responsabilidade | Konro Grill, o maior especialista em churrasco japon\u00eas","robots":{"index":"index","follow":"follow","max-snippet":"max-snippet:-1","max-image-preview":"max-image-preview:large","max-video-preview":"max-video-preview:-1"},"canonical":"https:\/\/konro-grill.com\/pt\/declaracao-de-exoneracao-de-responsabilidade\/","og_locale":"pt_PT","og_type":"article","og_title":"Disclaimer | Konro Grill, de grootste Japanse BBQ specialist","og_url":"https:\/\/konro-grill.com\/pt\/declaracao-de-exoneracao-de-responsabilidade\/","og_site_name":"Konro Grill, de grootste Japanse BBQ specialist","article_publisher":"https:\/\/facebook.com\/KonroGrillCom","article_modified_time":"2022-06-27T09:59:12+00:00","og_image":[{"width":1200,"height":675,"url":"https:\/\/konro-grill.com\/wp-content\/uploads\/2026\/03\/Konro-Grill-Logo-1.jpg","type":"image\/jpeg"}],"twitter_card":"summary_large_image","twitter_misc":{"Tempo estimado de leitura":"2 minutos"},"schema":{"@context":"https:\/\/schema.org","@graph":[{"@type":"WebPage","@id":"https:\/\/konro-grill.com\/disclaimer\/","url":"https:\/\/konro-grill.com\/disclaimer\/","name":"Isen\u00e7\u00e3o de responsabilidade | Konro Grill, o maior especialista em churrasco japon\u00eas","isPartOf":{"@id":"https:\/\/konro-grill.com\/#website"},"datePublished":"2020-11-11T11:34:27+00:00","dateModified":"2022-06-27T09:59:12+00:00","breadcrumb":{"@id":"https:\/\/konro-grill.com\/disclaimer\/#breadcrumb"},"inLanguage":"pt-PT","potentialAction":[{"@type":"ReadAction","target":["https:\/\/konro-grill.com\/disclaimer\/"]}]},{"@type":"BreadcrumbList","@id":"https:\/\/konro-grill.com\/disclaimer\/#breadcrumb","itemListElement":[{"@type":"ListItem","position":1,"name":"Home","item":"https:\/\/konro-grill.com\/"},{"@type":"ListItem","position":2,"name":"Disclaimer"}]},{"@type":"WebSite","@id":"https:\/\/konro-grill.com\/#website","url":"https:\/\/konro-grill.com\/","name":"Konro Grill","description":"Konro Grill, o maior especialista em churrasco japon\u00eas","publisher":{"@id":"https:\/\/konro-grill.com\/#organization"},"potentialAction":[{"@type":"SearchAction","target":{"@type":"EntryPoint","urlTemplate":"https:\/\/konro-grill.com\/?s={search_term_string}"},"query-input":{"@type":"PropertyValueSpecification","valueRequired":true,"valueName":"search_term_string"}}],"inLanguage":"pt-PT"},{"@type":"Organization","@id":"https:\/\/konro-grill.com\/#organization","name":"Konro Grill","url":"https:\/\/konro-grill.com\/","logo":{"@type":"ImageObject","inLanguage":"pt-PT","@id":"https:\/\/konro-grill.com\/#\/schema\/logo\/image\/","url":"https:\/\/konro-grill.com\/wp-content\/uploads\/2021\/10\/konro-grill-logo.png","contentUrl":"https:\/\/konro-grill.com\/wp-content\/uploads\/2021\/10\/konro-grill-logo.png","width":650,"height":80,"caption":"Konro Grill"},"image":{"@id":"https:\/\/konro-grill.com\/#\/schema\/logo\/image\/"},"sameAs":["https:\/\/facebook.com\/KonroGrillCom","https:\/\/www.instagram.com\/konrogrillcom\/"]}]}},"_links":{"self":[{"href":"https:\/\/konro-grill.com\/pt\/wp-json\/wp\/v2\/pages\/162","targetHints":{"allow":["GET"]}}],"collection":[{"href":"https:\/\/konro-grill.com\/pt\/wp-json\/wp\/v2\/pages"}],"about":[{"href":"https:\/\/konro-grill.com\/pt\/wp-json\/wp\/v2\/types\/page"}],"author":[{"embeddable":true,"href":"https:\/\/konro-grill.com\/pt\/wp-json\/wp\/v2\/users\/1"}],"replies":[{"embeddable":true,"href":"https:\/\/konro-grill.com\/pt\/wp-json\/wp\/v2\/comments?post=162"}],"version-history":[{"count":4,"href":"https:\/\/konro-grill.com\/pt\/wp-json\/wp\/v2\/pages\/162\/revisions"}],"predecessor-version":[{"id":1006,"href":"https:\/\/konro-grill.com\/pt\/wp-json\/wp\/v2\/pages\/162\/revisions\/1006"}],"wp:attachment":[{"href":"https:\/\/konro-grill.com\/pt\/wp-json\/wp\/v2\/media?parent=162"}],"curies":[{"name":"wp","href":"https:\/\/api.w.org\/{rel}","templated":true}]}}