{"id":165,"date":"2020-11-11T12:35:19","date_gmt":"2020-11-11T11:35:19","guid":{"rendered":"https:\/\/konro-grill.com\/?page_id=165"},"modified":"2021-11-02T09:25:33","modified_gmt":"2021-11-02T08:25:33","slug":"politica-de-privacidade","status":"publish","type":"page","link":"https:\/\/konro-grill.com\/pt\/politica-de-privacidade\/","title":{"rendered":"Pol\u00edtica de privacidade"},"content":{"rendered":"<div class=\"wpb-content-wrapper\"><div class=\"vc_row wpb_row vc_row-fluid site-doc-row wpex-vc-full-width-row wpex-vc-full-width-row--centered wpex-relative\"><div class=\"wpb_column vc_column_container vc_col-sm-12\"><div class=\"vc_column-inner\"><div class=\"wpb_wrapper\">\n\t<div class=\"wpb_text_column wpb_content_element site-doc-blok\" >\n\t\t<div class=\"wpb_wrapper\">\n\t\t\t<h1>Pol\u00edtica de privacidade do Konro Grill<\/h1>\n<p>Konro Grill faz parte e \u00e9 uma designa\u00e7\u00e3o comercial da Digital Q B.V.<br \/>\nA Digital Q B.V., localizada em Anton Pieckplein 117A, 5171 CV Kaatsheuvel, \u00e9 respons\u00e1vel pelo processamento de dados pessoais, tal como refletido nesta declara\u00e7\u00e3o de privacidade.<\/p>\n<h4>Dados de contacto<\/h4>\n<p>Anton Pieckplein 117A<br \/>\n5171 CV Kaatsheuvel<br \/>\nTel: +31(0)416235010<\/p>\n<h4>Dados pessoais que processamos<\/h4>\n<p>A Digital Q B.V. processa os seus dados pessoais porque utiliza os nossos servi\u00e7os e\/ou porque nos fornece esses dados. Abaixo encontrar\u00e1 uma vis\u00e3o geral dos dados pessoais que processamos:<\/p>\n<ul>\n<li>Nome pr\u00f3prio e apelido<\/li>\n<li>Detalhes do endere\u00e7o<\/li>\n<li>N\u00famero de telefone<\/li>\n<li>Endere\u00e7o de correio eletr\u00f3nico<\/li>\n<li>Endere\u00e7o IP<\/li>\n<li>Navegador de Internet e tipo de dispositivo<\/li>\n<li>N\u00famero da conta banc\u00e1ria<\/li>\n<\/ul>\n<h4>Dados pessoais especiais e\/ou sens\u00edveis que tratamos<\/h4>\n<p>O nosso s\u00edtio Web e\/ou servi\u00e7o n\u00e3o pretende recolher dados sobre os visitantes do s\u00edtio Web que tenham menos de 16 anos de idade. Exceto se tiverem o consentimento dos pais ou do tutor. No entanto, n\u00e3o podemos verificar se um visitante tem mais de 16 anos. Por conseguinte, aconselhamos os pais a estarem envolvidos nas actividades em linha dos seus filhos para evitar a recolha de dados sobre crian\u00e7as sem o consentimento dos pais. Se estiver convencido de que recolhemos dados pessoais sobre um menor sem esse consentimento, contacte-nos atrav\u00e9s do endere\u00e7o info@konro-grill.com e eliminaremos essas informa\u00e7\u00f5es.<\/p>\n<h4>Para que fins e com que base processamos os dados pessoais<\/h4>\n<p>A Digital Q B.V. processa os seus dados pessoais para as seguintes finalidades:<\/p>\n<ul>\n<li>Tratamento do seu pagamento<\/li>\n<li>Envio do nosso boletim informativo e\/ou folheto publicit\u00e1rio<\/li>\n<li>Telefonar ou enviar um e-mail ao utilizador, se necess\u00e1rio, para prestar os nossos servi\u00e7os<\/li>\n<li>Informar o utilizador sobre altera\u00e7\u00f5es aos nossos servi\u00e7os e produtos<\/li>\n<li>Permitir-lhe criar uma conta<\/li>\n<li>Para fornecer bens e servi\u00e7os ao utilizador<\/li>\n<li>A Digital Q B.V. analisa o seu comportamento no s\u00edtio Web, a fim de melhorar o s\u00edtio e, eventualmente, adaptar a oferta de produtos e servi\u00e7os \u00e0s suas prefer\u00eancias.<\/li>\n<li>A Digital Q B.V. tamb\u00e9m processa dados pessoais se for legalmente obrigada a faz\u00ea-lo, como \u00e9 o caso dos dados necess\u00e1rios para a nossa declara\u00e7\u00e3o fiscal.<\/li>\n<\/ul>\n<h4>Durante quanto tempo conservamos os dados pessoais<\/h4>\n<p>A Digital Q B.V. n\u00e3o conservar\u00e1 os seus dados pessoais durante mais tempo do que o estritamente necess\u00e1rio para cumprir as finalidades para as quais os seus dados foram recolhidos ou durante o tempo que nos for exigido por lei.<\/p>\n<h4>Partilhar dados pessoais com terceiros<\/h4>\n<p>A Digital Q B.V. partilha os seus dados pessoais com v\u00e1rios terceiros, na medida em que tal seja necess\u00e1rio para a execu\u00e7\u00e3o do contrato e para o cumprimento de qualquer obriga\u00e7\u00e3o legal. Com as empresas que processam os seus dados em nosso nome, celebramos um acordo de processamento para garantir o mesmo n\u00edvel de seguran\u00e7a e confidencialidade dos seus dados. A Digital Q B.V. continua a ser respons\u00e1vel por este processamento. A Digital Q B.V. nunca fornece os seus dados pessoais a terceiros, por exemplo, para fins comerciais.<\/p>\n<h4>Cookies, ou t\u00e9cnicas semelhantes, que utilizamos<\/h4>\n<p>A Digital Q B.V. utiliza cookies funcionais, anal\u00edticos e de rastreio. Um cookie \u00e9 um pequeno ficheiro de texto que \u00e9 armazenado no browser do seu computador, tablet ou smartphone na primeira vez que visita este website. A Digital Q B.V. utiliza cookies com uma funcionalidade puramente t\u00e9cnica. Estes garantem que o s\u00edtio Web funciona corretamente e que, por exemplo, as suas prefer\u00eancias s\u00e3o recordadas. Estes cookies tamb\u00e9m s\u00e3o utilizados para que o s\u00edtio Web funcione corretamente e para o otimizar. Al\u00e9m disso, colocamos cookies que registam o seu comportamento de navega\u00e7\u00e3o para podermos oferecer conte\u00fados e an\u00fancios personalizados. Na sua primeira visita ao nosso s\u00edtio Web, j\u00e1 o inform\u00e1mos sobre estes cookies e pedimos a sua autoriza\u00e7\u00e3o para os colocar. Pode optar por n\u00e3o aceitar cookies aqui ou configurar o seu navegador de Internet para deixar de armazenar cookies. Tamb\u00e9m pode apagar qualquer informa\u00e7\u00e3o previamente armazenada atrav\u00e9s das defini\u00e7\u00f5es do seu browser. Mais informa\u00e7\u00f5es sobre os nossos cookies podem ser encontradas em <a href=\"https:\/\/kamadoexpress.nl\/cookiebeleid\/\" target=\"_blank\" rel=\"noopener\">aqui<\/a>.<\/p>\n<h4>WebwinkelKeur<\/h4>\n<p>Recolhemos coment\u00e1rios atrav\u00e9s da plataforma WebwinkelKeur. Se deixar um coment\u00e1rio atrav\u00e9s do WebwinkelKeur, \u00e9-lhe pedido que forne\u00e7a um nome e um endere\u00e7o de correio eletr\u00f3nico. O WebwinkelKeur partilha esta informa\u00e7\u00e3o connosco para que possamos associar a avalia\u00e7\u00e3o \u00e0 sua encomenda. O WebwinkelKeur tamb\u00e9m publica o seu nome no seu pr\u00f3prio s\u00edtio Web. Se o convidarmos a deixar um coment\u00e1rio, partilhamos o seu nome, endere\u00e7o de correio eletr\u00f3nico, ID de cliente e n\u00famero de encomenda com a WebwinkelKeur. A WebwinkelKeur utiliza estes dados com o \u00fanico objetivo de o convidar a deixar um coment\u00e1rio. A WebwinkelKeur adoptou medidas t\u00e9cnicas e organizacionais adequadas para proteger os seus dados pessoais.<\/p>\n<h4>Ver, modificar ou apagar dados<\/h4>\n<p>O utilizador tem o direito de ver, corrigir ou apagar os seus dados pessoais. Pode faz\u00ea-lo atrav\u00e9s das defini\u00e7\u00f5es pessoais da sua conta. Tamb\u00e9m tem o direito de retirar o seu eventual consentimento para o processamento de dados ou de se opor ao processamento dos seus dados pessoais pela nossa empresa e tem o direito \u00e0 portabilidade dos dados. Isto significa que nos pode solicitar o envio dos dados pessoais que temos sobre si num ficheiro inform\u00e1tico para si ou para outra organiza\u00e7\u00e3o por si indicada. Se pretender exercer o seu direito de obje\u00e7\u00e3o e\/ou o direito \u00e0 portabilidade dos dados ou se tiver outras quest\u00f5es\/coment\u00e1rios sobre o tratamento de dados, envie um pedido espec\u00edfico para <a href=\"mailto:info@konro-grill.com\">info@konro-grill.com<\/a>. Para nos certificarmos de que o pedido de inspe\u00e7\u00e3o \u00e9 da sua autoria, pedimos-lhe que envie uma c\u00f3pia do seu documento de identifica\u00e7\u00e3o juntamente com o pedido. Nessa c\u00f3pia, apague a fotografia do passaporte, a MRZ (zona de leitura \u00f3tica, a faixa com n\u00fameros na parte inferior do passaporte), o n\u00famero do passaporte e o N\u00famero de Servi\u00e7o de Cidad\u00e3o (BSN). Esta medida destina-se a proteger a sua privacidade. A Digital Q B.V. responder\u00e1 ao seu pedido o mais rapidamente poss\u00edvel, mas, em qualquer caso, no prazo de quatro semanas. A Digital Q B.V. gostaria tamb\u00e9m de salientar que tem a possibilidade de apresentar uma queixa junto da autoridade de controlo nacional, a Autoridade para os Dados Pessoais. Esta pode ser efectuada atrav\u00e9s da seguinte liga\u00e7\u00e3o: https:\/\/autoriteitpersoonsgegevens.nl\/nl\/zelf-doen\/gebruik-uw-privacyrechten\/klacht-melden-bij-de-ap<\/p>\n<h4>Como protegemos os dados pessoais<\/h4>\n<p>A Digital Q B.V. leva a s\u00e9rio a prote\u00e7\u00e3o dos seus dados e toma medidas adequadas para evitar a utiliza\u00e7\u00e3o indevida, a perda, o acesso n\u00e3o autorizado, a divulga\u00e7\u00e3o indesejada e a modifica\u00e7\u00e3o n\u00e3o autorizada. Se considerar que os seus dados n\u00e3o est\u00e3o devidamente protegidos ou que existem ind\u00edcios de utiliza\u00e7\u00e3o indevida, contacte o nosso servi\u00e7o de apoio ao cliente ou atrav\u00e9s de <a href=\"mailto:info@konro-grill.com\">info@konro-grill.com<\/a><\/p>\n\n\t\t<\/div>\n\t<\/div>\n<\/div><\/div><\/div><\/div>\n<\/div>","protected":false},"excerpt":{"rendered":"Pol\u00edtica de privacidade do Konro Grill O Konro Grill faz parte e \u00e9 uma designa\u00e7\u00e3o comercial da Digital Q B.V. A Digital Q B.V., localizada em Anton Pieckplein 117A, 5171 CV Kaatsheuvel, \u00e9 respons\u00e1vel pelo processamento de dados pessoais conforme refletido nesta declara\u00e7\u00e3o de privacidade. Dados de contacto Anton Pieckplein 117A 5171 CV Kaatsheuvel Tel: +31(0)416235010 Dados pessoais que processamos A Digital Q B.V. processa...","protected":false},"author":1,"featured_media":0,"parent":0,"menu_order":0,"comment_status":"closed","ping_status":"closed","template":"","meta":{"inline_featured_image":false,"footnotes":""},"class_list":["post-165","page","type-page","status-publish","hentry","entry","no-media"],"yoast_head":"<!-- This site is optimized with the Yoast SEO plugin v27.4 - https:\/\/yoast.com\/product\/yoast-seo-wordpress\/ -->\n<title>Privacybeleid | Konro Grill, de grootste Japanse BBQ specialist<\/title>\n<meta name=\"robots\" content=\"index, follow, max-snippet:-1, max-image-preview:large, max-video-preview:-1\" \/>\n<link rel=\"canonical\" href=\"https:\/\/konro-grill.com\/pt\/politica-de-privacidade\/\" \/>\n<meta property=\"og:locale\" content=\"pt_PT\" \/>\n<meta property=\"og:type\" content=\"article\" \/>\n<meta property=\"og:title\" content=\"Privacybeleid | Konro Grill, de grootste Japanse BBQ specialist\" \/>\n<meta property=\"og:url\" content=\"https:\/\/konro-grill.com\/pt\/politica-de-privacidade\/\" \/>\n<meta property=\"og:site_name\" content=\"Konro Grill, de grootste Japanse BBQ specialist\" \/>\n<meta property=\"article:publisher\" content=\"https:\/\/facebook.com\/KonroGrillCom\" \/>\n<meta property=\"article:modified_time\" content=\"2021-11-02T08:25:33+00:00\" \/>\n<meta property=\"og:image\" content=\"https:\/\/konro-grill.com\/wp-content\/uploads\/2026\/03\/Konro-Grill-Logo-1.jpg\" \/>\n\t<meta property=\"og:image:width\" content=\"1200\" \/>\n\t<meta property=\"og:image:height\" content=\"675\" \/>\n\t<meta property=\"og:image:type\" content=\"image\/jpeg\" \/>\n<meta name=\"twitter:card\" content=\"summary_large_image\" \/>\n<meta name=\"twitter:label1\" content=\"Tempo estimado de leitura\" \/>\n\t<meta name=\"twitter:data1\" content=\"5 minutos\" \/>\n<script type=\"application\/ld+json\" class=\"yoast-schema-graph\">{\"@context\":\"https:\\\/\\\/schema.org\",\"@graph\":[{\"@type\":\"WebPage\",\"@id\":\"https:\\\/\\\/konro-grill.com\\\/privacybeleid\\\/\",\"url\":\"https:\\\/\\\/konro-grill.com\\\/privacybeleid\\\/\",\"name\":\"Privacybeleid | Konro Grill, de grootste Japanse BBQ specialist\",\"isPartOf\":{\"@id\":\"https:\\\/\\\/konro-grill.com\\\/#website\"},\"datePublished\":\"2020-11-11T11:35:19+00:00\",\"dateModified\":\"2021-11-02T08:25:33+00:00\",\"breadcrumb\":{\"@id\":\"https:\\\/\\\/konro-grill.com\\\/privacybeleid\\\/#breadcrumb\"},\"inLanguage\":\"pt-PT\",\"potentialAction\":[{\"@type\":\"ReadAction\",\"target\":[\"https:\\\/\\\/konro-grill.com\\\/privacybeleid\\\/\"]}]},{\"@type\":\"BreadcrumbList\",\"@id\":\"https:\\\/\\\/konro-grill.com\\\/privacybeleid\\\/#breadcrumb\",\"itemListElement\":[{\"@type\":\"ListItem\",\"position\":1,\"name\":\"Home\",\"item\":\"https:\\\/\\\/konro-grill.com\\\/\"},{\"@type\":\"ListItem\",\"position\":2,\"name\":\"Privacybeleid\"}]},{\"@type\":\"WebSite\",\"@id\":\"https:\\\/\\\/konro-grill.com\\\/#website\",\"url\":\"https:\\\/\\\/konro-grill.com\\\/\",\"name\":\"Konro Grill\",\"description\":\"Konro Grill, de Grootste Japanse BBQ Specialist\",\"publisher\":{\"@id\":\"https:\\\/\\\/konro-grill.com\\\/#organization\"},\"potentialAction\":[{\"@type\":\"SearchAction\",\"target\":{\"@type\":\"EntryPoint\",\"urlTemplate\":\"https:\\\/\\\/konro-grill.com\\\/?s={search_term_string}\"},\"query-input\":{\"@type\":\"PropertyValueSpecification\",\"valueRequired\":true,\"valueName\":\"search_term_string\"}}],\"inLanguage\":\"pt-PT\"},{\"@type\":\"Organization\",\"@id\":\"https:\\\/\\\/konro-grill.com\\\/#organization\",\"name\":\"Konro Grill\",\"url\":\"https:\\\/\\\/konro-grill.com\\\/\",\"logo\":{\"@type\":\"ImageObject\",\"inLanguage\":\"pt-PT\",\"@id\":\"https:\\\/\\\/konro-grill.com\\\/#\\\/schema\\\/logo\\\/image\\\/\",\"url\":\"https:\\\/\\\/konro-grill.com\\\/wp-content\\\/uploads\\\/2021\\\/10\\\/konro-grill-logo.png\",\"contentUrl\":\"https:\\\/\\\/konro-grill.com\\\/wp-content\\\/uploads\\\/2021\\\/10\\\/konro-grill-logo.png\",\"width\":650,\"height\":80,\"caption\":\"Konro Grill\"},\"image\":{\"@id\":\"https:\\\/\\\/konro-grill.com\\\/#\\\/schema\\\/logo\\\/image\\\/\"},\"sameAs\":[\"https:\\\/\\\/facebook.com\\\/KonroGrillCom\",\"https:\\\/\\\/www.instagram.com\\\/konrogrillcom\\\/\"]}]}<\/script>\n<!-- \/ Yoast SEO plugin. -->","yoast_head_json":{"title":"Pol\u00edtica de privacidade | Konro Grill, o maior especialista em churrasco japon\u00eas","robots":{"index":"index","follow":"follow","max-snippet":"max-snippet:-1","max-image-preview":"max-image-preview:large","max-video-preview":"max-video-preview:-1"},"canonical":"https:\/\/konro-grill.com\/pt\/politica-de-privacidade\/","og_locale":"pt_PT","og_type":"article","og_title":"Privacybeleid | Konro Grill, de grootste Japanse BBQ specialist","og_url":"https:\/\/konro-grill.com\/pt\/politica-de-privacidade\/","og_site_name":"Konro Grill, de grootste Japanse BBQ specialist","article_publisher":"https:\/\/facebook.com\/KonroGrillCom","article_modified_time":"2021-11-02T08:25:33+00:00","og_image":[{"width":1200,"height":675,"url":"https:\/\/konro-grill.com\/wp-content\/uploads\/2026\/03\/Konro-Grill-Logo-1.jpg","type":"image\/jpeg"}],"twitter_card":"summary_large_image","twitter_misc":{"Tempo estimado de leitura":"5 minutos"},"schema":{"@context":"https:\/\/schema.org","@graph":[{"@type":"WebPage","@id":"https:\/\/konro-grill.com\/privacybeleid\/","url":"https:\/\/konro-grill.com\/privacybeleid\/","name":"Pol\u00edtica de privacidade | Konro Grill, o maior especialista em churrasco japon\u00eas","isPartOf":{"@id":"https:\/\/konro-grill.com\/#website"},"datePublished":"2020-11-11T11:35:19+00:00","dateModified":"2021-11-02T08:25:33+00:00","breadcrumb":{"@id":"https:\/\/konro-grill.com\/privacybeleid\/#breadcrumb"},"inLanguage":"pt-PT","potentialAction":[{"@type":"ReadAction","target":["https:\/\/konro-grill.com\/privacybeleid\/"]}]},{"@type":"BreadcrumbList","@id":"https:\/\/konro-grill.com\/privacybeleid\/#breadcrumb","itemListElement":[{"@type":"ListItem","position":1,"name":"Home","item":"https:\/\/konro-grill.com\/"},{"@type":"ListItem","position":2,"name":"Privacybeleid"}]},{"@type":"WebSite","@id":"https:\/\/konro-grill.com\/#website","url":"https:\/\/konro-grill.com\/","name":"Konro Grill","description":"Konro Grill, o maior especialista em churrasco japon\u00eas","publisher":{"@id":"https:\/\/konro-grill.com\/#organization"},"potentialAction":[{"@type":"SearchAction","target":{"@type":"EntryPoint","urlTemplate":"https:\/\/konro-grill.com\/?s={search_term_string}"},"query-input":{"@type":"PropertyValueSpecification","valueRequired":true,"valueName":"search_term_string"}}],"inLanguage":"pt-PT"},{"@type":"Organization","@id":"https:\/\/konro-grill.com\/#organization","name":"Konro Grill","url":"https:\/\/konro-grill.com\/","logo":{"@type":"ImageObject","inLanguage":"pt-PT","@id":"https:\/\/konro-grill.com\/#\/schema\/logo\/image\/","url":"https:\/\/konro-grill.com\/wp-content\/uploads\/2021\/10\/konro-grill-logo.png","contentUrl":"https:\/\/konro-grill.com\/wp-content\/uploads\/2021\/10\/konro-grill-logo.png","width":650,"height":80,"caption":"Konro Grill"},"image":{"@id":"https:\/\/konro-grill.com\/#\/schema\/logo\/image\/"},"sameAs":["https:\/\/facebook.com\/KonroGrillCom","https:\/\/www.instagram.com\/konrogrillcom\/"]}]}},"_links":{"self":[{"href":"https:\/\/konro-grill.com\/pt\/wp-json\/wp\/v2\/pages\/165","targetHints":{"allow":["GET"]}}],"collection":[{"href":"https:\/\/konro-grill.com\/pt\/wp-json\/wp\/v2\/pages"}],"about":[{"href":"https:\/\/konro-grill.com\/pt\/wp-json\/wp\/v2\/types\/page"}],"author":[{"embeddable":true,"href":"https:\/\/konro-grill.com\/pt\/wp-json\/wp\/v2\/users\/1"}],"replies":[{"embeddable":true,"href":"https:\/\/konro-grill.com\/pt\/wp-json\/wp\/v2\/comments?post=165"}],"version-history":[{"count":5,"href":"https:\/\/konro-grill.com\/pt\/wp-json\/wp\/v2\/pages\/165\/revisions"}],"predecessor-version":[{"id":633,"href":"https:\/\/konro-grill.com\/pt\/wp-json\/wp\/v2\/pages\/165\/revisions\/633"}],"wp:attachment":[{"href":"https:\/\/konro-grill.com\/pt\/wp-json\/wp\/v2\/media?parent=165"}],"curies":[{"name":"wp","href":"https:\/\/api.w.org\/{rel}","templated":true}]}}