{"id":4565,"date":"2023-11-09T14:00:00","date_gmt":"2023-11-09T13:00:00","guid":{"rendered":"https:\/\/konro-grill.com\/retourneren-2\/"},"modified":"2023-11-16T15:29:37","modified_gmt":"2023-11-16T14:29:37","slug":"condicoes-de-acao","status":"publish","type":"page","link":"https:\/\/konro-grill.com\/pt\/condicoes-de-acao\/","title":{"rendered":"Condi\u00e7\u00f5es de promo\u00e7\u00e3o"},"content":{"rendered":"<div class=\"wpb-content-wrapper\"><div class=\"vc_row wpb_row vc_row-fluid site-doc-row wpex-vc-full-width-row wpex-vc-full-width-row--centered wpex-relative\"><div class=\"wpb_column vc_column_container vc_col-sm-12\"><div class=\"vc_column-inner\"><div class=\"wpb_wrapper\">\n\t<div class=\"wpb_text_column wpb_content_element site-doc-blok\" >\n\t\t<div class=\"wpb_wrapper\">\n\t\t\t<h1>Condi\u00e7\u00f5es de promo\u00e7\u00e3o<\/h1>\n\n\t\t<\/div>\n\t<\/div>\n<div class=\"vcex-module vcex-post-type-grid-wrap wpex-clr wpex-mb-20 aanbiedingen-grid site-doc-blok\"><div class=\"wpex-row vcex-post-type-grid entries wpex-clr gap-40\"><div class=\"vcex-post-type-entry vcex-grid-item wpex-clr col span_1_of_1 col-1 entry post-4563 type-acties has-media\"><div class=\"vcex-post-type-entry-inner entry-inner wpex-first-mt-0 wpex-last-mb-0 wpex-clr\"><div class=\"vcex-post-type-entry-media entry-media wpex-relative\"><img width=\"1500\" height=\"375\" src=\"https:\/\/konro-grill.com\/wp-content\/uploads\/2023\/11\/blackweeksheader.png\" class=\"vcex-blog-entry-img wpex-align-middle\" alt=\"\" loading=\"lazy\" decoding=\"async\" srcset=\"https:\/\/konro-grill.com\/wp-content\/uploads\/2023\/11\/blackweeksheader.png 1500w, https:\/\/konro-grill.com\/wp-content\/uploads\/2023\/11\/blackweeksheader-300x75.png 300w, https:\/\/konro-grill.com\/wp-content\/uploads\/2023\/11\/blackweeksheader-1024x256.png 1024w, https:\/\/konro-grill.com\/wp-content\/uploads\/2023\/11\/blackweeksheader-768x192.png 768w, https:\/\/konro-grill.com\/wp-content\/uploads\/2023\/11\/blackweeksheader-24x6.png 24w, https:\/\/konro-grill.com\/wp-content\/uploads\/2023\/11\/blackweeksheader-36x9.png 36w, https:\/\/konro-grill.com\/wp-content\/uploads\/2023\/11\/blackweeksheader-48x12.png 48w, https:\/\/konro-grill.com\/wp-content\/uploads\/2023\/11\/blackweeksheader-600x150.png 600w\" sizes=\"auto, (max-width: 1500px) 100vw, 1500px\" \/><\/div><div class=\"vcex-post-type-entry-details entry-details wpex-bordered wpex-p-20 wpex-first-mt-0 wpex-last-mb-0 wpex-clr\"><h2 class=\"vcex-post-type-entry-title entry-title wpex-mb-5\">Semanas negras<\/h2><div class=\"vcex-post-type-entry-excerpt entry-excerpt wpex-my-15 wpex-text-pretty wpex-last-mb-0 wpex-clr\"><div class=\"wpb-content-wrapper\"><div class=\"vc_row wpb_row vc_row-fluid wpex-relative\"><div class=\"wpb_column vc_column_container vc_col-sm-12\"><div class=\"vc_column-inner\"><div class=\"wpb_wrapper\">\n\t<div class=\"wpb_text_column wpb_content_element\" >\n\t\t<div class=\"wpb_wrapper\">\n\t\t\t<p>Desconto 10% em quase tudo: grelhadores Konro, acess\u00f3rios, condimentos e binchotan. L\u00ea os termos e condi\u00e7\u00f5es da promo\u00e7\u00e3o.<\/p>\n<h4>Termos e condi\u00e7\u00f5es da promo\u00e7\u00e3o Black Weeks:<\/h4>\n<p>- A promo\u00e7\u00e3o \u00e9 v\u00e1lida de 17 a 27 de novembro de 2023.<br \/>\n- O desconto \u00e9 calculado a partir do pre\u00e7o de retalho recomendado.<br \/>\n- O desconto da BLACK WEEKS passa a ser <strong>autom\u00e1tico<\/strong> processado no carrinho de compras com c\u00f3digo de desconto <strong>PRETO10<\/strong>.<br \/>\n- Enquanto durarem os stocks! ON = LIGADO.<br \/>\n- As tuas compras n\u00e3o podem ser entregues numa data posterior. N\u00e3o mantemos os produtos comprados em stock para ti durante mais tempo do que o necess\u00e1rio.<\/p>\n<h4>Condi\u00e7\u00f5es de entrega Semanas negras<\/h4>\n<p>- ENCOMENDA A TEMPO!<br \/>\n- Aguarda um prazo de entrega mais longo!<br \/>\n- Durante o per\u00edodo promocional, a entrega pode demorar mais tempo do que o habitual devido aos per\u00edodos de maior aflu\u00eancia. As nossas desculpas antecipadas, faremos o nosso melhor por ti.<\/p>\n<p><em>Konrogrill.com pode, a seu exclusivo crit\u00e9rio e sem aviso pr\u00e9vio, alterar ou modificar as presentes condi\u00e7\u00f5es promocionais durante o per\u00edodo promocional ou alterar ou modificar a promo\u00e7\u00e3o sem dar qualquer justifica\u00e7\u00e3o. Reserva-se o direito a erros de impress\u00e3o e tipografia.<\/em><\/p>\n<h4>Produtos e servi\u00e7os exclu\u00eddos:<\/h4>\n<ul>\n<li>Guru dos grelhados<\/li>\n<li>Livros de cozinha<\/li>\n<li>Tomasu<\/li>\n<li>Limpar<\/li>\n<li>Produtos THT<\/li>\n<\/ul>\n\n\t\t<\/div>\n\t<\/div>\n<\/div><\/div><\/div><\/div>\n<\/div><\/div><\/div><\/div><\/div><\/div><\/div><\/div><\/div><\/div><\/div>\n<\/div>","protected":false},"excerpt":{"rendered":"Desconto 10% em quase tudo: grelhadores Konro, acess\u00f3rios, condimentos e binchotan. L\u00ea as condi\u00e7\u00f5es da promo\u00e7\u00e3o. L\u00ea os termos e condi\u00e7\u00f5es da promo\u00e7\u00e3o Black Weeks: - A promo\u00e7\u00e3o \u00e9 v\u00e1lida de 17 a 27 de novembro de 2023. - O desconto \u00e9 calculado sobre o pre\u00e7o de venda recomendado. - O desconto BLACK WEEKS \u00e9 processado automaticamente no carrinho de compras com o c\u00f3digo de desconto BLACK10. - Enquanto durarem os stocks! ON =...","protected":false},"author":49,"featured_media":0,"parent":0,"menu_order":0,"comment_status":"closed","ping_status":"closed","template":"","meta":{"inline_featured_image":false,"footnotes":""},"class_list":["post-4565","page","type-page","status-publish","hentry","entry","has-media"],"yoast_head":"<!-- This site is optimized with the Yoast SEO plugin v27.3 - https:\/\/yoast.com\/product\/yoast-seo-wordpress\/ -->\n<title>Actievoorwaarden | Konro Grill, de grootste Japanse BBQ specialist<\/title>\n<meta name=\"robots\" content=\"index, follow, max-snippet:-1, max-image-preview:large, max-video-preview:-1\" \/>\n<link rel=\"canonical\" href=\"https:\/\/konro-grill.com\/pt\/condicoes-de-acao\/\" \/>\n<meta property=\"og:locale\" content=\"pt_PT\" \/>\n<meta property=\"og:type\" content=\"article\" \/>\n<meta property=\"og:title\" content=\"Actievoorwaarden | Konro Grill, de grootste Japanse BBQ specialist\" \/>\n<meta property=\"og:url\" content=\"https:\/\/konro-grill.com\/pt\/condicoes-de-acao\/\" \/>\n<meta property=\"og:site_name\" content=\"Konro Grill, de grootste Japanse BBQ specialist\" \/>\n<meta property=\"article:publisher\" content=\"https:\/\/facebook.com\/KonroGrillCom\" \/>\n<meta property=\"article:modified_time\" content=\"2023-11-16T14:29:37+00:00\" \/>\n<meta property=\"og:image\" content=\"https:\/\/konro-grill.com\/wp-content\/uploads\/2026\/03\/Konro-Grill-Logo-1.jpg\" \/>\n\t<meta property=\"og:image:width\" content=\"1200\" \/>\n\t<meta property=\"og:image:height\" content=\"675\" \/>\n\t<meta property=\"og:image:type\" content=\"image\/jpeg\" \/>\n<meta name=\"twitter:card\" content=\"summary_large_image\" \/>\n<meta name=\"twitter:label1\" content=\"Tempo estimado de leitura\" \/>\n\t<meta name=\"twitter:data1\" content=\"1 minuto\" \/>\n<script type=\"application\/ld+json\" class=\"yoast-schema-graph\">{\"@context\":\"https:\\\/\\\/schema.org\",\"@graph\":[{\"@type\":\"WebPage\",\"@id\":\"https:\\\/\\\/konro-grill.com\\\/actievoorwaarden\\\/\",\"url\":\"https:\\\/\\\/konro-grill.com\\\/actievoorwaarden\\\/\",\"name\":\"Actievoorwaarden | Konro Grill, de grootste Japanse BBQ specialist\",\"isPartOf\":{\"@id\":\"https:\\\/\\\/konro-grill.com\\\/#website\"},\"datePublished\":\"2023-11-09T13:00:00+00:00\",\"dateModified\":\"2023-11-16T14:29:37+00:00\",\"breadcrumb\":{\"@id\":\"https:\\\/\\\/konro-grill.com\\\/actievoorwaarden\\\/#breadcrumb\"},\"inLanguage\":\"pt-PT\",\"potentialAction\":[{\"@type\":\"ReadAction\",\"target\":[\"https:\\\/\\\/konro-grill.com\\\/actievoorwaarden\\\/\"]}]},{\"@type\":\"BreadcrumbList\",\"@id\":\"https:\\\/\\\/konro-grill.com\\\/actievoorwaarden\\\/#breadcrumb\",\"itemListElement\":[{\"@type\":\"ListItem\",\"position\":1,\"name\":\"Home\",\"item\":\"https:\\\/\\\/konro-grill.com\\\/\"},{\"@type\":\"ListItem\",\"position\":2,\"name\":\"Actievoorwaarden\"}]},{\"@type\":\"WebSite\",\"@id\":\"https:\\\/\\\/konro-grill.com\\\/#website\",\"url\":\"https:\\\/\\\/konro-grill.com\\\/\",\"name\":\"Konro Grill\",\"description\":\"Konro Grill, de Grootste Japanse BBQ Specialist\",\"publisher\":{\"@id\":\"https:\\\/\\\/konro-grill.com\\\/#organization\"},\"potentialAction\":[{\"@type\":\"SearchAction\",\"target\":{\"@type\":\"EntryPoint\",\"urlTemplate\":\"https:\\\/\\\/konro-grill.com\\\/?s={search_term_string}\"},\"query-input\":{\"@type\":\"PropertyValueSpecification\",\"valueRequired\":true,\"valueName\":\"search_term_string\"}}],\"inLanguage\":\"pt-PT\"},{\"@type\":\"Organization\",\"@id\":\"https:\\\/\\\/konro-grill.com\\\/#organization\",\"name\":\"Konro Grill\",\"url\":\"https:\\\/\\\/konro-grill.com\\\/\",\"logo\":{\"@type\":\"ImageObject\",\"inLanguage\":\"pt-PT\",\"@id\":\"https:\\\/\\\/konro-grill.com\\\/#\\\/schema\\\/logo\\\/image\\\/\",\"url\":\"https:\\\/\\\/konro-grill.com\\\/wp-content\\\/uploads\\\/2021\\\/10\\\/konro-grill-logo.png\",\"contentUrl\":\"https:\\\/\\\/konro-grill.com\\\/wp-content\\\/uploads\\\/2021\\\/10\\\/konro-grill-logo.png\",\"width\":650,\"height\":80,\"caption\":\"Konro Grill\"},\"image\":{\"@id\":\"https:\\\/\\\/konro-grill.com\\\/#\\\/schema\\\/logo\\\/image\\\/\"},\"sameAs\":[\"https:\\\/\\\/facebook.com\\\/KonroGrillCom\",\"https:\\\/\\\/www.instagram.com\\\/konrogrillcom\\\/\"]}]}<\/script>\n<!-- \/ Yoast SEO plugin. -->","yoast_head_json":{"title":"Condi\u00e7\u00f5es da promo\u00e7\u00e3o | Konro Grill, o maior especialista em churrasco japon\u00eas","robots":{"index":"index","follow":"follow","max-snippet":"max-snippet:-1","max-image-preview":"max-image-preview:large","max-video-preview":"max-video-preview:-1"},"canonical":"https:\/\/konro-grill.com\/pt\/condicoes-de-acao\/","og_locale":"pt_PT","og_type":"article","og_title":"Actievoorwaarden | Konro Grill, de grootste Japanse BBQ specialist","og_url":"https:\/\/konro-grill.com\/pt\/condicoes-de-acao\/","og_site_name":"Konro Grill, de grootste Japanse BBQ specialist","article_publisher":"https:\/\/facebook.com\/KonroGrillCom","article_modified_time":"2023-11-16T14:29:37+00:00","og_image":[{"width":1200,"height":675,"url":"https:\/\/konro-grill.com\/wp-content\/uploads\/2026\/03\/Konro-Grill-Logo-1.jpg","type":"image\/jpeg"}],"twitter_card":"summary_large_image","twitter_misc":{"Tempo estimado de leitura":"1 minuto"},"schema":{"@context":"https:\/\/schema.org","@graph":[{"@type":"WebPage","@id":"https:\/\/konro-grill.com\/actievoorwaarden\/","url":"https:\/\/konro-grill.com\/actievoorwaarden\/","name":"Condi\u00e7\u00f5es da promo\u00e7\u00e3o | Konro Grill, o maior especialista em churrasco japon\u00eas","isPartOf":{"@id":"https:\/\/konro-grill.com\/#website"},"datePublished":"2023-11-09T13:00:00+00:00","dateModified":"2023-11-16T14:29:37+00:00","breadcrumb":{"@id":"https:\/\/konro-grill.com\/actievoorwaarden\/#breadcrumb"},"inLanguage":"pt-PT","potentialAction":[{"@type":"ReadAction","target":["https:\/\/konro-grill.com\/actievoorwaarden\/"]}]},{"@type":"BreadcrumbList","@id":"https:\/\/konro-grill.com\/actievoorwaarden\/#breadcrumb","itemListElement":[{"@type":"ListItem","position":1,"name":"Home","item":"https:\/\/konro-grill.com\/"},{"@type":"ListItem","position":2,"name":"Actievoorwaarden"}]},{"@type":"WebSite","@id":"https:\/\/konro-grill.com\/#website","url":"https:\/\/konro-grill.com\/","name":"Konro Grill","description":"Konro Grill, o maior especialista em churrasco japon\u00eas","publisher":{"@id":"https:\/\/konro-grill.com\/#organization"},"potentialAction":[{"@type":"SearchAction","target":{"@type":"EntryPoint","urlTemplate":"https:\/\/konro-grill.com\/?s={search_term_string}"},"query-input":{"@type":"PropertyValueSpecification","valueRequired":true,"valueName":"search_term_string"}}],"inLanguage":"pt-PT"},{"@type":"Organization","@id":"https:\/\/konro-grill.com\/#organization","name":"Konro Grill","url":"https:\/\/konro-grill.com\/","logo":{"@type":"ImageObject","inLanguage":"pt-PT","@id":"https:\/\/konro-grill.com\/#\/schema\/logo\/image\/","url":"https:\/\/konro-grill.com\/wp-content\/uploads\/2021\/10\/konro-grill-logo.png","contentUrl":"https:\/\/konro-grill.com\/wp-content\/uploads\/2021\/10\/konro-grill-logo.png","width":650,"height":80,"caption":"Konro Grill"},"image":{"@id":"https:\/\/konro-grill.com\/#\/schema\/logo\/image\/"},"sameAs":["https:\/\/facebook.com\/KonroGrillCom","https:\/\/www.instagram.com\/konrogrillcom\/"]}]}},"_links":{"self":[{"href":"https:\/\/konro-grill.com\/pt\/wp-json\/wp\/v2\/pages\/4565","targetHints":{"allow":["GET"]}}],"collection":[{"href":"https:\/\/konro-grill.com\/pt\/wp-json\/wp\/v2\/pages"}],"about":[{"href":"https:\/\/konro-grill.com\/pt\/wp-json\/wp\/v2\/types\/page"}],"author":[{"embeddable":true,"href":"https:\/\/konro-grill.com\/pt\/wp-json\/wp\/v2\/users\/49"}],"replies":[{"embeddable":true,"href":"https:\/\/konro-grill.com\/pt\/wp-json\/wp\/v2\/comments?post=4565"}],"version-history":[{"count":6,"href":"https:\/\/konro-grill.com\/pt\/wp-json\/wp\/v2\/pages\/4565\/revisions"}],"predecessor-version":[{"id":4593,"href":"https:\/\/konro-grill.com\/pt\/wp-json\/wp\/v2\/pages\/4565\/revisions\/4593"}],"wp:attachment":[{"href":"https:\/\/konro-grill.com\/pt\/wp-json\/wp\/v2\/media?parent=4565"}],"curies":[{"name":"wp","href":"https:\/\/api.w.org\/{rel}","templated":true}]}}