{"id":10009,"date":"2025-10-02T11:30:12","date_gmt":"2025-10-02T09:30:12","guid":{"rendered":"https:\/\/konro-grill.com\/?post_type=product&#038;p=10009"},"modified":"2026-04-22T10:28:06","modified_gmt":"2026-04-22T08:28:06","slug":"yakiniku-shichirin-medium-pro","status":"publish","type":"product","link":"https:\/\/konro-grill.com\/pt\/produto\/yakiniku-shichirin-medium-pro\/","title":{"rendered":"YAKINIKU Shichirin Medium PRO"},"content":{"rendered":"<div class=\"wpb-content-wrapper\"><div class=\"vc_row wpb_row vc_row-fluid wpex-relative\"><div class=\"wpb_column vc_column_container vc_col-sm-12\"><div class=\"vc_column-inner\"><div class=\"wpb_wrapper\">\n\t<div class=\"wpb_text_column wpb_content_element\" >\n\t\t<div class=\"wpb_wrapper\">\n\t\t\t<h3>O mais recente grelhador japon\u00eas da YAKINIKU, o Shichirin Medium PRO.<\/h3>\n<p>O Shichirin PRO retangular \u00e9 uma interpreta\u00e7\u00e3o moderna do grelhador tradicional japon\u00eas. Com o seu design elegante, constru\u00e7\u00e3o robusta e acabamento refinado, exala habilidade e eleg\u00e2ncia. Os detalhes inteligentes garantem uma \u00f3ptima facilidade de utiliza\u00e7\u00e3o e um desempenho impressionante, fazendo com que este grelhador seja excelente tanto em termos de estilo como de funcionalidade. O design de parede dupla garante um fluxo de ar ideal, o que significa que podes atingir sem esfor\u00e7o temperaturas elevadas e preparar pratos com ainda mais requinte e precis\u00e3o. O cinzeiro amov\u00edvel facilita a limpeza e a cer\u00e2mica dur\u00e1vel de duas pe\u00e7as evita quebras e facilita as repara\u00e7\u00f5es.<\/p>\n<h3><\/h3>\n<h3>Fluxo de ar ideal para uma temperatura de combust\u00e3o constante<\/h3>\n<p>O Pro Shichirin distingue-se por um fluxo de ar melhorado que assegura uma temperatura de queima constante e elevada, um elemento essencial para uma cozedura precisa e um aut\u00eantico sabor a churrasco.<br \/>\n- Fornecimento igual de oxig\u00e9nio: O fornecimento de ar \u00e9 estrategicamente distribu\u00eddo, mantendo o calor est\u00e1vel e cozinhando os pratos de forma igual em todo o lado. Este fluxo de ar uniforme evita pontos quentes e assegura uma temperatura uniforme.<br \/>\n- Fornecimento de oxig\u00e9nio melhorado atrav\u00e9s do design de parede dupla: Gra\u00e7as ao seu design de parede dupla, o Shichirin tem um fornecimento de oxig\u00e9nio maior e constante. Esta constru\u00e7\u00e3o facilita a manuten\u00e7\u00e3o de temperaturas elevadas, mesmo durante longas sess\u00f5es de churrasco.<br \/>\n- Menos cinzas a voar: O fornecimento de ar foi melhorado para que j\u00e1 n\u00e3o seja necess\u00e1rio soprar e soprar manualmente, evitando que as cinzas voem e assegurando um ambiente de churrasco mais limpo e seguro.<\/p>\n<h3><\/h3>\n<h3>Sistema de fluxo de ar avan\u00e7ado<\/h3>\n<p>Uma vers\u00e3o melhorada do cl\u00e1ssico Shichirin, o YAKINIKU Shichirin Pro destaca-se pelo seu design de alta qualidade e funcionalidade inteligente. Gra\u00e7as ao seu avan\u00e7ado sistema de fluxo de ar, o Shichirin ret\u00e9m o calor durante mais tempo, o que tamb\u00e9m mant\u00e9m o carv\u00e3o Binchotan a arder durante muito mais tempo.<\/p>\n<h3><\/h3>\n<h3>Cinzeiro amov\u00edvel para uma manuten\u00e7\u00e3o f\u00e1cil<\/h3>\n<p>Ao contr\u00e1rio de muitos grelhadores tradicionais, este Shichirin n\u00e3o exige que vires o aparelho todo para retirar as cinzas. O cinzeiro \u00e9 facilmente remov\u00edvel e esvaziado num instante - bonito e pr\u00e1tico!<\/p>\n<h3><\/h3>\n<h3>Design dur\u00e1vel de duas pe\u00e7as de cer\u00e2mica<\/h3>\n<p>O design de cer\u00e2mica do Shichirin Pro \u00e9 composto por duas partes, o que garante uma distribui\u00e7\u00e3o \u00f3ptima do calor e menos tens\u00e3o no material. Isto evita quebras e o grelhador mant\u00e9m a sua estabilidade mesmo a altas temperaturas.<\/p>\n<h3><\/h3>\n<h3>Design \u00fanico: moderno com respeito pela tradi\u00e7\u00e3o<\/h3>\n<p>Este Shichirin combina linhas modernas e simples com uma homenagem \u00e0 antiga tradi\u00e7\u00e3o japonesa de grelhar. O design robusto e os detalhes subtis exalam classe e habilidade, tornando o grelhador n\u00e3o s\u00f3 funcional, mas tamb\u00e9m atraente!<\/p>\n<p>Tem em aten\u00e7\u00e3o que um YAKINIKU Shichirin Medium n\u00e3o \u00e9 um grelhador japon\u00eas original, este grelhador konro \u00e9 fabricado na China. A qualidade \u00e9 boa para uso dom\u00e9stico, n\u00e3o recomendamos que utilizes este grelhador profissionalmente.<\/p>\n<p>Ver tudo <a href=\"https:\/\/konro-grill.com\/pt\/acessorios-yakiniku-shichirin\/\">Acess\u00f3rios Yakiniku Shichrin<\/a>.<\/p>\n\n\t\t<\/div>\n\t<\/div>\n<div class=\"vcex-spacing wpex-w-100 wpex-clear\" style=\"height:32px;\"><\/div><div class=\"templatera_shortcode\"><style type=\"text\/css\" data-type=\"vc_shortcodes-custom-css\">.vc_custom_1657802039208{margin-bottom: 0px !important;}<\/style><div class=\"vc_row wpb_row vc_row-fluid geschikt-voor-row-alt wpex-relative\"><div class=\"wpb_column vc_column_container vc_col-sm-12\"><div class=\"vc_column-inner vc_custom_1657802039208\"><div class=\"wpb_wrapper\">\n\t<div class=\"wpb_text_column wpb_content_element left\" >\n\t\t<div class=\"wpb_wrapper\">\n\t\t\t<h2 style=\"text-align: center;\">Isto \u00e9 o que podes fazer com o grelhador Konro<\/h2>\n\n\t\t<\/div>\n\t<\/div>\n<div class=\"vc_row wpb_row vc_inner vc_row-fluid wpex-relative\"><div class=\"wpb_column vc_column_container vc_col-sm-4\"><div class=\"vc_column-inner\"><div class=\"wpb_wrapper\">\n\t<div  class=\"wpb_single_image wpb_content_element vc_align_center wpb_content_element  icon\">\n\t\t\n\t\t<figure class=\"wpb_wrapper vc_figure\">\n\t\t\t<div class=\"vc_single_image-wrapper   vc_box_border_grey\"><img width=\"1\" height=\"1\" src=\"https:\/\/konro-grill.com\/wp-content\/uploads\/2020\/11\/vlees.svg\" class=\"vc_single_image-img attachment-full\" alt=\"\" title=\"carne\" \/><\/div>\n\t\t<\/figure>\n\t<\/div>\n\n\t<div class=\"wpb_text_column wpb_content_element textcenter\" >\n\t\t<div class=\"wpb_wrapper\">\n\t\t\t<h3>Aves e carne<\/h3>\n<p>Grelhe o frango ao estilo yakitori e sele fatias finas e tenras de Wagyu!<\/p>\n\n\t\t<\/div>\n\t<\/div>\n<\/div><\/div><\/div><div class=\"wpb_column vc_column_container vc_col-sm-4\"><div class=\"vc_column-inner\"><div class=\"wpb_wrapper\">\n\t<div  class=\"wpb_single_image wpb_content_element vc_align_center wpb_content_element  icon\">\n\t\t\n\t\t<figure class=\"wpb_wrapper vc_figure\">\n\t\t\t<div class=\"vc_single_image-wrapper   vc_box_border_grey\"><img width=\"1\" height=\"1\" src=\"https:\/\/konro-grill.com\/wp-content\/uploads\/2020\/11\/vis.svg\" class=\"vc_single_image-img attachment-full\" alt=\"\" title=\"peixe\" \/><\/div>\n\t\t<\/figure>\n\t<\/div>\n\n\t<div class=\"wpb_text_column wpb_content_element textcenter\" >\n\t\t<div class=\"wpb_wrapper\">\n\t\t\t<h3>Peixe e marisco<\/h3>\n<p>Grelhar diretamente marisco ou peixe. Delicioso! Prove os sabores puros!<\/p>\n\n\t\t<\/div>\n\t<\/div>\n<\/div><\/div><\/div><div class=\"wpb_column vc_column_container vc_col-sm-4\"><div class=\"vc_column-inner\"><div class=\"wpb_wrapper\">\n\t<div  class=\"wpb_single_image wpb_content_element vc_align_center wpb_content_element  icon\">\n\t\t\n\t\t<figure class=\"wpb_wrapper vc_figure\">\n\t\t\t<div class=\"vc_single_image-wrapper   vc_box_border_grey\"><img width=\"1\" height=\"1\" src=\"https:\/\/konro-grill.com\/wp-content\/uploads\/2020\/11\/groente.svg\" class=\"vc_single_image-img attachment-full\" alt=\"\" title=\"vegetal\" \/><\/div>\n\t\t<\/figure>\n\t<\/div>\n\n\t<div class=\"wpb_text_column wpb_content_element textcenter\" >\n\t\t<div class=\"wpb_wrapper\">\n\t\t\t<h3>Frutas e legumes<\/h3>\n<p>Grelhar legumes ou mesmo fruta. Laceie-o e surpreenda-se com o seu sabor!<\/p>\n\n\t\t<\/div>\n\t<\/div>\n<\/div><\/div><\/div><\/div><\/div><\/div><\/div><\/div><\/div><\/div><\/div><\/div><\/div>\n<\/div>","protected":false},"excerpt":{"rendered":"<h2>O YAKINIKU Shichirin Medium PRO, novo modelo profissional.<\/h2>\n<p>A YAKINIKU Shichirin Medium PRO \u00e9 a mais recente <strong>Estilo japon\u00eas<\/strong> grelhador de mesa da YAKINIKU. Este modelo tem um melhor fluxo de ar, \u00e9 mais f\u00e1cil de limpar e tem uma parede dupla para um melhor controlo da temperatura. <span style=\"background-color: var(--wpex-surface-1);\">Este Shichirin retangular \u00e9 fabricado na China a partir de uma mistura de quartzo e cordierite e tem uma <strong>superf\u00edcie de grelhagem de 39 x 21 cm<\/strong>. Este Shichirin \u00e9 <strong>adequado para 2 a 6 pessoas<\/strong>, pesa <strong>12 kg<\/strong> e um<strong> plataforma de madeira para mesa<\/strong> Inclui.<\/span><\/p>","protected":false},"featured_media":10010,"template":"","meta":{"inline_featured_image":false},"product_brand":[],"product_cat":[20,425],"product_tag":[],"class_list":{"0":"post-10009","1":"product","2":"type-product","3":"status-publish","4":"has-post-thumbnail","6":"product_cat-konro-grills","7":"product_cat-yakiniku-grill","8":"entry","9":"has-media","11":"first","12":"instock","13":"sale","14":"taxable","15":"shipping-taxable","16":"purchasable","17":"product-type-simple"},"bundled_by":[],"bundle_stock_status":"instock","bundle_stock_quantity":9,"bundle_virtual":false,"bundle_layout":"","bundle_add_to_cart_form_location":"","bundle_editable_in_cart":false,"bundle_sold_individually_context":"","bundle_item_grouping":"","bundle_min_size":"","bundle_max_size":"","bundle_price":[],"bundled_items":[],"bundle_sell_ids":[3912,3195,8960,9007,3203,3209,3206,915,2519,9989],"yoast_head":"<!-- This site is optimized with the Yoast SEO plugin v27.4 - https:\/\/yoast.com\/product\/yoast-seo-wordpress\/ -->\n<title>YAKINIKU Shichirin Medium PRO, bestel hem bij Konro Grill.<\/title>\n<meta name=\"description\" content=\"De YAKINIKU Shichirin PRO is de verbeterde versie van de klassieke Shichirin. Bestel hem bij de Grootste Japanse BBQ Specialist van Europa: Konro Grill.\" \/>\n<meta name=\"robots\" content=\"index, follow, max-snippet:-1, max-image-preview:large, max-video-preview:-1\" \/>\n<link rel=\"canonical\" href=\"https:\/\/konro-grill.com\/pt\/produto\/yakiniku-shichirin-medium-pro\/\" \/>\n<meta property=\"og:locale\" content=\"pt_PT\" \/>\n<meta property=\"og:type\" content=\"article\" \/>\n<meta property=\"og:title\" content=\"YAKINIKU Shichirin Medium PRO, bestel hem bij Konro Grill.\" \/>\n<meta property=\"og:description\" content=\"De YAKINIKU Shichirin PRO is de verbeterde versie van de klassieke Shichirin. Bestel hem bij de Grootste Japanse BBQ Specialist van Europa: Konro Grill.\" \/>\n<meta property=\"og:url\" content=\"https:\/\/konro-grill.com\/pt\/produto\/yakiniku-shichirin-medium-pro\/\" \/>\n<meta property=\"og:site_name\" content=\"Konro Grill, de grootste Japanse BBQ specialist\" \/>\n<meta property=\"article:publisher\" content=\"https:\/\/facebook.com\/KonroGrillCom\" \/>\n<meta property=\"article:modified_time\" content=\"2026-04-22T08:28:06+00:00\" \/>\n<meta property=\"og:image\" content=\"https:\/\/konro-grill.com\/wp-content\/uploads\/2025\/10\/YAKINIKU-SHICHIRIN-MEDIUM-PRO-01.jpg\" \/>\n\t<meta property=\"og:image:width\" content=\"800\" \/>\n\t<meta property=\"og:image:height\" content=\"800\" \/>\n\t<meta property=\"og:image:type\" content=\"image\/jpeg\" \/>\n<meta name=\"twitter:card\" content=\"summary_large_image\" \/>\n<meta name=\"twitter:label1\" content=\"Tempo estimado de leitura\" \/>\n\t<meta name=\"twitter:data1\" content=\"3 minutos\" \/>\n<script type=\"application\/ld+json\" class=\"yoast-schema-graph\">{\"@context\":\"https:\\\/\\\/schema.org\",\"@graph\":[{\"@type\":\"WebPage\",\"@id\":\"https:\\\/\\\/konro-grill.com\\\/product\\\/yakiniku-shichirin-medium-pro\\\/\",\"url\":\"https:\\\/\\\/konro-grill.com\\\/product\\\/yakiniku-shichirin-medium-pro\\\/\",\"name\":\"YAKINIKU Shichirin Medium PRO, bestel hem bij Konro Grill.\",\"isPartOf\":{\"@id\":\"https:\\\/\\\/konro-grill.com\\\/#website\"},\"primaryImageOfPage\":{\"@id\":\"https:\\\/\\\/konro-grill.com\\\/product\\\/yakiniku-shichirin-medium-pro\\\/#primaryimage\"},\"image\":{\"@id\":\"https:\\\/\\\/konro-grill.com\\\/product\\\/yakiniku-shichirin-medium-pro\\\/#primaryimage\"},\"thumbnailUrl\":\"https:\\\/\\\/konro-grill.com\\\/wp-content\\\/uploads\\\/2025\\\/10\\\/YAKINIKU-SHICHIRIN-MEDIUM-PRO-01.jpg\",\"datePublished\":\"2025-10-02T09:30:12+00:00\",\"dateModified\":\"2026-04-22T08:28:06+00:00\",\"description\":\"De YAKINIKU Shichirin PRO is de verbeterde versie van de klassieke Shichirin. Bestel hem bij de Grootste Japanse BBQ Specialist van Europa: Konro Grill.\",\"breadcrumb\":{\"@id\":\"https:\\\/\\\/konro-grill.com\\\/product\\\/yakiniku-shichirin-medium-pro\\\/#breadcrumb\"},\"inLanguage\":\"pt-PT\",\"potentialAction\":[{\"@type\":\"ReadAction\",\"target\":[\"https:\\\/\\\/konro-grill.com\\\/product\\\/yakiniku-shichirin-medium-pro\\\/\"]}]},{\"@type\":\"ImageObject\",\"inLanguage\":\"pt-PT\",\"@id\":\"https:\\\/\\\/konro-grill.com\\\/product\\\/yakiniku-shichirin-medium-pro\\\/#primaryimage\",\"url\":\"https:\\\/\\\/konro-grill.com\\\/wp-content\\\/uploads\\\/2025\\\/10\\\/YAKINIKU-SHICHIRIN-MEDIUM-PRO-01.jpg\",\"contentUrl\":\"https:\\\/\\\/konro-grill.com\\\/wp-content\\\/uploads\\\/2025\\\/10\\\/YAKINIKU-SHICHIRIN-MEDIUM-PRO-01.jpg\",\"width\":800,\"height\":800,\"caption\":\"YAKINIKU Shichirin Medium PRO\"},{\"@type\":\"BreadcrumbList\",\"@id\":\"https:\\\/\\\/konro-grill.com\\\/product\\\/yakiniku-shichirin-medium-pro\\\/#breadcrumb\",\"itemListElement\":[{\"@type\":\"ListItem\",\"position\":1,\"name\":\"Home\",\"item\":\"https:\\\/\\\/konro-grill.com\\\/\"},{\"@type\":\"ListItem\",\"position\":2,\"name\":\"Winkel\",\"item\":\"https:\\\/\\\/konro-grill.com\\\/winkel\\\/\"},{\"@type\":\"ListItem\",\"position\":3,\"name\":\"YAKINIKU Shichirin Medium PRO\"}]},{\"@type\":\"WebSite\",\"@id\":\"https:\\\/\\\/konro-grill.com\\\/#website\",\"url\":\"https:\\\/\\\/konro-grill.com\\\/\",\"name\":\"Konro Grill\",\"description\":\"Konro Grill, de Grootste Japanse BBQ Specialist\",\"publisher\":{\"@id\":\"https:\\\/\\\/konro-grill.com\\\/#organization\"},\"potentialAction\":[{\"@type\":\"SearchAction\",\"target\":{\"@type\":\"EntryPoint\",\"urlTemplate\":\"https:\\\/\\\/konro-grill.com\\\/?s={search_term_string}\"},\"query-input\":{\"@type\":\"PropertyValueSpecification\",\"valueRequired\":true,\"valueName\":\"search_term_string\"}}],\"inLanguage\":\"pt-PT\"},{\"@type\":\"Organization\",\"@id\":\"https:\\\/\\\/konro-grill.com\\\/#organization\",\"name\":\"Konro Grill\",\"url\":\"https:\\\/\\\/konro-grill.com\\\/\",\"logo\":{\"@type\":\"ImageObject\",\"inLanguage\":\"pt-PT\",\"@id\":\"https:\\\/\\\/konro-grill.com\\\/#\\\/schema\\\/logo\\\/image\\\/\",\"url\":\"https:\\\/\\\/konro-grill.com\\\/wp-content\\\/uploads\\\/2021\\\/10\\\/konro-grill-logo.png\",\"contentUrl\":\"https:\\\/\\\/konro-grill.com\\\/wp-content\\\/uploads\\\/2021\\\/10\\\/konro-grill-logo.png\",\"width\":650,\"height\":80,\"caption\":\"Konro Grill\"},\"image\":{\"@id\":\"https:\\\/\\\/konro-grill.com\\\/#\\\/schema\\\/logo\\\/image\\\/\"},\"sameAs\":[\"https:\\\/\\\/facebook.com\\\/KonroGrillCom\",\"https:\\\/\\\/www.instagram.com\\\/konrogrillcom\\\/\"]}]}<\/script>\n<!-- \/ Yoast SEO plugin. -->","yoast_head_json":{"title":"YAKINIKU Shichirin Medium PRO, encomenda-o no Konro Grill.","description":"O YAKINIKU Shichirin PRO \u00e9 a vers\u00e3o melhorada do cl\u00e1ssico Shichirin. Encomenda-o ao maior especialista em churrasco japon\u00eas da Europa: Konro Grill.","robots":{"index":"index","follow":"follow","max-snippet":"max-snippet:-1","max-image-preview":"max-image-preview:large","max-video-preview":"max-video-preview:-1"},"canonical":"https:\/\/konro-grill.com\/pt\/produto\/yakiniku-shichirin-medium-pro\/","og_locale":"pt_PT","og_type":"article","og_title":"YAKINIKU Shichirin Medium PRO, bestel hem bij Konro Grill.","og_description":"De YAKINIKU Shichirin PRO is de verbeterde versie van de klassieke Shichirin. Bestel hem bij de Grootste Japanse BBQ Specialist van Europa: Konro Grill.","og_url":"https:\/\/konro-grill.com\/pt\/produto\/yakiniku-shichirin-medium-pro\/","og_site_name":"Konro Grill, de grootste Japanse BBQ specialist","article_publisher":"https:\/\/facebook.com\/KonroGrillCom","article_modified_time":"2026-04-22T08:28:06+00:00","og_image":[{"width":800,"height":800,"url":"https:\/\/konro-grill.com\/wp-content\/uploads\/2025\/10\/YAKINIKU-SHICHIRIN-MEDIUM-PRO-01.jpg","type":"image\/jpeg"}],"twitter_card":"summary_large_image","twitter_misc":{"Tempo estimado de leitura":"3 minutos"},"schema":{"@context":"https:\/\/schema.org","@graph":[{"@type":"WebPage","@id":"https:\/\/konro-grill.com\/product\/yakiniku-shichirin-medium-pro\/","url":"https:\/\/konro-grill.com\/product\/yakiniku-shichirin-medium-pro\/","name":"YAKINIKU Shichirin Medium PRO, encomenda-o no Konro Grill.","isPartOf":{"@id":"https:\/\/konro-grill.com\/#website"},"primaryImageOfPage":{"@id":"https:\/\/konro-grill.com\/product\/yakiniku-shichirin-medium-pro\/#primaryimage"},"image":{"@id":"https:\/\/konro-grill.com\/product\/yakiniku-shichirin-medium-pro\/#primaryimage"},"thumbnailUrl":"https:\/\/konro-grill.com\/wp-content\/uploads\/2025\/10\/YAKINIKU-SHICHIRIN-MEDIUM-PRO-01.jpg","datePublished":"2025-10-02T09:30:12+00:00","dateModified":"2026-04-22T08:28:06+00:00","description":"O YAKINIKU Shichirin PRO \u00e9 a vers\u00e3o melhorada do cl\u00e1ssico Shichirin. Encomenda-o ao maior especialista em churrasco japon\u00eas da Europa: Konro Grill.","breadcrumb":{"@id":"https:\/\/konro-grill.com\/product\/yakiniku-shichirin-medium-pro\/#breadcrumb"},"inLanguage":"pt-PT","potentialAction":[{"@type":"ReadAction","target":["https:\/\/konro-grill.com\/product\/yakiniku-shichirin-medium-pro\/"]}]},{"@type":"ImageObject","inLanguage":"pt-PT","@id":"https:\/\/konro-grill.com\/product\/yakiniku-shichirin-medium-pro\/#primaryimage","url":"https:\/\/konro-grill.com\/wp-content\/uploads\/2025\/10\/YAKINIKU-SHICHIRIN-MEDIUM-PRO-01.jpg","contentUrl":"https:\/\/konro-grill.com\/wp-content\/uploads\/2025\/10\/YAKINIKU-SHICHIRIN-MEDIUM-PRO-01.jpg","width":800,"height":800,"caption":"YAKINIKU Shichirin Medium PRO"},{"@type":"BreadcrumbList","@id":"https:\/\/konro-grill.com\/product\/yakiniku-shichirin-medium-pro\/#breadcrumb","itemListElement":[{"@type":"ListItem","position":1,"name":"Home","item":"https:\/\/konro-grill.com\/"},{"@type":"ListItem","position":2,"name":"Winkel","item":"https:\/\/konro-grill.com\/winkel\/"},{"@type":"ListItem","position":3,"name":"YAKINIKU Shichirin Medium PRO"}]},{"@type":"WebSite","@id":"https:\/\/konro-grill.com\/#website","url":"https:\/\/konro-grill.com\/","name":"Konro Grill","description":"Konro Grill, o maior especialista em churrasco japon\u00eas","publisher":{"@id":"https:\/\/konro-grill.com\/#organization"},"potentialAction":[{"@type":"SearchAction","target":{"@type":"EntryPoint","urlTemplate":"https:\/\/konro-grill.com\/?s={search_term_string}"},"query-input":{"@type":"PropertyValueSpecification","valueRequired":true,"valueName":"search_term_string"}}],"inLanguage":"pt-PT"},{"@type":"Organization","@id":"https:\/\/konro-grill.com\/#organization","name":"Konro Grill","url":"https:\/\/konro-grill.com\/","logo":{"@type":"ImageObject","inLanguage":"pt-PT","@id":"https:\/\/konro-grill.com\/#\/schema\/logo\/image\/","url":"https:\/\/konro-grill.com\/wp-content\/uploads\/2021\/10\/konro-grill-logo.png","contentUrl":"https:\/\/konro-grill.com\/wp-content\/uploads\/2021\/10\/konro-grill-logo.png","width":650,"height":80,"caption":"Konro Grill"},"image":{"@id":"https:\/\/konro-grill.com\/#\/schema\/logo\/image\/"},"sameAs":["https:\/\/facebook.com\/KonroGrillCom","https:\/\/www.instagram.com\/konrogrillcom\/"]}]}},"df_price":379.05,"df_sale_price":379.05,"df_regular_price":399,"df_image_link":"https:\/\/konro-grill.com\/wp-content\/uploads\/2025\/10\/YAKINIKU-SHICHIRIN-MEDIUM-PRO-01-300x300.jpg","_links":{"self":[{"href":"https:\/\/konro-grill.com\/pt\/wp-json\/wp\/v2\/product\/10009","targetHints":{"allow":["GET"]}}],"collection":[{"href":"https:\/\/konro-grill.com\/pt\/wp-json\/wp\/v2\/product"}],"about":[{"href":"https:\/\/konro-grill.com\/pt\/wp-json\/wp\/v2\/types\/product"}],"wp:featuredmedia":[{"embeddable":true,"href":"https:\/\/konro-grill.com\/pt\/wp-json\/wp\/v2\/media\/10010"}],"wp:attachment":[{"href":"https:\/\/konro-grill.com\/pt\/wp-json\/wp\/v2\/media?parent=10009"}],"wp:term":[{"taxonomy":"product_brand","embeddable":true,"href":"https:\/\/konro-grill.com\/pt\/wp-json\/wp\/v2\/product_brand?post=10009"},{"taxonomy":"product_cat","embeddable":true,"href":"https:\/\/konro-grill.com\/pt\/wp-json\/wp\/v2\/product_cat?post=10009"},{"taxonomy":"product_tag","embeddable":true,"href":"https:\/\/konro-grill.com\/pt\/wp-json\/wp\/v2\/product_tag?post=10009"}],"curies":[{"name":"wp","href":"https:\/\/api.w.org\/{rel}","templated":true}]}}