{"id":10334,"date":"2025-11-12T13:07:15","date_gmt":"2025-11-12T12:07:15","guid":{"rendered":"https:\/\/konro-grill.com\/?post_type=product&#038;p=10334"},"modified":"2026-04-22T10:28:05","modified_gmt":"2026-04-22T08:28:05","slug":"acessorio-para-espetos-kasai-epto-com-6-espetos","status":"publish","type":"product","link":"https:\/\/konro-grill.com\/pt\/produto\/acessorio-para-espetos-kasai-epto-com-6-espetos\/","title":{"rendered":"Acess\u00f3rio para espetos Kasai EPTO + 6 espetos"},"content":{"rendered":"<h2>Mas o que \u00e9 que realmente torna a grelha para espetos KASAI EPTO \u00fanica?<\/h2>\n<p>O design exclusivo de bloqueio garante que, uma vez que o espeto esteja no lugar, podes come\u00e7ar a cozinhar imediatamente e n\u00e3o s\u00e3o necess\u00e1rios ajustes constantes.<\/p>\n<h3>Porque \u00e9 que funciona t\u00e3o bem<\/h3>\n<ul>\n<li><strong>Sistema inovador de espeto e de bloqueio:<\/strong> o acess\u00f3rio inclu\u00eddo n\u00e3o s\u00f3 mant\u00e9m o espeto no \u00e2ngulo perfeito, como tamb\u00e9m o fixa no lugar, para que te possas concentrar em cozinhar e n\u00e3o em voltar a coloc\u00e1-lo no lugar.<\/li>\n<li><strong>Distribui\u00e7\u00e3o uniforme do calor<\/strong>O forno \u00e9 cozinhado com um calor suave e constante, colocando os ingredientes na vertical. Isto reduz o risco de queimaduras e cria um equil\u00edbrio perfeito entre a carameliza\u00e7\u00e3o e o fumo.<\/li>\n<li><strong>Ret\u00e9m melhor a humidade<\/strong>, Se mantiveres os ingredientes num n\u00edvel elevado, minimizas a perda de humidade, mantendo a carne, o peixe e os legumes suculentos, tenros e cheios de sabor.<\/li>\n<li><strong>Constru\u00e7\u00e3o de alta qualidade<\/strong>, Os espetos e o acess\u00f3rio s\u00e3o feitos de <strong>a\u00e7o inoxid\u00e1vel de alta qualidade<\/strong> e s\u00e3o dur\u00e1veis, resistentes \u00e0 deforma\u00e7\u00e3o e \u00e0 exposi\u00e7\u00e3o a altas temperaturas.<\/li>\n<li><strong>Efici\u00eancia de combust\u00edvel e fluxo de ar<\/strong>A posi\u00e7\u00e3o elevada melhora o fluxo de ar \u00e0 volta do grelhador, permitindo que as brasas ardam de forma mais eficiente e que o calor dure mais tempo.<\/li>\n<li><strong>Ideal para todos os ingredientes<\/strong>, Quer estejas a grelhar peixe delicado, bifes grossos ou legumes frescos, o conjunto de espetos EPTO mant\u00e9m-nos firmemente no lugar para resultados perfeitos e sem esfor\u00e7o.<\/li>\n<li><strong>Apresenta\u00e7\u00e3o impressionante<\/strong>, Se quiseres, podes apresentar os teus alimentos acima do fogo, o que n\u00e3o \u00e9 apenas uma melhor forma de cozinhar, mas tamb\u00e9m um verdadeiro espet\u00e1culo para qualquer ocasi\u00e3o de grelhar. Isto deve ser visto na cozinha aberta!<\/li>\n<\/ul>\n<p><strong>Melhora o teu grelhador Kasai com o conjunto de espetos EPTO (embalagem de 6), porque um bom grelhador tem a ver com precis\u00e3o, conveni\u00eancia e tirar o m\u00e1ximo partido de cada chama.<\/strong><\/p>","protected":false},"excerpt":{"rendered":"<h2>Suporte para espetos KASAI EPTO + espetos<\/h2>\n<p>Apresentamos-te o conjunto de espetos EPTO, uma forma mais inteligente e eficiente de grelhar. Leva a tua experi\u00eancia de grelhar para o pr\u00f3ximo n\u00edvel com o conjunto de espetos EPTO, concebido para manter o peixe, a carne e os legumes elevados e mais indiretos no teu Kasai Grill. Cada suporte \u00e9 fornecido com 6 espetos. O suporte \u00e9 um acess\u00f3rio concebido com precis\u00e3o que se encaixa de forma segura na estrutura de cada grelhador Kasai. \u00c9 f\u00e1cil de montar e <strong>Adapta-se a todos os modelos Kasai<\/strong>. Continua a ler em baixo.<\/p>","protected":false},"featured_media":10346,"template":"","meta":{"inline_featured_image":false},"product_brand":[],"product_cat":[376,472,433,435,434,507,432,436],"product_tag":[],"class_list":{"0":"post-10334","1":"product","2":"type-product","3":"status-publish","4":"has-post-thumbnail","6":"product_cat-bbq-spiezen","7":"product_cat-kasai-accessoires","8":"product_cat-kasai-little","9":"product_cat-kasai-long","10":"product_cat-kasai-medium-long","11":"product_cat-kasai-medium-wide","12":"product_cat-kasai-nano","13":"product_cat-kasai-xl","14":"entry","15":"has-media","17":"first","18":"instock","19":"taxable","20":"shipping-taxable","21":"purchasable","22":"product-type-simple"},"bundled_by":[],"bundle_stock_status":"instock","bundle_stock_quantity":7,"bundle_virtual":false,"bundle_layout":"","bundle_add_to_cart_form_location":"","bundle_editable_in_cart":false,"bundle_sold_individually_context":"","bundle_item_grouping":"","bundle_min_size":"","bundle_max_size":"","bundle_price":[],"bundled_items":[],"bundle_sell_ids":[],"yoast_head":"<!-- This site is optimized with the Yoast SEO plugin v27.4 - https:\/\/yoast.com\/product\/yoast-seo-wordpress\/ -->\n<title>Kasai EPTO Spies Accessoire met 6 Spiesjes bij Konro Grill, de grootste Japanse BBQ specialist<\/title>\n<meta name=\"description\" content=\"Ontdek de Kasai EPTO Spies Accessoire met 6 spiesjes. Ideaal voor vlees, vis en groente op de BBQ. Duurzaam, handig en eenvoudig in gebruik.\" \/>\n<meta name=\"robots\" content=\"index, follow, max-snippet:-1, max-image-preview:large, max-video-preview:-1\" \/>\n<link rel=\"canonical\" href=\"https:\/\/konro-grill.com\/pt\/produto\/acessorio-para-espetos-kasai-epto-com-6-espetos\/\" \/>\n<meta property=\"og:locale\" content=\"pt_PT\" \/>\n<meta property=\"og:type\" content=\"article\" \/>\n<meta property=\"og:title\" content=\"Kasai EPTO Spies Accessoire met 6 Spiesjes bij Konro Grill, de grootste Japanse BBQ specialist\" \/>\n<meta property=\"og:description\" content=\"Ontdek de Kasai EPTO Spies Accessoire met 6 spiesjes. Ideaal voor vlees, vis en groente op de BBQ. Duurzaam, handig en eenvoudig in gebruik.\" \/>\n<meta property=\"og:url\" content=\"https:\/\/konro-grill.com\/pt\/produto\/acessorio-para-espetos-kasai-epto-com-6-espetos\/\" \/>\n<meta property=\"og:site_name\" content=\"Konro Grill, de grootste Japanse BBQ specialist\" \/>\n<meta property=\"article:publisher\" content=\"https:\/\/facebook.com\/KonroGrillCom\" \/>\n<meta property=\"article:modified_time\" content=\"2026-04-22T08:28:05+00:00\" \/>\n<meta property=\"og:image\" content=\"https:\/\/konro-grill.com\/wp-content\/uploads\/2025\/11\/EPTO-Spies-Accessoire-Met-6-Spiesjes.jpg\" \/>\n\t<meta property=\"og:image:width\" content=\"800\" \/>\n\t<meta property=\"og:image:height\" content=\"800\" \/>\n\t<meta property=\"og:image:type\" content=\"image\/jpeg\" \/>\n<meta name=\"twitter:card\" content=\"summary_large_image\" \/>\n<meta name=\"twitter:label1\" content=\"Tempo estimado de leitura\" \/>\n\t<meta name=\"twitter:data1\" content=\"2 minutos\" \/>\n<script type=\"application\/ld+json\" class=\"yoast-schema-graph\">{\"@context\":\"https:\\\/\\\/schema.org\",\"@graph\":[{\"@type\":\"WebPage\",\"@id\":\"https:\\\/\\\/konro-grill.com\\\/product\\\/kasai-epto-spies-accessoire-met-6-spiesjes\\\/\",\"url\":\"https:\\\/\\\/konro-grill.com\\\/product\\\/kasai-epto-spies-accessoire-met-6-spiesjes\\\/\",\"name\":\"Kasai EPTO Spies Accessoire met 6 Spiesjes bij Konro Grill, de grootste Japanse BBQ specialist\",\"isPartOf\":{\"@id\":\"https:\\\/\\\/konro-grill.com\\\/#website\"},\"primaryImageOfPage\":{\"@id\":\"https:\\\/\\\/konro-grill.com\\\/product\\\/kasai-epto-spies-accessoire-met-6-spiesjes\\\/#primaryimage\"},\"image\":{\"@id\":\"https:\\\/\\\/konro-grill.com\\\/product\\\/kasai-epto-spies-accessoire-met-6-spiesjes\\\/#primaryimage\"},\"thumbnailUrl\":\"https:\\\/\\\/konro-grill.com\\\/wp-content\\\/uploads\\\/2025\\\/11\\\/EPTO-Spies-Accessoire-Met-6-Spiesjes.jpg\",\"datePublished\":\"2025-11-12T12:07:15+00:00\",\"dateModified\":\"2026-04-22T08:28:05+00:00\",\"description\":\"Ontdek de Kasai EPTO Spies Accessoire met 6 spiesjes. Ideaal voor vlees, vis en groente op de BBQ. Duurzaam, handig en eenvoudig in gebruik.\",\"breadcrumb\":{\"@id\":\"https:\\\/\\\/konro-grill.com\\\/product\\\/kasai-epto-spies-accessoire-met-6-spiesjes\\\/#breadcrumb\"},\"inLanguage\":\"pt-PT\",\"potentialAction\":[{\"@type\":\"ReadAction\",\"target\":[\"https:\\\/\\\/konro-grill.com\\\/product\\\/kasai-epto-spies-accessoire-met-6-spiesjes\\\/\"]}]},{\"@type\":\"ImageObject\",\"inLanguage\":\"pt-PT\",\"@id\":\"https:\\\/\\\/konro-grill.com\\\/product\\\/kasai-epto-spies-accessoire-met-6-spiesjes\\\/#primaryimage\",\"url\":\"https:\\\/\\\/konro-grill.com\\\/wp-content\\\/uploads\\\/2025\\\/11\\\/EPTO-Spies-Accessoire-Met-6-Spiesjes.jpg\",\"contentUrl\":\"https:\\\/\\\/konro-grill.com\\\/wp-content\\\/uploads\\\/2025\\\/11\\\/EPTO-Spies-Accessoire-Met-6-Spiesjes.jpg\",\"width\":800,\"height\":800},{\"@type\":\"BreadcrumbList\",\"@id\":\"https:\\\/\\\/konro-grill.com\\\/product\\\/kasai-epto-spies-accessoire-met-6-spiesjes\\\/#breadcrumb\",\"itemListElement\":[{\"@type\":\"ListItem\",\"position\":1,\"name\":\"Home\",\"item\":\"https:\\\/\\\/konro-grill.com\\\/\"},{\"@type\":\"ListItem\",\"position\":2,\"name\":\"Winkel\",\"item\":\"https:\\\/\\\/konro-grill.com\\\/winkel\\\/\"},{\"@type\":\"ListItem\",\"position\":3,\"name\":\"Kasai EPTO Spies Accessoire + 6 Spiesen\"}]},{\"@type\":\"WebSite\",\"@id\":\"https:\\\/\\\/konro-grill.com\\\/#website\",\"url\":\"https:\\\/\\\/konro-grill.com\\\/\",\"name\":\"Konro Grill\",\"description\":\"Konro Grill, de Grootste Japanse BBQ Specialist\",\"publisher\":{\"@id\":\"https:\\\/\\\/konro-grill.com\\\/#organization\"},\"potentialAction\":[{\"@type\":\"SearchAction\",\"target\":{\"@type\":\"EntryPoint\",\"urlTemplate\":\"https:\\\/\\\/konro-grill.com\\\/?s={search_term_string}\"},\"query-input\":{\"@type\":\"PropertyValueSpecification\",\"valueRequired\":true,\"valueName\":\"search_term_string\"}}],\"inLanguage\":\"pt-PT\"},{\"@type\":\"Organization\",\"@id\":\"https:\\\/\\\/konro-grill.com\\\/#organization\",\"name\":\"Konro Grill\",\"url\":\"https:\\\/\\\/konro-grill.com\\\/\",\"logo\":{\"@type\":\"ImageObject\",\"inLanguage\":\"pt-PT\",\"@id\":\"https:\\\/\\\/konro-grill.com\\\/#\\\/schema\\\/logo\\\/image\\\/\",\"url\":\"https:\\\/\\\/konro-grill.com\\\/wp-content\\\/uploads\\\/2021\\\/10\\\/konro-grill-logo.png\",\"contentUrl\":\"https:\\\/\\\/konro-grill.com\\\/wp-content\\\/uploads\\\/2021\\\/10\\\/konro-grill-logo.png\",\"width\":650,\"height\":80,\"caption\":\"Konro Grill\"},\"image\":{\"@id\":\"https:\\\/\\\/konro-grill.com\\\/#\\\/schema\\\/logo\\\/image\\\/\"},\"sameAs\":[\"https:\\\/\\\/facebook.com\\\/KonroGrillCom\",\"https:\\\/\\\/www.instagram.com\\\/konrogrillcom\\\/\"]}]}<\/script>\n<!-- \/ Yoast SEO plugin. -->","yoast_head_json":{"title":"Acess\u00f3rio para espetos Kasai EPTO com 6 espetos na Konro Grill, o maior especialista em churrasco japon\u00eas","description":"Descobre o acess\u00f3rio para espetos Kasai EPTO com 6 espetos. Ideal para carne, peixe e legumes no churrasco. Dur\u00e1vel, pr\u00e1tico e f\u00e1cil de utilizar.","robots":{"index":"index","follow":"follow","max-snippet":"max-snippet:-1","max-image-preview":"max-image-preview:large","max-video-preview":"max-video-preview:-1"},"canonical":"https:\/\/konro-grill.com\/pt\/produto\/acessorio-para-espetos-kasai-epto-com-6-espetos\/","og_locale":"pt_PT","og_type":"article","og_title":"Kasai EPTO Spies Accessoire met 6 Spiesjes bij Konro Grill, de grootste Japanse BBQ specialist","og_description":"Ontdek de Kasai EPTO Spies Accessoire met 6 spiesjes. Ideaal voor vlees, vis en groente op de BBQ. Duurzaam, handig en eenvoudig in gebruik.","og_url":"https:\/\/konro-grill.com\/pt\/produto\/acessorio-para-espetos-kasai-epto-com-6-espetos\/","og_site_name":"Konro Grill, de grootste Japanse BBQ specialist","article_publisher":"https:\/\/facebook.com\/KonroGrillCom","article_modified_time":"2026-04-22T08:28:05+00:00","og_image":[{"width":800,"height":800,"url":"https:\/\/konro-grill.com\/wp-content\/uploads\/2025\/11\/EPTO-Spies-Accessoire-Met-6-Spiesjes.jpg","type":"image\/jpeg"}],"twitter_card":"summary_large_image","twitter_misc":{"Tempo estimado de leitura":"2 minutos"},"schema":{"@context":"https:\/\/schema.org","@graph":[{"@type":"WebPage","@id":"https:\/\/konro-grill.com\/product\/kasai-epto-spies-accessoire-met-6-spiesjes\/","url":"https:\/\/konro-grill.com\/product\/kasai-epto-spies-accessoire-met-6-spiesjes\/","name":"Acess\u00f3rio para espetos Kasai EPTO com 6 espetos na Konro Grill, o maior especialista em churrasco japon\u00eas","isPartOf":{"@id":"https:\/\/konro-grill.com\/#website"},"primaryImageOfPage":{"@id":"https:\/\/konro-grill.com\/product\/kasai-epto-spies-accessoire-met-6-spiesjes\/#primaryimage"},"image":{"@id":"https:\/\/konro-grill.com\/product\/kasai-epto-spies-accessoire-met-6-spiesjes\/#primaryimage"},"thumbnailUrl":"https:\/\/konro-grill.com\/wp-content\/uploads\/2025\/11\/EPTO-Spies-Accessoire-Met-6-Spiesjes.jpg","datePublished":"2025-11-12T12:07:15+00:00","dateModified":"2026-04-22T08:28:05+00:00","description":"Descobre o acess\u00f3rio para espetos Kasai EPTO com 6 espetos. Ideal para carne, peixe e legumes no churrasco. Dur\u00e1vel, pr\u00e1tico e f\u00e1cil de utilizar.","breadcrumb":{"@id":"https:\/\/konro-grill.com\/product\/kasai-epto-spies-accessoire-met-6-spiesjes\/#breadcrumb"},"inLanguage":"pt-PT","potentialAction":[{"@type":"ReadAction","target":["https:\/\/konro-grill.com\/product\/kasai-epto-spies-accessoire-met-6-spiesjes\/"]}]},{"@type":"ImageObject","inLanguage":"pt-PT","@id":"https:\/\/konro-grill.com\/product\/kasai-epto-spies-accessoire-met-6-spiesjes\/#primaryimage","url":"https:\/\/konro-grill.com\/wp-content\/uploads\/2025\/11\/EPTO-Spies-Accessoire-Met-6-Spiesjes.jpg","contentUrl":"https:\/\/konro-grill.com\/wp-content\/uploads\/2025\/11\/EPTO-Spies-Accessoire-Met-6-Spiesjes.jpg","width":800,"height":800},{"@type":"BreadcrumbList","@id":"https:\/\/konro-grill.com\/product\/kasai-epto-spies-accessoire-met-6-spiesjes\/#breadcrumb","itemListElement":[{"@type":"ListItem","position":1,"name":"Home","item":"https:\/\/konro-grill.com\/"},{"@type":"ListItem","position":2,"name":"Winkel","item":"https:\/\/konro-grill.com\/winkel\/"},{"@type":"ListItem","position":3,"name":"Kasai EPTO Spies Accessoire + 6 Spiesen"}]},{"@type":"WebSite","@id":"https:\/\/konro-grill.com\/#website","url":"https:\/\/konro-grill.com\/","name":"Konro Grill","description":"Konro Grill, o maior especialista em churrasco japon\u00eas","publisher":{"@id":"https:\/\/konro-grill.com\/#organization"},"potentialAction":[{"@type":"SearchAction","target":{"@type":"EntryPoint","urlTemplate":"https:\/\/konro-grill.com\/?s={search_term_string}"},"query-input":{"@type":"PropertyValueSpecification","valueRequired":true,"valueName":"search_term_string"}}],"inLanguage":"pt-PT"},{"@type":"Organization","@id":"https:\/\/konro-grill.com\/#organization","name":"Konro Grill","url":"https:\/\/konro-grill.com\/","logo":{"@type":"ImageObject","inLanguage":"pt-PT","@id":"https:\/\/konro-grill.com\/#\/schema\/logo\/image\/","url":"https:\/\/konro-grill.com\/wp-content\/uploads\/2021\/10\/konro-grill-logo.png","contentUrl":"https:\/\/konro-grill.com\/wp-content\/uploads\/2021\/10\/konro-grill-logo.png","width":650,"height":80,"caption":"Konro Grill"},"image":{"@id":"https:\/\/konro-grill.com\/#\/schema\/logo\/image\/"},"sameAs":["https:\/\/facebook.com\/KonroGrillCom","https:\/\/www.instagram.com\/konrogrillcom\/"]}]}},"df_price":85,"df_sale_price":"","df_regular_price":85,"df_image_link":"https:\/\/konro-grill.com\/wp-content\/uploads\/2025\/11\/EPTO-Spies-Accessoire-Met-6-Spiesjes-300x300.jpg","_links":{"self":[{"href":"https:\/\/konro-grill.com\/pt\/wp-json\/wp\/v2\/product\/10334","targetHints":{"allow":["GET"]}}],"collection":[{"href":"https:\/\/konro-grill.com\/pt\/wp-json\/wp\/v2\/product"}],"about":[{"href":"https:\/\/konro-grill.com\/pt\/wp-json\/wp\/v2\/types\/product"}],"wp:featuredmedia":[{"embeddable":true,"href":"https:\/\/konro-grill.com\/pt\/wp-json\/wp\/v2\/media\/10346"}],"wp:attachment":[{"href":"https:\/\/konro-grill.com\/pt\/wp-json\/wp\/v2\/media?parent=10334"}],"wp:term":[{"taxonomy":"product_brand","embeddable":true,"href":"https:\/\/konro-grill.com\/pt\/wp-json\/wp\/v2\/product_brand?post=10334"},{"taxonomy":"product_cat","embeddable":true,"href":"https:\/\/konro-grill.com\/pt\/wp-json\/wp\/v2\/product_cat?post=10334"},{"taxonomy":"product_tag","embeddable":true,"href":"https:\/\/konro-grill.com\/pt\/wp-json\/wp\/v2\/product_tag?post=10334"}],"curies":[{"name":"wp","href":"https:\/\/api.w.org\/{rel}","templated":true}]}}