{"id":10335,"date":"2025-11-12T13:07:15","date_gmt":"2025-11-12T12:07:15","guid":{"rendered":"https:\/\/konro-grill.com\/?post_type=product&#038;p=10335"},"modified":"2026-04-04T10:28:03","modified_gmt":"2026-04-04T08:28:03","slug":"conjunto-de-espetos-para-hibachi-bar-kasai-nano","status":"publish","type":"product","link":"https:\/\/konro-grill.com\/pt\/produto\/conjunto-de-espetos-para-hibachi-bar-kasai-nano\/","title":{"rendered":"Conjunto de barra e espeto Kasai Nano Hibachi"},"content":{"rendered":"<ul>\n<li>Conjunto completo: Barras Hibachi e 6 espetos de encaixe perfeito.<\/li>\n<li>Cozinha ao aut\u00eantico estilo yakitori: ideal para espetadas, kebabs, satay e pequenos peda\u00e7os de carne.<\/li>\n<li>Especialmente concebido para os grelhadores Kasai, est\u00e1vel, seguro e f\u00e1cil de utilizar.<\/li>\n<li>Evita a perda de alimentos, os pequenos objectos j\u00e1 n\u00e3o caem atrav\u00e9s das grelhas.<\/li>\n<li>Qualidade profissional, feita de a\u00e7o inoxid\u00e1vel dur\u00e1vel para uma vida longa.<\/li>\n<li>F\u00e1cil de limpar, reutiliz\u00e1vel, pode ser lavado na m\u00e1quina de lavar lou\u00e7a e foi concebido para uso di\u00e1rio.<\/li>\n<li>Conjunto de barras Nano Hibachi Dimens\u00f5es: 289 x 85 x 12 mm.<\/li>\n<li>Tamanho do espeto individual: 220 x 15 mm.<\/li>\n<li>Inclui 6 espetos.<\/li>\n<li>N\u00e3o inclui o Kasai Grill Nano.<\/li>\n<\/ul>","protected":false},"excerpt":{"rendered":"<h2>Conjunto de barra e espeto Kasai Nano Hibachi<\/h2>\n<p>Este robusto conjunto de barras para yakitori em a\u00e7o inoxid\u00e1vel encaixa perfeitamente no teu Kasai Nano e forma uma plataforma est\u00e1vel para os 6 espetos inclu\u00eddos. Conjunto de alta qualidade, adequado para uso profissional. O conjunto de barra e espetos Kasai Nano Hibachi garante uma cozedura uniforme e permite preparar espetos delicados com carne, marisco ou vegetais com simplicidade.<\/p>","protected":false},"featured_media":10352,"template":"","meta":{"inline_featured_image":false},"product_brand":[],"product_cat":[472,432],"product_tag":[],"class_list":{"0":"post-10335","1":"product","2":"type-product","3":"status-publish","4":"has-post-thumbnail","6":"product_cat-kasai-accessoires","7":"product_cat-kasai-nano","8":"entry","9":"has-media","11":"first","12":"instock","13":"taxable","14":"shipping-taxable","15":"purchasable","16":"product-type-simple"},"bundled_by":[],"bundle_stock_status":"instock","bundle_stock_quantity":5,"bundle_virtual":false,"bundle_layout":"","bundle_add_to_cart_form_location":"","bundle_editable_in_cart":false,"bundle_sold_individually_context":"","bundle_item_grouping":"","bundle_min_size":"","bundle_max_size":"","bundle_price":[],"bundled_items":[],"bundle_sell_ids":[],"yoast_head":"<!-- This site is optimized with the Yoast SEO plugin v27.3 - https:\/\/yoast.com\/product\/yoast-seo-wordpress\/ -->\n<title>Kasai Nano Hibachi Bar &amp; Spiesenset bij Konro Grill<\/title>\n<meta name=\"description\" content=\"De Kasai Nano Hibachi Bar &amp; Spiesenset authentiek koken in yakitori stijl. Speciale Yakiltori bar inclusief 6 spiesen. Bestel bij de Japanse BBQ specialist.\" \/>\n<meta name=\"robots\" content=\"index, follow, max-snippet:-1, max-image-preview:large, max-video-preview:-1\" \/>\n<link rel=\"canonical\" href=\"https:\/\/konro-grill.com\/pt\/produto\/conjunto-de-espetos-para-hibachi-bar-kasai-nano\/\" \/>\n<meta property=\"og:locale\" content=\"pt_PT\" \/>\n<meta property=\"og:type\" content=\"article\" \/>\n<meta property=\"og:title\" content=\"Kasai Nano Hibachi Bar &amp; Spiesenset bij Konro Grill\" \/>\n<meta property=\"og:description\" content=\"De Kasai Nano Hibachi Bar &amp; Spiesenset authentiek koken in yakitori stijl. Speciale Yakiltori bar inclusief 6 spiesen. Bestel bij de Japanse BBQ specialist.\" \/>\n<meta property=\"og:url\" content=\"https:\/\/konro-grill.com\/pt\/produto\/conjunto-de-espetos-para-hibachi-bar-kasai-nano\/\" \/>\n<meta property=\"og:site_name\" content=\"Konro Grill, de grootste Japanse BBQ specialist\" \/>\n<meta property=\"article:publisher\" content=\"https:\/\/facebook.com\/KonroGrillCom\" \/>\n<meta property=\"article:modified_time\" content=\"2026-04-04T08:28:03+00:00\" \/>\n<meta property=\"og:image\" content=\"https:\/\/konro-grill.com\/wp-content\/uploads\/2025\/11\/Nano-Kasai-Hibachi-Bar-Spiesenset.jpg\" \/>\n\t<meta property=\"og:image:width\" content=\"800\" \/>\n\t<meta property=\"og:image:height\" content=\"800\" \/>\n\t<meta property=\"og:image:type\" content=\"image\/jpeg\" \/>\n<meta name=\"twitter:card\" content=\"summary_large_image\" \/>\n<meta name=\"twitter:label1\" content=\"Tempo estimado de leitura\" \/>\n\t<meta name=\"twitter:data1\" content=\"1 minuto\" \/>\n<script type=\"application\/ld+json\" class=\"yoast-schema-graph\">{\"@context\":\"https:\\\/\\\/schema.org\",\"@graph\":[{\"@type\":\"WebPage\",\"@id\":\"https:\\\/\\\/konro-grill.com\\\/product\\\/kasai-nano-hibachi-bar-spiesenset\\\/\",\"url\":\"https:\\\/\\\/konro-grill.com\\\/product\\\/kasai-nano-hibachi-bar-spiesenset\\\/\",\"name\":\"Kasai Nano Hibachi Bar & Spiesenset bij Konro Grill\",\"isPartOf\":{\"@id\":\"https:\\\/\\\/konro-grill.com\\\/#website\"},\"primaryImageOfPage\":{\"@id\":\"https:\\\/\\\/konro-grill.com\\\/product\\\/kasai-nano-hibachi-bar-spiesenset\\\/#primaryimage\"},\"image\":{\"@id\":\"https:\\\/\\\/konro-grill.com\\\/product\\\/kasai-nano-hibachi-bar-spiesenset\\\/#primaryimage\"},\"thumbnailUrl\":\"https:\\\/\\\/konro-grill.com\\\/wp-content\\\/uploads\\\/2025\\\/11\\\/Nano-Kasai-Hibachi-Bar-Spiesenset.jpg\",\"datePublished\":\"2025-11-12T12:07:15+00:00\",\"dateModified\":\"2026-04-04T08:28:03+00:00\",\"description\":\"De Kasai Nano Hibachi Bar & Spiesenset authentiek koken in yakitori stijl. Speciale Yakiltori bar inclusief 6 spiesen. Bestel bij de Japanse BBQ specialist.\",\"breadcrumb\":{\"@id\":\"https:\\\/\\\/konro-grill.com\\\/product\\\/kasai-nano-hibachi-bar-spiesenset\\\/#breadcrumb\"},\"inLanguage\":\"pt-PT\",\"potentialAction\":[{\"@type\":\"ReadAction\",\"target\":[\"https:\\\/\\\/konro-grill.com\\\/product\\\/kasai-nano-hibachi-bar-spiesenset\\\/\"]}]},{\"@type\":\"ImageObject\",\"inLanguage\":\"pt-PT\",\"@id\":\"https:\\\/\\\/konro-grill.com\\\/product\\\/kasai-nano-hibachi-bar-spiesenset\\\/#primaryimage\",\"url\":\"https:\\\/\\\/konro-grill.com\\\/wp-content\\\/uploads\\\/2025\\\/11\\\/Nano-Kasai-Hibachi-Bar-Spiesenset.jpg\",\"contentUrl\":\"https:\\\/\\\/konro-grill.com\\\/wp-content\\\/uploads\\\/2025\\\/11\\\/Nano-Kasai-Hibachi-Bar-Spiesenset.jpg\",\"width\":800,\"height\":800},{\"@type\":\"BreadcrumbList\",\"@id\":\"https:\\\/\\\/konro-grill.com\\\/product\\\/kasai-nano-hibachi-bar-spiesenset\\\/#breadcrumb\",\"itemListElement\":[{\"@type\":\"ListItem\",\"position\":1,\"name\":\"Home\",\"item\":\"https:\\\/\\\/konro-grill.com\\\/\"},{\"@type\":\"ListItem\",\"position\":2,\"name\":\"Winkel\",\"item\":\"https:\\\/\\\/konro-grill.com\\\/winkel\\\/\"},{\"@type\":\"ListItem\",\"position\":3,\"name\":\"Kasai Nano Hibachi Bar &#038; Spiesenset\"}]},{\"@type\":\"WebSite\",\"@id\":\"https:\\\/\\\/konro-grill.com\\\/#website\",\"url\":\"https:\\\/\\\/konro-grill.com\\\/\",\"name\":\"Konro Grill\",\"description\":\"Konro Grill, de Grootste Japanse BBQ Specialist\",\"publisher\":{\"@id\":\"https:\\\/\\\/konro-grill.com\\\/#organization\"},\"potentialAction\":[{\"@type\":\"SearchAction\",\"target\":{\"@type\":\"EntryPoint\",\"urlTemplate\":\"https:\\\/\\\/konro-grill.com\\\/?s={search_term_string}\"},\"query-input\":{\"@type\":\"PropertyValueSpecification\",\"valueRequired\":true,\"valueName\":\"search_term_string\"}}],\"inLanguage\":\"pt-PT\"},{\"@type\":\"Organization\",\"@id\":\"https:\\\/\\\/konro-grill.com\\\/#organization\",\"name\":\"Konro Grill\",\"url\":\"https:\\\/\\\/konro-grill.com\\\/\",\"logo\":{\"@type\":\"ImageObject\",\"inLanguage\":\"pt-PT\",\"@id\":\"https:\\\/\\\/konro-grill.com\\\/#\\\/schema\\\/logo\\\/image\\\/\",\"url\":\"https:\\\/\\\/konro-grill.com\\\/wp-content\\\/uploads\\\/2021\\\/10\\\/konro-grill-logo.png\",\"contentUrl\":\"https:\\\/\\\/konro-grill.com\\\/wp-content\\\/uploads\\\/2021\\\/10\\\/konro-grill-logo.png\",\"width\":650,\"height\":80,\"caption\":\"Konro Grill\"},\"image\":{\"@id\":\"https:\\\/\\\/konro-grill.com\\\/#\\\/schema\\\/logo\\\/image\\\/\"},\"sameAs\":[\"https:\\\/\\\/facebook.com\\\/KonroGrillCom\",\"https:\\\/\\\/www.instagram.com\\\/konrogrillcom\\\/\"]}]}<\/script>\n<!-- \/ Yoast SEO plugin. -->","yoast_head_json":{"title":"Conjunto de espetos e barra Kasai Nano Hibachi no Konro Grill","description":"O Kasai Nano Hibachi Bar &amp; Skewer Set cozinha de forma aut\u00eantica ao estilo yakitori. Barra especial de yakiltori com 6 espetos. Encomenda ao especialista em churrasco japon\u00eas.","robots":{"index":"index","follow":"follow","max-snippet":"max-snippet:-1","max-image-preview":"max-image-preview:large","max-video-preview":"max-video-preview:-1"},"canonical":"https:\/\/konro-grill.com\/pt\/produto\/conjunto-de-espetos-para-hibachi-bar-kasai-nano\/","og_locale":"pt_PT","og_type":"article","og_title":"Kasai Nano Hibachi Bar & Spiesenset bij Konro Grill","og_description":"De Kasai Nano Hibachi Bar & Spiesenset authentiek koken in yakitori stijl. Speciale Yakiltori bar inclusief 6 spiesen. Bestel bij de Japanse BBQ specialist.","og_url":"https:\/\/konro-grill.com\/pt\/produto\/conjunto-de-espetos-para-hibachi-bar-kasai-nano\/","og_site_name":"Konro Grill, de grootste Japanse BBQ specialist","article_publisher":"https:\/\/facebook.com\/KonroGrillCom","article_modified_time":"2026-04-04T08:28:03+00:00","og_image":[{"width":800,"height":800,"url":"https:\/\/konro-grill.com\/wp-content\/uploads\/2025\/11\/Nano-Kasai-Hibachi-Bar-Spiesenset.jpg","type":"image\/jpeg"}],"twitter_card":"summary_large_image","twitter_misc":{"Tempo estimado de leitura":"1 minuto"},"schema":{"@context":"https:\/\/schema.org","@graph":[{"@type":"WebPage","@id":"https:\/\/konro-grill.com\/product\/kasai-nano-hibachi-bar-spiesenset\/","url":"https:\/\/konro-grill.com\/product\/kasai-nano-hibachi-bar-spiesenset\/","name":"Conjunto de espetos e barra Kasai Nano Hibachi no Konro Grill","isPartOf":{"@id":"https:\/\/konro-grill.com\/#website"},"primaryImageOfPage":{"@id":"https:\/\/konro-grill.com\/product\/kasai-nano-hibachi-bar-spiesenset\/#primaryimage"},"image":{"@id":"https:\/\/konro-grill.com\/product\/kasai-nano-hibachi-bar-spiesenset\/#primaryimage"},"thumbnailUrl":"https:\/\/konro-grill.com\/wp-content\/uploads\/2025\/11\/Nano-Kasai-Hibachi-Bar-Spiesenset.jpg","datePublished":"2025-11-12T12:07:15+00:00","dateModified":"2026-04-04T08:28:03+00:00","description":"O Kasai Nano Hibachi Bar &amp; Skewer Set cozinha de forma aut\u00eantica ao estilo yakitori. Barra especial de yakiltori com 6 espetos. Encomenda ao especialista em churrasco japon\u00eas.","breadcrumb":{"@id":"https:\/\/konro-grill.com\/product\/kasai-nano-hibachi-bar-spiesenset\/#breadcrumb"},"inLanguage":"pt-PT","potentialAction":[{"@type":"ReadAction","target":["https:\/\/konro-grill.com\/product\/kasai-nano-hibachi-bar-spiesenset\/"]}]},{"@type":"ImageObject","inLanguage":"pt-PT","@id":"https:\/\/konro-grill.com\/product\/kasai-nano-hibachi-bar-spiesenset\/#primaryimage","url":"https:\/\/konro-grill.com\/wp-content\/uploads\/2025\/11\/Nano-Kasai-Hibachi-Bar-Spiesenset.jpg","contentUrl":"https:\/\/konro-grill.com\/wp-content\/uploads\/2025\/11\/Nano-Kasai-Hibachi-Bar-Spiesenset.jpg","width":800,"height":800},{"@type":"BreadcrumbList","@id":"https:\/\/konro-grill.com\/product\/kasai-nano-hibachi-bar-spiesenset\/#breadcrumb","itemListElement":[{"@type":"ListItem","position":1,"name":"Home","item":"https:\/\/konro-grill.com\/"},{"@type":"ListItem","position":2,"name":"Winkel","item":"https:\/\/konro-grill.com\/winkel\/"},{"@type":"ListItem","position":3,"name":"Kasai Nano Hibachi Bar &#038; Spiesenset"}]},{"@type":"WebSite","@id":"https:\/\/konro-grill.com\/#website","url":"https:\/\/konro-grill.com\/","name":"Konro Grill","description":"Konro Grill, o maior especialista em churrasco japon\u00eas","publisher":{"@id":"https:\/\/konro-grill.com\/#organization"},"potentialAction":[{"@type":"SearchAction","target":{"@type":"EntryPoint","urlTemplate":"https:\/\/konro-grill.com\/?s={search_term_string}"},"query-input":{"@type":"PropertyValueSpecification","valueRequired":true,"valueName":"search_term_string"}}],"inLanguage":"pt-PT"},{"@type":"Organization","@id":"https:\/\/konro-grill.com\/#organization","name":"Konro Grill","url":"https:\/\/konro-grill.com\/","logo":{"@type":"ImageObject","inLanguage":"pt-PT","@id":"https:\/\/konro-grill.com\/#\/schema\/logo\/image\/","url":"https:\/\/konro-grill.com\/wp-content\/uploads\/2021\/10\/konro-grill-logo.png","contentUrl":"https:\/\/konro-grill.com\/wp-content\/uploads\/2021\/10\/konro-grill-logo.png","width":650,"height":80,"caption":"Konro Grill"},"image":{"@id":"https:\/\/konro-grill.com\/#\/schema\/logo\/image\/"},"sameAs":["https:\/\/facebook.com\/KonroGrillCom","https:\/\/www.instagram.com\/konrogrillcom\/"]}]}},"df_price":90,"df_sale_price":"","df_regular_price":90,"df_image_link":"https:\/\/konro-grill.com\/wp-content\/uploads\/2025\/11\/Nano-Kasai-Hibachi-Bar-Spiesenset-300x300.jpg","_links":{"self":[{"href":"https:\/\/konro-grill.com\/pt\/wp-json\/wp\/v2\/product\/10335","targetHints":{"allow":["GET"]}}],"collection":[{"href":"https:\/\/konro-grill.com\/pt\/wp-json\/wp\/v2\/product"}],"about":[{"href":"https:\/\/konro-grill.com\/pt\/wp-json\/wp\/v2\/types\/product"}],"wp:featuredmedia":[{"embeddable":true,"href":"https:\/\/konro-grill.com\/pt\/wp-json\/wp\/v2\/media\/10352"}],"wp:attachment":[{"href":"https:\/\/konro-grill.com\/pt\/wp-json\/wp\/v2\/media?parent=10335"}],"wp:term":[{"taxonomy":"product_brand","embeddable":true,"href":"https:\/\/konro-grill.com\/pt\/wp-json\/wp\/v2\/product_brand?post=10335"},{"taxonomy":"product_cat","embeddable":true,"href":"https:\/\/konro-grill.com\/pt\/wp-json\/wp\/v2\/product_cat?post=10335"},{"taxonomy":"product_tag","embeddable":true,"href":"https:\/\/konro-grill.com\/pt\/wp-json\/wp\/v2\/product_tag?post=10335"}],"curies":[{"name":"wp","href":"https:\/\/api.w.org\/{rel}","templated":true}]}}