{"id":10468,"date":"2025-11-13T09:50:50","date_gmt":"2025-11-13T08:50:50","guid":{"rendered":"https:\/\/konro-grill.com\/?post_type=product&#038;p=10468"},"modified":"2026-02-02T14:41:03","modified_gmt":"2026-02-02T13:41:03","slug":"grelha-de-aco-inoxidavel-kasai-xl","status":"publish","type":"product","link":"https:\/\/konro-grill.com\/pt\/produto\/grelha-de-aco-inoxidavel-kasai-xl\/","title":{"rendered":"Grelha de a\u00e7o inoxid\u00e1vel Kasai XL"},"content":{"rendered":"<h3>Grelha de a\u00e7o inoxid\u00e1vel Kasai XL:<\/h3>\n<ul>\n<li>Muito dur\u00e1vel (dura muito tempo)<\/li>\n<li>Excelente armazenamento de calor<\/li>\n<li>Ideal para grelhar carne<\/li>\n<li>Pode ser lavado na m\u00e1quina de lavar lou\u00e7a<\/li>\n<li>A\u00e7o inoxid\u00e1vel de 6 mm<\/li>\n<li>Sela o sabor para um \u00f3timo paladar<\/li>\n<li>Ideal para todos os cortes de carne, legumes e peixe<\/li>\n<\/ul>","protected":false},"excerpt":{"rendered":"<h2>Melhora o teu Kasai XL com a grelha original em a\u00e7o inoxid\u00e1vel<\/h2>\n<p>Est\u00e1s \u00e0 procura de uma grelha de a\u00e7o inoxid\u00e1vel de alta qualidade para o teu KASAI XL? Ent\u00e3o este \u00e9 um acess\u00f3rio indispens\u00e1vel para o teu Kasai Grill XL. Esta grelha de a\u00e7o inoxid\u00e1vel da Kasai ret\u00e9m bem o calor, assegurando belas riscas na grelha e um sabor rico para os teus bifes, legumes e peixe. Gra\u00e7as \u00e0 grelha <strong>A\u00e7o inoxid\u00e1vel de 6 mm<\/strong>\u00a0podemos garantir um melhor armazenamento do calor do que a grelha normal. Esta grelha pode ser lavada na m\u00e1quina de lavar lou\u00e7a.<\/p>\n<p><strong>Dimens\u00f5es: 88 x 30cm.<\/strong><\/p>","protected":false},"featured_media":10476,"template":"","meta":{"inline_featured_image":false},"product_brand":[],"product_cat":[472,436,20,251],"product_tag":[],"class_list":{"0":"post-10468","1":"product","2":"type-product","3":"status-publish","4":"has-post-thumbnail","6":"product_cat-kasai-accessoires","7":"product_cat-kasai-xl","8":"product_cat-konro-grills","9":"product_cat-konro-rooster","10":"entry","11":"has-media","13":"first","14":"instock","15":"taxable","16":"shipping-taxable","17":"purchasable","18":"product-type-simple"},"bundled_by":[],"bundle_stock_status":"instock","bundle_stock_quantity":2,"bundle_virtual":false,"bundle_layout":"","bundle_add_to_cart_form_location":"","bundle_editable_in_cart":false,"bundle_sold_individually_context":"","bundle_item_grouping":"","bundle_min_size":"","bundle_max_size":"","bundle_price":[],"bundled_items":[],"bundle_sell_ids":[],"yoast_head":"<!-- This site is optimized with the Yoast SEO plugin v27.3 - https:\/\/yoast.com\/product\/yoast-seo-wordpress\/ -->\n<title>Kasai XL RVS Grillrooster, Konro Grill, de Japanse BBQ specialist<\/title>\n<meta name=\"description\" content=\"Upgrade je Kasai XL met het originele RVS rooster. Dit is een must-have accessoire. Bestel bij de Europa&#039;s grootste Japanse BBQ specialist.\" \/>\n<meta name=\"robots\" content=\"index, follow, max-snippet:-1, max-image-preview:large, max-video-preview:-1\" \/>\n<link rel=\"canonical\" href=\"https:\/\/konro-grill.com\/pt\/produto\/grelha-de-aco-inoxidavel-kasai-xl\/\" \/>\n<meta property=\"og:locale\" content=\"pt_PT\" \/>\n<meta property=\"og:type\" content=\"article\" \/>\n<meta property=\"og:title\" content=\"Kasai XL RVS Grillrooster, Konro Grill, de Japanse BBQ specialist\" \/>\n<meta property=\"og:description\" content=\"Upgrade je Kasai XL met het originele RVS rooster. Dit is een must-have accessoire. Bestel bij de Europa&#039;s grootste Japanse BBQ specialist.\" \/>\n<meta property=\"og:url\" content=\"https:\/\/konro-grill.com\/pt\/produto\/grelha-de-aco-inoxidavel-kasai-xl\/\" \/>\n<meta property=\"og:site_name\" content=\"Konro Grill, de grootste Japanse BBQ specialist\" \/>\n<meta property=\"article:publisher\" content=\"https:\/\/facebook.com\/KonroGrillCom\" \/>\n<meta property=\"article:modified_time\" content=\"2026-02-02T13:41:03+00:00\" \/>\n<meta property=\"og:image\" content=\"https:\/\/konro-grill.com\/wp-content\/uploads\/2025\/11\/Kasai-XL-RVS-Grillrooster-4.jpg\" \/>\n\t<meta property=\"og:image:width\" content=\"800\" \/>\n\t<meta property=\"og:image:height\" content=\"800\" \/>\n\t<meta property=\"og:image:type\" content=\"image\/jpeg\" \/>\n<meta name=\"twitter:card\" content=\"summary_large_image\" \/>\n<meta name=\"twitter:label1\" content=\"Tempo estimado de leitura\" \/>\n\t<meta name=\"twitter:data1\" content=\"1 minuto\" \/>\n<script type=\"application\/ld+json\" class=\"yoast-schema-graph\">{\"@context\":\"https:\\\/\\\/schema.org\",\"@graph\":[{\"@type\":\"WebPage\",\"@id\":\"https:\\\/\\\/konro-grill.com\\\/product\\\/kasai-xl-rvs-grillrooster\\\/\",\"url\":\"https:\\\/\\\/konro-grill.com\\\/product\\\/kasai-xl-rvs-grillrooster\\\/\",\"name\":\"Kasai XL RVS Grillrooster, Konro Grill, de Japanse BBQ specialist\",\"isPartOf\":{\"@id\":\"https:\\\/\\\/konro-grill.com\\\/#website\"},\"primaryImageOfPage\":{\"@id\":\"https:\\\/\\\/konro-grill.com\\\/product\\\/kasai-xl-rvs-grillrooster\\\/#primaryimage\"},\"image\":{\"@id\":\"https:\\\/\\\/konro-grill.com\\\/product\\\/kasai-xl-rvs-grillrooster\\\/#primaryimage\"},\"thumbnailUrl\":\"https:\\\/\\\/konro-grill.com\\\/wp-content\\\/uploads\\\/2025\\\/11\\\/Kasai-XL-RVS-Grillrooster-4.jpg\",\"datePublished\":\"2025-11-13T08:50:50+00:00\",\"dateModified\":\"2026-02-02T13:41:03+00:00\",\"description\":\"Upgrade je Kasai XL met het originele RVS rooster. Dit is een must-have accessoire. Bestel bij de Europa's grootste Japanse BBQ specialist.\",\"breadcrumb\":{\"@id\":\"https:\\\/\\\/konro-grill.com\\\/product\\\/kasai-xl-rvs-grillrooster\\\/#breadcrumb\"},\"inLanguage\":\"pt-PT\",\"potentialAction\":[{\"@type\":\"ReadAction\",\"target\":[\"https:\\\/\\\/konro-grill.com\\\/product\\\/kasai-xl-rvs-grillrooster\\\/\"]}]},{\"@type\":\"ImageObject\",\"inLanguage\":\"pt-PT\",\"@id\":\"https:\\\/\\\/konro-grill.com\\\/product\\\/kasai-xl-rvs-grillrooster\\\/#primaryimage\",\"url\":\"https:\\\/\\\/konro-grill.com\\\/wp-content\\\/uploads\\\/2025\\\/11\\\/Kasai-XL-RVS-Grillrooster-4.jpg\",\"contentUrl\":\"https:\\\/\\\/konro-grill.com\\\/wp-content\\\/uploads\\\/2025\\\/11\\\/Kasai-XL-RVS-Grillrooster-4.jpg\",\"width\":800,\"height\":800,\"caption\":\"Kasai XL RVS Grillrooster\"},{\"@type\":\"BreadcrumbList\",\"@id\":\"https:\\\/\\\/konro-grill.com\\\/product\\\/kasai-xl-rvs-grillrooster\\\/#breadcrumb\",\"itemListElement\":[{\"@type\":\"ListItem\",\"position\":1,\"name\":\"Home\",\"item\":\"https:\\\/\\\/konro-grill.com\\\/\"},{\"@type\":\"ListItem\",\"position\":2,\"name\":\"Winkel\",\"item\":\"https:\\\/\\\/konro-grill.com\\\/winkel\\\/\"},{\"@type\":\"ListItem\",\"position\":3,\"name\":\"Kasai XL RVS Grillrooster\"}]},{\"@type\":\"WebSite\",\"@id\":\"https:\\\/\\\/konro-grill.com\\\/#website\",\"url\":\"https:\\\/\\\/konro-grill.com\\\/\",\"name\":\"Konro Grill\",\"description\":\"Konro Grill, de Grootste Japanse BBQ Specialist\",\"publisher\":{\"@id\":\"https:\\\/\\\/konro-grill.com\\\/#organization\"},\"potentialAction\":[{\"@type\":\"SearchAction\",\"target\":{\"@type\":\"EntryPoint\",\"urlTemplate\":\"https:\\\/\\\/konro-grill.com\\\/?s={search_term_string}\"},\"query-input\":{\"@type\":\"PropertyValueSpecification\",\"valueRequired\":true,\"valueName\":\"search_term_string\"}}],\"inLanguage\":\"pt-PT\"},{\"@type\":\"Organization\",\"@id\":\"https:\\\/\\\/konro-grill.com\\\/#organization\",\"name\":\"Konro Grill\",\"url\":\"https:\\\/\\\/konro-grill.com\\\/\",\"logo\":{\"@type\":\"ImageObject\",\"inLanguage\":\"pt-PT\",\"@id\":\"https:\\\/\\\/konro-grill.com\\\/#\\\/schema\\\/logo\\\/image\\\/\",\"url\":\"https:\\\/\\\/konro-grill.com\\\/wp-content\\\/uploads\\\/2021\\\/10\\\/konro-grill-logo.png\",\"contentUrl\":\"https:\\\/\\\/konro-grill.com\\\/wp-content\\\/uploads\\\/2021\\\/10\\\/konro-grill-logo.png\",\"width\":650,\"height\":80,\"caption\":\"Konro Grill\"},\"image\":{\"@id\":\"https:\\\/\\\/konro-grill.com\\\/#\\\/schema\\\/logo\\\/image\\\/\"},\"sameAs\":[\"https:\\\/\\\/facebook.com\\\/KonroGrillCom\",\"https:\\\/\\\/www.instagram.com\\\/konrogrillcom\\\/\"]}]}<\/script>\n<!-- \/ Yoast SEO plugin. -->","yoast_head_json":{"title":"Grelha de a\u00e7o inoxid\u00e1vel Kasai XL, Konro Grill, o especialista em churrascos japoneses","description":"Melhora o teu Kasai XL com o grelhador original em a\u00e7o inoxid\u00e1vel. Este \u00e9 um acess\u00f3rio imprescind\u00edvel. Encomenda ao maior especialista em churrascos japoneses da Europa.","robots":{"index":"index","follow":"follow","max-snippet":"max-snippet:-1","max-image-preview":"max-image-preview:large","max-video-preview":"max-video-preview:-1"},"canonical":"https:\/\/konro-grill.com\/pt\/produto\/grelha-de-aco-inoxidavel-kasai-xl\/","og_locale":"pt_PT","og_type":"article","og_title":"Kasai XL RVS Grillrooster, Konro Grill, de Japanse BBQ specialist","og_description":"Upgrade je Kasai XL met het originele RVS rooster. Dit is een must-have accessoire. Bestel bij de Europa's grootste Japanse BBQ specialist.","og_url":"https:\/\/konro-grill.com\/pt\/produto\/grelha-de-aco-inoxidavel-kasai-xl\/","og_site_name":"Konro Grill, de grootste Japanse BBQ specialist","article_publisher":"https:\/\/facebook.com\/KonroGrillCom","article_modified_time":"2026-02-02T13:41:03+00:00","og_image":[{"width":800,"height":800,"url":"https:\/\/konro-grill.com\/wp-content\/uploads\/2025\/11\/Kasai-XL-RVS-Grillrooster-4.jpg","type":"image\/jpeg"}],"twitter_card":"summary_large_image","twitter_misc":{"Tempo estimado de leitura":"1 minuto"},"schema":{"@context":"https:\/\/schema.org","@graph":[{"@type":"WebPage","@id":"https:\/\/konro-grill.com\/product\/kasai-xl-rvs-grillrooster\/","url":"https:\/\/konro-grill.com\/product\/kasai-xl-rvs-grillrooster\/","name":"Grelha de a\u00e7o inoxid\u00e1vel Kasai XL, Konro Grill, o especialista em churrascos japoneses","isPartOf":{"@id":"https:\/\/konro-grill.com\/#website"},"primaryImageOfPage":{"@id":"https:\/\/konro-grill.com\/product\/kasai-xl-rvs-grillrooster\/#primaryimage"},"image":{"@id":"https:\/\/konro-grill.com\/product\/kasai-xl-rvs-grillrooster\/#primaryimage"},"thumbnailUrl":"https:\/\/konro-grill.com\/wp-content\/uploads\/2025\/11\/Kasai-XL-RVS-Grillrooster-4.jpg","datePublished":"2025-11-13T08:50:50+00:00","dateModified":"2026-02-02T13:41:03+00:00","description":"Melhora o teu Kasai XL com o grelhador original em a\u00e7o inoxid\u00e1vel. Este \u00e9 um acess\u00f3rio imprescind\u00edvel. Encomenda ao maior especialista em churrascos japoneses da Europa.","breadcrumb":{"@id":"https:\/\/konro-grill.com\/product\/kasai-xl-rvs-grillrooster\/#breadcrumb"},"inLanguage":"pt-PT","potentialAction":[{"@type":"ReadAction","target":["https:\/\/konro-grill.com\/product\/kasai-xl-rvs-grillrooster\/"]}]},{"@type":"ImageObject","inLanguage":"pt-PT","@id":"https:\/\/konro-grill.com\/product\/kasai-xl-rvs-grillrooster\/#primaryimage","url":"https:\/\/konro-grill.com\/wp-content\/uploads\/2025\/11\/Kasai-XL-RVS-Grillrooster-4.jpg","contentUrl":"https:\/\/konro-grill.com\/wp-content\/uploads\/2025\/11\/Kasai-XL-RVS-Grillrooster-4.jpg","width":800,"height":800,"caption":"Kasai XL RVS Grillrooster"},{"@type":"BreadcrumbList","@id":"https:\/\/konro-grill.com\/product\/kasai-xl-rvs-grillrooster\/#breadcrumb","itemListElement":[{"@type":"ListItem","position":1,"name":"Home","item":"https:\/\/konro-grill.com\/"},{"@type":"ListItem","position":2,"name":"Winkel","item":"https:\/\/konro-grill.com\/winkel\/"},{"@type":"ListItem","position":3,"name":"Kasai XL RVS Grillrooster"}]},{"@type":"WebSite","@id":"https:\/\/konro-grill.com\/#website","url":"https:\/\/konro-grill.com\/","name":"Konro Grill","description":"Konro Grill, o maior especialista em churrasco japon\u00eas","publisher":{"@id":"https:\/\/konro-grill.com\/#organization"},"potentialAction":[{"@type":"SearchAction","target":{"@type":"EntryPoint","urlTemplate":"https:\/\/konro-grill.com\/?s={search_term_string}"},"query-input":{"@type":"PropertyValueSpecification","valueRequired":true,"valueName":"search_term_string"}}],"inLanguage":"pt-PT"},{"@type":"Organization","@id":"https:\/\/konro-grill.com\/#organization","name":"Konro Grill","url":"https:\/\/konro-grill.com\/","logo":{"@type":"ImageObject","inLanguage":"pt-PT","@id":"https:\/\/konro-grill.com\/#\/schema\/logo\/image\/","url":"https:\/\/konro-grill.com\/wp-content\/uploads\/2021\/10\/konro-grill-logo.png","contentUrl":"https:\/\/konro-grill.com\/wp-content\/uploads\/2021\/10\/konro-grill-logo.png","width":650,"height":80,"caption":"Konro Grill"},"image":{"@id":"https:\/\/konro-grill.com\/#\/schema\/logo\/image\/"},"sameAs":["https:\/\/facebook.com\/KonroGrillCom","https:\/\/www.instagram.com\/konrogrillcom\/"]}]}},"df_price":209,"df_sale_price":"","df_regular_price":209,"df_image_link":"https:\/\/konro-grill.com\/wp-content\/uploads\/2025\/11\/Kasai-XL-RVS-Grillrooster-4-300x300.jpg","_links":{"self":[{"href":"https:\/\/konro-grill.com\/pt\/wp-json\/wp\/v2\/product\/10468","targetHints":{"allow":["GET"]}}],"collection":[{"href":"https:\/\/konro-grill.com\/pt\/wp-json\/wp\/v2\/product"}],"about":[{"href":"https:\/\/konro-grill.com\/pt\/wp-json\/wp\/v2\/types\/product"}],"wp:featuredmedia":[{"embeddable":true,"href":"https:\/\/konro-grill.com\/pt\/wp-json\/wp\/v2\/media\/10476"}],"wp:attachment":[{"href":"https:\/\/konro-grill.com\/pt\/wp-json\/wp\/v2\/media?parent=10468"}],"wp:term":[{"taxonomy":"product_brand","embeddable":true,"href":"https:\/\/konro-grill.com\/pt\/wp-json\/wp\/v2\/product_brand?post=10468"},{"taxonomy":"product_cat","embeddable":true,"href":"https:\/\/konro-grill.com\/pt\/wp-json\/wp\/v2\/product_cat?post=10468"},{"taxonomy":"product_tag","embeddable":true,"href":"https:\/\/konro-grill.com\/pt\/wp-json\/wp\/v2\/product_tag?post=10468"}],"curies":[{"name":"wp","href":"https:\/\/api.w.org\/{rel}","templated":true}]}}