{"id":1390,"date":"2022-09-09T11:30:23","date_gmt":"2022-09-09T09:30:23","guid":{"rendered":"https:\/\/konro-grill.com\/?post_type=product&#038;p=1390"},"modified":"2026-04-04T10:28:02","modified_gmt":"2026-04-04T08:28:02","slug":"carvao-vegetal-thaan-pok-pok-2-2kg","status":"publish","type":"product","link":"https:\/\/konro-grill.com\/pt\/produto\/carvao-vegetal-thaan-pok-pok-2-2kg\/","title":{"rendered":"Carv\u00e3o vegetal Thaan Pok Pok 2,2 kg"},"content":{"rendered":"","protected":false},"excerpt":{"rendered":"<h2>Alternativa ao carv\u00e3o vegetal japon\u00eas binchotan da Tail\u00e2ndia.<\/h2>\n<p>Blocos de carv\u00e3o vegetal prensados numa caixa de 2,2 kg. O carv\u00e3o vegetal Thaan Pok Pok \u00e9 uma alternativa ao carv\u00e3o vegetal japon\u00eas Binchotan da Tail\u00e2ndia. \u00c9 fabricado a partir de madeira de fruto de Rambutan (lichia), que \u00e9 cultivada de forma sustent\u00e1vel. Este carv\u00e3o vegetal liberta um sabor muito suave e arde durante muito tempo. Isto torna-o uma alternativa econ\u00f3mica ao carv\u00e3o binchotan, ideal para o grelhador Konro. M\u00e1ximo de 4 caixas por encomenda. Quer encomendar mais? Pegue <a href=\"https:\/\/konro-grill.com\/pt\/contacto\/\">contacto<\/a> sobre.<\/p>","protected":false},"featured_media":1393,"template":"","meta":{"inline_featured_image":false},"product_brand":[],"product_cat":[101],"product_tag":[],"class_list":{"0":"post-1390","1":"product","2":"type-product","3":"status-publish","4":"has-post-thumbnail","6":"product_cat-binchotan","7":"entry","8":"has-media","10":"first","11":"instock","12":"taxable","13":"shipping-taxable","14":"purchasable","15":"product-type-simple"},"bundled_by":["1456","2452","1468","2454","1470","1472","2455","1464","6889","7818","8261","8262","8263","8264","8267","8268"],"bundle_stock_status":"instock","bundle_stock_quantity":35,"bundle_virtual":false,"bundle_layout":"","bundle_add_to_cart_form_location":"","bundle_editable_in_cart":false,"bundle_sold_individually_context":"","bundle_item_grouping":"","bundle_min_size":"","bundle_max_size":"","bundle_price":[],"bundled_items":[],"bundle_sell_ids":[],"yoast_head":"<!-- This site is optimized with the Yoast SEO plugin v27.3 - https:\/\/yoast.com\/product\/yoast-seo-wordpress\/ -->\n<title>Thaan Pok Pok Houtskool | Doos van 2.2kg | Konro Grill<\/title>\n<meta name=\"description\" content=\"Thaan Pok Pok Houtskool doos van 2.2kg. Dit Thaise alternatief op Japanse binchotan is een lang brandende houtskool. Ideaal in je Konro Grill.\" \/>\n<meta name=\"robots\" content=\"index, follow, max-snippet:-1, max-image-preview:large, max-video-preview:-1\" \/>\n<link rel=\"canonical\" href=\"https:\/\/konro-grill.com\/pt\/produto\/carvao-vegetal-thaan-pok-pok-2-2kg\/\" \/>\n<meta property=\"og:locale\" content=\"pt_PT\" \/>\n<meta property=\"og:type\" content=\"article\" \/>\n<meta property=\"og:title\" content=\"Thaan Pok Pok Houtskool | Doos van 2.2kg | Konro Grill\" \/>\n<meta property=\"og:description\" content=\"Thaan Pok Pok Houtskool doos van 2.2kg. Dit Thaise alternatief op Japanse binchotan is een lang brandende houtskool. Ideaal in je Konro Grill.\" \/>\n<meta property=\"og:url\" content=\"https:\/\/konro-grill.com\/pt\/produto\/carvao-vegetal-thaan-pok-pok-2-2kg\/\" \/>\n<meta property=\"og:site_name\" content=\"Konro Grill, de grootste Japanse BBQ specialist\" \/>\n<meta property=\"article:publisher\" content=\"https:\/\/facebook.com\/KonroGrillCom\" \/>\n<meta property=\"article:modified_time\" content=\"2026-04-04T08:28:02+00:00\" \/>\n<meta property=\"og:image\" content=\"https:\/\/konro-grill.com\/wp-content\/uploads\/2022\/09\/Pok-Pok-Thaan-Houtskool-2.2kg-1-Konro-Grill.jpg\" \/>\n\t<meta property=\"og:image:width\" content=\"800\" \/>\n\t<meta property=\"og:image:height\" content=\"800\" \/>\n\t<meta property=\"og:image:type\" content=\"image\/jpeg\" \/>\n<meta name=\"twitter:card\" content=\"summary_large_image\" \/>\n<meta name=\"twitter:label1\" content=\"Tempo estimado de leitura\" \/>\n\t<meta name=\"twitter:data1\" content=\"1 minuto\" \/>\n<script type=\"application\/ld+json\" class=\"yoast-schema-graph\">{\"@context\":\"https:\\\/\\\/schema.org\",\"@graph\":[{\"@type\":\"WebPage\",\"@id\":\"https:\\\/\\\/konro-grill.com\\\/product\\\/thaan-pok-pok-houtskool-2-2kg\\\/\",\"url\":\"https:\\\/\\\/konro-grill.com\\\/product\\\/thaan-pok-pok-houtskool-2-2kg\\\/\",\"name\":\"Thaan Pok Pok Houtskool | Doos van 2.2kg | Konro Grill\",\"isPartOf\":{\"@id\":\"https:\\\/\\\/konro-grill.com\\\/#website\"},\"primaryImageOfPage\":{\"@id\":\"https:\\\/\\\/konro-grill.com\\\/product\\\/thaan-pok-pok-houtskool-2-2kg\\\/#primaryimage\"},\"image\":{\"@id\":\"https:\\\/\\\/konro-grill.com\\\/product\\\/thaan-pok-pok-houtskool-2-2kg\\\/#primaryimage\"},\"thumbnailUrl\":\"https:\\\/\\\/konro-grill.com\\\/wp-content\\\/uploads\\\/2022\\\/09\\\/Pok-Pok-Thaan-Houtskool-2.2kg-1-Konro-Grill.jpg\",\"datePublished\":\"2022-09-09T09:30:23+00:00\",\"dateModified\":\"2026-04-04T08:28:02+00:00\",\"description\":\"Thaan Pok Pok Houtskool doos van 2.2kg. Dit Thaise alternatief op Japanse binchotan is een lang brandende houtskool. Ideaal in je Konro Grill.\",\"breadcrumb\":{\"@id\":\"https:\\\/\\\/konro-grill.com\\\/product\\\/thaan-pok-pok-houtskool-2-2kg\\\/#breadcrumb\"},\"inLanguage\":\"pt-PT\",\"potentialAction\":[{\"@type\":\"ReadAction\",\"target\":[\"https:\\\/\\\/konro-grill.com\\\/product\\\/thaan-pok-pok-houtskool-2-2kg\\\/\"]}]},{\"@type\":\"ImageObject\",\"inLanguage\":\"pt-PT\",\"@id\":\"https:\\\/\\\/konro-grill.com\\\/product\\\/thaan-pok-pok-houtskool-2-2kg\\\/#primaryimage\",\"url\":\"https:\\\/\\\/konro-grill.com\\\/wp-content\\\/uploads\\\/2022\\\/09\\\/Pok-Pok-Thaan-Houtskool-2.2kg-1-Konro-Grill.jpg\",\"contentUrl\":\"https:\\\/\\\/konro-grill.com\\\/wp-content\\\/uploads\\\/2022\\\/09\\\/Pok-Pok-Thaan-Houtskool-2.2kg-1-Konro-Grill.jpg\",\"width\":800,\"height\":800,\"caption\":\"Pok Pok Thaan Houtskool 2.2kg 1\"},{\"@type\":\"BreadcrumbList\",\"@id\":\"https:\\\/\\\/konro-grill.com\\\/product\\\/thaan-pok-pok-houtskool-2-2kg\\\/#breadcrumb\",\"itemListElement\":[{\"@type\":\"ListItem\",\"position\":1,\"name\":\"Home\",\"item\":\"https:\\\/\\\/konro-grill.com\\\/\"},{\"@type\":\"ListItem\",\"position\":2,\"name\":\"Winkel\",\"item\":\"https:\\\/\\\/konro-grill.com\\\/winkel\\\/\"},{\"@type\":\"ListItem\",\"position\":3,\"name\":\"Thaan Pok Pok Houtskool 2.2kg\"}]},{\"@type\":\"WebSite\",\"@id\":\"https:\\\/\\\/konro-grill.com\\\/#website\",\"url\":\"https:\\\/\\\/konro-grill.com\\\/\",\"name\":\"Konro Grill\",\"description\":\"Konro Grill, de Grootste Japanse BBQ Specialist\",\"publisher\":{\"@id\":\"https:\\\/\\\/konro-grill.com\\\/#organization\"},\"potentialAction\":[{\"@type\":\"SearchAction\",\"target\":{\"@type\":\"EntryPoint\",\"urlTemplate\":\"https:\\\/\\\/konro-grill.com\\\/?s={search_term_string}\"},\"query-input\":{\"@type\":\"PropertyValueSpecification\",\"valueRequired\":true,\"valueName\":\"search_term_string\"}}],\"inLanguage\":\"pt-PT\"},{\"@type\":\"Organization\",\"@id\":\"https:\\\/\\\/konro-grill.com\\\/#organization\",\"name\":\"Konro Grill\",\"url\":\"https:\\\/\\\/konro-grill.com\\\/\",\"logo\":{\"@type\":\"ImageObject\",\"inLanguage\":\"pt-PT\",\"@id\":\"https:\\\/\\\/konro-grill.com\\\/#\\\/schema\\\/logo\\\/image\\\/\",\"url\":\"https:\\\/\\\/konro-grill.com\\\/wp-content\\\/uploads\\\/2021\\\/10\\\/konro-grill-logo.png\",\"contentUrl\":\"https:\\\/\\\/konro-grill.com\\\/wp-content\\\/uploads\\\/2021\\\/10\\\/konro-grill-logo.png\",\"width\":650,\"height\":80,\"caption\":\"Konro Grill\"},\"image\":{\"@id\":\"https:\\\/\\\/konro-grill.com\\\/#\\\/schema\\\/logo\\\/image\\\/\"},\"sameAs\":[\"https:\\\/\\\/facebook.com\\\/KonroGrillCom\",\"https:\\\/\\\/www.instagram.com\\\/konrogrillcom\\\/\"]}]}<\/script>\n<!-- \/ Yoast SEO plugin. -->","yoast_head_json":{"title":"Carv\u00e3o vegetal Thaan Pok Pok | Caixa de 2,2kg | Konro Grill","description":"Caixa de 2,2 kg de carv\u00e3o vegetal Thaan Pok Pok. Esta alternativa tailandesa ao binchotan japon\u00eas \u00e9 um carv\u00e3o de queima longa. Ideal para o teu Konro Grill.","robots":{"index":"index","follow":"follow","max-snippet":"max-snippet:-1","max-image-preview":"max-image-preview:large","max-video-preview":"max-video-preview:-1"},"canonical":"https:\/\/konro-grill.com\/pt\/produto\/carvao-vegetal-thaan-pok-pok-2-2kg\/","og_locale":"pt_PT","og_type":"article","og_title":"Thaan Pok Pok Houtskool | Doos van 2.2kg | Konro Grill","og_description":"Thaan Pok Pok Houtskool doos van 2.2kg. Dit Thaise alternatief op Japanse binchotan is een lang brandende houtskool. Ideaal in je Konro Grill.","og_url":"https:\/\/konro-grill.com\/pt\/produto\/carvao-vegetal-thaan-pok-pok-2-2kg\/","og_site_name":"Konro Grill, de grootste Japanse BBQ specialist","article_publisher":"https:\/\/facebook.com\/KonroGrillCom","article_modified_time":"2026-04-04T08:28:02+00:00","og_image":[{"width":800,"height":800,"url":"https:\/\/konro-grill.com\/wp-content\/uploads\/2022\/09\/Pok-Pok-Thaan-Houtskool-2.2kg-1-Konro-Grill.jpg","type":"image\/jpeg"}],"twitter_card":"summary_large_image","twitter_misc":{"Tempo estimado de leitura":"1 minuto"},"schema":{"@context":"https:\/\/schema.org","@graph":[{"@type":"WebPage","@id":"https:\/\/konro-grill.com\/product\/thaan-pok-pok-houtskool-2-2kg\/","url":"https:\/\/konro-grill.com\/product\/thaan-pok-pok-houtskool-2-2kg\/","name":"Carv\u00e3o vegetal Thaan Pok Pok | Caixa de 2,2kg | Konro Grill","isPartOf":{"@id":"https:\/\/konro-grill.com\/#website"},"primaryImageOfPage":{"@id":"https:\/\/konro-grill.com\/product\/thaan-pok-pok-houtskool-2-2kg\/#primaryimage"},"image":{"@id":"https:\/\/konro-grill.com\/product\/thaan-pok-pok-houtskool-2-2kg\/#primaryimage"},"thumbnailUrl":"https:\/\/konro-grill.com\/wp-content\/uploads\/2022\/09\/Pok-Pok-Thaan-Houtskool-2.2kg-1-Konro-Grill.jpg","datePublished":"2022-09-09T09:30:23+00:00","dateModified":"2026-04-04T08:28:02+00:00","description":"Caixa de 2,2 kg de carv\u00e3o vegetal Thaan Pok Pok. Esta alternativa tailandesa ao binchotan japon\u00eas \u00e9 um carv\u00e3o de queima longa. Ideal para o teu Konro Grill.","breadcrumb":{"@id":"https:\/\/konro-grill.com\/product\/thaan-pok-pok-houtskool-2-2kg\/#breadcrumb"},"inLanguage":"pt-PT","potentialAction":[{"@type":"ReadAction","target":["https:\/\/konro-grill.com\/product\/thaan-pok-pok-houtskool-2-2kg\/"]}]},{"@type":"ImageObject","inLanguage":"pt-PT","@id":"https:\/\/konro-grill.com\/product\/thaan-pok-pok-houtskool-2-2kg\/#primaryimage","url":"https:\/\/konro-grill.com\/wp-content\/uploads\/2022\/09\/Pok-Pok-Thaan-Houtskool-2.2kg-1-Konro-Grill.jpg","contentUrl":"https:\/\/konro-grill.com\/wp-content\/uploads\/2022\/09\/Pok-Pok-Thaan-Houtskool-2.2kg-1-Konro-Grill.jpg","width":800,"height":800,"caption":"Pok Pok Thaan Houtskool 2.2kg 1"},{"@type":"BreadcrumbList","@id":"https:\/\/konro-grill.com\/product\/thaan-pok-pok-houtskool-2-2kg\/#breadcrumb","itemListElement":[{"@type":"ListItem","position":1,"name":"Home","item":"https:\/\/konro-grill.com\/"},{"@type":"ListItem","position":2,"name":"Winkel","item":"https:\/\/konro-grill.com\/winkel\/"},{"@type":"ListItem","position":3,"name":"Thaan Pok Pok Houtskool 2.2kg"}]},{"@type":"WebSite","@id":"https:\/\/konro-grill.com\/#website","url":"https:\/\/konro-grill.com\/","name":"Konro Grill","description":"Konro Grill, o maior especialista em churrasco japon\u00eas","publisher":{"@id":"https:\/\/konro-grill.com\/#organization"},"potentialAction":[{"@type":"SearchAction","target":{"@type":"EntryPoint","urlTemplate":"https:\/\/konro-grill.com\/?s={search_term_string}"},"query-input":{"@type":"PropertyValueSpecification","valueRequired":true,"valueName":"search_term_string"}}],"inLanguage":"pt-PT"},{"@type":"Organization","@id":"https:\/\/konro-grill.com\/#organization","name":"Konro Grill","url":"https:\/\/konro-grill.com\/","logo":{"@type":"ImageObject","inLanguage":"pt-PT","@id":"https:\/\/konro-grill.com\/#\/schema\/logo\/image\/","url":"https:\/\/konro-grill.com\/wp-content\/uploads\/2021\/10\/konro-grill-logo.png","contentUrl":"https:\/\/konro-grill.com\/wp-content\/uploads\/2021\/10\/konro-grill-logo.png","width":650,"height":80,"caption":"Konro Grill"},"image":{"@id":"https:\/\/konro-grill.com\/#\/schema\/logo\/image\/"},"sameAs":["https:\/\/facebook.com\/KonroGrillCom","https:\/\/www.instagram.com\/konrogrillcom\/"]}]}},"df_price":19.95,"df_sale_price":"","df_regular_price":19.95,"df_image_link":"https:\/\/konro-grill.com\/wp-content\/uploads\/2022\/09\/Pok-Pok-Thaan-Houtskool-2.2kg-1-Konro-Grill-300x300.jpg","_links":{"self":[{"href":"https:\/\/konro-grill.com\/pt\/wp-json\/wp\/v2\/product\/1390","targetHints":{"allow":["GET"]}}],"collection":[{"href":"https:\/\/konro-grill.com\/pt\/wp-json\/wp\/v2\/product"}],"about":[{"href":"https:\/\/konro-grill.com\/pt\/wp-json\/wp\/v2\/types\/product"}],"wp:featuredmedia":[{"embeddable":true,"href":"https:\/\/konro-grill.com\/pt\/wp-json\/wp\/v2\/media\/1393"}],"wp:attachment":[{"href":"https:\/\/konro-grill.com\/pt\/wp-json\/wp\/v2\/media?parent=1390"}],"wp:term":[{"taxonomy":"product_brand","embeddable":true,"href":"https:\/\/konro-grill.com\/pt\/wp-json\/wp\/v2\/product_brand?post=1390"},{"taxonomy":"product_cat","embeddable":true,"href":"https:\/\/konro-grill.com\/pt\/wp-json\/wp\/v2\/product_cat?post=1390"},{"taxonomy":"product_tag","embeddable":true,"href":"https:\/\/konro-grill.com\/pt\/wp-json\/wp\/v2\/product_tag?post=1390"}],"curies":[{"name":"wp","href":"https:\/\/api.w.org\/{rel}","templated":true}]}}