{"id":3078,"date":"2023-06-26T13:45:55","date_gmt":"2023-06-26T11:45:55","guid":{"rendered":"https:\/\/konro-grill.com\/?post_type=product&#038;p=3078"},"modified":"2026-04-04T10:28:03","modified_gmt":"2026-04-04T08:28:03","slug":"bestcharcoal-binchotan-maitiew-75-kg","status":"publish","type":"product","link":"https:\/\/konro-grill.com\/pt\/produto\/bestcharcoal-binchotan-maitiew-75-kg\/","title":{"rendered":"BestCharcoal Binchotan Maitiew 7,5 kg"},"content":{"rendered":"<p>Quando terminas a tua sess\u00e3o de grelhados, o Binchotan \u00e9 f\u00e1cil de reutilizar. A t\u00eampera pode ser feita de duas formas: fechar o teu konro grill ou com \u00e1gua (num balde de a\u00e7o, nunca no teu grill!). A percentagem de carbono do binchotan branco \u00e9 de 96-98 por cento e \u00e9 por isso que quase n\u00e3o tens cinzas no teu konro.<\/p>","protected":false},"excerpt":{"rendered":"<h3>Alternativa acess\u00edvel da BestCharcoal: Binchotan Maitiew em caixa de 7,5 kg<\/h3>\n<p>O carv\u00e3o \"branco\" Binchotan vem da \u00c1sia e \u00e9 o carv\u00e3o perfeito para o teu grelhador Konro. A percentagem muito elevada de carbono do Binchotan Maitiew (96-98%!) garante que este carv\u00e3o pode atingir temperaturas superiores a 800 graus! Uma caixa de carv\u00e3o vegetal Maitiew Binchotan cont\u00e9m tanto peda\u00e7os como varas semi-longas.<\/p>","protected":false},"featured_media":3085,"template":"","meta":{"inline_featured_image":false},"product_brand":[],"product_cat":[101],"product_tag":[],"class_list":{"0":"post-3078","1":"product","2":"type-product","3":"status-publish","4":"has-post-thumbnail","6":"product_cat-binchotan","7":"entry","8":"has-media","10":"first","11":"outofstock","12":"taxable","13":"shipping-taxable","14":"purchasable","15":"product-type-simple"},"bundled_by":[],"bundle_stock_status":"outofstock","bundle_stock_quantity":0,"bundle_virtual":false,"bundle_layout":"","bundle_add_to_cart_form_location":"","bundle_editable_in_cart":false,"bundle_sold_individually_context":"","bundle_item_grouping":"","bundle_min_size":"","bundle_max_size":"","bundle_price":[],"bundled_items":[],"bundle_sell_ids":{"1":3203},"yoast_head":"<!-- This site is optimized with the Yoast SEO plugin v27.3 - https:\/\/yoast.com\/product\/yoast-seo-wordpress\/ -->\n<title>BestCharcoal Binchotan Maitiew | Konro Grill<\/title>\n<meta name=\"description\" content=\"De BestCharcoal Binchotan Maitiew is de perfecte houtskool voor in de Konro Grill. Deze houtskool kan extreme hoge temperaturen bereiken.\" \/>\n<meta name=\"robots\" content=\"index, follow, max-snippet:-1, max-image-preview:large, max-video-preview:-1\" \/>\n<link rel=\"canonical\" href=\"https:\/\/konro-grill.com\/pt\/produto\/bestcharcoal-binchotan-maitiew-75-kg\/\" \/>\n<meta property=\"og:locale\" content=\"pt_PT\" \/>\n<meta property=\"og:type\" content=\"article\" \/>\n<meta property=\"og:title\" content=\"BestCharcoal Binchotan Maitiew | Konro Grill\" \/>\n<meta property=\"og:description\" content=\"De BestCharcoal Binchotan Maitiew is de perfecte houtskool voor in de Konro Grill. Deze houtskool kan extreme hoge temperaturen bereiken.\" \/>\n<meta property=\"og:url\" content=\"https:\/\/konro-grill.com\/pt\/produto\/bestcharcoal-binchotan-maitiew-75-kg\/\" \/>\n<meta property=\"og:site_name\" content=\"Konro Grill, de grootste Japanse BBQ specialist\" \/>\n<meta property=\"article:publisher\" content=\"https:\/\/facebook.com\/KonroGrillCom\" \/>\n<meta property=\"article:modified_time\" content=\"2026-04-04T08:28:03+00:00\" \/>\n<meta property=\"og:image\" content=\"https:\/\/konro-grill.com\/wp-content\/uploads\/2023\/06\/Binchotan-Maitiew_800px.jpg\" \/>\n\t<meta property=\"og:image:width\" content=\"800\" \/>\n\t<meta property=\"og:image:height\" content=\"800\" \/>\n\t<meta property=\"og:image:type\" content=\"image\/jpeg\" \/>\n<meta name=\"twitter:card\" content=\"summary_large_image\" \/>\n<meta name=\"twitter:label1\" content=\"Tempo estimado de leitura\" \/>\n\t<meta name=\"twitter:data1\" content=\"1 minuto\" \/>\n<script type=\"application\/ld+json\" class=\"yoast-schema-graph\">{\"@context\":\"https:\\\/\\\/schema.org\",\"@graph\":[{\"@type\":\"WebPage\",\"@id\":\"https:\\\/\\\/konro-grill.com\\\/product\\\/bestcharcoal-binchotan-maitiew-75-kg\\\/\",\"url\":\"https:\\\/\\\/konro-grill.com\\\/product\\\/bestcharcoal-binchotan-maitiew-75-kg\\\/\",\"name\":\"BestCharcoal Binchotan Maitiew | Konro Grill\",\"isPartOf\":{\"@id\":\"https:\\\/\\\/konro-grill.com\\\/#website\"},\"primaryImageOfPage\":{\"@id\":\"https:\\\/\\\/konro-grill.com\\\/product\\\/bestcharcoal-binchotan-maitiew-75-kg\\\/#primaryimage\"},\"image\":{\"@id\":\"https:\\\/\\\/konro-grill.com\\\/product\\\/bestcharcoal-binchotan-maitiew-75-kg\\\/#primaryimage\"},\"thumbnailUrl\":\"https:\\\/\\\/konro-grill.com\\\/wp-content\\\/uploads\\\/2023\\\/06\\\/Binchotan-Maitiew_800px.jpg\",\"datePublished\":\"2023-06-26T11:45:55+00:00\",\"dateModified\":\"2026-04-04T08:28:03+00:00\",\"description\":\"De BestCharcoal Binchotan Maitiew is de perfecte houtskool voor in de Konro Grill. Deze houtskool kan extreme hoge temperaturen bereiken.\",\"breadcrumb\":{\"@id\":\"https:\\\/\\\/konro-grill.com\\\/product\\\/bestcharcoal-binchotan-maitiew-75-kg\\\/#breadcrumb\"},\"inLanguage\":\"pt-PT\",\"potentialAction\":[{\"@type\":\"ReadAction\",\"target\":[\"https:\\\/\\\/konro-grill.com\\\/product\\\/bestcharcoal-binchotan-maitiew-75-kg\\\/\"]}]},{\"@type\":\"ImageObject\",\"inLanguage\":\"pt-PT\",\"@id\":\"https:\\\/\\\/konro-grill.com\\\/product\\\/bestcharcoal-binchotan-maitiew-75-kg\\\/#primaryimage\",\"url\":\"https:\\\/\\\/konro-grill.com\\\/wp-content\\\/uploads\\\/2023\\\/06\\\/Binchotan-Maitiew_800px.jpg\",\"contentUrl\":\"https:\\\/\\\/konro-grill.com\\\/wp-content\\\/uploads\\\/2023\\\/06\\\/Binchotan-Maitiew_800px.jpg\",\"width\":800,\"height\":800,\"caption\":\"Binchotan Maitiew\"},{\"@type\":\"BreadcrumbList\",\"@id\":\"https:\\\/\\\/konro-grill.com\\\/product\\\/bestcharcoal-binchotan-maitiew-75-kg\\\/#breadcrumb\",\"itemListElement\":[{\"@type\":\"ListItem\",\"position\":1,\"name\":\"Home\",\"item\":\"https:\\\/\\\/konro-grill.com\\\/\"},{\"@type\":\"ListItem\",\"position\":2,\"name\":\"Winkel\",\"item\":\"https:\\\/\\\/konro-grill.com\\\/winkel\\\/\"},{\"@type\":\"ListItem\",\"position\":3,\"name\":\"BestCharcoal Binchotan Maitiew 7,5 kg\"}]},{\"@type\":\"WebSite\",\"@id\":\"https:\\\/\\\/konro-grill.com\\\/#website\",\"url\":\"https:\\\/\\\/konro-grill.com\\\/\",\"name\":\"Konro Grill\",\"description\":\"Konro Grill, de Grootste Japanse BBQ Specialist\",\"publisher\":{\"@id\":\"https:\\\/\\\/konro-grill.com\\\/#organization\"},\"potentialAction\":[{\"@type\":\"SearchAction\",\"target\":{\"@type\":\"EntryPoint\",\"urlTemplate\":\"https:\\\/\\\/konro-grill.com\\\/?s={search_term_string}\"},\"query-input\":{\"@type\":\"PropertyValueSpecification\",\"valueRequired\":true,\"valueName\":\"search_term_string\"}}],\"inLanguage\":\"pt-PT\"},{\"@type\":\"Organization\",\"@id\":\"https:\\\/\\\/konro-grill.com\\\/#organization\",\"name\":\"Konro Grill\",\"url\":\"https:\\\/\\\/konro-grill.com\\\/\",\"logo\":{\"@type\":\"ImageObject\",\"inLanguage\":\"pt-PT\",\"@id\":\"https:\\\/\\\/konro-grill.com\\\/#\\\/schema\\\/logo\\\/image\\\/\",\"url\":\"https:\\\/\\\/konro-grill.com\\\/wp-content\\\/uploads\\\/2021\\\/10\\\/konro-grill-logo.png\",\"contentUrl\":\"https:\\\/\\\/konro-grill.com\\\/wp-content\\\/uploads\\\/2021\\\/10\\\/konro-grill-logo.png\",\"width\":650,\"height\":80,\"caption\":\"Konro Grill\"},\"image\":{\"@id\":\"https:\\\/\\\/konro-grill.com\\\/#\\\/schema\\\/logo\\\/image\\\/\"},\"sameAs\":[\"https:\\\/\\\/facebook.com\\\/KonroGrillCom\",\"https:\\\/\\\/www.instagram.com\\\/konrogrillcom\\\/\"]}]}<\/script>\n<!-- \/ Yoast SEO plugin. -->","yoast_head_json":{"title":"MelhorCarv\u00e3o vegetal Binchotan Maitiew | Konro Grill","description":"O BestCharcoal Binchotan Maitiew \u00e9 o carv\u00e3o perfeito para o grelhador Konro. Este carv\u00e3o pode atingir temperaturas extremamente altas.","robots":{"index":"index","follow":"follow","max-snippet":"max-snippet:-1","max-image-preview":"max-image-preview:large","max-video-preview":"max-video-preview:-1"},"canonical":"https:\/\/konro-grill.com\/pt\/produto\/bestcharcoal-binchotan-maitiew-75-kg\/","og_locale":"pt_PT","og_type":"article","og_title":"BestCharcoal Binchotan Maitiew | Konro Grill","og_description":"De BestCharcoal Binchotan Maitiew is de perfecte houtskool voor in de Konro Grill. Deze houtskool kan extreme hoge temperaturen bereiken.","og_url":"https:\/\/konro-grill.com\/pt\/produto\/bestcharcoal-binchotan-maitiew-75-kg\/","og_site_name":"Konro Grill, de grootste Japanse BBQ specialist","article_publisher":"https:\/\/facebook.com\/KonroGrillCom","article_modified_time":"2026-04-04T08:28:03+00:00","og_image":[{"width":800,"height":800,"url":"https:\/\/konro-grill.com\/wp-content\/uploads\/2023\/06\/Binchotan-Maitiew_800px.jpg","type":"image\/jpeg"}],"twitter_card":"summary_large_image","twitter_misc":{"Tempo estimado de leitura":"1 minuto"},"schema":{"@context":"https:\/\/schema.org","@graph":[{"@type":"WebPage","@id":"https:\/\/konro-grill.com\/product\/bestcharcoal-binchotan-maitiew-75-kg\/","url":"https:\/\/konro-grill.com\/product\/bestcharcoal-binchotan-maitiew-75-kg\/","name":"MelhorCarv\u00e3o vegetal Binchotan Maitiew | Konro Grill","isPartOf":{"@id":"https:\/\/konro-grill.com\/#website"},"primaryImageOfPage":{"@id":"https:\/\/konro-grill.com\/product\/bestcharcoal-binchotan-maitiew-75-kg\/#primaryimage"},"image":{"@id":"https:\/\/konro-grill.com\/product\/bestcharcoal-binchotan-maitiew-75-kg\/#primaryimage"},"thumbnailUrl":"https:\/\/konro-grill.com\/wp-content\/uploads\/2023\/06\/Binchotan-Maitiew_800px.jpg","datePublished":"2023-06-26T11:45:55+00:00","dateModified":"2026-04-04T08:28:03+00:00","description":"O BestCharcoal Binchotan Maitiew \u00e9 o carv\u00e3o perfeito para o grelhador Konro. Este carv\u00e3o pode atingir temperaturas extremamente altas.","breadcrumb":{"@id":"https:\/\/konro-grill.com\/product\/bestcharcoal-binchotan-maitiew-75-kg\/#breadcrumb"},"inLanguage":"pt-PT","potentialAction":[{"@type":"ReadAction","target":["https:\/\/konro-grill.com\/product\/bestcharcoal-binchotan-maitiew-75-kg\/"]}]},{"@type":"ImageObject","inLanguage":"pt-PT","@id":"https:\/\/konro-grill.com\/product\/bestcharcoal-binchotan-maitiew-75-kg\/#primaryimage","url":"https:\/\/konro-grill.com\/wp-content\/uploads\/2023\/06\/Binchotan-Maitiew_800px.jpg","contentUrl":"https:\/\/konro-grill.com\/wp-content\/uploads\/2023\/06\/Binchotan-Maitiew_800px.jpg","width":800,"height":800,"caption":"Binchotan Maitiew"},{"@type":"BreadcrumbList","@id":"https:\/\/konro-grill.com\/product\/bestcharcoal-binchotan-maitiew-75-kg\/#breadcrumb","itemListElement":[{"@type":"ListItem","position":1,"name":"Home","item":"https:\/\/konro-grill.com\/"},{"@type":"ListItem","position":2,"name":"Winkel","item":"https:\/\/konro-grill.com\/winkel\/"},{"@type":"ListItem","position":3,"name":"BestCharcoal Binchotan Maitiew 7,5 kg"}]},{"@type":"WebSite","@id":"https:\/\/konro-grill.com\/#website","url":"https:\/\/konro-grill.com\/","name":"Konro Grill","description":"Konro Grill, o maior especialista em churrasco japon\u00eas","publisher":{"@id":"https:\/\/konro-grill.com\/#organization"},"potentialAction":[{"@type":"SearchAction","target":{"@type":"EntryPoint","urlTemplate":"https:\/\/konro-grill.com\/?s={search_term_string}"},"query-input":{"@type":"PropertyValueSpecification","valueRequired":true,"valueName":"search_term_string"}}],"inLanguage":"pt-PT"},{"@type":"Organization","@id":"https:\/\/konro-grill.com\/#organization","name":"Konro Grill","url":"https:\/\/konro-grill.com\/","logo":{"@type":"ImageObject","inLanguage":"pt-PT","@id":"https:\/\/konro-grill.com\/#\/schema\/logo\/image\/","url":"https:\/\/konro-grill.com\/wp-content\/uploads\/2021\/10\/konro-grill-logo.png","contentUrl":"https:\/\/konro-grill.com\/wp-content\/uploads\/2021\/10\/konro-grill-logo.png","width":650,"height":80,"caption":"Konro Grill"},"image":{"@id":"https:\/\/konro-grill.com\/#\/schema\/logo\/image\/"},"sameAs":["https:\/\/facebook.com\/KonroGrillCom","https:\/\/www.instagram.com\/konrogrillcom\/"]}]}},"df_price":59.95,"df_sale_price":"","df_regular_price":59.95,"df_image_link":"https:\/\/konro-grill.com\/wp-content\/uploads\/2023\/06\/Binchotan-Maitiew_800px-300x300.jpg","_links":{"self":[{"href":"https:\/\/konro-grill.com\/pt\/wp-json\/wp\/v2\/product\/3078","targetHints":{"allow":["GET"]}}],"collection":[{"href":"https:\/\/konro-grill.com\/pt\/wp-json\/wp\/v2\/product"}],"about":[{"href":"https:\/\/konro-grill.com\/pt\/wp-json\/wp\/v2\/types\/product"}],"wp:featuredmedia":[{"embeddable":true,"href":"https:\/\/konro-grill.com\/pt\/wp-json\/wp\/v2\/media\/3085"}],"wp:attachment":[{"href":"https:\/\/konro-grill.com\/pt\/wp-json\/wp\/v2\/media?parent=3078"}],"wp:term":[{"taxonomy":"product_brand","embeddable":true,"href":"https:\/\/konro-grill.com\/pt\/wp-json\/wp\/v2\/product_brand?post=3078"},{"taxonomy":"product_cat","embeddable":true,"href":"https:\/\/konro-grill.com\/pt\/wp-json\/wp\/v2\/product_cat?post=3078"},{"taxonomy":"product_tag","embeddable":true,"href":"https:\/\/konro-grill.com\/pt\/wp-json\/wp\/v2\/product_tag?post=3078"}],"curies":[{"name":"wp","href":"https:\/\/api.w.org\/{rel}","templated":true}]}}