{"id":3201,"date":"2023-07-19T16:14:09","date_gmt":"2023-07-19T14:14:09","guid":{"rendered":"https:\/\/konro-grill.com\/?post_type=product&#038;p=3201"},"modified":"2026-04-03T22:28:03","modified_gmt":"2026-04-03T20:28:03","slug":"grelhas-descartaveis-shichirin-redondas-yakiniku","status":"publish","type":"product","link":"https:\/\/konro-grill.com\/pt\/produto\/grelhas-descartaveis-shichirin-redondas-yakiniku\/","title":{"rendered":"YAKINIKU Shichirin ronda da grelha descart\u00e1vel (10)"},"content":{"rendered":"","protected":false},"excerpt":{"rendered":"<h2>Torradeiras redondas descart\u00e1veis YAKINIKU Shichirin 10 unidades<\/h2>\n<p>Estas grelhas descart\u00e1veis foram concebidas para o YAKINIKU Shichirin redondo e s\u00e3o adequadas para uma \u00fanica utiliza\u00e7\u00e3o. A embalagem cont\u00e9m 10 unidades.<\/p>\n<p><strong>Di\u00e2metro: 31,5cm.<\/strong><\/p>","protected":false},"featured_media":3232,"template":"","meta":{"inline_featured_image":false},"product_brand":[],"product_cat":[251,484],"product_tag":[],"class_list":{"0":"post-3201","1":"product","2":"type-product","3":"status-publish","4":"has-post-thumbnail","6":"product_cat-konro-rooster","7":"product_cat-yakiniku-accessoires","8":"entry","9":"has-media","11":"first","12":"instock","13":"taxable","14":"shipping-taxable","15":"purchasable","16":"product-type-simple"},"bundled_by":["3213","6818"],"bundle_stock_status":"instock","bundle_stock_quantity":2,"bundle_virtual":false,"bundle_layout":"","bundle_add_to_cart_form_location":"","bundle_editable_in_cart":false,"bundle_sold_individually_context":"","bundle_item_grouping":"","bundle_min_size":"","bundle_max_size":"","bundle_price":[],"bundled_items":[],"bundle_sell_ids":[],"yoast_head":"<!-- This site is optimized with the Yoast SEO plugin v27.3 - https:\/\/yoast.com\/product\/yoast-seo-wordpress\/ -->\n<title>YAKINIKU Shichirin Ronde Wegwerprooster 10 stuks<\/title>\n<meta name=\"description\" content=\"Deze wegwerp roosters zijn ontworpen voor de ronde YAKINIKU Shichirin en geschikt voor \u00e9\u00e9nmalig gebruik. Verkrijgbaar per 10 stuks\" \/>\n<meta name=\"robots\" content=\"index, follow, max-snippet:-1, max-image-preview:large, max-video-preview:-1\" \/>\n<link rel=\"canonical\" href=\"https:\/\/konro-grill.com\/pt\/produto\/grelhas-descartaveis-shichirin-redondas-yakiniku\/\" \/>\n<meta property=\"og:locale\" content=\"pt_PT\" \/>\n<meta property=\"og:type\" content=\"article\" \/>\n<meta property=\"og:title\" content=\"YAKINIKU Shichirin Ronde Wegwerprooster 10 stuks\" \/>\n<meta property=\"og:description\" content=\"Deze wegwerp roosters zijn ontworpen voor de ronde YAKINIKU Shichirin en geschikt voor \u00e9\u00e9nmalig gebruik. Verkrijgbaar per 10 stuks\" \/>\n<meta property=\"og:url\" content=\"https:\/\/konro-grill.com\/pt\/produto\/grelhas-descartaveis-shichirin-redondas-yakiniku\/\" \/>\n<meta property=\"og:site_name\" content=\"Konro Grill, de grootste Japanse BBQ specialist\" \/>\n<meta property=\"article:publisher\" content=\"https:\/\/facebook.com\/KonroGrillCom\" \/>\n<meta property=\"article:modified_time\" content=\"2026-04-03T20:28:03+00:00\" \/>\n<meta property=\"og:image\" content=\"https:\/\/konro-grill.com\/wp-content\/uploads\/2023\/07\/YAKINIKU-Ronde-Shichirin-Wegwerprooster-10-stuks-BBQdirect.jpg\" \/>\n\t<meta property=\"og:image:width\" content=\"800\" \/>\n\t<meta property=\"og:image:height\" content=\"800\" \/>\n\t<meta property=\"og:image:type\" content=\"image\/jpeg\" \/>\n<meta name=\"twitter:card\" content=\"summary_large_image\" \/>\n<meta name=\"twitter:label1\" content=\"Tempo estimado de leitura\" \/>\n\t<meta name=\"twitter:data1\" content=\"1 minuto\" \/>\n<script type=\"application\/ld+json\" class=\"yoast-schema-graph\">{\"@context\":\"https:\\\/\\\/schema.org\",\"@graph\":[{\"@type\":\"WebPage\",\"@id\":\"https:\\\/\\\/konro-grill.com\\\/product\\\/yakiniku-ronde-shichirin-wegwerproosters\\\/\",\"url\":\"https:\\\/\\\/konro-grill.com\\\/product\\\/yakiniku-ronde-shichirin-wegwerproosters\\\/\",\"name\":\"YAKINIKU Shichirin Ronde Wegwerprooster 10 stuks\",\"isPartOf\":{\"@id\":\"https:\\\/\\\/konro-grill.com\\\/#website\"},\"primaryImageOfPage\":{\"@id\":\"https:\\\/\\\/konro-grill.com\\\/product\\\/yakiniku-ronde-shichirin-wegwerproosters\\\/#primaryimage\"},\"image\":{\"@id\":\"https:\\\/\\\/konro-grill.com\\\/product\\\/yakiniku-ronde-shichirin-wegwerproosters\\\/#primaryimage\"},\"thumbnailUrl\":\"https:\\\/\\\/konro-grill.com\\\/wp-content\\\/uploads\\\/2023\\\/07\\\/YAKINIKU-Ronde-Shichirin-Wegwerprooster-10-stuks-BBQdirect.jpg\",\"datePublished\":\"2023-07-19T14:14:09+00:00\",\"dateModified\":\"2026-04-03T20:28:03+00:00\",\"description\":\"Deze wegwerp roosters zijn ontworpen voor de ronde YAKINIKU Shichirin en geschikt voor \u00e9\u00e9nmalig gebruik. Verkrijgbaar per 10 stuks\",\"breadcrumb\":{\"@id\":\"https:\\\/\\\/konro-grill.com\\\/product\\\/yakiniku-ronde-shichirin-wegwerproosters\\\/#breadcrumb\"},\"inLanguage\":\"pt-PT\",\"potentialAction\":[{\"@type\":\"ReadAction\",\"target\":[\"https:\\\/\\\/konro-grill.com\\\/product\\\/yakiniku-ronde-shichirin-wegwerproosters\\\/\"]}]},{\"@type\":\"ImageObject\",\"inLanguage\":\"pt-PT\",\"@id\":\"https:\\\/\\\/konro-grill.com\\\/product\\\/yakiniku-ronde-shichirin-wegwerproosters\\\/#primaryimage\",\"url\":\"https:\\\/\\\/konro-grill.com\\\/wp-content\\\/uploads\\\/2023\\\/07\\\/YAKINIKU-Ronde-Shichirin-Wegwerprooster-10-stuks-BBQdirect.jpg\",\"contentUrl\":\"https:\\\/\\\/konro-grill.com\\\/wp-content\\\/uploads\\\/2023\\\/07\\\/YAKINIKU-Ronde-Shichirin-Wegwerprooster-10-stuks-BBQdirect.jpg\",\"width\":800,\"height\":800},{\"@type\":\"BreadcrumbList\",\"@id\":\"https:\\\/\\\/konro-grill.com\\\/product\\\/yakiniku-ronde-shichirin-wegwerproosters\\\/#breadcrumb\",\"itemListElement\":[{\"@type\":\"ListItem\",\"position\":1,\"name\":\"Home\",\"item\":\"https:\\\/\\\/konro-grill.com\\\/\"},{\"@type\":\"ListItem\",\"position\":2,\"name\":\"Winkel\",\"item\":\"https:\\\/\\\/konro-grill.com\\\/winkel\\\/\"},{\"@type\":\"ListItem\",\"position\":3,\"name\":\"YAKINIKU Shichirin wegwerp rooster rond (10)\"}]},{\"@type\":\"WebSite\",\"@id\":\"https:\\\/\\\/konro-grill.com\\\/#website\",\"url\":\"https:\\\/\\\/konro-grill.com\\\/\",\"name\":\"Konro Grill\",\"description\":\"Konro Grill, de Grootste Japanse BBQ Specialist\",\"publisher\":{\"@id\":\"https:\\\/\\\/konro-grill.com\\\/#organization\"},\"potentialAction\":[{\"@type\":\"SearchAction\",\"target\":{\"@type\":\"EntryPoint\",\"urlTemplate\":\"https:\\\/\\\/konro-grill.com\\\/?s={search_term_string}\"},\"query-input\":{\"@type\":\"PropertyValueSpecification\",\"valueRequired\":true,\"valueName\":\"search_term_string\"}}],\"inLanguage\":\"pt-PT\"},{\"@type\":\"Organization\",\"@id\":\"https:\\\/\\\/konro-grill.com\\\/#organization\",\"name\":\"Konro Grill\",\"url\":\"https:\\\/\\\/konro-grill.com\\\/\",\"logo\":{\"@type\":\"ImageObject\",\"inLanguage\":\"pt-PT\",\"@id\":\"https:\\\/\\\/konro-grill.com\\\/#\\\/schema\\\/logo\\\/image\\\/\",\"url\":\"https:\\\/\\\/konro-grill.com\\\/wp-content\\\/uploads\\\/2021\\\/10\\\/konro-grill-logo.png\",\"contentUrl\":\"https:\\\/\\\/konro-grill.com\\\/wp-content\\\/uploads\\\/2021\\\/10\\\/konro-grill-logo.png\",\"width\":650,\"height\":80,\"caption\":\"Konro Grill\"},\"image\":{\"@id\":\"https:\\\/\\\/konro-grill.com\\\/#\\\/schema\\\/logo\\\/image\\\/\"},\"sameAs\":[\"https:\\\/\\\/facebook.com\\\/KonroGrillCom\",\"https:\\\/\\\/www.instagram.com\\\/konrogrillcom\\\/\"]}]}<\/script>\n<!-- \/ Yoast SEO plugin. -->","yoast_head_json":{"title":"YAKINIKU Shichirin Grelha redonda descart\u00e1vel 10 unidades","description":"Estas grelhas descart\u00e1veis foram concebidas para o YAKINIKU Shichirin redondo e s\u00e3o adequadas para uma \u00fanica utiliza\u00e7\u00e3o. Dispon\u00edvel por 10 unidades","robots":{"index":"index","follow":"follow","max-snippet":"max-snippet:-1","max-image-preview":"max-image-preview:large","max-video-preview":"max-video-preview:-1"},"canonical":"https:\/\/konro-grill.com\/pt\/produto\/grelhas-descartaveis-shichirin-redondas-yakiniku\/","og_locale":"pt_PT","og_type":"article","og_title":"YAKINIKU Shichirin Ronde Wegwerprooster 10 stuks","og_description":"Deze wegwerp roosters zijn ontworpen voor de ronde YAKINIKU Shichirin en geschikt voor \u00e9\u00e9nmalig gebruik. Verkrijgbaar per 10 stuks","og_url":"https:\/\/konro-grill.com\/pt\/produto\/grelhas-descartaveis-shichirin-redondas-yakiniku\/","og_site_name":"Konro Grill, de grootste Japanse BBQ specialist","article_publisher":"https:\/\/facebook.com\/KonroGrillCom","article_modified_time":"2026-04-03T20:28:03+00:00","og_image":[{"width":800,"height":800,"url":"https:\/\/konro-grill.com\/wp-content\/uploads\/2023\/07\/YAKINIKU-Ronde-Shichirin-Wegwerprooster-10-stuks-BBQdirect.jpg","type":"image\/jpeg"}],"twitter_card":"summary_large_image","twitter_misc":{"Tempo estimado de leitura":"1 minuto"},"schema":{"@context":"https:\/\/schema.org","@graph":[{"@type":"WebPage","@id":"https:\/\/konro-grill.com\/product\/yakiniku-ronde-shichirin-wegwerproosters\/","url":"https:\/\/konro-grill.com\/product\/yakiniku-ronde-shichirin-wegwerproosters\/","name":"YAKINIKU Shichirin Grelha redonda descart\u00e1vel 10 unidades","isPartOf":{"@id":"https:\/\/konro-grill.com\/#website"},"primaryImageOfPage":{"@id":"https:\/\/konro-grill.com\/product\/yakiniku-ronde-shichirin-wegwerproosters\/#primaryimage"},"image":{"@id":"https:\/\/konro-grill.com\/product\/yakiniku-ronde-shichirin-wegwerproosters\/#primaryimage"},"thumbnailUrl":"https:\/\/konro-grill.com\/wp-content\/uploads\/2023\/07\/YAKINIKU-Ronde-Shichirin-Wegwerprooster-10-stuks-BBQdirect.jpg","datePublished":"2023-07-19T14:14:09+00:00","dateModified":"2026-04-03T20:28:03+00:00","description":"Estas grelhas descart\u00e1veis foram concebidas para o YAKINIKU Shichirin redondo e s\u00e3o adequadas para uma \u00fanica utiliza\u00e7\u00e3o. Dispon\u00edvel por 10 unidades","breadcrumb":{"@id":"https:\/\/konro-grill.com\/product\/yakiniku-ronde-shichirin-wegwerproosters\/#breadcrumb"},"inLanguage":"pt-PT","potentialAction":[{"@type":"ReadAction","target":["https:\/\/konro-grill.com\/product\/yakiniku-ronde-shichirin-wegwerproosters\/"]}]},{"@type":"ImageObject","inLanguage":"pt-PT","@id":"https:\/\/konro-grill.com\/product\/yakiniku-ronde-shichirin-wegwerproosters\/#primaryimage","url":"https:\/\/konro-grill.com\/wp-content\/uploads\/2023\/07\/YAKINIKU-Ronde-Shichirin-Wegwerprooster-10-stuks-BBQdirect.jpg","contentUrl":"https:\/\/konro-grill.com\/wp-content\/uploads\/2023\/07\/YAKINIKU-Ronde-Shichirin-Wegwerprooster-10-stuks-BBQdirect.jpg","width":800,"height":800},{"@type":"BreadcrumbList","@id":"https:\/\/konro-grill.com\/product\/yakiniku-ronde-shichirin-wegwerproosters\/#breadcrumb","itemListElement":[{"@type":"ListItem","position":1,"name":"Home","item":"https:\/\/konro-grill.com\/"},{"@type":"ListItem","position":2,"name":"Winkel","item":"https:\/\/konro-grill.com\/winkel\/"},{"@type":"ListItem","position":3,"name":"YAKINIKU Shichirin wegwerp rooster rond (10)"}]},{"@type":"WebSite","@id":"https:\/\/konro-grill.com\/#website","url":"https:\/\/konro-grill.com\/","name":"Konro Grill","description":"Konro Grill, o maior especialista em churrasco japon\u00eas","publisher":{"@id":"https:\/\/konro-grill.com\/#organization"},"potentialAction":[{"@type":"SearchAction","target":{"@type":"EntryPoint","urlTemplate":"https:\/\/konro-grill.com\/?s={search_term_string}"},"query-input":{"@type":"PropertyValueSpecification","valueRequired":true,"valueName":"search_term_string"}}],"inLanguage":"pt-PT"},{"@type":"Organization","@id":"https:\/\/konro-grill.com\/#organization","name":"Konro Grill","url":"https:\/\/konro-grill.com\/","logo":{"@type":"ImageObject","inLanguage":"pt-PT","@id":"https:\/\/konro-grill.com\/#\/schema\/logo\/image\/","url":"https:\/\/konro-grill.com\/wp-content\/uploads\/2021\/10\/konro-grill-logo.png","contentUrl":"https:\/\/konro-grill.com\/wp-content\/uploads\/2021\/10\/konro-grill-logo.png","width":650,"height":80,"caption":"Konro Grill"},"image":{"@id":"https:\/\/konro-grill.com\/#\/schema\/logo\/image\/"},"sameAs":["https:\/\/facebook.com\/KonroGrillCom","https:\/\/www.instagram.com\/konrogrillcom\/"]}]}},"df_price":16.99,"df_sale_price":"","df_regular_price":16.99,"df_image_link":"https:\/\/konro-grill.com\/wp-content\/uploads\/2023\/07\/YAKINIKU-Ronde-Shichirin-Wegwerprooster-10-stuks-BBQdirect-300x300.jpg","_links":{"self":[{"href":"https:\/\/konro-grill.com\/pt\/wp-json\/wp\/v2\/product\/3201","targetHints":{"allow":["GET"]}}],"collection":[{"href":"https:\/\/konro-grill.com\/pt\/wp-json\/wp\/v2\/product"}],"about":[{"href":"https:\/\/konro-grill.com\/pt\/wp-json\/wp\/v2\/types\/product"}],"wp:featuredmedia":[{"embeddable":true,"href":"https:\/\/konro-grill.com\/pt\/wp-json\/wp\/v2\/media\/3232"}],"wp:attachment":[{"href":"https:\/\/konro-grill.com\/pt\/wp-json\/wp\/v2\/media?parent=3201"}],"wp:term":[{"taxonomy":"product_brand","embeddable":true,"href":"https:\/\/konro-grill.com\/pt\/wp-json\/wp\/v2\/product_brand?post=3201"},{"taxonomy":"product_cat","embeddable":true,"href":"https:\/\/konro-grill.com\/pt\/wp-json\/wp\/v2\/product_cat?post=3201"},{"taxonomy":"product_tag","embeddable":true,"href":"https:\/\/konro-grill.com\/pt\/wp-json\/wp\/v2\/product_tag?post=3201"}],"curies":[{"name":"wp","href":"https:\/\/api.w.org\/{rel}","templated":true}]}}