{"id":5008,"date":"2024-01-16T11:53:55","date_gmt":"2024-01-16T10:53:55","guid":{"rendered":"https:\/\/konro-grill.com\/?post_type=product&#038;p=5008"},"modified":"2026-04-17T10:28:05","modified_gmt":"2026-04-17T08:28:05","slug":"azulejos-sobresselentes-kasai","status":"publish","type":"product","link":"https:\/\/konro-grill.com\/pt\/produto\/azulejos-sobresselentes-kasai\/","title":{"rendered":"Azulejos da pequena reserva de Kasai"},"content":{"rendered":"","protected":false},"excerpt":{"rendered":"<h2>Azulejos Kasai Little, substitui as paredes do teu grelhador Kasai<\/h2>\n<p>\u00c9 exclusivo da Kasai? Podes substituir tu mesmo todas as paredes do teu grelhador Kasai Little. Encomenda um conjunto de paredes sobressalentes e podes substitu\u00ed-las facilmente. Os azulejos s\u00e3o feitos de um mineral natural que passa por um processo chamado esfolia\u00e7\u00e3o. \u00c9 assim que uma telha Kasai se torna resistente ao calor. Se as tuas paredes laterais estiverem gastas, podem ser trituradas e s\u00e3o 100% compost\u00e1veis. \u00c9 \u00fanico e amigo do ambiente!<\/p>","protected":false},"featured_media":5009,"template":"","meta":{"inline_featured_image":false},"product_brand":[],"product_cat":[472,433,20],"product_tag":[],"class_list":{"0":"post-5008","1":"product","2":"type-product","3":"status-publish","4":"has-post-thumbnail","6":"product_cat-kasai-accessoires","7":"product_cat-kasai-little","8":"product_cat-konro-grills","9":"entry","10":"has-media","12":"first","13":"instock","14":"taxable","15":"shipping-taxable","16":"purchasable","17":"product-type-simple"},"bundled_by":[],"bundle_stock_status":"instock","bundle_stock_quantity":6,"bundle_virtual":false,"bundle_layout":"","bundle_add_to_cart_form_location":"","bundle_editable_in_cart":false,"bundle_sold_individually_context":"","bundle_item_grouping":"","bundle_min_size":"","bundle_max_size":"","bundle_price":[],"bundled_items":[],"bundle_sell_ids":[],"yoast_head":"<!-- This site is optimized with the Yoast SEO plugin v27.4 - https:\/\/yoast.com\/product\/yoast-seo-wordpress\/ -->\n<title>Kasai Little Reserve Tegels, leg een hitteschild onder je Konro Grill!<\/title>\n<meta name=\"description\" content=\"Met deze Kasai Little reserve tegels vervang je je Kasai Grill Little wanden snel en is hij weer als nieuw! Bestel ze bij Konro Grill, de specialist.\" \/>\n<meta name=\"robots\" content=\"index, follow, max-snippet:-1, max-image-preview:large, max-video-preview:-1\" \/>\n<link rel=\"canonical\" href=\"https:\/\/konro-grill.com\/pt\/produto\/azulejos-sobresselentes-kasai\/\" \/>\n<meta property=\"og:locale\" content=\"pt_PT\" \/>\n<meta property=\"og:type\" content=\"article\" \/>\n<meta property=\"og:title\" content=\"Kasai Little Reserve Tegels, leg een hitteschild onder je Konro Grill!\" \/>\n<meta property=\"og:description\" content=\"Met deze Kasai Little reserve tegels vervang je je Kasai Grill Little wanden snel en is hij weer als nieuw! Bestel ze bij Konro Grill, de specialist.\" \/>\n<meta property=\"og:url\" content=\"https:\/\/konro-grill.com\/pt\/produto\/azulejos-sobresselentes-kasai\/\" \/>\n<meta property=\"og:site_name\" content=\"Konro Grill, de grootste Japanse BBQ specialist\" \/>\n<meta property=\"article:publisher\" content=\"https:\/\/facebook.com\/KonroGrillCom\" \/>\n<meta property=\"article:modified_time\" content=\"2026-04-17T08:28:05+00:00\" \/>\n<meta property=\"og:image\" content=\"https:\/\/konro-grill.com\/wp-content\/uploads\/2024\/01\/Kasai-Little-Tile.jpg\" \/>\n\t<meta property=\"og:image:width\" content=\"800\" \/>\n\t<meta property=\"og:image:height\" content=\"800\" \/>\n\t<meta property=\"og:image:type\" content=\"image\/jpeg\" \/>\n<meta name=\"twitter:card\" content=\"summary_large_image\" \/>\n<meta name=\"twitter:label1\" content=\"Tempo estimado de leitura\" \/>\n\t<meta name=\"twitter:data1\" content=\"1 minuto\" \/>\n<script type=\"application\/ld+json\" class=\"yoast-schema-graph\">{\"@context\":\"https:\\\/\\\/schema.org\",\"@graph\":[{\"@type\":\"WebPage\",\"@id\":\"https:\\\/\\\/konro-grill.com\\\/product\\\/kasai-little-reserve-tegels\\\/\",\"url\":\"https:\\\/\\\/konro-grill.com\\\/product\\\/kasai-little-reserve-tegels\\\/\",\"name\":\"Kasai Little Reserve Tegels, leg een hitteschild onder je Konro Grill!\",\"isPartOf\":{\"@id\":\"https:\\\/\\\/konro-grill.com\\\/#website\"},\"primaryImageOfPage\":{\"@id\":\"https:\\\/\\\/konro-grill.com\\\/product\\\/kasai-little-reserve-tegels\\\/#primaryimage\"},\"image\":{\"@id\":\"https:\\\/\\\/konro-grill.com\\\/product\\\/kasai-little-reserve-tegels\\\/#primaryimage\"},\"thumbnailUrl\":\"https:\\\/\\\/konro-grill.com\\\/wp-content\\\/uploads\\\/2024\\\/01\\\/Kasai-Little-Tile.jpg\",\"datePublished\":\"2024-01-16T10:53:55+00:00\",\"dateModified\":\"2026-04-17T08:28:05+00:00\",\"description\":\"Met deze Kasai Little reserve tegels vervang je je Kasai Grill Little wanden snel en is hij weer als nieuw! Bestel ze bij Konro Grill, de specialist.\",\"breadcrumb\":{\"@id\":\"https:\\\/\\\/konro-grill.com\\\/product\\\/kasai-little-reserve-tegels\\\/#breadcrumb\"},\"inLanguage\":\"pt-PT\",\"potentialAction\":[{\"@type\":\"ReadAction\",\"target\":[\"https:\\\/\\\/konro-grill.com\\\/product\\\/kasai-little-reserve-tegels\\\/\"]}]},{\"@type\":\"ImageObject\",\"inLanguage\":\"pt-PT\",\"@id\":\"https:\\\/\\\/konro-grill.com\\\/product\\\/kasai-little-reserve-tegels\\\/#primaryimage\",\"url\":\"https:\\\/\\\/konro-grill.com\\\/wp-content\\\/uploads\\\/2024\\\/01\\\/Kasai-Little-Tile.jpg\",\"contentUrl\":\"https:\\\/\\\/konro-grill.com\\\/wp-content\\\/uploads\\\/2024\\\/01\\\/Kasai-Little-Tile.jpg\",\"width\":800,\"height\":800,\"caption\":\"Kasai Konro Grill Little\"},{\"@type\":\"BreadcrumbList\",\"@id\":\"https:\\\/\\\/konro-grill.com\\\/product\\\/kasai-little-reserve-tegels\\\/#breadcrumb\",\"itemListElement\":[{\"@type\":\"ListItem\",\"position\":1,\"name\":\"Home\",\"item\":\"https:\\\/\\\/konro-grill.com\\\/\"},{\"@type\":\"ListItem\",\"position\":2,\"name\":\"Winkel\",\"item\":\"https:\\\/\\\/konro-grill.com\\\/winkel\\\/\"},{\"@type\":\"ListItem\",\"position\":3,\"name\":\"Kasai Little reserve tegels\"}]},{\"@type\":\"WebSite\",\"@id\":\"https:\\\/\\\/konro-grill.com\\\/#website\",\"url\":\"https:\\\/\\\/konro-grill.com\\\/\",\"name\":\"Konro Grill\",\"description\":\"Konro Grill, de Grootste Japanse BBQ Specialist\",\"publisher\":{\"@id\":\"https:\\\/\\\/konro-grill.com\\\/#organization\"},\"potentialAction\":[{\"@type\":\"SearchAction\",\"target\":{\"@type\":\"EntryPoint\",\"urlTemplate\":\"https:\\\/\\\/konro-grill.com\\\/?s={search_term_string}\"},\"query-input\":{\"@type\":\"PropertyValueSpecification\",\"valueRequired\":true,\"valueName\":\"search_term_string\"}}],\"inLanguage\":\"pt-PT\"},{\"@type\":\"Organization\",\"@id\":\"https:\\\/\\\/konro-grill.com\\\/#organization\",\"name\":\"Konro Grill\",\"url\":\"https:\\\/\\\/konro-grill.com\\\/\",\"logo\":{\"@type\":\"ImageObject\",\"inLanguage\":\"pt-PT\",\"@id\":\"https:\\\/\\\/konro-grill.com\\\/#\\\/schema\\\/logo\\\/image\\\/\",\"url\":\"https:\\\/\\\/konro-grill.com\\\/wp-content\\\/uploads\\\/2021\\\/10\\\/konro-grill-logo.png\",\"contentUrl\":\"https:\\\/\\\/konro-grill.com\\\/wp-content\\\/uploads\\\/2021\\\/10\\\/konro-grill-logo.png\",\"width\":650,\"height\":80,\"caption\":\"Konro Grill\"},\"image\":{\"@id\":\"https:\\\/\\\/konro-grill.com\\\/#\\\/schema\\\/logo\\\/image\\\/\"},\"sameAs\":[\"https:\\\/\\\/facebook.com\\\/KonroGrillCom\",\"https:\\\/\\\/www.instagram.com\\\/konrogrillcom\\\/\"]}]}<\/script>\n<!-- \/ Yoast SEO plugin. -->","yoast_head_json":{"title":"Azulejos Kasai Little Reserve, coloca um escudo t\u00e9rmico debaixo do teu grelhador Konro!","description":"Com estes azulejos sobresselentes Kasai Little, substitui rapidamente as paredes do teu Kasai Grill Little e este ficar\u00e1 como novo! Encomenda-os \u00e0 Konro Grill, o especialista.","robots":{"index":"index","follow":"follow","max-snippet":"max-snippet:-1","max-image-preview":"max-image-preview:large","max-video-preview":"max-video-preview:-1"},"canonical":"https:\/\/konro-grill.com\/pt\/produto\/azulejos-sobresselentes-kasai\/","og_locale":"pt_PT","og_type":"article","og_title":"Kasai Little Reserve Tegels, leg een hitteschild onder je Konro Grill!","og_description":"Met deze Kasai Little reserve tegels vervang je je Kasai Grill Little wanden snel en is hij weer als nieuw! Bestel ze bij Konro Grill, de specialist.","og_url":"https:\/\/konro-grill.com\/pt\/produto\/azulejos-sobresselentes-kasai\/","og_site_name":"Konro Grill, de grootste Japanse BBQ specialist","article_publisher":"https:\/\/facebook.com\/KonroGrillCom","article_modified_time":"2026-04-17T08:28:05+00:00","og_image":[{"width":800,"height":800,"url":"https:\/\/konro-grill.com\/wp-content\/uploads\/2024\/01\/Kasai-Little-Tile.jpg","type":"image\/jpeg"}],"twitter_card":"summary_large_image","twitter_misc":{"Tempo estimado de leitura":"1 minuto"},"schema":{"@context":"https:\/\/schema.org","@graph":[{"@type":"WebPage","@id":"https:\/\/konro-grill.com\/product\/kasai-little-reserve-tegels\/","url":"https:\/\/konro-grill.com\/product\/kasai-little-reserve-tegels\/","name":"Azulejos Kasai Little Reserve, coloca um escudo t\u00e9rmico debaixo do teu grelhador Konro!","isPartOf":{"@id":"https:\/\/konro-grill.com\/#website"},"primaryImageOfPage":{"@id":"https:\/\/konro-grill.com\/product\/kasai-little-reserve-tegels\/#primaryimage"},"image":{"@id":"https:\/\/konro-grill.com\/product\/kasai-little-reserve-tegels\/#primaryimage"},"thumbnailUrl":"https:\/\/konro-grill.com\/wp-content\/uploads\/2024\/01\/Kasai-Little-Tile.jpg","datePublished":"2024-01-16T10:53:55+00:00","dateModified":"2026-04-17T08:28:05+00:00","description":"Com estes azulejos sobresselentes Kasai Little, substitui rapidamente as paredes do teu Kasai Grill Little e este ficar\u00e1 como novo! Encomenda-os \u00e0 Konro Grill, o especialista.","breadcrumb":{"@id":"https:\/\/konro-grill.com\/product\/kasai-little-reserve-tegels\/#breadcrumb"},"inLanguage":"pt-PT","potentialAction":[{"@type":"ReadAction","target":["https:\/\/konro-grill.com\/product\/kasai-little-reserve-tegels\/"]}]},{"@type":"ImageObject","inLanguage":"pt-PT","@id":"https:\/\/konro-grill.com\/product\/kasai-little-reserve-tegels\/#primaryimage","url":"https:\/\/konro-grill.com\/wp-content\/uploads\/2024\/01\/Kasai-Little-Tile.jpg","contentUrl":"https:\/\/konro-grill.com\/wp-content\/uploads\/2024\/01\/Kasai-Little-Tile.jpg","width":800,"height":800,"caption":"Kasai Konro Grill Little"},{"@type":"BreadcrumbList","@id":"https:\/\/konro-grill.com\/product\/kasai-little-reserve-tegels\/#breadcrumb","itemListElement":[{"@type":"ListItem","position":1,"name":"Home","item":"https:\/\/konro-grill.com\/"},{"@type":"ListItem","position":2,"name":"Winkel","item":"https:\/\/konro-grill.com\/winkel\/"},{"@type":"ListItem","position":3,"name":"Kasai Little reserve tegels"}]},{"@type":"WebSite","@id":"https:\/\/konro-grill.com\/#website","url":"https:\/\/konro-grill.com\/","name":"Konro Grill","description":"Konro Grill, o maior especialista em churrasco japon\u00eas","publisher":{"@id":"https:\/\/konro-grill.com\/#organization"},"potentialAction":[{"@type":"SearchAction","target":{"@type":"EntryPoint","urlTemplate":"https:\/\/konro-grill.com\/?s={search_term_string}"},"query-input":{"@type":"PropertyValueSpecification","valueRequired":true,"valueName":"search_term_string"}}],"inLanguage":"pt-PT"},{"@type":"Organization","@id":"https:\/\/konro-grill.com\/#organization","name":"Konro Grill","url":"https:\/\/konro-grill.com\/","logo":{"@type":"ImageObject","inLanguage":"pt-PT","@id":"https:\/\/konro-grill.com\/#\/schema\/logo\/image\/","url":"https:\/\/konro-grill.com\/wp-content\/uploads\/2021\/10\/konro-grill-logo.png","contentUrl":"https:\/\/konro-grill.com\/wp-content\/uploads\/2021\/10\/konro-grill-logo.png","width":650,"height":80,"caption":"Konro Grill"},"image":{"@id":"https:\/\/konro-grill.com\/#\/schema\/logo\/image\/"},"sameAs":["https:\/\/facebook.com\/KonroGrillCom","https:\/\/www.instagram.com\/konrogrillcom\/"]}]}},"df_price":130,"df_sale_price":"","df_regular_price":130,"df_image_link":"https:\/\/konro-grill.com\/wp-content\/uploads\/2024\/01\/Kasai-Little-Tile-300x300.jpg","_links":{"self":[{"href":"https:\/\/konro-grill.com\/pt\/wp-json\/wp\/v2\/product\/5008","targetHints":{"allow":["GET"]}}],"collection":[{"href":"https:\/\/konro-grill.com\/pt\/wp-json\/wp\/v2\/product"}],"about":[{"href":"https:\/\/konro-grill.com\/pt\/wp-json\/wp\/v2\/types\/product"}],"wp:featuredmedia":[{"embeddable":true,"href":"https:\/\/konro-grill.com\/pt\/wp-json\/wp\/v2\/media\/5009"}],"wp:attachment":[{"href":"https:\/\/konro-grill.com\/pt\/wp-json\/wp\/v2\/media?parent=5008"}],"wp:term":[{"taxonomy":"product_brand","embeddable":true,"href":"https:\/\/konro-grill.com\/pt\/wp-json\/wp\/v2\/product_brand?post=5008"},{"taxonomy":"product_cat","embeddable":true,"href":"https:\/\/konro-grill.com\/pt\/wp-json\/wp\/v2\/product_cat?post=5008"},{"taxonomy":"product_tag","embeddable":true,"href":"https:\/\/konro-grill.com\/pt\/wp-json\/wp\/v2\/product_tag?post=5008"}],"curies":[{"name":"wp","href":"https:\/\/api.w.org\/{rel}","templated":true}]}}