{"id":7067,"date":"2024-10-11T14:02:51","date_gmt":"2024-10-11T12:02:51","guid":{"rendered":"https:\/\/konro-grill.com\/?post_type=product&#038;p=7067"},"modified":"2026-04-25T10:28:04","modified_gmt":"2026-04-25T08:28:04","slug":"konro-grill-kishu-hanmaru-carvao-vegetal-japones-binchotan-15kg","status":"publish","type":"product","link":"https:\/\/konro-grill.com\/pt\/produto\/konro-grill-kishu-hanmaru-carvao-vegetal-japones-binchotan-15kg\/","title":{"rendered":"Konro Grill Kishu Hanmaru Carv\u00e3o vegetal japon\u00eas Binchotan 15kg"},"content":{"rendered":"<h2>Escolhe o verdadeiro: Konro Grill Kishu Hanmaru <span style=\"text-decoration: underline;\">Japon\u00eas<\/span> Carv\u00e3o vegetal Binchotan<\/h2>\n<p>Vais optar pelo original? O teu original \u00e9 feito \u00e0 m\u00e3o e <span style=\"text-decoration: underline;\">altamente exclusivo<\/span> Queres um binchotan japon\u00eas?<\/p>\n<p>O que torna o Kishu Hanmaru muito especial \u00e9 a forma como \u00e9 produzido. O carv\u00e3o vegetal \u00e9 feito a partir da <strong>Carvalho Ubame<\/strong> e \u00e9 queimado com muito cuidado num forno tradicional. Este processo garante uma dureza sem precedentes e um tempo de queima limpo, uniforme e longo. Uma das maiores vantagens do genu\u00edno Binchotan japon\u00eas \u00e9 a sua <strong>temperatura extremamente elevada<\/strong> que consegue alcan\u00e7ar, o que o torna ideal para grelhar e assar. Al\u00e9m disso, n\u00e3o queima <strong>5 a 8 horas<\/strong>o que significa que n\u00e3o tens de estar sempre a adicionar carv\u00e3o.<\/p>\n<p>\u00c9 tamb\u00e9m de salientar que estes <strong>carv\u00e3o vegetal pouco fumo<\/strong> produz, para que os teus vizinhos n\u00e3o se queixem. Com <strong>Konro Grill Kishu Hanmaru Carv\u00e3o vegetal japon\u00eas Binchotan<\/strong> Trazes um peda\u00e7o da tradi\u00e7\u00e3o culin\u00e1ria japonesa para a tua casa, perfeito para preparar aut\u00eanticos pratos de churrasco no teu pr\u00f3prio jardim. Um verdadeiro must-have para qualquer amante de grelhados japoneses!<\/p>","protected":false},"excerpt":{"rendered":"<h2>Carv\u00e3o vegetal japon\u00eas genu\u00edno Binchotan: Kishu Hanmaru Binchotan.<\/h2>\n<p><strong>Nota: disponibilidade limitada!<\/strong> Altamente exclusivo, original <strong>Kishu Hanmaru Japon\u00eas Binchotan Japon\u00eas<\/strong> uma escolha de primeira qualidade para o profissional ou para o entusiasta de churrascos japoneses. Este carv\u00e3o vegetal \u00e9 <strong>fabricado \u00e0 m\u00e3o em carvalho Ubame<\/strong>, vem do <strong>Regi\u00e3o de Kishu no Jap\u00e3o<\/strong> e \u00e9 conhecida pelas suas propriedades \u00fanicas e qualidade excecional. Com uma embalagem de <strong>15 kg<\/strong> este carv\u00e3o vegetal oferece combust\u00edvel suficiente para muitas sess\u00f5es de grelhados.<\/p>\n<p>&nbsp;<\/p>","protected":false},"featured_media":7585,"template":"","meta":{"inline_featured_image":false},"product_brand":[],"product_cat":[101],"product_tag":[],"class_list":{"0":"post-7067","1":"product","2":"type-product","3":"status-publish","4":"has-post-thumbnail","6":"product_cat-binchotan","7":"entry","8":"has-media","10":"first","11":"instock","12":"taxable","13":"shipping-taxable","14":"purchasable","15":"product-type-simple"},"bundled_by":[],"bundle_stock_status":"instock","bundle_stock_quantity":2,"bundle_virtual":false,"bundle_layout":"","bundle_add_to_cart_form_location":"","bundle_editable_in_cart":false,"bundle_sold_individually_context":"","bundle_item_grouping":"","bundle_min_size":"","bundle_max_size":"","bundle_price":[],"bundled_items":[],"bundle_sell_ids":[3203,894],"yoast_head":"<!-- This site is optimized with the Yoast SEO plugin v27.4 - https:\/\/yoast.com\/product\/yoast-seo-wordpress\/ -->\n<title>Konro Grill Kishu Hanmaru Japanse Binchotan Houtskool 15kg<\/title>\n<meta name=\"description\" content=\"Echte Japanse Binchotan houtskool: Konro Grill Kishu Hanmaru Japanse Binchotan Houtskool 15kg houtskool. Ga jij voor The Real Deal?\" \/>\n<meta name=\"robots\" content=\"index, follow, max-snippet:-1, max-image-preview:large, max-video-preview:-1\" \/>\n<link rel=\"canonical\" href=\"https:\/\/konro-grill.com\/pt\/produto\/konro-grill-kishu-hanmaru-carvao-vegetal-japones-binchotan-15kg\/\" \/>\n<meta property=\"og:locale\" content=\"pt_PT\" \/>\n<meta property=\"og:type\" content=\"article\" \/>\n<meta property=\"og:title\" content=\"Konro Grill Kishu Hanmaru Japanse Binchotan Houtskool 15kg\" \/>\n<meta property=\"og:description\" content=\"Echte Japanse Binchotan houtskool: Konro Grill Kishu Hanmaru Japanse Binchotan Houtskool 15kg houtskool. Ga jij voor The Real Deal?\" \/>\n<meta property=\"og:url\" content=\"https:\/\/konro-grill.com\/pt\/produto\/konro-grill-kishu-hanmaru-carvao-vegetal-japones-binchotan-15kg\/\" \/>\n<meta property=\"og:site_name\" content=\"Konro Grill, de grootste Japanse BBQ specialist\" \/>\n<meta property=\"article:publisher\" content=\"https:\/\/facebook.com\/KonroGrillCom\" \/>\n<meta property=\"article:modified_time\" content=\"2026-04-25T08:28:04+00:00\" \/>\n<meta property=\"og:image\" content=\"https:\/\/konro-grill.com\/wp-content\/uploads\/2024\/10\/Konro-Grill-Kishu-Hanmaru-Japanse-Binchotan-Houtskool-15kg-4-2.jpg\" \/>\n\t<meta property=\"og:image:width\" content=\"800\" \/>\n\t<meta property=\"og:image:height\" content=\"800\" \/>\n\t<meta property=\"og:image:type\" content=\"image\/jpeg\" \/>\n<meta name=\"twitter:card\" content=\"summary_large_image\" \/>\n<meta name=\"twitter:label1\" content=\"Tempo estimado de leitura\" \/>\n\t<meta name=\"twitter:data1\" content=\"2 minutos\" \/>\n<script type=\"application\/ld+json\" class=\"yoast-schema-graph\">{\"@context\":\"https:\\\/\\\/schema.org\",\"@graph\":[{\"@type\":\"WebPage\",\"@id\":\"https:\\\/\\\/konro-grill.com\\\/product\\\/konro-grill-kishu-hanmaru-japanse-binchotan-houtskool-15kg\\\/\",\"url\":\"https:\\\/\\\/konro-grill.com\\\/product\\\/konro-grill-kishu-hanmaru-japanse-binchotan-houtskool-15kg\\\/\",\"name\":\"Konro Grill Kishu Hanmaru Japanse Binchotan Houtskool 15kg\",\"isPartOf\":{\"@id\":\"https:\\\/\\\/konro-grill.com\\\/#website\"},\"primaryImageOfPage\":{\"@id\":\"https:\\\/\\\/konro-grill.com\\\/product\\\/konro-grill-kishu-hanmaru-japanse-binchotan-houtskool-15kg\\\/#primaryimage\"},\"image\":{\"@id\":\"https:\\\/\\\/konro-grill.com\\\/product\\\/konro-grill-kishu-hanmaru-japanse-binchotan-houtskool-15kg\\\/#primaryimage\"},\"thumbnailUrl\":\"https:\\\/\\\/konro-grill.com\\\/wp-content\\\/uploads\\\/2024\\\/10\\\/Konro-Grill-Kishu-Hanmaru-Japanse-Binchotan-Houtskool-15kg-4-2.jpg\",\"datePublished\":\"2024-10-11T12:02:51+00:00\",\"dateModified\":\"2026-04-25T08:28:04+00:00\",\"description\":\"Echte Japanse Binchotan houtskool: Konro Grill Kishu Hanmaru Japanse Binchotan Houtskool 15kg houtskool. Ga jij voor The Real Deal?\",\"breadcrumb\":{\"@id\":\"https:\\\/\\\/konro-grill.com\\\/product\\\/konro-grill-kishu-hanmaru-japanse-binchotan-houtskool-15kg\\\/#breadcrumb\"},\"inLanguage\":\"pt-PT\",\"potentialAction\":[{\"@type\":\"ReadAction\",\"target\":[\"https:\\\/\\\/konro-grill.com\\\/product\\\/konro-grill-kishu-hanmaru-japanse-binchotan-houtskool-15kg\\\/\"]}]},{\"@type\":\"ImageObject\",\"inLanguage\":\"pt-PT\",\"@id\":\"https:\\\/\\\/konro-grill.com\\\/product\\\/konro-grill-kishu-hanmaru-japanse-binchotan-houtskool-15kg\\\/#primaryimage\",\"url\":\"https:\\\/\\\/konro-grill.com\\\/wp-content\\\/uploads\\\/2024\\\/10\\\/Konro-Grill-Kishu-Hanmaru-Japanse-Binchotan-Houtskool-15kg-4-2.jpg\",\"contentUrl\":\"https:\\\/\\\/konro-grill.com\\\/wp-content\\\/uploads\\\/2024\\\/10\\\/Konro-Grill-Kishu-Hanmaru-Japanse-Binchotan-Houtskool-15kg-4-2.jpg\",\"width\":800,\"height\":800},{\"@type\":\"BreadcrumbList\",\"@id\":\"https:\\\/\\\/konro-grill.com\\\/product\\\/konro-grill-kishu-hanmaru-japanse-binchotan-houtskool-15kg\\\/#breadcrumb\",\"itemListElement\":[{\"@type\":\"ListItem\",\"position\":1,\"name\":\"Home\",\"item\":\"https:\\\/\\\/konro-grill.com\\\/\"},{\"@type\":\"ListItem\",\"position\":2,\"name\":\"Winkel\",\"item\":\"https:\\\/\\\/konro-grill.com\\\/winkel\\\/\"},{\"@type\":\"ListItem\",\"position\":3,\"name\":\"Konro Grill Kishu Hanmaru Japanse Binchotan Houtskool 15kg\"}]},{\"@type\":\"WebSite\",\"@id\":\"https:\\\/\\\/konro-grill.com\\\/#website\",\"url\":\"https:\\\/\\\/konro-grill.com\\\/\",\"name\":\"Konro Grill\",\"description\":\"Konro Grill, de Grootste Japanse BBQ Specialist\",\"publisher\":{\"@id\":\"https:\\\/\\\/konro-grill.com\\\/#organization\"},\"potentialAction\":[{\"@type\":\"SearchAction\",\"target\":{\"@type\":\"EntryPoint\",\"urlTemplate\":\"https:\\\/\\\/konro-grill.com\\\/?s={search_term_string}\"},\"query-input\":{\"@type\":\"PropertyValueSpecification\",\"valueRequired\":true,\"valueName\":\"search_term_string\"}}],\"inLanguage\":\"pt-PT\"},{\"@type\":\"Organization\",\"@id\":\"https:\\\/\\\/konro-grill.com\\\/#organization\",\"name\":\"Konro Grill\",\"url\":\"https:\\\/\\\/konro-grill.com\\\/\",\"logo\":{\"@type\":\"ImageObject\",\"inLanguage\":\"pt-PT\",\"@id\":\"https:\\\/\\\/konro-grill.com\\\/#\\\/schema\\\/logo\\\/image\\\/\",\"url\":\"https:\\\/\\\/konro-grill.com\\\/wp-content\\\/uploads\\\/2021\\\/10\\\/konro-grill-logo.png\",\"contentUrl\":\"https:\\\/\\\/konro-grill.com\\\/wp-content\\\/uploads\\\/2021\\\/10\\\/konro-grill-logo.png\",\"width\":650,\"height\":80,\"caption\":\"Konro Grill\"},\"image\":{\"@id\":\"https:\\\/\\\/konro-grill.com\\\/#\\\/schema\\\/logo\\\/image\\\/\"},\"sameAs\":[\"https:\\\/\\\/facebook.com\\\/KonroGrillCom\",\"https:\\\/\\\/www.instagram.com\\\/konrogrillcom\\\/\"]}]}<\/script>\n<!-- \/ Yoast SEO plugin. -->","yoast_head_json":{"title":"Konro Grill Kishu Hanmaru Carv\u00e3o vegetal japon\u00eas Binchotan 15kg","description":"Verdadeiro carv\u00e3o vegetal japon\u00eas Binchotan: Konro Grill Kishu Hanmaru Carv\u00e3o vegetal japon\u00eas Binchotan 15kg. Vai optar pelo \"The Real Deal\"?","robots":{"index":"index","follow":"follow","max-snippet":"max-snippet:-1","max-image-preview":"max-image-preview:large","max-video-preview":"max-video-preview:-1"},"canonical":"https:\/\/konro-grill.com\/pt\/produto\/konro-grill-kishu-hanmaru-carvao-vegetal-japones-binchotan-15kg\/","og_locale":"pt_PT","og_type":"article","og_title":"Konro Grill Kishu Hanmaru Japanse Binchotan Houtskool 15kg","og_description":"Echte Japanse Binchotan houtskool: Konro Grill Kishu Hanmaru Japanse Binchotan Houtskool 15kg houtskool. Ga jij voor The Real Deal?","og_url":"https:\/\/konro-grill.com\/pt\/produto\/konro-grill-kishu-hanmaru-carvao-vegetal-japones-binchotan-15kg\/","og_site_name":"Konro Grill, de grootste Japanse BBQ specialist","article_publisher":"https:\/\/facebook.com\/KonroGrillCom","article_modified_time":"2026-04-25T08:28:04+00:00","og_image":[{"width":800,"height":800,"url":"https:\/\/konro-grill.com\/wp-content\/uploads\/2024\/10\/Konro-Grill-Kishu-Hanmaru-Japanse-Binchotan-Houtskool-15kg-4-2.jpg","type":"image\/jpeg"}],"twitter_card":"summary_large_image","twitter_misc":{"Tempo estimado de leitura":"2 minutos"},"schema":{"@context":"https:\/\/schema.org","@graph":[{"@type":"WebPage","@id":"https:\/\/konro-grill.com\/product\/konro-grill-kishu-hanmaru-japanse-binchotan-houtskool-15kg\/","url":"https:\/\/konro-grill.com\/product\/konro-grill-kishu-hanmaru-japanse-binchotan-houtskool-15kg\/","name":"Konro Grill Kishu Hanmaru Carv\u00e3o vegetal japon\u00eas Binchotan 15kg","isPartOf":{"@id":"https:\/\/konro-grill.com\/#website"},"primaryImageOfPage":{"@id":"https:\/\/konro-grill.com\/product\/konro-grill-kishu-hanmaru-japanse-binchotan-houtskool-15kg\/#primaryimage"},"image":{"@id":"https:\/\/konro-grill.com\/product\/konro-grill-kishu-hanmaru-japanse-binchotan-houtskool-15kg\/#primaryimage"},"thumbnailUrl":"https:\/\/konro-grill.com\/wp-content\/uploads\/2024\/10\/Konro-Grill-Kishu-Hanmaru-Japanse-Binchotan-Houtskool-15kg-4-2.jpg","datePublished":"2024-10-11T12:02:51+00:00","dateModified":"2026-04-25T08:28:04+00:00","description":"Verdadeiro carv\u00e3o vegetal japon\u00eas Binchotan: Konro Grill Kishu Hanmaru Carv\u00e3o vegetal japon\u00eas Binchotan 15kg. Vai optar pelo \"The Real Deal\"?","breadcrumb":{"@id":"https:\/\/konro-grill.com\/product\/konro-grill-kishu-hanmaru-japanse-binchotan-houtskool-15kg\/#breadcrumb"},"inLanguage":"pt-PT","potentialAction":[{"@type":"ReadAction","target":["https:\/\/konro-grill.com\/product\/konro-grill-kishu-hanmaru-japanse-binchotan-houtskool-15kg\/"]}]},{"@type":"ImageObject","inLanguage":"pt-PT","@id":"https:\/\/konro-grill.com\/product\/konro-grill-kishu-hanmaru-japanse-binchotan-houtskool-15kg\/#primaryimage","url":"https:\/\/konro-grill.com\/wp-content\/uploads\/2024\/10\/Konro-Grill-Kishu-Hanmaru-Japanse-Binchotan-Houtskool-15kg-4-2.jpg","contentUrl":"https:\/\/konro-grill.com\/wp-content\/uploads\/2024\/10\/Konro-Grill-Kishu-Hanmaru-Japanse-Binchotan-Houtskool-15kg-4-2.jpg","width":800,"height":800},{"@type":"BreadcrumbList","@id":"https:\/\/konro-grill.com\/product\/konro-grill-kishu-hanmaru-japanse-binchotan-houtskool-15kg\/#breadcrumb","itemListElement":[{"@type":"ListItem","position":1,"name":"Home","item":"https:\/\/konro-grill.com\/"},{"@type":"ListItem","position":2,"name":"Winkel","item":"https:\/\/konro-grill.com\/winkel\/"},{"@type":"ListItem","position":3,"name":"Konro Grill Kishu Hanmaru Japanse Binchotan Houtskool 15kg"}]},{"@type":"WebSite","@id":"https:\/\/konro-grill.com\/#website","url":"https:\/\/konro-grill.com\/","name":"Konro Grill","description":"Konro Grill, o maior especialista em churrasco japon\u00eas","publisher":{"@id":"https:\/\/konro-grill.com\/#organization"},"potentialAction":[{"@type":"SearchAction","target":{"@type":"EntryPoint","urlTemplate":"https:\/\/konro-grill.com\/?s={search_term_string}"},"query-input":{"@type":"PropertyValueSpecification","valueRequired":true,"valueName":"search_term_string"}}],"inLanguage":"pt-PT"},{"@type":"Organization","@id":"https:\/\/konro-grill.com\/#organization","name":"Konro Grill","url":"https:\/\/konro-grill.com\/","logo":{"@type":"ImageObject","inLanguage":"pt-PT","@id":"https:\/\/konro-grill.com\/#\/schema\/logo\/image\/","url":"https:\/\/konro-grill.com\/wp-content\/uploads\/2021\/10\/konro-grill-logo.png","contentUrl":"https:\/\/konro-grill.com\/wp-content\/uploads\/2021\/10\/konro-grill-logo.png","width":650,"height":80,"caption":"Konro Grill"},"image":{"@id":"https:\/\/konro-grill.com\/#\/schema\/logo\/image\/"},"sameAs":["https:\/\/facebook.com\/KonroGrillCom","https:\/\/www.instagram.com\/konrogrillcom\/"]}]}},"df_price":899,"df_sale_price":"","df_regular_price":899,"df_image_link":"https:\/\/konro-grill.com\/wp-content\/uploads\/2024\/10\/Konro-Grill-Kishu-Hanmaru-Japanse-Binchotan-Houtskool-15kg-4-2-300x300.jpg","_links":{"self":[{"href":"https:\/\/konro-grill.com\/pt\/wp-json\/wp\/v2\/product\/7067","targetHints":{"allow":["GET"]}}],"collection":[{"href":"https:\/\/konro-grill.com\/pt\/wp-json\/wp\/v2\/product"}],"about":[{"href":"https:\/\/konro-grill.com\/pt\/wp-json\/wp\/v2\/types\/product"}],"wp:featuredmedia":[{"embeddable":true,"href":"https:\/\/konro-grill.com\/pt\/wp-json\/wp\/v2\/media\/7585"}],"wp:attachment":[{"href":"https:\/\/konro-grill.com\/pt\/wp-json\/wp\/v2\/media?parent=7067"}],"wp:term":[{"taxonomy":"product_brand","embeddable":true,"href":"https:\/\/konro-grill.com\/pt\/wp-json\/wp\/v2\/product_brand?post=7067"},{"taxonomy":"product_cat","embeddable":true,"href":"https:\/\/konro-grill.com\/pt\/wp-json\/wp\/v2\/product_cat?post=7067"},{"taxonomy":"product_tag","embeddable":true,"href":"https:\/\/konro-grill.com\/pt\/wp-json\/wp\/v2\/product_tag?post=7067"}],"curies":[{"name":"wp","href":"https:\/\/api.w.org\/{rel}","templated":true}]}}