{"id":8201,"date":"2025-03-31T08:56:49","date_gmt":"2025-03-31T06:56:49","guid":{"rendered":"https:\/\/konro-grill.com\/?post_type=product&#038;p=8201"},"modified":"2026-04-22T10:28:04","modified_gmt":"2026-04-22T08:28:04","slug":"konro-grill-grande-largura-diatomite","status":"publish","type":"product","link":"https:\/\/konro-grill.com\/pt\/produto\/konro-grill-grande-largura-diatomite\/","title":{"rendered":"Konro Grill Diatomite grande e larga"},"content":{"rendered":"<div class=\"wpb-content-wrapper\"><div class=\"vc_row wpb_row vc_row-fluid wpex-relative\"><div class=\"wpb_column vc_column_container vc_col-sm-12\"><div class=\"vc_column-inner\"><div class=\"wpb_wrapper\">\n\t<div class=\"wpb_text_column wpb_content_element\" >\n\t\t<div class=\"wpb_wrapper\">\n\t\t\t<h3>Konro Grill Grande <span style=\"text-decoration: underline;\">Largo<\/span> Diatomita. Extra largo e extra profundo.<\/h3>\n<p><strong>Devido ao seu tamanho maior (69 x 35 x 20 cm), este modelo \u00e9 principalmente adequado para o utilizador profissional, como restaurantes, food trucks ou gastrobares.<\/strong><\/p>\n<p>Utiliza este grande grelhador hibachi para grelhar yakitori muito quente, para selar Wagyu e outras carnes. N\u00e3o te esque\u00e7as das muitas possibilidades com marisco e legumes tamb\u00e9m! Tudo o que preparares neste <strong>grelhador yakitori japon\u00eas artesanal<\/strong> Sabe puro e honesto.<\/p>\n<p>Este Konro Grill Large Wide Diatomite pode ser colocado sobre uma mesa ou bancada. Isto deve-se ao facto de estar equipado com tampas de borracha antiderrapantes. Se este grelhador konro for colocado sobre um tampo de a\u00e7o inoxid\u00e1vel, n\u00e3o \u00e9 necess\u00e1rio um tabuleiro.<\/p>\n<p>V\u00ea tamb\u00e9m o modelo da Kasai: o <a href=\"https:\/\/konro-grill.com\/pt\/kasai-longo\/\"><strong>Kasai Long<\/strong><\/a> ou <a href=\"https:\/\/konro-grill.com\/pt\/kasai-medio-largo\/\"><strong>M\u00e9dio largo<\/strong><\/a>.<\/p>\n<p>Procura um grelhador japon\u00eas de tamanho diferente? V\u00ea o <a href=\"https:\/\/konro-grill.com\/pt\/grelhador-japones\/\">outros modelos<\/a>. Se quiseres saber mais sobre o funcionamento deste grelhador, l\u00ea a nossa <a href=\"https:\/\/konro-grill.com\/pt\/faq\/\">FAQ<\/a>.<\/p>\n\n\t\t<\/div>\n\t<\/div>\n<div class=\"vcex-spacing wpex-w-100 wpex-clear\" style=\"height:32px;\"><\/div><div class=\"templatera_shortcode\"><style type=\"text\/css\" data-type=\"vc_shortcodes-custom-css\">.vc_custom_1657802039208{margin-bottom: 0px !important;}<\/style><div class=\"vc_row wpb_row vc_row-fluid geschikt-voor-row-alt wpex-relative\"><div class=\"wpb_column vc_column_container vc_col-sm-12\"><div class=\"vc_column-inner vc_custom_1657802039208\"><div class=\"wpb_wrapper\">\n\t<div class=\"wpb_text_column wpb_content_element left\" >\n\t\t<div class=\"wpb_wrapper\">\n\t\t\t<h2 style=\"text-align: center;\">Isto \u00e9 o que podes fazer com o grelhador Konro<\/h2>\n\n\t\t<\/div>\n\t<\/div>\n<div class=\"vc_row wpb_row vc_inner vc_row-fluid wpex-relative\"><div class=\"wpb_column vc_column_container vc_col-sm-4\"><div class=\"vc_column-inner\"><div class=\"wpb_wrapper\">\n\t<div  class=\"wpb_single_image wpb_content_element vc_align_center wpb_content_element  icon\">\n\t\t\n\t\t<figure class=\"wpb_wrapper vc_figure\">\n\t\t\t<div class=\"vc_single_image-wrapper   vc_box_border_grey\"><img width=\"1\" height=\"1\" src=\"https:\/\/konro-grill.com\/wp-content\/uploads\/2020\/11\/vlees.svg\" class=\"vc_single_image-img attachment-full\" alt=\"\" title=\"carne\" \/><\/div>\n\t\t<\/figure>\n\t<\/div>\n\n\t<div class=\"wpb_text_column wpb_content_element textcenter\" >\n\t\t<div class=\"wpb_wrapper\">\n\t\t\t<h3>Aves e carne<\/h3>\n<p>Grelhe o frango ao estilo yakitori e sele fatias finas e tenras de Wagyu!<\/p>\n\n\t\t<\/div>\n\t<\/div>\n<\/div><\/div><\/div><div class=\"wpb_column vc_column_container vc_col-sm-4\"><div class=\"vc_column-inner\"><div class=\"wpb_wrapper\">\n\t<div  class=\"wpb_single_image wpb_content_element vc_align_center wpb_content_element  icon\">\n\t\t\n\t\t<figure class=\"wpb_wrapper vc_figure\">\n\t\t\t<div class=\"vc_single_image-wrapper   vc_box_border_grey\"><img width=\"1\" height=\"1\" src=\"https:\/\/konro-grill.com\/wp-content\/uploads\/2020\/11\/vis.svg\" class=\"vc_single_image-img attachment-full\" alt=\"\" title=\"peixe\" \/><\/div>\n\t\t<\/figure>\n\t<\/div>\n\n\t<div class=\"wpb_text_column wpb_content_element textcenter\" >\n\t\t<div class=\"wpb_wrapper\">\n\t\t\t<h3>Peixe e marisco<\/h3>\n<p>Grelhar diretamente marisco ou peixe. Delicioso! Prove os sabores puros!<\/p>\n\n\t\t<\/div>\n\t<\/div>\n<\/div><\/div><\/div><div class=\"wpb_column vc_column_container vc_col-sm-4\"><div class=\"vc_column-inner\"><div class=\"wpb_wrapper\">\n\t<div  class=\"wpb_single_image wpb_content_element vc_align_center wpb_content_element  icon\">\n\t\t\n\t\t<figure class=\"wpb_wrapper vc_figure\">\n\t\t\t<div class=\"vc_single_image-wrapper   vc_box_border_grey\"><img width=\"1\" height=\"1\" src=\"https:\/\/konro-grill.com\/wp-content\/uploads\/2020\/11\/groente.svg\" class=\"vc_single_image-img attachment-full\" alt=\"\" title=\"vegetal\" \/><\/div>\n\t\t<\/figure>\n\t<\/div>\n\n\t<div class=\"wpb_text_column wpb_content_element textcenter\" >\n\t\t<div class=\"wpb_wrapper\">\n\t\t\t<h3>Frutas e legumes<\/h3>\n<p>Grelhar legumes ou mesmo fruta. Laceie-o e surpreenda-se com o seu sabor!<\/p>\n\n\t\t<\/div>\n\t<\/div>\n<\/div><\/div><\/div><\/div><\/div><\/div><\/div><\/div><\/div><\/div><\/div><\/div><\/div>\n<\/div>","protected":false},"excerpt":{"rendered":"<h3>Fabricado \u00e0 m\u00e3o no Jap\u00e3o. O melhor konro do mundo. Extra largo e profundo.<\/h3>\n<p>Este \u00e9 o original <strong>Japon\u00eas<\/strong>\u00a0<strong>Grelhador Konro de diatomite<\/strong>\u00a0<strong>Grande <span style=\"text-decoration: underline;\">Largo<\/span><\/strong>. O tamanho perfeito para a tua <strong>cozinha profissional<\/strong>. L\u00ea mais sobre este grelhador japon\u00eas original abaixo. Com o seu tamanho maior de 69 x 35 x 20 cm, este modelo \u00e9 adequado para o utilizador profissional, como restaurantes, food trucks ou gastrobares. V\u00ea o <a href=\"https:\/\/konro-grill.com\/pt\/produto\/konro-grill-xxl-diatomite\/\">Konro Grill XXL Diatomite<\/a> Se o <a href=\"https:\/\/konro-grill.com\/pt\/produto\/grelhador-konro-xl\/\">Konro Grill XL\u00a0<\/a>se est\u00e1s \u00e0 procura de outro formato grande.<\/p>","protected":false},"featured_media":8239,"template":"","meta":{"inline_featured_image":false},"product_brand":[],"product_cat":[243],"product_tag":[],"class_list":{"0":"post-8201","1":"product","2":"type-product","3":"status-publish","4":"has-post-thumbnail","6":"product_cat-japanse-konro-grill","7":"entry","8":"has-media","10":"first","11":"instock","12":"taxable","13":"shipping-taxable","14":"purchasable","15":"product-type-simple"},"bundled_by":["8263","8264"],"bundle_stock_status":"instock","bundle_stock_quantity":26,"bundle_virtual":false,"bundle_layout":"","bundle_add_to_cart_form_location":"","bundle_editable_in_cart":false,"bundle_sold_individually_context":"","bundle_item_grouping":"","bundle_min_size":"","bundle_max_size":"","bundle_price":[],"bundled_items":[],"bundle_sell_ids":[6674,8960,3410,3203,2519,3195,910,905,3910],"yoast_head":"<!-- This site is optimized with the Yoast SEO plugin v27.4 - https:\/\/yoast.com\/product\/yoast-seo-wordpress\/ -->\n<title>Konro Grill Large Wide Diatomite bij de Grootste Konro Specialist<\/title>\n<meta name=\"description\" content=\"Kies voor een originele Japanse Diatomite Konro Grill Large Wide. Bestel hem bij de grootste Japanse BBQ specialist van Europa: Konro Grill.\" \/>\n<meta name=\"robots\" content=\"index, follow, max-snippet:-1, max-image-preview:large, max-video-preview:-1\" \/>\n<link rel=\"canonical\" href=\"https:\/\/konro-grill.com\/pt\/produto\/konro-grill-grande-largura-diatomite\/\" \/>\n<meta property=\"og:locale\" content=\"pt_PT\" \/>\n<meta property=\"og:type\" content=\"article\" \/>\n<meta property=\"og:title\" content=\"Konro Grill Large Wide Diatomite bij de Grootste Konro Specialist\" \/>\n<meta property=\"og:description\" content=\"Kies voor een originele Japanse Diatomite Konro Grill Large Wide. Bestel hem bij de grootste Japanse BBQ specialist van Europa: Konro Grill.\" \/>\n<meta property=\"og:url\" content=\"https:\/\/konro-grill.com\/pt\/produto\/konro-grill-grande-largura-diatomite\/\" \/>\n<meta property=\"og:site_name\" content=\"Konro Grill, de grootste Japanse BBQ specialist\" \/>\n<meta property=\"article:publisher\" content=\"https:\/\/facebook.com\/KonroGrillCom\" \/>\n<meta property=\"article:modified_time\" content=\"2026-04-22T08:28:04+00:00\" \/>\n<meta property=\"og:image\" content=\"https:\/\/konro-grill.com\/wp-content\/uploads\/2025\/03\/Konro-Grill-Large-Wide-Diatomite-6-1.jpg\" \/>\n\t<meta property=\"og:image:width\" content=\"800\" \/>\n\t<meta property=\"og:image:height\" content=\"800\" \/>\n\t<meta property=\"og:image:type\" content=\"image\/jpeg\" \/>\n<meta name=\"twitter:card\" content=\"summary_large_image\" \/>\n<meta name=\"twitter:label1\" content=\"Tempo estimado de leitura\" \/>\n\t<meta name=\"twitter:data1\" content=\"1 minuto\" \/>\n<script type=\"application\/ld+json\" class=\"yoast-schema-graph\">{\"@context\":\"https:\\\/\\\/schema.org\",\"@graph\":[{\"@type\":\"WebPage\",\"@id\":\"https:\\\/\\\/konro-grill.com\\\/product\\\/konro-grill-large-wide-diatomite\\\/\",\"url\":\"https:\\\/\\\/konro-grill.com\\\/product\\\/konro-grill-large-wide-diatomite\\\/\",\"name\":\"Konro Grill Large Wide Diatomite bij de Grootste Konro Specialist\",\"isPartOf\":{\"@id\":\"https:\\\/\\\/konro-grill.com\\\/#website\"},\"primaryImageOfPage\":{\"@id\":\"https:\\\/\\\/konro-grill.com\\\/product\\\/konro-grill-large-wide-diatomite\\\/#primaryimage\"},\"image\":{\"@id\":\"https:\\\/\\\/konro-grill.com\\\/product\\\/konro-grill-large-wide-diatomite\\\/#primaryimage\"},\"thumbnailUrl\":\"https:\\\/\\\/konro-grill.com\\\/wp-content\\\/uploads\\\/2025\\\/03\\\/Konro-Grill-Large-Wide-Diatomite-6-1.jpg\",\"datePublished\":\"2025-03-31T06:56:49+00:00\",\"dateModified\":\"2026-04-22T08:28:04+00:00\",\"description\":\"Kies voor een originele Japanse Diatomite Konro Grill Large Wide. Bestel hem bij de grootste Japanse BBQ specialist van Europa: Konro Grill.\",\"breadcrumb\":{\"@id\":\"https:\\\/\\\/konro-grill.com\\\/product\\\/konro-grill-large-wide-diatomite\\\/#breadcrumb\"},\"inLanguage\":\"pt-PT\",\"potentialAction\":[{\"@type\":\"ReadAction\",\"target\":[\"https:\\\/\\\/konro-grill.com\\\/product\\\/konro-grill-large-wide-diatomite\\\/\"]}]},{\"@type\":\"ImageObject\",\"inLanguage\":\"pt-PT\",\"@id\":\"https:\\\/\\\/konro-grill.com\\\/product\\\/konro-grill-large-wide-diatomite\\\/#primaryimage\",\"url\":\"https:\\\/\\\/konro-grill.com\\\/wp-content\\\/uploads\\\/2025\\\/03\\\/Konro-Grill-Large-Wide-Diatomite-6-1.jpg\",\"contentUrl\":\"https:\\\/\\\/konro-grill.com\\\/wp-content\\\/uploads\\\/2025\\\/03\\\/Konro-Grill-Large-Wide-Diatomite-6-1.jpg\",\"width\":800,\"height\":800},{\"@type\":\"BreadcrumbList\",\"@id\":\"https:\\\/\\\/konro-grill.com\\\/product\\\/konro-grill-large-wide-diatomite\\\/#breadcrumb\",\"itemListElement\":[{\"@type\":\"ListItem\",\"position\":1,\"name\":\"Home\",\"item\":\"https:\\\/\\\/konro-grill.com\\\/\"},{\"@type\":\"ListItem\",\"position\":2,\"name\":\"Winkel\",\"item\":\"https:\\\/\\\/konro-grill.com\\\/winkel\\\/\"},{\"@type\":\"ListItem\",\"position\":3,\"name\":\"Konro Grill Large Wide Diatomite\"}]},{\"@type\":\"WebSite\",\"@id\":\"https:\\\/\\\/konro-grill.com\\\/#website\",\"url\":\"https:\\\/\\\/konro-grill.com\\\/\",\"name\":\"Konro Grill\",\"description\":\"Konro Grill, de Grootste Japanse BBQ Specialist\",\"publisher\":{\"@id\":\"https:\\\/\\\/konro-grill.com\\\/#organization\"},\"potentialAction\":[{\"@type\":\"SearchAction\",\"target\":{\"@type\":\"EntryPoint\",\"urlTemplate\":\"https:\\\/\\\/konro-grill.com\\\/?s={search_term_string}\"},\"query-input\":{\"@type\":\"PropertyValueSpecification\",\"valueRequired\":true,\"valueName\":\"search_term_string\"}}],\"inLanguage\":\"pt-PT\"},{\"@type\":\"Organization\",\"@id\":\"https:\\\/\\\/konro-grill.com\\\/#organization\",\"name\":\"Konro Grill\",\"url\":\"https:\\\/\\\/konro-grill.com\\\/\",\"logo\":{\"@type\":\"ImageObject\",\"inLanguage\":\"pt-PT\",\"@id\":\"https:\\\/\\\/konro-grill.com\\\/#\\\/schema\\\/logo\\\/image\\\/\",\"url\":\"https:\\\/\\\/konro-grill.com\\\/wp-content\\\/uploads\\\/2021\\\/10\\\/konro-grill-logo.png\",\"contentUrl\":\"https:\\\/\\\/konro-grill.com\\\/wp-content\\\/uploads\\\/2021\\\/10\\\/konro-grill-logo.png\",\"width\":650,\"height\":80,\"caption\":\"Konro Grill\"},\"image\":{\"@id\":\"https:\\\/\\\/konro-grill.com\\\/#\\\/schema\\\/logo\\\/image\\\/\"},\"sameAs\":[\"https:\\\/\\\/facebook.com\\\/KonroGrillCom\",\"https:\\\/\\\/www.instagram.com\\\/konrogrillcom\\\/\"]}]}<\/script>\n<!-- \/ Yoast SEO plugin. -->","yoast_head_json":{"title":"Konro Grill Large Wide Diatomite no maior especialista Konro","description":"Escolhe um grelhador japon\u00eas original de diatomite Konro Grill Large Wide. Encomenda-o ao maior especialista em churrascos japoneses da Europa: Konro Grill.","robots":{"index":"index","follow":"follow","max-snippet":"max-snippet:-1","max-image-preview":"max-image-preview:large","max-video-preview":"max-video-preview:-1"},"canonical":"https:\/\/konro-grill.com\/pt\/produto\/konro-grill-grande-largura-diatomite\/","og_locale":"pt_PT","og_type":"article","og_title":"Konro Grill Large Wide Diatomite bij de Grootste Konro Specialist","og_description":"Kies voor een originele Japanse Diatomite Konro Grill Large Wide. Bestel hem bij de grootste Japanse BBQ specialist van Europa: Konro Grill.","og_url":"https:\/\/konro-grill.com\/pt\/produto\/konro-grill-grande-largura-diatomite\/","og_site_name":"Konro Grill, de grootste Japanse BBQ specialist","article_publisher":"https:\/\/facebook.com\/KonroGrillCom","article_modified_time":"2026-04-22T08:28:04+00:00","og_image":[{"width":800,"height":800,"url":"https:\/\/konro-grill.com\/wp-content\/uploads\/2025\/03\/Konro-Grill-Large-Wide-Diatomite-6-1.jpg","type":"image\/jpeg"}],"twitter_card":"summary_large_image","twitter_misc":{"Tempo estimado de leitura":"1 minuto"},"schema":{"@context":"https:\/\/schema.org","@graph":[{"@type":"WebPage","@id":"https:\/\/konro-grill.com\/product\/konro-grill-large-wide-diatomite\/","url":"https:\/\/konro-grill.com\/product\/konro-grill-large-wide-diatomite\/","name":"Konro Grill Large Wide Diatomite no maior especialista Konro","isPartOf":{"@id":"https:\/\/konro-grill.com\/#website"},"primaryImageOfPage":{"@id":"https:\/\/konro-grill.com\/product\/konro-grill-large-wide-diatomite\/#primaryimage"},"image":{"@id":"https:\/\/konro-grill.com\/product\/konro-grill-large-wide-diatomite\/#primaryimage"},"thumbnailUrl":"https:\/\/konro-grill.com\/wp-content\/uploads\/2025\/03\/Konro-Grill-Large-Wide-Diatomite-6-1.jpg","datePublished":"2025-03-31T06:56:49+00:00","dateModified":"2026-04-22T08:28:04+00:00","description":"Escolhe um grelhador japon\u00eas original de diatomite Konro Grill Large Wide. Encomenda-o ao maior especialista em churrascos japoneses da Europa: Konro Grill.","breadcrumb":{"@id":"https:\/\/konro-grill.com\/product\/konro-grill-large-wide-diatomite\/#breadcrumb"},"inLanguage":"pt-PT","potentialAction":[{"@type":"ReadAction","target":["https:\/\/konro-grill.com\/product\/konro-grill-large-wide-diatomite\/"]}]},{"@type":"ImageObject","inLanguage":"pt-PT","@id":"https:\/\/konro-grill.com\/product\/konro-grill-large-wide-diatomite\/#primaryimage","url":"https:\/\/konro-grill.com\/wp-content\/uploads\/2025\/03\/Konro-Grill-Large-Wide-Diatomite-6-1.jpg","contentUrl":"https:\/\/konro-grill.com\/wp-content\/uploads\/2025\/03\/Konro-Grill-Large-Wide-Diatomite-6-1.jpg","width":800,"height":800},{"@type":"BreadcrumbList","@id":"https:\/\/konro-grill.com\/product\/konro-grill-large-wide-diatomite\/#breadcrumb","itemListElement":[{"@type":"ListItem","position":1,"name":"Home","item":"https:\/\/konro-grill.com\/"},{"@type":"ListItem","position":2,"name":"Winkel","item":"https:\/\/konro-grill.com\/winkel\/"},{"@type":"ListItem","position":3,"name":"Konro Grill Large Wide Diatomite"}]},{"@type":"WebSite","@id":"https:\/\/konro-grill.com\/#website","url":"https:\/\/konro-grill.com\/","name":"Konro Grill","description":"Konro Grill, o maior especialista em churrasco japon\u00eas","publisher":{"@id":"https:\/\/konro-grill.com\/#organization"},"potentialAction":[{"@type":"SearchAction","target":{"@type":"EntryPoint","urlTemplate":"https:\/\/konro-grill.com\/?s={search_term_string}"},"query-input":{"@type":"PropertyValueSpecification","valueRequired":true,"valueName":"search_term_string"}}],"inLanguage":"pt-PT"},{"@type":"Organization","@id":"https:\/\/konro-grill.com\/#organization","name":"Konro Grill","url":"https:\/\/konro-grill.com\/","logo":{"@type":"ImageObject","inLanguage":"pt-PT","@id":"https:\/\/konro-grill.com\/#\/schema\/logo\/image\/","url":"https:\/\/konro-grill.com\/wp-content\/uploads\/2021\/10\/konro-grill-logo.png","contentUrl":"https:\/\/konro-grill.com\/wp-content\/uploads\/2021\/10\/konro-grill-logo.png","width":650,"height":80,"caption":"Konro Grill"},"image":{"@id":"https:\/\/konro-grill.com\/#\/schema\/logo\/image\/"},"sameAs":["https:\/\/facebook.com\/KonroGrillCom","https:\/\/www.instagram.com\/konrogrillcom\/"]}]}},"df_price":919,"df_sale_price":"","df_regular_price":919,"df_image_link":"https:\/\/konro-grill.com\/wp-content\/uploads\/2025\/03\/Konro-Grill-Large-Wide-Diatomite-6-1-300x300.jpg","_links":{"self":[{"href":"https:\/\/konro-grill.com\/pt\/wp-json\/wp\/v2\/product\/8201","targetHints":{"allow":["GET"]}}],"collection":[{"href":"https:\/\/konro-grill.com\/pt\/wp-json\/wp\/v2\/product"}],"about":[{"href":"https:\/\/konro-grill.com\/pt\/wp-json\/wp\/v2\/types\/product"}],"wp:featuredmedia":[{"embeddable":true,"href":"https:\/\/konro-grill.com\/pt\/wp-json\/wp\/v2\/media\/8239"}],"wp:attachment":[{"href":"https:\/\/konro-grill.com\/pt\/wp-json\/wp\/v2\/media?parent=8201"}],"wp:term":[{"taxonomy":"product_brand","embeddable":true,"href":"https:\/\/konro-grill.com\/pt\/wp-json\/wp\/v2\/product_brand?post=8201"},{"taxonomy":"product_cat","embeddable":true,"href":"https:\/\/konro-grill.com\/pt\/wp-json\/wp\/v2\/product_cat?post=8201"},{"taxonomy":"product_tag","embeddable":true,"href":"https:\/\/konro-grill.com\/pt\/wp-json\/wp\/v2\/product_tag?post=8201"}],"curies":[{"name":"wp","href":"https:\/\/api.w.org\/{rel}","templated":true}]}}