{"id":887,"date":"2022-06-09T13:39:42","date_gmt":"2022-06-09T11:39:42","guid":{"rendered":"https:\/\/konro-grill.com\/?post_type=product&#038;p=887"},"modified":"2026-04-22T10:28:05","modified_gmt":"2026-04-22T08:28:05","slug":"grelhador-konro-em-aluminio-36-cm","status":"publish","type":"product","link":"https:\/\/konro-grill.com\/pt\/produto\/grelhador-konro-em-aluminio-36-cm\/","title":{"rendered":"Konro Grill Alum\u00ednio 36cm"},"content":{"rendered":"<div class=\"wpb-content-wrapper\"><div class=\"vc_row wpb_row vc_row-fluid wpex-relative\"><div class=\"wpb_column vc_column_container vc_col-sm-12\"><div class=\"vc_column-inner\"><div class=\"wpb_wrapper\"><div class=\"templatera_shortcode\"><div class=\"vc_row wpb_row vc_row-fluid wpex-relative\"><div class=\"wpb_column vc_column_container vc_col-sm-12\"><div class=\"vc_column-inner\"><div class=\"wpb_wrapper\">\n\t<div class=\"wpb_text_column wpb_content_element\" >\n\t\t<div class=\"wpb_wrapper\">\n\t\t\t<div class=\"accordion-header\">\n<h3>Come\u00e7ar a utilizar o grelhador Konro. Sabores puros. Prazer delicioso.<\/h3>\n<\/div>\n<p>Grelhar num grelhador konro \u00e9 uma forma social de churrasco. Sabores puros e deliciosos em conjunto.<\/p>\n<p>P\u00f4r a mesa, p\u00f4r a roupa bonita <a href=\"https:\/\/konro-grill.com\/pt\/pauzinhos\/\">pauzinhos<\/a> pronto, um <a href=\"https:\/\/konro-grill.com\/pt\/produto\/escovas\/\">escova<\/a> e, claro, original <a href=\"https:\/\/konro-grill.com\/pt\/especialidades-japonesas\/\">Temperos japoneses<\/a> pronto. Cortar frango, carne de vaca wagyu, peixe, marisco ou legumes e mergulhar <a href=\"https:\/\/konro-grill.com\/pt\/produto\/bamboe-bbq-spiesjes\/\">espetos de bambu<\/a> na \u00e1gua. Desta forma, poder\u00e1 tirar o m\u00e1ximo partido desta maravilhosa e original forma de cozinhar ao ar livre.<\/p>\n<p><strong>Este grelhador yakitori \u00e9 adequado apenas para uso dom\u00e9stico.<\/strong> Para obter a melhor experi\u00eancia, recomendamos sempre <a href=\"https:\/\/kamadoexpress.nl\/product\/bestcharcoal-witte-binchotan\/\">carv\u00e3o vegetal binchotan<\/a> para utilizar. Trabalha-se no exterior ou debaixo de um toldo. Para utilizar um grelhador konro em espa\u00e7os interiores, recomendamos <span style=\"text-decoration: underline;\">n\u00e3o<\/span>.<\/p>\n<p>Vai trabalhar profissionalmente com este tipo de grelhador? Ent\u00e3o escolha o original <a href=\"https:\/\/konro-grill.com\/pt\/produto\/konro-grill-grande\/\">Grelhador japon\u00eas konro<\/a>. Sob extra\u00e7\u00e3o profissional, \u00e9 poss\u00edvel a utiliza\u00e7\u00e3o numa cozinha aberta. Se tiver uma cozinha aberta, esta ser\u00e1 imediatamente uma experi\u00eancia visual agrad\u00e1vel para os seus convidados.<\/p>\n\n\t\t<\/div>\n\t<\/div>\n<\/div><\/div><\/div><\/div><\/div><\/div><\/div><\/div><\/div>\n<\/div>","protected":false},"excerpt":{"rendered":"<h3>Konro de alum\u00ednio + grelha + tabuleiro<\/h3>\n<p>Este grelhador Konro original \u00e9 feito de alum\u00ednio e tem uma grelha de 36 x 18 cm. \u00c9 um conjunto completo. O konro, uma grelha e um pr\u00e1tico tabuleiro de madeira, que te permite colocar este grelhador konro em qualquer lugar. Com este tamanho, podes grelhar at\u00e9 10 espetos ao mesmo tempo, o que o torna adequado para at\u00e9 4 pessoas. Est\u00e1s \u00e0 procura de um conjunto pronto a usar? Ent\u00e3o d\u00e1 uma vista de olhos ao nosso <a href=\"https:\/\/konro-grill.com\/pt\/produto\/konro-grill-aluminium-36-cm-voordeelset\/\">conjunto de descontos<\/a>.<\/p>","protected":false},"featured_media":989,"template":"","meta":{"inline_featured_image":false},"product_brand":[],"product_cat":[242],"product_tag":[],"class_list":{"0":"post-887","1":"product","2":"type-product","3":"status-publish","4":"has-post-thumbnail","6":"product_cat-overige-konro-grill","7":"entry","8":"has-media","10":"first","11":"instock","12":"sale","13":"taxable","14":"shipping-taxable","15":"purchasable","16":"product-type-simple"},"bundled_by":["1462"],"bundle_stock_status":"instock","bundle_stock_quantity":24,"bundle_virtual":false,"bundle_layout":"","bundle_add_to_cart_form_location":"","bundle_editable_in_cart":false,"bundle_sold_individually_context":"","bundle_item_grouping":"","bundle_min_size":"","bundle_max_size":"","bundle_price":[],"bundled_items":[],"bundle_sell_ids":[],"yoast_head":"<!-- This site is optimized with the Yoast SEO plugin v27.4 - https:\/\/yoast.com\/product\/yoast-seo-wordpress\/ -->\n<title>Konro Grill Aluminium 36cm | Konro Grill<\/title>\n<meta name=\"description\" content=\"Ga aan de slag met deze Aluminium Konro Grill van 36cm om verschillende soorten vlees, vis en groente te grillen. Gemakkelijk op tafel te gebruiken!\" \/>\n<meta name=\"robots\" content=\"index, follow, max-snippet:-1, max-image-preview:large, max-video-preview:-1\" \/>\n<link rel=\"canonical\" href=\"https:\/\/konro-grill.com\/pt\/produto\/grelhador-konro-em-aluminio-36-cm\/\" \/>\n<meta property=\"og:locale\" content=\"pt_PT\" \/>\n<meta property=\"og:type\" content=\"article\" \/>\n<meta property=\"og:title\" content=\"Konro Grill Aluminium 36cm | Konro Grill\" \/>\n<meta property=\"og:description\" content=\"Ga aan de slag met deze Aluminium Konro Grill van 36cm om verschillende soorten vlees, vis en groente te grillen. Gemakkelijk op tafel te gebruiken!\" \/>\n<meta property=\"og:url\" content=\"https:\/\/konro-grill.com\/pt\/produto\/grelhador-konro-em-aluminio-36-cm\/\" \/>\n<meta property=\"og:site_name\" content=\"Konro Grill, de grootste Japanse BBQ specialist\" \/>\n<meta property=\"article:publisher\" content=\"https:\/\/facebook.com\/KonroGrillCom\" \/>\n<meta property=\"article:modified_time\" content=\"2026-04-22T08:28:05+00:00\" \/>\n<meta property=\"og:image\" content=\"https:\/\/konro-grill.com\/wp-content\/uploads\/2022\/06\/Konro-Grill-Large-Rect-Wooden-Base-Konro-Grill.jpg\" \/>\n\t<meta property=\"og:image:width\" content=\"800\" \/>\n\t<meta property=\"og:image:height\" content=\"800\" \/>\n\t<meta property=\"og:image:type\" content=\"image\/jpeg\" \/>\n<meta name=\"twitter:card\" content=\"summary_large_image\" \/>\n<meta name=\"twitter:label1\" content=\"Tempo estimado de leitura\" \/>\n\t<meta name=\"twitter:data1\" content=\"1 minuto\" \/>\n<script type=\"application\/ld+json\" class=\"yoast-schema-graph\">{\"@context\":\"https:\\\/\\\/schema.org\",\"@graph\":[{\"@type\":\"WebPage\",\"@id\":\"https:\\\/\\\/konro-grill.com\\\/product\\\/konro-grill-aluminium-36-cm\\\/\",\"url\":\"https:\\\/\\\/konro-grill.com\\\/product\\\/konro-grill-aluminium-36-cm\\\/\",\"name\":\"Konro Grill Aluminium 36cm | Konro Grill\",\"isPartOf\":{\"@id\":\"https:\\\/\\\/konro-grill.com\\\/#website\"},\"primaryImageOfPage\":{\"@id\":\"https:\\\/\\\/konro-grill.com\\\/product\\\/konro-grill-aluminium-36-cm\\\/#primaryimage\"},\"image\":{\"@id\":\"https:\\\/\\\/konro-grill.com\\\/product\\\/konro-grill-aluminium-36-cm\\\/#primaryimage\"},\"thumbnailUrl\":\"https:\\\/\\\/konro-grill.com\\\/wp-content\\\/uploads\\\/2022\\\/06\\\/Konro-Grill-Large-Rect-Wooden-Base-Konro-Grill.jpg\",\"datePublished\":\"2022-06-09T11:39:42+00:00\",\"dateModified\":\"2026-04-22T08:28:05+00:00\",\"description\":\"Ga aan de slag met deze Aluminium Konro Grill van 36cm om verschillende soorten vlees, vis en groente te grillen. Gemakkelijk op tafel te gebruiken!\",\"breadcrumb\":{\"@id\":\"https:\\\/\\\/konro-grill.com\\\/product\\\/konro-grill-aluminium-36-cm\\\/#breadcrumb\"},\"inLanguage\":\"pt-PT\",\"potentialAction\":[{\"@type\":\"ReadAction\",\"target\":[\"https:\\\/\\\/konro-grill.com\\\/product\\\/konro-grill-aluminium-36-cm\\\/\"]}]},{\"@type\":\"ImageObject\",\"inLanguage\":\"pt-PT\",\"@id\":\"https:\\\/\\\/konro-grill.com\\\/product\\\/konro-grill-aluminium-36-cm\\\/#primaryimage\",\"url\":\"https:\\\/\\\/konro-grill.com\\\/wp-content\\\/uploads\\\/2022\\\/06\\\/Konro-Grill-Large-Rect-Wooden-Base-Konro-Grill.jpg\",\"contentUrl\":\"https:\\\/\\\/konro-grill.com\\\/wp-content\\\/uploads\\\/2022\\\/06\\\/Konro-Grill-Large-Rect-Wooden-Base-Konro-Grill.jpg\",\"width\":800,\"height\":800},{\"@type\":\"BreadcrumbList\",\"@id\":\"https:\\\/\\\/konro-grill.com\\\/product\\\/konro-grill-aluminium-36-cm\\\/#breadcrumb\",\"itemListElement\":[{\"@type\":\"ListItem\",\"position\":1,\"name\":\"Home\",\"item\":\"https:\\\/\\\/konro-grill.com\\\/\"},{\"@type\":\"ListItem\",\"position\":2,\"name\":\"Winkel\",\"item\":\"https:\\\/\\\/konro-grill.com\\\/winkel\\\/\"},{\"@type\":\"ListItem\",\"position\":3,\"name\":\"Konro Grill Aluminium 36cm\"}]},{\"@type\":\"WebSite\",\"@id\":\"https:\\\/\\\/konro-grill.com\\\/#website\",\"url\":\"https:\\\/\\\/konro-grill.com\\\/\",\"name\":\"Konro Grill\",\"description\":\"Konro Grill, de Grootste Japanse BBQ Specialist\",\"publisher\":{\"@id\":\"https:\\\/\\\/konro-grill.com\\\/#organization\"},\"potentialAction\":[{\"@type\":\"SearchAction\",\"target\":{\"@type\":\"EntryPoint\",\"urlTemplate\":\"https:\\\/\\\/konro-grill.com\\\/?s={search_term_string}\"},\"query-input\":{\"@type\":\"PropertyValueSpecification\",\"valueRequired\":true,\"valueName\":\"search_term_string\"}}],\"inLanguage\":\"pt-PT\"},{\"@type\":\"Organization\",\"@id\":\"https:\\\/\\\/konro-grill.com\\\/#organization\",\"name\":\"Konro Grill\",\"url\":\"https:\\\/\\\/konro-grill.com\\\/\",\"logo\":{\"@type\":\"ImageObject\",\"inLanguage\":\"pt-PT\",\"@id\":\"https:\\\/\\\/konro-grill.com\\\/#\\\/schema\\\/logo\\\/image\\\/\",\"url\":\"https:\\\/\\\/konro-grill.com\\\/wp-content\\\/uploads\\\/2021\\\/10\\\/konro-grill-logo.png\",\"contentUrl\":\"https:\\\/\\\/konro-grill.com\\\/wp-content\\\/uploads\\\/2021\\\/10\\\/konro-grill-logo.png\",\"width\":650,\"height\":80,\"caption\":\"Konro Grill\"},\"image\":{\"@id\":\"https:\\\/\\\/konro-grill.com\\\/#\\\/schema\\\/logo\\\/image\\\/\"},\"sameAs\":[\"https:\\\/\\\/facebook.com\\\/KonroGrillCom\",\"https:\\\/\\\/www.instagram.com\\\/konrogrillcom\\\/\"]}]}<\/script>\n<!-- \/ Yoast SEO plugin. -->","yoast_head_json":{"title":"Konro Grill Alum\u00ednio 36cm | Konro Grill","description":"P\u00f5e m\u00e3os \u00e0 obra com este grelhador Konro de alum\u00ednio de 36 cm para grelhar diferentes tipos de carne, peixe e legumes. \u00c9 f\u00e1cil de utilizar na mesa!","robots":{"index":"index","follow":"follow","max-snippet":"max-snippet:-1","max-image-preview":"max-image-preview:large","max-video-preview":"max-video-preview:-1"},"canonical":"https:\/\/konro-grill.com\/pt\/produto\/grelhador-konro-em-aluminio-36-cm\/","og_locale":"pt_PT","og_type":"article","og_title":"Konro Grill Aluminium 36cm | Konro Grill","og_description":"Ga aan de slag met deze Aluminium Konro Grill van 36cm om verschillende soorten vlees, vis en groente te grillen. Gemakkelijk op tafel te gebruiken!","og_url":"https:\/\/konro-grill.com\/pt\/produto\/grelhador-konro-em-aluminio-36-cm\/","og_site_name":"Konro Grill, de grootste Japanse BBQ specialist","article_publisher":"https:\/\/facebook.com\/KonroGrillCom","article_modified_time":"2026-04-22T08:28:05+00:00","og_image":[{"width":800,"height":800,"url":"https:\/\/konro-grill.com\/wp-content\/uploads\/2022\/06\/Konro-Grill-Large-Rect-Wooden-Base-Konro-Grill.jpg","type":"image\/jpeg"}],"twitter_card":"summary_large_image","twitter_misc":{"Tempo estimado de leitura":"1 minuto"},"schema":{"@context":"https:\/\/schema.org","@graph":[{"@type":"WebPage","@id":"https:\/\/konro-grill.com\/product\/konro-grill-aluminium-36-cm\/","url":"https:\/\/konro-grill.com\/product\/konro-grill-aluminium-36-cm\/","name":"Konro Grill Alum\u00ednio 36cm | Konro Grill","isPartOf":{"@id":"https:\/\/konro-grill.com\/#website"},"primaryImageOfPage":{"@id":"https:\/\/konro-grill.com\/product\/konro-grill-aluminium-36-cm\/#primaryimage"},"image":{"@id":"https:\/\/konro-grill.com\/product\/konro-grill-aluminium-36-cm\/#primaryimage"},"thumbnailUrl":"https:\/\/konro-grill.com\/wp-content\/uploads\/2022\/06\/Konro-Grill-Large-Rect-Wooden-Base-Konro-Grill.jpg","datePublished":"2022-06-09T11:39:42+00:00","dateModified":"2026-04-22T08:28:05+00:00","description":"P\u00f5e m\u00e3os \u00e0 obra com este grelhador Konro de alum\u00ednio de 36 cm para grelhar diferentes tipos de carne, peixe e legumes. \u00c9 f\u00e1cil de utilizar na mesa!","breadcrumb":{"@id":"https:\/\/konro-grill.com\/product\/konro-grill-aluminium-36-cm\/#breadcrumb"},"inLanguage":"pt-PT","potentialAction":[{"@type":"ReadAction","target":["https:\/\/konro-grill.com\/product\/konro-grill-aluminium-36-cm\/"]}]},{"@type":"ImageObject","inLanguage":"pt-PT","@id":"https:\/\/konro-grill.com\/product\/konro-grill-aluminium-36-cm\/#primaryimage","url":"https:\/\/konro-grill.com\/wp-content\/uploads\/2022\/06\/Konro-Grill-Large-Rect-Wooden-Base-Konro-Grill.jpg","contentUrl":"https:\/\/konro-grill.com\/wp-content\/uploads\/2022\/06\/Konro-Grill-Large-Rect-Wooden-Base-Konro-Grill.jpg","width":800,"height":800},{"@type":"BreadcrumbList","@id":"https:\/\/konro-grill.com\/product\/konro-grill-aluminium-36-cm\/#breadcrumb","itemListElement":[{"@type":"ListItem","position":1,"name":"Home","item":"https:\/\/konro-grill.com\/"},{"@type":"ListItem","position":2,"name":"Winkel","item":"https:\/\/konro-grill.com\/winkel\/"},{"@type":"ListItem","position":3,"name":"Konro Grill Aluminium 36cm"}]},{"@type":"WebSite","@id":"https:\/\/konro-grill.com\/#website","url":"https:\/\/konro-grill.com\/","name":"Konro Grill","description":"Konro Grill, o maior especialista em churrasco japon\u00eas","publisher":{"@id":"https:\/\/konro-grill.com\/#organization"},"potentialAction":[{"@type":"SearchAction","target":{"@type":"EntryPoint","urlTemplate":"https:\/\/konro-grill.com\/?s={search_term_string}"},"query-input":{"@type":"PropertyValueSpecification","valueRequired":true,"valueName":"search_term_string"}}],"inLanguage":"pt-PT"},{"@type":"Organization","@id":"https:\/\/konro-grill.com\/#organization","name":"Konro Grill","url":"https:\/\/konro-grill.com\/","logo":{"@type":"ImageObject","inLanguage":"pt-PT","@id":"https:\/\/konro-grill.com\/#\/schema\/logo\/image\/","url":"https:\/\/konro-grill.com\/wp-content\/uploads\/2021\/10\/konro-grill-logo.png","contentUrl":"https:\/\/konro-grill.com\/wp-content\/uploads\/2021\/10\/konro-grill-logo.png","width":650,"height":80,"caption":"Konro Grill"},"image":{"@id":"https:\/\/konro-grill.com\/#\/schema\/logo\/image\/"},"sameAs":["https:\/\/facebook.com\/KonroGrillCom","https:\/\/www.instagram.com\/konrogrillcom\/"]}]}},"df_price":129.95,"df_sale_price":129.95,"df_regular_price":139.95,"df_image_link":"https:\/\/konro-grill.com\/wp-content\/uploads\/2022\/06\/Konro-Grill-Large-Rect-Wooden-Base-Konro-Grill-300x300.jpg","_links":{"self":[{"href":"https:\/\/konro-grill.com\/pt\/wp-json\/wp\/v2\/product\/887","targetHints":{"allow":["GET"]}}],"collection":[{"href":"https:\/\/konro-grill.com\/pt\/wp-json\/wp\/v2\/product"}],"about":[{"href":"https:\/\/konro-grill.com\/pt\/wp-json\/wp\/v2\/types\/product"}],"wp:featuredmedia":[{"embeddable":true,"href":"https:\/\/konro-grill.com\/pt\/wp-json\/wp\/v2\/media\/989"}],"wp:attachment":[{"href":"https:\/\/konro-grill.com\/pt\/wp-json\/wp\/v2\/media?parent=887"}],"wp:term":[{"taxonomy":"product_brand","embeddable":true,"href":"https:\/\/konro-grill.com\/pt\/wp-json\/wp\/v2\/product_brand?post=887"},{"taxonomy":"product_cat","embeddable":true,"href":"https:\/\/konro-grill.com\/pt\/wp-json\/wp\/v2\/product_cat?post=887"},{"taxonomy":"product_tag","embeddable":true,"href":"https:\/\/konro-grill.com\/pt\/wp-json\/wp\/v2\/product_tag?post=887"}],"curies":[{"name":"wp","href":"https:\/\/api.w.org\/{rel}","templated":true}]}}